{"id":2847,"date":"2025-01-16T13:55:57","date_gmt":"2025-01-16T05:55:57","guid":{"rendered":"https:\/\/ruiqigo.com\/?post_type=product&#038;p=2847"},"modified":"2025-01-16T13:56:32","modified_gmt":"2025-01-16T05:56:32","slug":"purple-conditioner","status":"publish","type":"product","link":"https:\/\/www.ruiqigo.com\/pt\/product\/purple-conditioner","title":{"rendered":"Condicionador Roxo"},"content":{"rendered":"<h2 class=\"wp-block-heading\">F\u00f3rmulas comuns de fabrica\u00e7\u00e3o de condicionadores roxos<\/h2>\n\n\n\n<p>Nossa equipe de pesquisa e desenvolvimento projetou a f\u00f3rmula com uma variedade de ingredientes hidratantes naturais, levando em considera\u00e7\u00e3o a condi\u00e7\u00e3o e as necessidades de cuidado do seu cabelo, para garantir que ele fique totalmente protegido durante o tratamento.<\/p>\n\n\n\n<p>1. Manteiga de karit\u00e9: A manteiga de karit\u00e9 tem um efeito hidratante. Ela hidrata profundamente os cabelos e ret\u00e9m a \u00e1gua para evitar a perda de \u00e1gua, reduzindo assim o problema de cabelos secos e pontas duplas.<\/p>\n\n\n\n<p>2. Pigmento violeta: O pigmento violeta \u00e9 extra\u00eddo das p\u00e9talas de violeta da planta natural e \u00e9 um pigmento natural com uma cor roxa \u00fanica e boa estabilidade. Pode ajudar a regular e melhorar a cor do cabelo, proporcionando-lhe uma cor mais saud\u00e1vel.<\/p>\n\n\n\n<p>3. Extrato de aloe vera: o aloe vera tem propriedades hidratantes e reparadoras, o que pode reparar cabelos danificados enquanto os hidrata e os deixa mais macios.<\/p>\n\n\n\n<p>4. \u00d3leo de coco: O \u00f3leo de coco tamb\u00e9m tem um forte efeito hidratante com manteiga de karit\u00e9, al\u00e9m de proteger o cabelo dos raios UV e outros ambientes externos e reduzir a perda de prote\u00edna, promovendo o crescimento do cabelo.<\/p>\n\n\n\n<p>5. Prote\u00edna de aveia: A prote\u00edna de aveia \u00e9 rica em amino\u00e1cidos e prote\u00ednas, que n\u00e3o s\u00f3 fornecem os nutrientes necess\u00e1rios para aumentar a for\u00e7a e a resist\u00eancia do cabelo, mas tamb\u00e9m ajudam a melhorar a textura e o brilho do cabelo, para que ele fique mais forte e saud\u00e1vel.<\/p>\n\n\n\n<h2 class=\"wp-block-heading\">As fun\u00e7\u00f5es do condicionador roxo<\/h2>\n\n\n\n<p>Como fabricante focado em produ\u00e7\u00e3o de alta qualidade, damos grande import\u00e2ncia \u00e0 qualidade e seguran\u00e7a dos nossos produtos. Todo o processo de produ\u00e7\u00e3o dos condicionadores capilares roxos passa por diferentes sistemas de inspe\u00e7\u00e3o de qualidade para garantir a seguran\u00e7a e a efic\u00e1cia do produto. Vamos dar uma olhada em suas caracter\u00edsticas:<\/p>\n\n\n\n<p>1. Neutralizar o amarelo: A principal fun\u00e7\u00e3o do condicionador roxo \u00e9 neutralizar o tom acobreado dos cabelos loiros, deixando um tom mais limpo e brilhante e restaurando a cor original e saud\u00e1vel do cabelo.<\/p>\n\n\n\n<p>2. Repara\u00e7\u00e3o de bloqueio de cor: Nosso condicionador de cabelo pode fixar a cor ap\u00f3s a tintura, evitando que ela desbote muito r\u00e1pido e tamb\u00e9m repara profundamente os cabelos danificados, deixando-os mais macios e saud\u00e1veis. No entanto, esteja ciente de que ele foi desenvolvido para cabelos loiros, claros e grisalhos e pode n\u00e3o ser t\u00e3o eficaz se voc\u00ea tiver cabelos pretos.<\/p>\n\n\n\n<p>3. Hidrata\u00e7\u00e3o e nutri\u00e7\u00e3o: Ingredientes naturais de hidrata\u00e7\u00e3o e nutri\u00e7\u00e3o s\u00e3o adicionados ao condicionador, o que pode fornecer nutri\u00e7\u00e3o e umidade para o cabelo por um longo tempo, prevenir o ressecamento e pontas duplas, suavizar o frizz e amaciar o cabelo.<\/p>\n\n\n\n<p>4. Acalma o couro cabeludo: O condicionador roxo tamb\u00e9m cont\u00e9m ingredientes calmantes, que podem aliviar a tens\u00e3o e o relaxamento do couro cabeludo e promover a absor\u00e7\u00e3o de nutrientes. Al\u00e9m disso, reduz a caspa e promove o crescimento saud\u00e1vel do cabelo.<\/p>\n\n\n\n<p>5. Melhora a qualidade do cabelo: o uso a longo prazo pode melhorar significativamente a textura e o brilho do cabelo, tornando-o mais flex\u00edvel, suave, forte e saud\u00e1vel.<\/p>\n\n\n\n<h2 class=\"wp-block-heading\">Como usar o condicionador roxo?<\/h2>\n\n\n\n<p>Nossos condicionadores roxos geralmente s\u00e3o usados com xampus roxos. Antes de usar um, voc\u00ea deve escolher o produto certo para a condi\u00e7\u00e3o e os cuidados do seu cabelo. A embalagem tamb\u00e9m indica como us\u00e1-lo.<\/p>\n\n\n\n<p>1. Etapa de prepara\u00e7\u00e3o: primeiro molhe os cabelos, a \u00e1gua morna tornar\u00e1 o efeito do produto mais significativo;<\/p>\n\n\n\n<p>2. Etapa do shampoo: lave o cabelo normalmente. Voc\u00ea pode usar shampoo comum ou roxo para esse processo. Se usar um shampoo roxo, aplique o produto da raiz \u00e0s pontas para garantir uma distribui\u00e7\u00e3o uniforme da cor.<\/p>\n\n\n\n<p>3. Etapa de cuidados com os cabelos: Ap\u00f3s enxaguar o shampoo, pegue uma quantidade adequada de condicionador roxo e aplique uniformemente no cabelo, especialmente onde a cor precisa ser fixada ou amarelada. Certifique-se de que o condicionador atinja todos os fios, especialmente as pontas.<\/p>\n\n\n\n<p>4. Etapa de enx\u00e1gue: Ap\u00f3s a aplica\u00e7\u00e3o, deixe o condicionador agir por 5 a 15 minutos e enx\u00e1gue com \u00e1gua morna para garantir que n\u00e3o haja res\u00edduos. Massageie o couro cabeludo suavemente enquanto enx\u00e1gua para remover o excesso de oleosidade e condicionador. Observe que quanto maior o tempo de perman\u00eancia, mais evidente ser\u00e1 a mudan\u00e7a de cor. Voc\u00ea pode ajustar o tempo de acordo com suas necessidades.<\/p>\n\n\n\n<h2 class=\"wp-block-heading\">Cuidado<\/h2>\n\n\n\n<p>1. Testes de alergia devem ser realizados antes do uso. Se ocorrer desconforto, interrompa o uso imediatamente;<\/p>\n\n\n\n<p>2. Evite o uso excessivo, caso contr\u00e1rio, pode resultar em cabelos muito escuros ou manchas de cor irregulares;<\/p>\n\n\n\n<p>3. Use regularmente, recomenda-se 2 a 3 vezes por semana, evite o uso frequente;<\/p>\n\n\n\n<p>4. Preste aten\u00e7\u00e3o \u00e0s altera\u00e7\u00f5es capilares durante o uso. Se ocorrer desconforto durante o uso, interrompa o uso e consulte um m\u00e9dico;<\/p>\n\n\n\n<p>5. Ao usar com outros produtos para cabelo, certifique-se de que eles sejam compat\u00edveis com o condicionador de cabelo roxo;<\/p>\n\n\n\n<p>6. Recomenda-se armazenar em local fresco e seco, evitando luz solar direta e ambientes com altas temperaturas.<\/p>\n\n\n\n<h2 class=\"wp-block-heading\">Conclus\u00e3o<\/h2>\n\n\n\n<p>Nosso condicionador roxo n\u00e3o s\u00f3 adiciona uma variedade de extratos naturais de plantas, como tamb\u00e9m utiliza tecnologia de produ\u00e7\u00e3o avan\u00e7ada, para que cada gota de condicionador contenha um poderoso reparador de cor, al\u00e9m de nutrir e hidratar. Seja pelo design moderno da embalagem ou pelo desempenho superior instintivo do produto, ele foi projetado para adicionar cor \u00e0 sua marca. Al\u00e9m disso, oferecemos uma variedade de solu\u00e7\u00f5es para o cuidado capilar. Se voc\u00ea tamb\u00e9m tiver interesse, entre em contato conosco.<\/p>","protected":false},"excerpt":{"rendered":"Purple Conditioner Manufacturing Common Formulas Our research and development team has designed the formula with a variety of natural moisturizing ingredients, taking into account your hair&#8217;s condition and care needs, to ensure that your hair is fully protected during treatment. 1. Shea butter: Shea butter has a moisturizing effect. It can deeply moisturize hair and [&hellip;]","protected":false},"featured_media":2848,"menu_order":0,"template":"","meta":[],"product-tag":[],"products":[52],"class_list":["post-2847","product","type-product","status-publish","has-post-thumbnail","hentry","products-conditioner"],"acf":[],"_links":{"self":[{"href":"https:\/\/www.ruiqigo.com\/pt\/wp-json\/wp\/v2\/product\/2847","targetHints":{"allow":["GET"]}}],"collection":[{"href":"https:\/\/www.ruiqigo.com\/pt\/wp-json\/wp\/v2\/product"}],"about":[{"href":"https:\/\/www.ruiqigo.com\/pt\/wp-json\/wp\/v2\/types\/product"}],"version-history":[{"count":0,"href":"https:\/\/www.ruiqigo.com\/pt\/wp-json\/wp\/v2\/product\/2847\/revisions"}],"wp:featuredmedia":[{"embeddable":true,"href":"https:\/\/www.ruiqigo.com\/pt\/wp-json\/wp\/v2\/media\/2848"}],"wp:attachment":[{"href":"https:\/\/www.ruiqigo.com\/pt\/wp-json\/wp\/v2\/media?parent=2847"}],"wp:term":[{"taxonomy":"product-tag","embeddable":true,"href":"https:\/\/www.ruiqigo.com\/pt\/wp-json\/wp\/v2\/product-tag?post=2847"},{"taxonomy":"products","embeddable":true,"href":"https:\/\/www.ruiqigo.com\/pt\/wp-json\/wp\/v2\/products?post=2847"}],"curies":[{"name":"wp","href":"https:\/\/api.w.org\/{rel}","templated":true}]}}