{"id":286,"date":"2024-07-05T16:24:54","date_gmt":"2024-07-05T08:24:54","guid":{"rendered":"https:\/\/ruiqigo.com\/?post_type=product&#038;p=286"},"modified":"2024-11-15T16:42:19","modified_gmt":"2024-11-15T08:42:19","slug":"cinnamon-essential-oil","status":"publish","type":"product","link":"https:\/\/www.ruiqigo.com\/pt\/product\/cinnamon-essential-oil","title":{"rendered":"\u00d3leo essencial de canela"},"content":{"rendered":"<h2 class=\"wp-block-heading\">F\u00f3rmulas comuns de fabrica\u00e7\u00e3o de \u00f3leo essencial de canela<\/h2>\n\n\n\n<p>O \u00f3leo essencial de canela \u00e9 produzido a partir de \u00e1rvores de canela cultivadas em nossas pr\u00f3prias fazendas. Gra\u00e7as ao clima subtropical ideal, solo f\u00e9rtil e t\u00e9cnicas de plantio profissionais, a casca das \u00e1rvores de canela \u00e9 de alta qualidade. Durante o processo de colheita, os trabalhadores s\u00e3o dedicados e cuidadosos para garantir que cada lote de mat\u00e9ria-prima atinja a intensidade de aroma e o teor de ingrediente ativo desejados. Ap\u00f3s um complexo processo de extra\u00e7\u00e3o e destila\u00e7\u00e3o, o \u00f3leo essencial de canela extra\u00eddo apresenta um forte aroma de canela, cor pura e textura fina, refletindo plenamente as caracter\u00edsticas de qualidade da mat\u00e9ria-prima. Como fabricante de \u00f3leo essencial de canela dur\u00e1vel, este material vegetal natural de alta qualidade estabelece uma base s\u00f3lida para a excelente qualidade do \u00f3leo essencial de canela.<\/p>\n\n\n\n<h2 class=\"wp-block-heading\">\u00a0Cen\u00e1rios aplic\u00e1veis ao \u00f3leo essencial de canela<\/h2>\n\n\n\n<p>O \u00f3leo essencial de canela \u00e9 mais adequado para uso em climas tropicais ou subtropicais. Durante os meses quentes e \u00famidos do ver\u00e3o, o \u00f3leo essencial de canela proporciona uma experi\u00eancia refrescante ao usu\u00e1rio, ajudando a aliviar estados de calor e irritabilidade. Nos meses de inverno, o aroma suave do \u00f3leo essencial de canela pode adicionar um toque de calor a ambientes frios, ajudando a relaxar e acalmar a mente e o corpo. Seja um difusor de aromaterapia em casa ou um tratamento de bem-estar ao ar livre, o \u00f3leo essencial de canela \u00e9 especialmente adequado para diferentes climas. No entanto, devido \u00e0 alta irrita\u00e7\u00e3o, precisa ser dilu\u00eddo em uma concentra\u00e7\u00e3o segura. Pode ser usado por beb\u00eas e crian\u00e7as pequenas, gestantes e gestantes.<\/p>\n\n\n\n<h2 class=\"wp-block-heading\">Para quem o \u00f3leo essencial de canela \u00e9 indicado?<\/h2>\n\n\n\n<p>O \u00f3leo essencial de canela \u00e9 adequado para usu\u00e1rios de todas as idades. Para adolescentes, pode melhorar eficazmente a acne e outros problemas de pele, aliviar a ansiedade emocional e promover uma boa noite de sono. Para pessoas de meia-idade e idosos, o \u00f3leo essencial de canela pode ajudar a aliviar dores nas articula\u00e7\u00f5es, fortalecer o sistema imunol\u00f3gico e prevenir doen\u00e7as cardiovasculares. No entanto, devido \u00e0 alta irrita\u00e7\u00e3o, ele precisa ser dilu\u00eddo para uma concentra\u00e7\u00e3o segura antes do uso, e beb\u00eas e gestantes devem evit\u00e1-lo.<\/p>\n\n\n\n<h2 class=\"wp-block-heading\">Processo de produ\u00e7\u00e3o de \u00f3leo essencial de canela<\/h2>\n\n\n\n<p>O processo de produ\u00e7\u00e3o do \u00f3leo essencial de canela \u00e9 bastante complexo, exigindo cuidadoso manejo do plantio, colheita e processamento, extra\u00e7\u00e3o e destila\u00e7\u00e3o. Primeiramente, os trabalhadores rurais podam regularmente as \u00e1rvores para garantir que cres\u00e7am fortes e produzam abundantemente. Durante a \u00e9poca da colheita, eles retiram cuidadosamente a casca das \u00e1rvores para evitar qualquer dano. Como fabricante de \u00f3leo essencial de canela ecologicamente correto, a mat\u00e9ria-prima entra na planta de extra\u00e7\u00e3o, onde passa por destila\u00e7\u00e3o a vapor em altas temperaturas para extrair o \u00f3leo essencial de canela puro e rico.<\/p>","protected":false},"excerpt":{"rendered":"Cinnamon essential oil manufacturing common formulas Cinnamon essential oil is made from cinnamon trees grown on our own farms. With the ideal subtropical climate, fertile soil and professional planting techniques, the bark of cinnamon trees is of high quality. During the harvesting process, workers are dedicated and careful to ensure that each batch of raw [&hellip;]","protected":false},"featured_media":287,"menu_order":0,"template":"","meta":[],"product-tag":[],"products":[53],"class_list":["post-286","product","type-product","status-publish","has-post-thumbnail","hentry","products-essential-oil"],"acf":[],"_links":{"self":[{"href":"https:\/\/www.ruiqigo.com\/pt\/wp-json\/wp\/v2\/product\/286","targetHints":{"allow":["GET"]}}],"collection":[{"href":"https:\/\/www.ruiqigo.com\/pt\/wp-json\/wp\/v2\/product"}],"about":[{"href":"https:\/\/www.ruiqigo.com\/pt\/wp-json\/wp\/v2\/types\/product"}],"version-history":[{"count":0,"href":"https:\/\/www.ruiqigo.com\/pt\/wp-json\/wp\/v2\/product\/286\/revisions"}],"wp:featuredmedia":[{"embeddable":true,"href":"https:\/\/www.ruiqigo.com\/pt\/wp-json\/wp\/v2\/media\/287"}],"wp:attachment":[{"href":"https:\/\/www.ruiqigo.com\/pt\/wp-json\/wp\/v2\/media?parent=286"}],"wp:term":[{"taxonomy":"product-tag","embeddable":true,"href":"https:\/\/www.ruiqigo.com\/pt\/wp-json\/wp\/v2\/product-tag?post=286"},{"taxonomy":"products","embeddable":true,"href":"https:\/\/www.ruiqigo.com\/pt\/wp-json\/wp\/v2\/products?post=286"}],"curies":[{"name":"wp","href":"https:\/\/api.w.org\/{rel}","templated":true}]}}