{"id":2967,"date":"2025-01-23T14:50:43","date_gmt":"2025-01-23T06:50:43","guid":{"rendered":"https:\/\/ruiqigo.com\/?post_type=product&#038;p=2967"},"modified":"2025-01-23T14:51:53","modified_gmt":"2025-01-23T06:51:53","slug":"organic-toothpaste","status":"publish","type":"product","link":"https:\/\/www.ruiqigo.com\/pt\/product\/organic-toothpaste","title":{"rendered":"Pasta de dente org\u00e2nica\u00a0"},"content":{"rendered":"<h2 class=\"wp-block-heading\">F\u00f3rmulas comuns para fabrica\u00e7\u00e3o de pasta de dente org\u00e2nica<\/h2>\n\n\n\n<p>Como fabricantes profissionais de pastas de dente org\u00e2nicas, focamos na natureza natural e saud\u00e1vel das mat\u00e9rias-primas. Por isso, selecionamos cuidadosamente uma variedade de ingredientes org\u00e2nicos e combinamos os resultados cientificamente, para que cada escova\u00e7\u00e3o seja um prazer.<\/p>\n\n\n\n<p>1. Aloe Vera: Aloe Vera possui propriedades hidratantes e calmantes, nutrindo as gengivas e prevenindo a atrofia e o sangramento gengival. Al\u00e9m disso, tamb\u00e9m possui um certo efeito antibacteriano, que pode matar bact\u00e9rias nocivas na boca, protegendo assim a sa\u00fade bucal.<\/p>\n\n\n\n<p>2. Hortel\u00e3: O aroma e o sabor refrescante da hortel\u00e3 ajudam a remover odores da boca e a manter o h\u00e1lito fresco. Ao mesmo tempo, ela tamb\u00e9m possui um efeito anti-inflamat\u00f3rio e bactericida, o que contribui para reduzir o n\u00famero de bact\u00e9rias na boca e prevenir a inflama\u00e7\u00e3o oral.<\/p>\n\n\n\n<p>3. Xilitol: O xilitol \u00e9 um ado\u00e7ante natural e saud\u00e1vel que n\u00e3o s\u00f3 reduz a produ\u00e7\u00e3o de placa bacteriana, como tamb\u00e9m previne c\u00e1ries. Ao mesmo tempo, pode promover a secre\u00e7\u00e3o salivar, o que ajuda a limpar e hidratar a boca. Al\u00e9m disso, o sabor adocicado do xilitol \u00e9 mais adequado para crian\u00e7as.<\/p>\n\n\n\n<p>4. Bicarbonato de s\u00f3dio: O bicarbonato de s\u00f3dio tem um pH de 9 a 11 e \u00e9 alcalino, o que pode neutralizar a acidez da boca e reduzir a sensibilidade dent\u00e1ria. Pode ajudar a remover t\u00e1rtaro e manchas da superf\u00edcie dos dentes, proporcionando um efeito clareador. Ao mesmo tempo, o bicarbonato de s\u00f3dio tamb\u00e9m tem um efeito antibacteriano, que pode inibir o crescimento de bact\u00e9rias na boca e prevenir inflama\u00e7\u00f5es e infec\u00e7\u00f5es orais.<\/p>\n\n\n\n<p>5. \u00d3leo de melaleuca: O \u00f3leo de melaleuca possui efeitos anti-inflamat\u00f3rios e antibacterianos, que podem aliviar a inflama\u00e7\u00e3o periodontal e gengival e prevenir a forma\u00e7\u00e3o de placa bacteriana. Al\u00e9m disso, possui um efeito refrescante, preenchendo a boca com um aroma suave e doce.<\/p>\n\n\n\n<h2 class=\"wp-block-heading\">As fun\u00e7\u00f5es do creme dental org\u00e2nico<\/h2>\n\n\n\n<p>Nossa equipe de pesquisa e desenvolvimento ADAPTA a f\u00f3rmula \u00e0s condi\u00e7\u00f5es bucais da maioria das pessoas, para que ela possa cuidar plenamente da sa\u00fade bucal. Antes de usar, voc\u00ea deve escolher um produto adequado para voc\u00ea, de acordo com sua condi\u00e7\u00e3o bucal.<\/p>\n\n\n\n<p>1. Limpeza suave: Nossos cremes dentais usam abrasivos suaves e naturais e outros ingredientes para n\u00e3o apenas limpar os dentes de forma eficaz e remover placa bacteriana e res\u00edduos f\u00edsicos, mas tamb\u00e9m proteger o esmalte dos dentes contra danos.<\/p>\n\n\n\n<p>2. Sem subst\u00e2ncias nocivas: o creme dental org\u00e2nico n\u00e3o cont\u00e9m fl\u00faor, triclosan e outras subst\u00e2ncias, e n\u00e3o adiciona nenhum agente espumante qu\u00edmico, ess\u00eancia sint\u00e9tica ou outros produtos qu\u00edmicos nocivos. Isso n\u00e3o s\u00f3 evita res\u00edduos de componentes qu\u00edmicos na boca, como tamb\u00e9m reduz os potenciais danos \u00e0 boca e ao corpo.<\/p>\n\n\n\n<p>3. Aliviar problemas bucais: Nossos produtos cont\u00eam ingredientes antibacterianos e anti-inflamat\u00f3rios, que podem aliviar problemas bucais, como gengivite e \u00falceras orais, at\u00e9 certo ponto, mantendo assim a sa\u00fade geral da cavidade bucal.<\/p>\n\n\n\n<p>4. H\u00e1lito fresco: Hortel\u00e3 e outros ingredientes em pasta de dente org\u00e2nica t\u00eam um aroma fresco, que pode eliminar odores, trazer h\u00e1lito fresco \u00e0 boca e deix\u00e1-lo mais confiante.<\/p>\n\n\n\n<p>5. Reduz a sensibilidade bucal: Para pessoas com dentes sens\u00edveis, o creme dental org\u00e2nico \u00e9 a melhor escolha. Ele n\u00e3o cont\u00e9m produtos qu\u00edmicos irritantes e pode reduzir a irrita\u00e7\u00e3o em \u00e1reas sens\u00edveis da boca, aliviando o desconforto bucal.<\/p>\n\n\n\n<h2 class=\"wp-block-heading\">Como usar pasta de dente org\u00e2nica?<\/h2>\n\n\n\n<p>O creme dental org\u00e2nico \u00e9 usado da mesma forma que o creme dental comum, mas voc\u00ea precisa escolher um produto adequado antes de us\u00e1-lo. Tamb\u00e9m indicaremos o uso na embalagem.<\/p>\n\n\n\n<p>1. Enx\u00e1gue a boca com \u00e1gua para mant\u00ea-la \u00famida;<\/p>\n\n\n\n<p>2. Aplique a quantidade adequada de pasta de dente org\u00e2nica na escova de dentes e comece a escovar.<\/p>\n\n\n\n<p>3. Incline a escova de dentes em um \u00e2ngulo de 45 graus e escove delicadamente a jun\u00e7\u00e3o dos dentes com a gengiva. Voc\u00ea pode usar movimentos circulares suaves ao escovar, sem aplicar muita for\u00e7a. Todo o processo dura pelo menos dois minutos para garantir que todas as superf\u00edcies dos dentes sejam escovadas e a boca completamente limpa.<\/p>\n\n\n\n<p>4. Enx\u00e1gue a boca novamente com \u00e1gua ap\u00f3s escovar os dentes para remover os res\u00edduos de pasta de dente da boca e evitar engolir.<\/p>\n\n\n\n<h2 class=\"wp-block-heading\">Cuidado<\/h2>\n\n\n\n<p>1. Verifique cuidadosamente a lista de ingredientes antes de usar para garantir que n\u00e3o haja ingredientes que sejam al\u00e9rgicos ou desconfort\u00e1veis para voc\u00ea;<\/p>\n\n\n\n<p>2. Usar o m\u00e9todo de escova\u00e7\u00e3o correto, como o m\u00e9todo de escova\u00e7\u00e3o Pap, pode garantir que os dentes possam ser totalmente limpos;<\/p>\n\n\n\n<p>3. Recomenda-se alternar regularmente o uso de diferentes marcas e fun\u00e7\u00f5es de cremes dentais org\u00e2nicos para reduzir a resist\u00eancia das bact\u00e9rias bucais a um ingrediente espec\u00edfico;<\/p>\n\n\n\n<p>4. Observe atentamente a rea\u00e7\u00e3o da boca ao usar pasta de dente. Se ocorrer desconforto ou sintomas al\u00e9rgicos, interrompa o uso imediatamente e consulte um dentista para aconselhamento;<\/p>\n\n\n\n<p>5. Recomenda-se armazenar em local fresco e seco, evitando luz solar direta e ambientes de alta temperatura, para prolongar a vida \u00fatil.<\/p>\n\n\n\n<h2 class=\"wp-block-heading\">Conclus\u00e3o<\/h2>\n\n\n\n<p>Como fabricantes de pastas de dente org\u00e2nicas com foco em qualidade e efici\u00eancia, n\u00e3o apenas selecionamos mat\u00e9rias-primas org\u00e2nicas de alta qualidade de todo o mundo, mas tamb\u00e9m as misturamos cientificamente, garantindo que cada produto atenda aos mais altos padr\u00f5es por meio de tecnologia de produ\u00e7\u00e3o moderna e um rigoroso sistema de gest\u00e3o da qualidade. Ao mesmo tempo, utilizamos embalagens recicl\u00e1veis para reduzir os danos ambientais, n\u00e3o apenas cuidando do produto, mas tamb\u00e9m do meio ambiente. Entre em contato conosco se tiver interesse.<\/p>","protected":false},"excerpt":{"rendered":"Organic Toothpaste Manufacturing Common Formulas As a professional manufacturer of organic toothpaste, we focus on the natural and healthy nature of raw materials. So we carefully select a variety of organic ingredients and scientific matching, so that every time you brush your teeth is a pleasant enjoyment. 1. Aloe Vera: Aloe Vera has moisturizing and [&hellip;]","protected":false},"featured_media":2968,"menu_order":0,"template":"","meta":[],"product-tag":[],"products":[71],"class_list":["post-2967","product","type-product","status-publish","has-post-thumbnail","hentry","products-toothpaste"],"acf":[],"_links":{"self":[{"href":"https:\/\/www.ruiqigo.com\/pt\/wp-json\/wp\/v2\/product\/2967","targetHints":{"allow":["GET"]}}],"collection":[{"href":"https:\/\/www.ruiqigo.com\/pt\/wp-json\/wp\/v2\/product"}],"about":[{"href":"https:\/\/www.ruiqigo.com\/pt\/wp-json\/wp\/v2\/types\/product"}],"version-history":[{"count":0,"href":"https:\/\/www.ruiqigo.com\/pt\/wp-json\/wp\/v2\/product\/2967\/revisions"}],"wp:featuredmedia":[{"embeddable":true,"href":"https:\/\/www.ruiqigo.com\/pt\/wp-json\/wp\/v2\/media\/2968"}],"wp:attachment":[{"href":"https:\/\/www.ruiqigo.com\/pt\/wp-json\/wp\/v2\/media?parent=2967"}],"wp:term":[{"taxonomy":"product-tag","embeddable":true,"href":"https:\/\/www.ruiqigo.com\/pt\/wp-json\/wp\/v2\/product-tag?post=2967"},{"taxonomy":"products","embeddable":true,"href":"https:\/\/www.ruiqigo.com\/pt\/wp-json\/wp\/v2\/products?post=2967"}],"curies":[{"name":"wp","href":"https:\/\/api.w.org\/{rel}","templated":true}]}}