{"id":306,"date":"2024-07-05T17:07:54","date_gmt":"2024-07-05T09:07:54","guid":{"rendered":"https:\/\/ruiqigo.com\/?post_type=product&#038;p=306"},"modified":"2024-11-14T21:10:20","modified_gmt":"2024-11-14T13:10:20","slug":"salt-free-water-conditioner","status":"publish","type":"product","link":"https:\/\/www.ruiqigo.com\/pt\/product\/salt-free-water-conditioner","title":{"rendered":"Condicionador de \u00e1gua sem sal"},"content":{"rendered":"<h2 class=\"wp-block-heading\">F\u00f3rmulas comuns para fabrica\u00e7\u00e3o de condicionadores de \u00e1gua sem sal<\/h2>\n\n\n\n<p>O Condicionador de \u00c1gua sem Sal \u00e9 feito com ingredientes suaves, como amino\u00e1cidos bot\u00e2nicos, glicerina e \u00f3leos naturais de sementes de frutas. Os amino\u00e1cidos proporcionam excelentes propriedades hidratantes e reparadoras para nutrir profundamente os cabelos; a glicerina rep\u00f5e a hidrata\u00e7\u00e3o e melhora o frizz e o ressecamento; e o \u00d3leo Natural de Sementes de Frutas \u00e9 rico em vitaminas para ajudar a reparar cabelos danificados e fortalecer a elasticidade capilar. Como fabricante confi\u00e1vel de condicionadores de \u00e1gua sem sal, esses ingredientes naturais de alta qualidade trabalham em sinergia para criar um condicionador de \u00e1gua sem sal n\u00e3o irritante, suave e nutritivo.<\/p>\n\n\n\n<h2 class=\"wp-block-heading\">Cen\u00e1rios aplic\u00e1veis ao condicionador de \u00e1gua sem sal<\/h2>\n\n\n\n<p>O Condicionador de \u00c1gua sem Sal \u00e9 adequado para todas as esta\u00e7\u00f5es e ambientes. No calor do ver\u00e3o, hidrata os cabelos e alivia o ressecamento e o frizz; no inverno, nutre profundamente os fios e repara os danos. Ao mesmo tempo, \u00e9 refrescante e leve, n\u00e3o pesa no couro cabeludo e \u00e9 adequado para todos os tipos de cabelo. Seja para manuten\u00e7\u00e3o di\u00e1ria ou repara\u00e7\u00e3o de danos, o Condicionador de \u00c1gua sem Sal pode ser seu assistente confi\u00e1vel para o cuidado dos cabelos em todas as esta\u00e7\u00f5es.<\/p>\n\n\n\n<h2 class=\"wp-block-heading\">Para quem \u00e9 indicado o condicionador de \u00e1gua sem sal?<\/h2>\n\n\n\n<p>O Condicionador de \u00c1gua sem Sal \u00e9 adequado para todos os tipos de cabelo. Para cabelos secos, quebradi\u00e7os e danificados, proporciona nutri\u00e7\u00e3o e repara\u00e7\u00e3o profundas; para cabelos oleosos, sua textura refrescante e leve \u00e9 perfeita; e mesmo para cabelos normais e saud\u00e1veis, o Condicionador de \u00c1gua sem Sal reduz o frizz e o ressecamento, deixando os fios mais macios e brilhantes. Seja para cabelos tingidos, oleosos e com frizz, ou cabelos normais e saud\u00e1veis, o Condicionador de \u00c1gua sem Sal pode ser o seu parceiro ideal para o cuidado capilar.<\/p>\n\n\n\n<h2 class=\"wp-block-heading\">Processo de produ\u00e7\u00e3o de condicionador de \u00e1gua sem sal<\/h2>\n\n\n\n<p>O Condicionador de \u00c1gua Sem Sal utiliza uma s\u00e9rie de tecnologias exclusivas em seu processo de produ\u00e7\u00e3o. Primeiramente, as mat\u00e9rias-primas s\u00e3o cuidadosamente selecionadas para garantir que sejam 100% naturais e livres de polui\u00e7\u00e3o. Em segundo lugar, uma variedade de ingredientes nutritivos e reparadores s\u00e3o integrados \u00e0 f\u00f3rmula para criar efeitos sin\u00e9rgicos. Al\u00e9m disso, o processo de produ\u00e7\u00e3o \u00e9 rigorosamente controlado por temperatura e press\u00e3o para evitar a perda de ingredientes ativos. Por fim, a embalagem do produto \u00e9 feita de materiais ecol\u00f3gicos e at\u00f3xicos para garantir a seguran\u00e7a do uso. Como um fabricante eficiente de condicionadores de \u00e1gua sem sal, este processo de produ\u00e7\u00e3o cuidadoso, para garantir a excelente qualidade do condicionador de \u00e1gua sem sal, para que os consumidores possam us\u00e1-lo sem preocupa\u00e7\u00f5es, para desfrutar do conforto da experi\u00eancia natural de cuidados com os cabelos.<\/p>","protected":false},"excerpt":{"rendered":"Salt free water conditioner manufacturing common formulas Salt free Water Conditioner is made with gentle ingredients such as botanical amino acids, glycerin, and natural fruit seed oils. Amino Acids provide excellent moisturizing and repairing properties to deeply nourish hair; Glycerin replenishes moisture and improves frizz and dryness; and Natural Fruit Seed Oil is rich in [&hellip;]","protected":false},"featured_media":384,"menu_order":0,"template":"","meta":[],"product-tag":[],"products":[52],"class_list":["post-306","product","type-product","status-publish","has-post-thumbnail","hentry","products-conditioner"],"acf":[],"_links":{"self":[{"href":"https:\/\/www.ruiqigo.com\/pt\/wp-json\/wp\/v2\/product\/306","targetHints":{"allow":["GET"]}}],"collection":[{"href":"https:\/\/www.ruiqigo.com\/pt\/wp-json\/wp\/v2\/product"}],"about":[{"href":"https:\/\/www.ruiqigo.com\/pt\/wp-json\/wp\/v2\/types\/product"}],"version-history":[{"count":0,"href":"https:\/\/www.ruiqigo.com\/pt\/wp-json\/wp\/v2\/product\/306\/revisions"}],"wp:featuredmedia":[{"embeddable":true,"href":"https:\/\/www.ruiqigo.com\/pt\/wp-json\/wp\/v2\/media\/384"}],"wp:attachment":[{"href":"https:\/\/www.ruiqigo.com\/pt\/wp-json\/wp\/v2\/media?parent=306"}],"wp:term":[{"taxonomy":"product-tag","embeddable":true,"href":"https:\/\/www.ruiqigo.com\/pt\/wp-json\/wp\/v2\/product-tag?post=306"},{"taxonomy":"products","embeddable":true,"href":"https:\/\/www.ruiqigo.com\/pt\/wp-json\/wp\/v2\/products?post=306"}],"curies":[{"name":"wp","href":"https:\/\/api.w.org\/{rel}","templated":true}]}}