{"id":3186,"date":"2025-04-24T09:37:21","date_gmt":"2025-04-24T01:37:21","guid":{"rendered":"https:\/\/www.ruiqigo.com\/?post_type=product&#038;p=3186"},"modified":"2025-04-24T09:37:22","modified_gmt":"2025-04-24T01:37:22","slug":"sunburn-lotion","status":"publish","type":"product","link":"https:\/\/www.ruiqigo.com\/pt\/product\/sunburn-lotion","title":{"rendered":"Lo\u00e7\u00e3o para queimaduras solares"},"content":{"rendered":"<h2 class=\"wp-block-heading\">F\u00f3rmulas comuns para fabrica\u00e7\u00e3o de lo\u00e7\u00f5es para queimaduras solares<\/h2>\n\n\n\n<p>Como fabricantes profissionais de lo\u00e7\u00f5es para queimaduras solares, utilizamos extratos naturais de plantas e ingredientes reparadores, como cal\u00eandula, aloe vera, camomila, etc., para ajudar sua pele a se recuperar e acalmar rapidamente ap\u00f3s queimaduras solares, restaurar o equil\u00edbrio h\u00eddrico e oleoso e fortalecer a barreira cut\u00e2nea. Ao mesmo tempo, a f\u00f3rmula que utilizamos \u00e9 suave e n\u00e3o irritante, adequada para uso prolongado em todos os tipos de pele.<\/p>\n\n\n\n<p>1. <strong>Cal\u00eandula<\/strong>: A cal\u00eandula possui excelentes propriedades antial\u00e9rgicas e anti-inflamat\u00f3rias, que podem aliviar alergias e desconfortos causados por queimaduras solares e reduzir a inflama\u00e7\u00e3o ap\u00f3s a exposi\u00e7\u00e3o solar. Ao mesmo tempo, a cal\u00eandula tem um certo efeito na promo\u00e7\u00e3o da cicatriza\u00e7\u00e3o de pequenas les\u00f5es cut\u00e2neas e pode melhorar a efici\u00eancia do reparo da barreira cut\u00e2nea. <\/p>\n\n\n\n<p>2.<strong> Aloe vera:<\/strong> A babosa natural \u00e9 rica em vitaminas, minerais e antioxidantes, e possui fortes efeitos hidratantes, calmantes e anti-inflamat\u00f3rios. Ela pode ajudar o estrato c\u00f3rneo a reter a umidade rapidamente, promover a repara\u00e7\u00e3o das c\u00e9lulas da pele e fortalecer a barreira cut\u00e2nea. Tamb\u00e9m pode ajudar a pele a resfriar rapidamente e reduzir a sensa\u00e7\u00e3o de queima\u00e7\u00e3o ap\u00f3s queimaduras solares. <\/p>\n\n\n\n<p>3. <strong>Camomila:<\/strong> A lo\u00e7\u00e3o para queimaduras solares, que cont\u00e9m camomila como ingrediente importante, pode ser usada com seguran\u00e7a por pessoas com pele sens\u00edvel. Por possuir excelentes propriedades antial\u00e9rgicas e antioxidantes, pode aliviar sintomas como alergias, vermelhid\u00e3o, incha\u00e7o e ard\u00eancia causados por queimaduras solares, al\u00e9m de aumentar a resist\u00eancia da pele. <\/p>\n\n\n\n<p>4. <strong>Hialuronato de s\u00f3dio:<\/strong> O hialuronato de s\u00f3dio \u00e9 um ingrediente hidratante e retentor de \u00e1gua eficaz que pode repor rapidamente a umidade profunda da pele, evitando que a pele queimada pelo sol fique esticada ou rachada, e estabelecendo uma base s\u00f3lida para a absor\u00e7\u00e3o de ingredientes de reparo subsequentes. <\/p>\n\n\n\n<p>5.<strong> Pantenol<\/strong>: O pantenol tamb\u00e9m \u00e9 um ingrediente importante em lo\u00e7\u00f5es contra queimaduras solares. Possui poderosas propriedades hidratantes e reparadoras. Ele penetra profundamente na pele e forma uma pel\u00edcula imperme\u00e1vel, melhorando assim a elasticidade da pele, reduzindo o ressecamento e a tens\u00e3o causados por queimaduras solares e ajudando a pele a restaurar um brilho saud\u00e1vel e hidratado. <\/p>\n\n\n\n<h2 class=\"wp-block-heading\">As fun\u00e7\u00f5es da lo\u00e7\u00e3o para queimaduras solares<\/h2>\n\n\n\n<p>Nossa lo\u00e7\u00e3o para queimaduras solares usa uma variedade de ess\u00eancias naturais de plantas em sua f\u00f3rmula, que n\u00e3o s\u00f3 tem fun\u00e7\u00f5es reparadoras, mas tamb\u00e9m leva em considera\u00e7\u00e3o a experi\u00eancia e o conforto do usu\u00e1rio. <\/p>\n\n\n\n<p>1. <strong>Textura fresca e n\u00e3o oleosa<\/strong>: Nossa lo\u00e7\u00e3o para queimaduras solares \u00e9 formulada com uma textura leve que pode ser rapidamente absorvida pela pele sem ser pegajosa, evitando res\u00edduos nas roupas nem afetando as atividades di\u00e1rias do usu\u00e1rio. A experi\u00eancia do usu\u00e1rio \u00e9, portanto, significativamente aprimorada.<\/p>\n\n\n\n<p>2. <strong>Adequado para uma variedade de tipos de pele<\/strong>: Nossa lo\u00e7\u00e3o para queimaduras solares passou por diversos testes de sensibilidade e n\u00e3o cont\u00e9m ingredientes irritantes e sensibilizantes, como \u00e1lcool. Pode ser usada para peles secas, oleosas, mistas e sens\u00edveis, sendo adequada para uma ampla gama de grupos de clientes.<\/p>\n\n\n\n<p>3. <strong>Os efeitos calmantes e refrescantes instant\u00e2neos s\u00e3o significativos<\/strong>: a lo\u00e7\u00e3o para queimaduras solares cont\u00e9m ingredientes naturais como aloe vera e cal\u00eandula. Ap\u00f3s o uso, pode refrescar rapidamente a pele, aliviar vermelhid\u00e3o, incha\u00e7o, queima\u00e7\u00e3o e outros desconfortos, al\u00e9m de reduzir rea\u00e7\u00f5es inflamat\u00f3rias ap\u00f3s a exposi\u00e7\u00e3o ao sol. \u00c9 uma das escolhas ideais para repara\u00e7\u00e3o imediata ap\u00f3s queimaduras solares.<\/p>\n\n\n\n<p>4. <strong>Hidrata\u00e7\u00e3o cont\u00ednua e efeito reparador prolongado<\/strong>: Nossa lo\u00e7\u00e3o para queimaduras solares, com o efeito sin\u00e9rgico de m\u00faltiplos fatores hidratantes, como hialuronato de s\u00f3dio e pantenol, pode manter o equil\u00edbrio h\u00eddrico da pele por um longo tempo e prevenir o ressecamento e a descama\u00e7\u00e3o. Ao mesmo tempo, al\u00e9m de proporcionar al\u00edvio imediato, tamb\u00e9m pode reparar continuamente a barreira cut\u00e2nea, melhorar a defesa da pele e prolongar o efeito reparador ap\u00f3s queimaduras solares. <\/p>\n\n\n\n<h2 class=\"wp-block-heading\">Como usar lo\u00e7\u00e3o para queimaduras solares?<\/h2>\n\n\n\n<p>O uso da lo\u00e7\u00e3o para queimaduras solares \u00e9 muito simples e r\u00e1pido. Voc\u00ea pode retir\u00e1-la a qualquer momento durante os cuidados di\u00e1rios e em viagens para aliviar o desconforto da pele queimada pelo sol. Basta aplic\u00e1-la conforme necess\u00e1rio e massagear suavemente para promover a absor\u00e7\u00e3o. Todo o processo \u00e9 suave e n\u00e3o irritante, adequado para todos os tipos de usu\u00e1rios. Recomenda-se us\u00e1-la imediatamente ap\u00f3s a exposi\u00e7\u00e3o ao sol para obter o melhor efeito reparador. <\/p>\n\n\n\n<p>1. <strong>Limpe a pele: <\/strong>Antes de usar o produto, limpe a \u00e1rea queimada com \u00e1gua morna para remover o suor e as impurezas que, de outra forma, reduziriam o efeito reparador. Em seguida, seque com uma toalha macia ou espere a \u00e1gua evaporar.<\/p>\n\n\n\n<p>2. <strong>Esprema a lo\u00e7\u00e3o: <\/strong>Esprema a lo\u00e7\u00e3o do recipiente conforme necess\u00e1rio.<\/p>\n\n\n\n<p>3. <strong>Aplique uniformemente e massageie para absor\u00e7\u00e3o: <\/strong>Aplique a lo\u00e7\u00e3o suave e uniformemente na \u00e1rea queimada, evitando esfregar para n\u00e3o danific\u00e1-la. Em seguida, massageie suavemente a \u00e1rea aplicada para promover a absor\u00e7\u00e3o pela pele.<\/p>\n\n\n\n<h2 class=\"wp-block-heading\">Cuidado<\/h2>\n\n\n\n<p>1. <strong>Teste para rea\u00e7\u00f5es al\u00e9rgicas:<\/strong> Antes de usar nossa lo\u00e7\u00e3o para queimaduras solares pela primeira vez, certifique-se de experiment\u00e1-la na parte interna do pulso ou atr\u00e1s da orelha para evitar rea\u00e7\u00f5es al\u00e9rgicas devido a diferen\u00e7as individuais. Se n\u00e3o houver nenhuma rea\u00e7\u00e3o anormal em 24 horas, voc\u00ea pode us\u00e1-la com confian\u00e7a.<\/p>\n\n\n\n<p>2. <strong>Evite usar em feridas ou pele danificada: <\/strong>Se houver feridas ou danos \u00f3bvios na pele, como pele rachada, sangramento, etc., n\u00e3o use este produto para evitar irritar a ferida e causar danos.<\/p>\n\n\n\n<p>3. <strong>Evite contato com os olhos: <\/strong>Ao usar lo\u00e7\u00e3o para queimaduras solares, evite a \u00e1rea dos olhos. Em caso de contato acidental com os olhos, lave imediatamente com \u00e1gua limpa e procure atendimento m\u00e9dico, se necess\u00e1rio.<\/p>\n\n\n\n<h2 class=\"wp-block-heading\">Conclus\u00e3o<\/h2>\n\n\n\n<p>A lo\u00e7\u00e3o para queimaduras solares \u00e9 uma lo\u00e7\u00e3o reparadora de queimaduras solares com fun\u00e7\u00f5es de hidrata\u00e7\u00e3o profunda, calmante e reparadora da pele, adequada para uma variedade de tipos de pele e cen\u00e1rios de uso. Nossos produtos s\u00e3o formulados com uma variedade de extratos naturais de plantas, refrescantes e n\u00e3o oleosos, e podem aliviar rapidamente o desconforto e a sensa\u00e7\u00e3o de queima\u00e7\u00e3o causados por queimaduras solares. Oferecemos servi\u00e7os OEM\/ODM para atender \u00e0s diversas necessidades de diferentes clientes em termos de embalagem e posicionamento de mercado. Se precisar de mais informa\u00e7\u00f5es, entre em contato conosco.<\/p>","protected":false},"excerpt":{"rendered":"Sunburn Lotion Manufacturing Common Formulas As a professional sunburn lotion manufacturer, we use natural plant extracts and repair ingredients, such as calendula, aloe vera, chamomile, etc., to help your skin quickly repair and calm after sunburn, restore the water and oil balance, and strengthen the skin barrier. At the same time, the formula we use [&hellip;]","protected":false},"featured_media":3190,"menu_order":0,"template":"","meta":[],"product-tag":[],"products":[87],"class_list":["post-3186","product","type-product","status-publish","has-post-thumbnail","hentry","products-sunburn-recovery"],"acf":[],"_links":{"self":[{"href":"https:\/\/www.ruiqigo.com\/pt\/wp-json\/wp\/v2\/product\/3186","targetHints":{"allow":["GET"]}}],"collection":[{"href":"https:\/\/www.ruiqigo.com\/pt\/wp-json\/wp\/v2\/product"}],"about":[{"href":"https:\/\/www.ruiqigo.com\/pt\/wp-json\/wp\/v2\/types\/product"}],"version-history":[{"count":0,"href":"https:\/\/www.ruiqigo.com\/pt\/wp-json\/wp\/v2\/product\/3186\/revisions"}],"wp:featuredmedia":[{"embeddable":true,"href":"https:\/\/www.ruiqigo.com\/pt\/wp-json\/wp\/v2\/media\/3190"}],"wp:attachment":[{"href":"https:\/\/www.ruiqigo.com\/pt\/wp-json\/wp\/v2\/media?parent=3186"}],"wp:term":[{"taxonomy":"product-tag","embeddable":true,"href":"https:\/\/www.ruiqigo.com\/pt\/wp-json\/wp\/v2\/product-tag?post=3186"},{"taxonomy":"products","embeddable":true,"href":"https:\/\/www.ruiqigo.com\/pt\/wp-json\/wp\/v2\/products?post=3186"}],"curies":[{"name":"wp","href":"https:\/\/api.w.org\/{rel}","templated":true}]}}