{"id":321,"date":"2024-07-05T17:38:21","date_gmt":"2024-07-05T09:38:21","guid":{"rendered":"https:\/\/ruiqigo.com\/?post_type=product&#038;p=321"},"modified":"2024-11-14T21:11:09","modified_gmt":"2024-11-14T13:11:09","slug":"tea-tree-shampoo-and-conditioner","status":"publish","type":"product","link":"https:\/\/www.ruiqigo.com\/pt\/product\/tea-tree-shampoo-and-conditioner","title":{"rendered":"Shampoo e condicionador de melaleuca"},"content":{"rendered":"<h2 class=\"wp-block-heading\">F\u00f3rmulas comuns de fabrica\u00e7\u00e3o de xampu e condicionador de melaleuca<\/h2>\n\n\n\n<p>Este Shampoo e Condicionador 2 em 1 de Melaleuca utiliza extrato puro e natural de melaleuca como ingrediente principal. O Extrato de Melaleuca \u00e9 rico em vitaminas e minerais, como vitamina C, vitamina E, ferro, zinco, etc., que nutrem e reparam profundamente os cabelos danificados, aumentando o brilho e a maciez. Al\u00e9m disso, o Extrato de Melaleuca cont\u00e9m ingredientes naturais antibacterianos e anti-inflamat\u00f3rios que limpam o couro cabeludo com efic\u00e1cia, prevenindo o crescimento de bact\u00e9rias e o ac\u00famulo de caspa. Como fabricante inovador de shampoo e condicionador de melaleuca, esses ingredientes naturais trabalham juntos para criar um limpador e condicionador dois em um que combina limpeza e condicionamento.<\/p>\n\n\n\n<h2 class=\"wp-block-heading\">Cen\u00e1rios aplic\u00e1veis ao shampoo e condicionador de melaleuca<\/h2>\n\n\n\n<p>O Shampoo e Condicionador de Melaleuca s\u00e3o adequados para todos os climas. Nos meses quentes de ver\u00e3o, a a\u00e7\u00e3o antibacteriana refrescante do extrato de melaleuca limpa profundamente o couro cabeludo e previne o crescimento bacteriano ap\u00f3s a transpira\u00e7\u00e3o; nos meses frios de inverno, nutre profundamente e repara os cabelos danificados, aumentando a elasticidade e prevenindo o ressecamento e o frizz. Ao mesmo tempo, a f\u00f3rmula natural e suave da melaleuca tamb\u00e9m \u00e9 adequada para couro cabeludo sens\u00edvel, sem causar irrita\u00e7\u00e3o. Seja oleoso e quente ou seco e frio, este produto dois em um manter\u00e1 seu cabelo com uma sensa\u00e7\u00e3o de frescor, maciez e conforto.<\/p>\n\n\n\n<h2 class=\"wp-block-heading\">Para quem \u00e9 indicado o shampoo e condicionador de melaleuca?<\/h2>\n\n\n\n<p>Este Shampoo e Condicionador 2 em 1 de Melaleuca \u00e9 especialmente indicado para quem tem couro cabeludo oleoso ou \u00e9 propenso \u00e0 caspa. O Extrato de Melaleuca \u00e9 um ingrediente natural antibacteriano e anti-inflamat\u00f3rio que limpa eficazmente o couro cabeludo e previne o ac\u00famulo de bact\u00e9rias e caspa. Ao mesmo tempo, nutre e repara profundamente os cabelos danificados, aumentando o brilho e a elasticidade. Seja para cabelos oleosos, secos, crespos ou quimicamente danificados ap\u00f3s permanentes e colora\u00e7\u00f5es, este produto 2 em 1 de Melaleuca \u00e9 a escolha perfeita para o cuidado dos seus cabelos.<\/p>\n\n\n\n<h2 class=\"wp-block-heading\">Processo de produ\u00e7\u00e3o de xampu e condicionador de melaleuca<\/h2>\n\n\n\n<p>Este Shampoo e Condicionador 2 em 1 de Melaleuca \u00e9 fabricado com diversas tecnologias avan\u00e7adas. Primeiramente, 100% da mat\u00e9ria-prima da Melaleuca s\u00e3o derivados de plantas naturais e foram submetidos a uma s\u00e9rie de verifica\u00e7\u00f5es para garantir que estejam livres de qualquer contamina\u00e7\u00e3o qu\u00edmica. Em segundo lugar, a temperatura e a press\u00e3o s\u00e3o rigorosamente controladas durante o desenvolvimento da f\u00f3rmula para garantir que os ingredientes ativos do extrato de melaleuca n\u00e3o sejam danificados. O produto adota tecnologia de separa\u00e7\u00e3o profissional para extrair o extrato de melaleuca com alta pureza, garantindo excelente efic\u00e1cia do produto. Por fim, como fabricante profissional de shampoo e condicionador de melaleuca, todo o processo de produ\u00e7\u00e3o \u00e9 livre de produtos qu\u00edmicos sint\u00e9ticos, garantindo que o produto seja sustent\u00e1vel e ecologicamente correto.<\/p>","protected":false},"excerpt":{"rendered":"Tea tree shampoo and conditioner manufacturing common formulas This Tea Tree Shampoo and Conditioner 2-in-1 utilizes pure and natural tea tree extract as the core ingredient. Tea Tree Extract is rich in vitamins and minerals such as Vitamin C, Vitamin E, Iron, Zinc, etc., which can deeply nourish and repair damaged hair, and increase the [&hellip;]","protected":false},"featured_media":322,"menu_order":0,"template":"","meta":[],"product-tag":[],"products":[54],"class_list":["post-321","product","type-product","status-publish","has-post-thumbnail","hentry","products-shampoo-and-conditioner"],"acf":[],"_links":{"self":[{"href":"https:\/\/www.ruiqigo.com\/pt\/wp-json\/wp\/v2\/product\/321","targetHints":{"allow":["GET"]}}],"collection":[{"href":"https:\/\/www.ruiqigo.com\/pt\/wp-json\/wp\/v2\/product"}],"about":[{"href":"https:\/\/www.ruiqigo.com\/pt\/wp-json\/wp\/v2\/types\/product"}],"version-history":[{"count":0,"href":"https:\/\/www.ruiqigo.com\/pt\/wp-json\/wp\/v2\/product\/321\/revisions"}],"wp:featuredmedia":[{"embeddable":true,"href":"https:\/\/www.ruiqigo.com\/pt\/wp-json\/wp\/v2\/media\/322"}],"wp:attachment":[{"href":"https:\/\/www.ruiqigo.com\/pt\/wp-json\/wp\/v2\/media?parent=321"}],"wp:term":[{"taxonomy":"product-tag","embeddable":true,"href":"https:\/\/www.ruiqigo.com\/pt\/wp-json\/wp\/v2\/product-tag?post=321"},{"taxonomy":"products","embeddable":true,"href":"https:\/\/www.ruiqigo.com\/pt\/wp-json\/wp\/v2\/products?post=321"}],"curies":[{"name":"wp","href":"https:\/\/api.w.org\/{rel}","templated":true}]}}