{"id":326,"date":"2024-07-05T20:16:31","date_gmt":"2024-07-05T12:16:31","guid":{"rendered":"https:\/\/ruiqigo.com\/?post_type=product&#038;p=326"},"modified":"2024-09-26T17:45:54","modified_gmt":"2024-09-26T09:45:54","slug":"bath-and-body-lotion","status":"publish","type":"product","link":"https:\/\/www.ruiqigo.com\/pt\/product\/bath-and-body-lotion","title":{"rendered":"Lo\u00e7\u00e3o para banho e corpo"},"content":{"rendered":"<h3 class=\"wp-block-heading\">F\u00f3rmulas comuns para fabrica\u00e7\u00e3o de lo\u00e7\u00f5es para banho e corpo<\/h3>\n\n\n\n<p>Esta lo\u00e7\u00e3o \u00e9 feita com diversos ingredientes naturais de alta qualidade: o Hialuronato de S\u00f3dio tem excelente efeito hidratante e pode hidratar e nutrir profundamente a pele; a Alanto\u00edna fortalece a barreira cut\u00e2nea e melhora o ressecamento; a \u00c1gua de Aloe Vera Cura\u00e7ao \u00e9 rica em vitaminas e minerais, sendo eficaz no clareamento e amaciamento da pele. Esses ingredientes s\u00e3o suaves e seguros, sem aditivos qu\u00edmicos, proporcionando uma experi\u00eancia de cuidado da pele pura e sem aditivos.<\/p>\n\n\n\n<h3 class=\"wp-block-heading\">Banho e lo\u00e7\u00e3o corporal Cen\u00e1rios aplic\u00e1veis<\/h3>\n\n\n\n<p>Lo\u00e7\u00f5es para banho e corpo s\u00e3o adequadas para todos os climas. Nos meses secos de inverno, hidratam e nutrem profundamente a pele, aliviando o ressecamento e a sensa\u00e7\u00e3o de repuxamento causados pelo frio; nos meses quentes de ver\u00e3o, sua textura refrescante e sedosa \u00e9 rapidamente absorvida sem causar sensa\u00e7\u00e3o pegajosa, proporcionando hidrata\u00e7\u00e3o duradoura \u00e0 pele. Ou temos mais <a href=\"https:\/\/www.ruiqigo.com\/pt\/products\/body-lotion\/\">lo\u00e7\u00e3o corporal<\/a> op\u00e7\u00f5es para voc\u00ea escolher.<\/p>\n\n\n\n<h3 class=\"wp-block-heading\">Para quem \u00e9 indicado o fato de banho e lo\u00e7\u00e3o corporal<\/h3>\n\n\n\n<p>Lo\u00e7\u00f5es para banho e corpo s\u00e3o adequadas para pessoas de todas as idades. Melhoram o ressecamento causado pela alta secre\u00e7\u00e3o seb\u00e1cea e auxiliam no combate ao envelhecimento, \u00e0 flacidez e \u00e0 aspereza da pele. S\u00e3o especialmente indicadas para quem tem pele naturalmente seca, proporcionando uma experi\u00eancia de cuidado hidratante e revitalizante de longa dura\u00e7\u00e3o. Se tiver outras necessidades, sinta-se \u00e0 vontade para saber mais sobre o 3TOP. <a href=\"https:\/\/www.ruiqigo.com\/pt\/products\/body-care\/\">cuidados com o corpo<\/a> produtos.<\/p>\n\n\n\n<h3 class=\"wp-block-heading\">Processo de produ\u00e7\u00e3o de lo\u00e7\u00f5es para banho e corpo<\/h3>\n\n\n\n<p>Em primeiro lugar, controlamos rigorosamente a origem das mat\u00e9rias-primas e os processos de produ\u00e7\u00e3o para garantir que o produto seja seguro e inofensivo; em segundo lugar, utilizamos uma tecnologia de emulsifica\u00e7\u00e3o exclusiva, tornando a textura da emuls\u00e3o mais suave e delicada, com absor\u00e7\u00e3o suave; al\u00e9m disso, somos extremamente cuidadosos no design da embalagem, utilizando um design ergon\u00f4mico do corpo da garrafa, f\u00e1cil de segurar com uma m\u00e3o. Se quiser saber mais, consulte os artigos relacionados. <a href=\"https:\/\/www.ruiqigo.com\/pt\/body-lotion-manufacturer-elevating-skincare-standards.html\/\">lo\u00e7\u00e3o corporal<\/a> informa\u00e7\u00f5es de fabrica\u00e7\u00e3o.<\/p>","protected":false},"excerpt":{"rendered":"Bath and body lotion manufacturing Common Formulas This lotion is made with many high quality natural ingredients: Sodium Hyaluronate has excellent moisturizing effect and can deeply hydrate and nourish the skin; Allantoin strengthens the skin barrier and improves dryness; Aloe Vera Cura\u00e7ao Water is rich in vitamins and minerals, which is effective in whitening and [&hellip;]","protected":false},"featured_media":327,"menu_order":0,"template":"","meta":[],"product-tag":[],"products":[56],"class_list":["post-326","product","type-product","status-publish","has-post-thumbnail","hentry","products-body-lotion"],"acf":[],"_links":{"self":[{"href":"https:\/\/www.ruiqigo.com\/pt\/wp-json\/wp\/v2\/product\/326","targetHints":{"allow":["GET"]}}],"collection":[{"href":"https:\/\/www.ruiqigo.com\/pt\/wp-json\/wp\/v2\/product"}],"about":[{"href":"https:\/\/www.ruiqigo.com\/pt\/wp-json\/wp\/v2\/types\/product"}],"version-history":[{"count":0,"href":"https:\/\/www.ruiqigo.com\/pt\/wp-json\/wp\/v2\/product\/326\/revisions"}],"wp:featuredmedia":[{"embeddable":true,"href":"https:\/\/www.ruiqigo.com\/pt\/wp-json\/wp\/v2\/media\/327"}],"wp:attachment":[{"href":"https:\/\/www.ruiqigo.com\/pt\/wp-json\/wp\/v2\/media?parent=326"}],"wp:term":[{"taxonomy":"product-tag","embeddable":true,"href":"https:\/\/www.ruiqigo.com\/pt\/wp-json\/wp\/v2\/product-tag?post=326"},{"taxonomy":"products","embeddable":true,"href":"https:\/\/www.ruiqigo.com\/pt\/wp-json\/wp\/v2\/products?post=326"}],"curies":[{"name":"wp","href":"https:\/\/api.w.org\/{rel}","templated":true}]}}