{"id":3276,"date":"2025-04-29T15:41:35","date_gmt":"2025-04-29T07:41:35","guid":{"rendered":"https:\/\/www.ruiqigo.com\/?post_type=product&#038;p=3276"},"modified":"2025-04-29T15:41:35","modified_gmt":"2025-04-29T07:41:35","slug":"kids-electric-toothbrush","status":"publish","type":"product","link":"https:\/\/www.ruiqigo.com\/pt\/product\/kids-electric-toothbrush","title":{"rendered":"Escova de dentes el\u00e9trica infantil"},"content":{"rendered":"<h2 class=\"wp-block-heading\">Caracter\u00edsticas da escova de dentes el\u00e9trica infantil<\/h2>\n\n\n\n<p>1.<strong> Cerdas e cabe\u00e7as de escova: <\/strong>Nossa escova de dentes el\u00e9trica infantil foi especialmente projetada para crian\u00e7as, com uma cabe\u00e7a pequena, adequada para o uso infantil. As cerdas s\u00e3o macias e finas, o que pode cuidar eficazmente das gengivas delicadas das crian\u00e7as e prevenir danos.<\/p>\n\n\n\n<p>2. <strong>Corpo amigo do ambiente: <\/strong>O corpo da escova de dentes el\u00e9trica infantil \u00e9 feito de materiais de qualidade alimentar e ecologicamente corretos, sendo pequeno e leve, adequado para as m\u00e3os das crian\u00e7as. O cabo \u00e9 ergon\u00f4mico, confort\u00e1vel e antiderrapante.<\/p>\n\n\n\n<p>3. <strong>Formato fofo:<\/strong> A escova de dentes el\u00e9trica infantil \u00e9 colorida e diversificada, geralmente com padr\u00f5es de desenhos animados, o que pode aumentar o interesse das crian\u00e7as em escovar os dentes e cultivar bons h\u00e1bitos de higiene bucal.<\/p>\n\n\n\n<p>4. <strong>Design \u00e0 prova d&#039;\u00e1gua:<\/strong> O corpo \u00e9 feito de material de grau IPX7, seguro para uso em ambientes \u00famidos.<\/p>\n\n\n\n<p>5. <strong>F\u00e1cil de carregar: <\/strong>A escova de dentes el\u00e9trica infantil pode ser carregada de v\u00e1rias maneiras, como carregamento USB, carregamento de bateria ou carregamento sem fio, o que \u00e9 conveniente de usar.<\/p>\n\n\n\n<h2 class=\"wp-block-heading\">Vantagens da escova de dentes el\u00e9trica para crian\u00e7as<\/h2>\n\n\n\n<p>1.<strong> Forte poder de limpeza: <\/strong>Nossa escova de dentes el\u00e9trica infantil \u00e9 equipada com tecnologia de vibra\u00e7\u00e3o s\u00f4nica inteligente e tecnologia de limpeza rotativa, que pode limpar profundamente os espa\u00e7os entre os dentes, remover facilmente a placa bacteriana e os res\u00edduos, e o efeito de limpeza \u00e9 muito completo.<\/p>\n\n\n\n<p>2. <strong>Bateria de longa dura\u00e7\u00e3o:<\/strong> A escova de dentes el\u00e9trica infantil pode ser carregada via carregamento r\u00e1pido USB ou por indu\u00e7\u00e3o sem fio. Leva apenas 2 horas para carregar e pode durar mais de 25 dias. Voc\u00ea n\u00e3o precisa mais se preocupar com a escova de dentes ficar sem bateria quando estiver fora.<\/p>\n\n\n\n<p>3. <strong>Proteja os dentes e as gengivas: <\/strong>A intensidade da vibra\u00e7\u00e3o da nossa escova de dentes el\u00e9trica infantil \u00e9 definida por profissionais. A intensidade da vibra\u00e7\u00e3o \u00e9 moderada, suave e eficiente, e n\u00e3o machuca as gengivas sens\u00edveis. \u00c9 muito adequada para os primeiros cuidados dent\u00e1rios das crian\u00e7as. Ao mesmo tempo, tamb\u00e9m definimos v\u00e1rios modos de funcionamento, como modo de limpeza, modo sens\u00edvel, etc., para atender \u00e0s necessidades de crian\u00e7as de diferentes idades.<\/p>\n\n\n\n<p>4. <strong>A cabe\u00e7a da escova \u00e9 substitu\u00edvel: <\/strong>A cabe\u00e7a da escova de dentes el\u00e9trica infantil pode ser substitu\u00edda. Quando o poder de limpeza das cerdas diminui, voc\u00ea pode substituir a cabe\u00e7a da escova por uma nova, que \u00e9 muito ecol\u00f3gica, econ\u00f4mica e conveniente para uso a longo prazo.<\/p>\n\n\n\n<p>5. <strong>Design interessante:<\/strong> O corpo da escova de dentes el\u00e9trica infantil geralmente \u00e9 projetado com elementos de desenhos animados, o que pode aumentar a iniciativa e o interesse das crian\u00e7as em escovar os dentes, reduzir a resist\u00eancia e desenvolver facilmente bons h\u00e1bitos.<\/p>\n\n\n\n<p>6. <strong>Pequeno e leve: <\/strong>A escova de dentes el\u00e9trica infantil \u00e9 pequena e leve, podendo ser segurada com uma m\u00e3o. Os m\u00fasculos das m\u00e3os das crian\u00e7as ainda n\u00e3o est\u00e3o totalmente desenvolvidos, portanto, a escova de dentes leve \u00e9 adequada para crian\u00e7as maiores de 3 anos operarem de forma independente.<\/p>\n\n\n\n<h2 class=\"wp-block-heading\">Grupo-alvo da escova de dentes el\u00e9trica infantil<\/h2>\n\n\n\n<ul class=\"wp-block-list\">\n<li>Crian\u00e7as com 3 anos ou mais, especialmente aquelas no per\u00edodo de denti\u00e7\u00e3o dec\u00eddua e dentes de reposi\u00e7\u00e3o, que precisam refor\u00e7ar os cuidados bucais.<\/li>\n<\/ul>\n\n\n\n<ul class=\"wp-block-list\">\n<li>Crian\u00e7as que s\u00e3o resistentes \u00e0s escovas de dentes tradicionais e n\u00e3o est\u00e3o muito motivadas a escovar os dentes.<\/li>\n<\/ul>\n\n\n\n<ul class=\"wp-block-list\">\n<li>Crian\u00e7as que usam aparelho durante tratamento ortod\u00f4ntico.<\/li>\n<\/ul>\n\n\n\n<ul class=\"wp-block-list\">\n<li>Fam\u00edlias que se preocupam com os cuidados com a sa\u00fade bucal das crian\u00e7as.<\/li>\n<\/ul>\n\n\n\n<h2 class=\"wp-block-heading\">Aplica\u00e7\u00f5es da escova de dentes el\u00e9trica para crian\u00e7as<\/h2>\n\n\n\n<ul class=\"wp-block-list\">\n<li>Cuidados bucais di\u00e1rios para crian\u00e7as em casa.<\/li>\n<\/ul>\n\n\n\n<ul class=\"wp-block-list\">\n<li>Equipamento port\u00e1til de escova\u00e7\u00e3o de dentes infantil para viagens em fam\u00edlia.<\/li>\n<\/ul>\n\n\n\n<ul class=\"wp-block-list\">\n<li>Suprimentos educacionais sobre higiene bucal para jardins de inf\u00e2ncia, escolas prim\u00e1rias e outras institui\u00e7\u00f5es.<\/li>\n<\/ul>\n\n\n\n<h2 class=\"wp-block-heading\">T\u00e9cnica de fabrica\u00e7\u00e3o de escovas de dentes el\u00e9tricas para crian\u00e7as<\/h2>\n\n\n\n<p>Nossa escova de dentes el\u00e9trica infantil \u00e9 feita de materiais seguros para alimentos, como pl\u00e1stico PP, borracha macia TPE, etc. Ela adota moldagem por inje\u00e7\u00e3o totalmente autom\u00e1tica e tecnologia de montagem inteligente para garantir frequ\u00eancia de vibra\u00e7\u00e3o est\u00e1vel e baixo ru\u00eddo. \u00c9 rigorosamente impermeabilizada e utiliza soldagem ultrass\u00f4nica ou uma estrutura de anel de veda\u00e7\u00e3o para garantir o desempenho geral \u00e0 prova d&#039;\u00e1gua. Antes de sair da f\u00e1brica, realizamos diversas inspe\u00e7\u00f5es de qualidade, como testes de resist\u00eancia a quedas, testes de impermeabilidade, etc., para garantir que atenda aos padr\u00f5es internacionais de certifica\u00e7\u00e3o de seguran\u00e7a. A escova de dentes el\u00e9trica infantil suporta personaliza\u00e7\u00e3o OEM\/ODM, e o padr\u00e3o da escova, logotipo, embalagem, etc., podem ser personalizados. <\/p>\n\n\n\n<h2 class=\"wp-block-heading\">Como usar a escova de dentes el\u00e9trica infantil<\/h2>\n\n\n\n<p>1. Carregue totalmente ou instale novas pilhas antes do primeiro uso.<\/p>\n\n\n\n<p>2. Remova a capa protetora da cabe\u00e7a da escova e aplique uma quantidade adequada de pasta de dente infantil nas cerdas.<\/p>\n\n\n\n<p>3. Coloque a cabe\u00e7a da escova na boca, toque a superf\u00edcie dos dentes e ligue a energia.<\/p>\n\n\n\n<p>4. Mova a escova de dentes suavemente, escove os dentes superiores, os dentes inferiores e a superf\u00edcie oclusal em ordem, escove por cerca de 2 minutos de cada vez e escove a sensibilidade em \u00e1reas diferentes.<\/p>\n\n\n\n<p>5. Desligue a energia ap\u00f3s o uso, enx\u00e1gue a cabe\u00e7a da escova com \u00e1gua limpa, seque o corpo e coloque-a em um local ventilado e seco.<\/p>\n\n\n\n<p>6. Recomenda\u00e7\u00e3o: Substitua a cabe\u00e7a da escova a cada tr\u00eas meses para garantir higiene e efeito de limpeza. <\/p>\n\n\n\n<h2 class=\"wp-block-heading\">Conclus\u00e3o<\/h2>\n\n\n\n<p>A escova de dentes el\u00e9trica infantil da 3TOP \u00e9 segura, inteligente e divertida. Ela n\u00e3o s\u00f3 protege a sa\u00fade bucal das crian\u00e7as, como tamb\u00e9m as ajuda a desenvolver bons h\u00e1bitos de escova\u00e7\u00e3o. Tamb\u00e9m oferecemos uma variedade de solu\u00e7\u00f5es personalizadas para atender \u00e0s diversas necessidades dos clientes. Se tiver alguma necessidade, entre em contato conosco!<\/p>","protected":false},"excerpt":{"rendered":"Kids electric toothbrush features 1. Bristles and brush heads: Our kids electric toothbrush is specially designed for children, with a small brush head, suitable for children to use. The bristles are soft and fine, which can effectively care for children&#8217;s delicate gums and prevent damage. 2. Environmentally friendly body: The body of the kids electric [&hellip;]","protected":false},"featured_media":3277,"menu_order":0,"template":"","meta":[],"product-tag":[],"products":[167],"class_list":["post-3276","product","type-product","status-publish","has-post-thumbnail","hentry","products-toothbrush"],"acf":[],"_links":{"self":[{"href":"https:\/\/www.ruiqigo.com\/pt\/wp-json\/wp\/v2\/product\/3276","targetHints":{"allow":["GET"]}}],"collection":[{"href":"https:\/\/www.ruiqigo.com\/pt\/wp-json\/wp\/v2\/product"}],"about":[{"href":"https:\/\/www.ruiqigo.com\/pt\/wp-json\/wp\/v2\/types\/product"}],"version-history":[{"count":0,"href":"https:\/\/www.ruiqigo.com\/pt\/wp-json\/wp\/v2\/product\/3276\/revisions"}],"wp:featuredmedia":[{"embeddable":true,"href":"https:\/\/www.ruiqigo.com\/pt\/wp-json\/wp\/v2\/media\/3277"}],"wp:attachment":[{"href":"https:\/\/www.ruiqigo.com\/pt\/wp-json\/wp\/v2\/media?parent=3276"}],"wp:term":[{"taxonomy":"product-tag","embeddable":true,"href":"https:\/\/www.ruiqigo.com\/pt\/wp-json\/wp\/v2\/product-tag?post=3276"},{"taxonomy":"products","embeddable":true,"href":"https:\/\/www.ruiqigo.com\/pt\/wp-json\/wp\/v2\/products?post=3276"}],"curies":[{"name":"wp","href":"https:\/\/api.w.org\/{rel}","templated":true}]}}