{"id":331,"date":"2024-07-05T20:22:01","date_gmt":"2024-07-05T12:22:01","guid":{"rendered":"https:\/\/ruiqigo.com\/?post_type=product&#038;p=331"},"modified":"2024-09-26T17:44:36","modified_gmt":"2024-09-26T09:44:36","slug":"retinol-body-lotion","status":"publish","type":"product","link":"https:\/\/www.ruiqigo.com\/pt\/product\/retinol-body-lotion","title":{"rendered":"Lo\u00e7\u00e3o corporal de retinol"},"content":{"rendered":"<h3 class=\"wp-block-heading\">F\u00f3rmulas comuns para fabrica\u00e7\u00e3o de lo\u00e7\u00f5es corporais de retinol<\/h3>\n\n\n\n<p>O ingrediente principal da nossa lo\u00e7\u00e3o corporal com retinol \u00e9 o retinol, uma vitamina lipossol\u00favel com excelentes propriedades antioxidantes e restauradoras, que pode efetivamente melhorar a pele seca e \u00e1spera. Ao mesmo tempo, tamb\u00e9m promove a s\u00edntese de col\u00e1geno, melhorando a textura da pele e deixando-a mais delicada e macia. Al\u00e9m disso, o produto tamb\u00e9m adiciona vitamina E, glicerina e outros ingredientes nutritivos naturais, que nutrem profundamente a pele e restauram a umidade, deixando-a macia e suave.<\/p>\n\n\n\n<h3 class=\"wp-block-heading\">Lo\u00e7\u00e3o corporal de retinol Cen\u00e1rios aplic\u00e1veis<\/h3>\n\n\n\n<p>Nossas lo\u00e7\u00f5es corporais com retinol s\u00e3o adequadas para todas as condi\u00e7\u00f5es clim\u00e1ticas. Nos meses frios e secos do inverno, concentram-se em repor a umidade e os nutrientes da pele, aliviando a aspereza e a opacidade causadas pelo ambiente seco; nos meses quentes e suados do ver\u00e3o, s\u00e3o rapidamente absorvidas sem causar sensa\u00e7\u00e3o pegajosa, mantendo a pele hidratada e hidratada. Ou temos mais <a href=\"https:\/\/www.ruiqigo.com\/pt\/products\/body-lotion\/\">lo\u00e7\u00e3o corporal<\/a> op\u00e7\u00f5es para voc\u00ea escolher.<\/p>\n\n\n\n<h3 class=\"wp-block-heading\">Para quem \u00e9 indicada a lo\u00e7\u00e3o corporal com retinol?<\/h3>\n\n\n\n<p>Nossas lo\u00e7\u00f5es corporais com retinol s\u00e3o adequadas para todas as pessoas. Para adolescentes, melhoram o ressecamento causado pela produ\u00e7\u00e3o de sebo. Para pessoas de meia-idade e idosos, podem reparar a aspereza e o ressecamento da pele causados pelo passar do tempo. Tamb\u00e9m s\u00e3o adequadas para quem tem pele seca, proporcionando uma experi\u00eancia hidratante e rejuvenescedora de longa dura\u00e7\u00e3o. Se voc\u00ea tiver outras necessidades, sinta-se \u00e0 vontade para saber mais sobre o 3TOP. <a href=\"https:\/\/www.ruiqigo.com\/pt\/products\/body-care\/\">cuidados com o corpo<\/a> produtos.<\/p>\n\n\n\n<h3 class=\"wp-block-heading\">Processo de produ\u00e7\u00e3o de lo\u00e7\u00e3o corporal de retinol<\/h3>\n\n\n\n<p>O que torna as lo\u00e7\u00f5es corporais de retinol t\u00e3o especiais \u00e9 a sele\u00e7\u00e3o de ingredientes ativos e o processo delicado. Retinol de alta qualidade, um derivado da vitamina A conhecido por suas propriedades antienvelhecimento, \u00e9 usado para ajudar a reduzir linhas finas e melhorar a elasticidade da pele. Durante o processo de produ\u00e7\u00e3o, \u00e9 dada aten\u00e7\u00e3o especial \u00e0 manuten\u00e7\u00e3o da estabilidade e da atividade do retinol, com formula\u00e7\u00f5es suaves e t\u00e9cnicas de extra\u00e7\u00e3o em baixa temperatura para evitar a degrada\u00e7\u00e3o do ingrediente. Al\u00e9m disso, o produto passa por um rigoroso controle de qualidade para garantir que cada aplica\u00e7\u00e3o proporcione nutri\u00e7\u00e3o e repara\u00e7\u00e3o suaves, por\u00e9m eficazes, \u00e0 pele. Se quiser saber mais, consulte os produtos relacionados. <a href=\"https:\/\/www.ruiqigo.com\/pt\/body-lotion-manufacturer-elevating-skincare-standards.html\/\">lo\u00e7\u00e3o corporal<\/a> informa\u00e7\u00f5es de fabrica\u00e7\u00e3o.<\/p>","protected":false},"excerpt":{"rendered":"Retinol body lotion manufacturing Common Formulas The core ingredient of our retinol body lotion is retinol, a fat-soluble vitamin with excellent antioxidant and restorative properties, which can effectively improve dry and rough skin. At the same time, it also promotes collagen synthesis, thus improving skin texture and leaving you with a more delicate and supple [&hellip;]","protected":false},"featured_media":332,"menu_order":0,"template":"","meta":[],"product-tag":[],"products":[56],"class_list":["post-331","product","type-product","status-publish","has-post-thumbnail","hentry","products-body-lotion"],"acf":[],"_links":{"self":[{"href":"https:\/\/www.ruiqigo.com\/pt\/wp-json\/wp\/v2\/product\/331","targetHints":{"allow":["GET"]}}],"collection":[{"href":"https:\/\/www.ruiqigo.com\/pt\/wp-json\/wp\/v2\/product"}],"about":[{"href":"https:\/\/www.ruiqigo.com\/pt\/wp-json\/wp\/v2\/types\/product"}],"version-history":[{"count":0,"href":"https:\/\/www.ruiqigo.com\/pt\/wp-json\/wp\/v2\/product\/331\/revisions"}],"wp:featuredmedia":[{"embeddable":true,"href":"https:\/\/www.ruiqigo.com\/pt\/wp-json\/wp\/v2\/media\/332"}],"wp:attachment":[{"href":"https:\/\/www.ruiqigo.com\/pt\/wp-json\/wp\/v2\/media?parent=331"}],"wp:term":[{"taxonomy":"product-tag","embeddable":true,"href":"https:\/\/www.ruiqigo.com\/pt\/wp-json\/wp\/v2\/product-tag?post=331"},{"taxonomy":"products","embeddable":true,"href":"https:\/\/www.ruiqigo.com\/pt\/wp-json\/wp\/v2\/products?post=331"}],"curies":[{"name":"wp","href":"https:\/\/api.w.org\/{rel}","templated":true}]}}