{"id":3311,"date":"2025-05-08T10:24:36","date_gmt":"2025-05-08T02:24:36","guid":{"rendered":"https:\/\/www.ruiqigo.com\/?post_type=product&#038;p=3311"},"modified":"2025-05-08T10:24:36","modified_gmt":"2025-05-08T02:24:36","slug":"adult-toothbrush","status":"publish","type":"product","link":"https:\/\/www.ruiqigo.com\/pt\/product\/adult-toothbrush","title":{"rendered":"Escova de dentes para adultos"},"content":{"rendered":"<h2 class=\"wp-block-heading\">Caracter\u00edsticas da escova de dentes para adultos<\/h2>\n\n\n\n<p>A escova de dentes para adultos tem muitos designs pr\u00e1ticos, como um cabo ergon\u00f4mico, um tamanho de cabe\u00e7a de escova razo\u00e1vel, cerdas macias e m\u00e9dias, etc. Ela pode atender \u00e0s necessidades de limpeza profunda e conforto de adultos na limpeza bucal e \u00e9 adequada para diferentes pessoas e cen\u00e1rios de limpeza.<\/p>\n\n\n\n<p>1. <strong>Cabo ergon\u00f4mico: <\/strong>confort\u00e1vel de segurar, design antiderrapante, opera\u00e7\u00e3o flex\u00edvel, f\u00e1cil de limpar a cavidade oral, ergon\u00f4mico e boa experi\u00eancia do usu\u00e1rio.<\/p>\n\n\n\n<p>2. <strong>Design de cerdas diversificado: <\/strong>A escova de dentes para adultos oferece uma variedade de op\u00e7\u00f5es de cerdas, incluindo cerdas macias, m\u00e9dias e duras, que podem atender \u00e0s necessidades de limpeza personalizadas dos usu\u00e1rios.<\/p>\n\n\n\n<p>3. <strong>Materiais ecol\u00f3gicos e seguros: <\/strong>Nossa escova de dentes para adultos \u00e9 feita de materiais ecologicamente corretos e seguros. As cerdas geralmente s\u00e3o feitas de PBT, n\u00e1ilon e outros materiais. O cabo \u00e9 feito de materiais compostos de PP, bambu ou amido de milho, em conformidade com o conceito de prote\u00e7\u00e3o ambiental.<\/p>\n\n\n\n<p>4. <strong>Uma variedade de estilos est\u00e3o dispon\u00edveis: <\/strong>Fornecemos escovas de dente comuns, escovas de dente com cabo de bambu ecologicamente corretas, escovas de dente biodegrad\u00e1veis, embalagens port\u00e1teis para viagem e outros estilos para atender \u00e0s diversas necessidades de uso de diferentes usu\u00e1rios.<\/p>\n\n\n\n<p>5. <strong>O tamanho da cabe\u00e7a da escova \u00e9 adequado: <\/strong>O tamanho da cabe\u00e7a da nossa escova de dentes para adultos se adapta \u00e0 estrutura oral dos adultos, o que permite limpar facilmente os dentes posteriores e os espa\u00e7os entre os dentes, garantindo o efeito de limpeza oral, higiene e sa\u00fade.<\/p>\n\n\n\n<h2 class=\"wp-block-heading\">Vantagens da escova de dentes para adultos<\/h2>\n\n\n\n<p>Nossa escova de dentes para adultos tem as vantagens de proteger as gengivas, alto poder de limpeza e materiais ecologicamente corretos. \u00c9 adequada para uso a longo prazo e para compra residencial, al\u00e9m de atender ao conceito de prote\u00e7\u00e3o ambiental sustent\u00e1vel e atender \u00e0s necessidades dos usu\u00e1rios por uma vida mais sustent\u00e1vel.<\/p>\n\n\n\n<p>1. <strong>Limpeza oral eficaz: <\/strong>Nossa escova de dentes para adultos pode limpar profundamente a placa bacteriana e res\u00edduos de alimentos, reduzir efetivamente a placa bacteriana e os problemas de mau h\u00e1lito, al\u00e9m de garantir a higiene bucal.<\/p>\n\n\n\n<p>2. <strong>Cerdas macias e densas: <\/strong>As cerdas da escova de dentes para adultos s\u00e3o muito macias e densas, o que pode reduzir eficazmente a irrita\u00e7\u00e3o gengival e n\u00e3o danifica facilmente a gengiva. \u00c9 adequada para pessoas com gengivas sens\u00edveis.<\/p>\n\n\n\n<p>3. <strong>Econ\u00f4mico e pr\u00e1tico:<\/strong> A escova de dentes para adultos \u00e9 barata e de alta qualidade, com alto custo-benef\u00edcio, sendo muito adequada para uso a longo prazo e compra pela fam\u00edlia.<\/p>\n\n\n\n<p>4. <strong>Manter a sa\u00fade bucal:<\/strong> O uso prolongado de uma escova de dentes para adultos pode reduzir a ocorr\u00eancia de problemas bucais comuns, como c\u00e1ries e gengivite, al\u00e9m de manter a sa\u00fade bucal.<\/p>\n\n\n\n<h2 class=\"wp-block-heading\">Grupo-alvo de escovas de dentes para adultos<\/h2>\n\n\n\n<p>Nossa escova de dentes para adultos \u00e9 adequada para uma ampla variedade de adultos.<\/p>\n\n\n\n<p>1. <strong>Cuidados bucais di\u00e1rios gerais para adultos: <\/strong>Voc\u00ea pode usar a escova de dentes para adultos para limpeza e cuidados bucais di\u00e1rios.<\/p>\n\n\n\n<p>2. <strong>Pessoas com dentes sens\u00edveis:<\/strong> Nossa escova de dentes para adultos com cerdas macias pode reduzir efetivamente o desconforto nas gengivas durante a escova\u00e7\u00e3o e garantir o efeito de limpeza bucal para pessoas com dentes sens\u00edveis.<\/p>\n\n\n\n<p>3. <strong>Viagem ao ar livre ou viagem de neg\u00f3cios: <\/strong>Nossa escova de dentes para adultos vem com um pacote de viagem, que \u00e9 muito port\u00e1til e pode ser levado com voc\u00ea em viagens ou viagens de neg\u00f3cios, e n\u00e3o ocupa muito espa\u00e7o.<\/p>\n\n\n\n<h2 class=\"wp-block-heading\">Processo de produ\u00e7\u00e3o de escovas de dentes para adultos<\/h2>\n\n\n\n<p>Nossa escova de dentes para adultos adota principalmente processos modernos, como moldagem por inje\u00e7\u00e3o autom\u00e1tica, tecnologia de implanta\u00e7\u00e3o de pelos, solidifica\u00e7\u00e3o de pelos por fus\u00e3o a quente, etc., para garantir que o formato do cabo seja preciso e padronizado, e que as cerdas sejam implantadas de forma uniforme e adequada nos orif\u00edcios das cerdas. Ao final da produ\u00e7\u00e3o, tamb\u00e9m limpamos os produtos uniformemente para garantir a higiene da escova de dentes para adultos.<\/p>\n\n\n\n<p>Se voc\u00ea precisar de personaliza\u00e7\u00e3o, o logotipo, a densidade e a dureza das cerdas, a cor e a embalagem podem fornecer solu\u00e7\u00f5es personalizadas. <\/p>\n\n\n\n<h2 class=\"wp-block-heading\">Aplica\u00e7\u00f5es da escova de dentes para adultos<\/h2>\n\n\n\n<p>A escova de dentes para adultos \u00e9 adequada para os seguintes cen\u00e1rios de aplica\u00e7\u00e3o e tem uma ampla gama de adaptabilidade ao mercado.<\/p>\n\n\n\n<p>1. <strong>Cuidados bucais di\u00e1rios em casa: <\/strong>Use uma escova de dentes para adultos todas as manh\u00e3s e noites para manter uma boa higiene bucal.<\/p>\n\n\n\n<p>2. <strong>Uso em viagens e neg\u00f3cios: <\/strong>Temos um conjunto de escova de dentes port\u00e1til para adultos, essencial para viagens.<\/p>\n\n\n\n<p>3. <strong>Hot\u00e9is, companhias a\u00e9reas e outras instala\u00e7\u00f5es de apoio: <\/strong>A escova de dentes descart\u00e1vel para adultos \u00e9 amplamente utilizada em acomoda\u00e7\u00f5es e viagens, como hot\u00e9is e companhias a\u00e9reas, para atender \u00e0s necessidades de cuidados bucais dos usu\u00e1rios.<\/p>\n\n\n\n<p>4. <strong>Publicidade, promo\u00e7\u00e3o e oferta de brindes: <\/strong>Como um item pr\u00e1tico de cuidado bucal, a escova de dentes para adultos \u00e9 uma boa escolha para promo\u00e7\u00e3o e presente.<\/p>\n\n\n\n<h2 class=\"wp-block-heading\">Como usar a escova de dentes para adultos<\/h2>\n\n\n\n<p>1. Molhe a escova de dentes com \u00e1gua e coloque nela uma quantidade de pasta de dente equivalente a um gr\u00e3o de soja.<\/p>\n\n\n\n<p>2. Escove suavemente em um \u00e2ngulo de 45\u00b0 pr\u00f3ximo \u00e0 borda da gengiva.<\/p>\n\n\n\n<p>3. Escove os lados interno, externo e oclusal dos dentes em ordem, por pelo menos dois minutos de cada vez.<\/p>\n\n\n\n<p>4. Enx\u00e1gue a escova de dentes ap\u00f3s escovar os dentes e coloque-a em um local ventilado para secar com a cabe\u00e7a da escova voltada para cima.<\/p>\n\n\n\n<p>Recomenda-se escovar os dentes duas vezes ao dia, durante pelo menos dois minutos de cada vez, e substituir a escova de dentes a cada tr\u00eas meses para garantir o efeito de limpeza. <\/p>","protected":false},"excerpt":{"rendered":"Adult toothbrush features The adult toothbrush has many practical designs, such as an ergonomic handle, a reasonable brush head size, soft and medium bristles, etc. It can meet the deep cleaning and comfort needs of adults in oral cleaning and is suitable for different people and cleaning scenarios. 1. Ergonomic handle: comfortable to hold, non-slip [&hellip;]","protected":false},"featured_media":3312,"menu_order":0,"template":"","meta":[],"product-tag":[],"products":[167],"class_list":["post-3311","product","type-product","status-publish","has-post-thumbnail","hentry","products-toothbrush"],"acf":[],"_links":{"self":[{"href":"https:\/\/www.ruiqigo.com\/pt\/wp-json\/wp\/v2\/product\/3311","targetHints":{"allow":["GET"]}}],"collection":[{"href":"https:\/\/www.ruiqigo.com\/pt\/wp-json\/wp\/v2\/product"}],"about":[{"href":"https:\/\/www.ruiqigo.com\/pt\/wp-json\/wp\/v2\/types\/product"}],"version-history":[{"count":0,"href":"https:\/\/www.ruiqigo.com\/pt\/wp-json\/wp\/v2\/product\/3311\/revisions"}],"wp:featuredmedia":[{"embeddable":true,"href":"https:\/\/www.ruiqigo.com\/pt\/wp-json\/wp\/v2\/media\/3312"}],"wp:attachment":[{"href":"https:\/\/www.ruiqigo.com\/pt\/wp-json\/wp\/v2\/media?parent=3311"}],"wp:term":[{"taxonomy":"product-tag","embeddable":true,"href":"https:\/\/www.ruiqigo.com\/pt\/wp-json\/wp\/v2\/product-tag?post=3311"},{"taxonomy":"products","embeddable":true,"href":"https:\/\/www.ruiqigo.com\/pt\/wp-json\/wp\/v2\/products?post=3311"}],"curies":[{"name":"wp","href":"https:\/\/api.w.org\/{rel}","templated":true}]}}