{"id":3330,"date":"2025-05-08T10:20:55","date_gmt":"2025-05-08T02:20:55","guid":{"rendered":"https:\/\/www.ruiqigo.com\/?post_type=product&#038;p=3330"},"modified":"2025-05-08T10:20:56","modified_gmt":"2025-05-08T02:20:56","slug":"adult-electric-toothbrush","status":"publish","type":"product","link":"https:\/\/www.ruiqigo.com\/pt\/product\/adult-electric-toothbrush","title":{"rendered":"Escova de dentes el\u00e9trica para adultos"},"content":{"rendered":"<h2 class=\"wp-block-heading\">Caracter\u00edsticas da escova de dentes el\u00e9trica para adultos<\/h2>\n\n\n\n<p>A escova de dentes el\u00e9trica para adultos possui diversos recursos pr\u00e1ticos, como vibra\u00e7\u00e3o de alta frequ\u00eancia, m\u00faltiplos modos de limpeza e design \u00e0 prova d&#039;\u00e1gua. Ela melhora o conforto de uso, mantendo o poder de limpeza e atendendo \u00e0s necessidades orais de diversos usu\u00e1rios.<\/p>\n\n\n\n<p>1. <strong>Vibra\u00e7\u00e3o de alta frequ\u00eancia<\/strong>:A escova de dentes el\u00e9trica para adultos usa uma frequ\u00eancia de vibra\u00e7\u00e3o de at\u00e9 30.000 a 40.000 vezes por minuto e usa ondas sonoras ou tecnologia de vibra\u00e7\u00e3o rotacional para limpar a placa dent\u00e1ria de forma eficiente.<\/p>\n\n\n\n<p>2. <strong>V\u00e1rios modos de limpeza: <\/strong>Nossa escova de dentes el\u00e9trica para adultos geralmente cont\u00e9m v\u00e1rios modos de limpeza dos dentes, incluindo limpeza, sensibilidade, clareamento, massagem, etc., que podem ser alternados de forma flex\u00edvel de acordo com as necessidades orais atuais do usu\u00e1rio.<\/p>\n\n\n\n<p>3. <strong>Design \u00e0 prova d&#039;\u00e1gua:<\/strong> As escovas de dentes el\u00e9tricas geralmente t\u00eam um design \u00e0 prova d&#039;\u00e1gua IPX7 e podem ser lavadas completamente.<\/p>\n\n\n\n<p>4. <strong>Bateria de longa dura\u00e7\u00e3o: <\/strong>As escovas de dente el\u00e9tricas para adultos usam um design de carregamento USB e podem ser usadas por 7 a 30 dias com uma \u00fanica carga, o que \u00e9 muito conveniente para viagens.<\/p>\n\n\n\n<p>5. <strong>Cabe\u00e7a de escova substitu\u00edvel: <\/strong>Equipado com uma cabe\u00e7a de escova remov\u00edvel, ele pode ser substitu\u00eddo muito rapidamente quando a cabe\u00e7a da escova estiver velha ou ocorrer um acidente, economizando tempo e custos.<\/p>\n\n\n\n<h2 class=\"wp-block-heading\">Vantagens da escova de dentes el\u00e9trica para adultos<\/h2>\n\n\n\n<p>Em compara\u00e7\u00e3o com as escovas de dentes tradicionais para adultos, as escovas de dentes el\u00e9tricas para adultos t\u00eam vantagens significativas em termos de efici\u00eancia de limpeza e experi\u00eancia do usu\u00e1rio, sendo especialmente adequadas para pessoas que se preocupam com a sa\u00fade bucal.<\/p>\n\n\n\n<p>1. <strong>Maior efici\u00eancia de limpeza: <\/strong>Em compara\u00e7\u00e3o com as escovas de dentes manuais tradicionais, as escovas de dentes el\u00e9tricas para adultos podem penetrar profundamente nos espa\u00e7os entre os dentes e na borda das gengivas, remover eficazmente a placa bacteriana e melhorar os efeitos de limpeza.<\/p>\n\n\n\n<p>2. <strong>Proteja as gengivas: <\/strong>uma escova de dentes el\u00e9trica para adultos pode reduzir os danos nas gengivas que podem ser causados durante a escova\u00e7\u00e3o por meio da frequ\u00eancia de vibra\u00e7\u00e3o precisa e cerdas macias.<\/p>\n\n\n\n<p>3. <strong>Reduza o ponto cego ao escovar: <\/strong>A frequ\u00eancia de vibra\u00e7\u00e3o inteligente ajuda a cabe\u00e7a da escova a cobrir completamente cada dente durante a escova\u00e7\u00e3o, evitando limpeza local inadequada.<\/p>\n\n\n\n<p>4. <strong>Forte experi\u00eancia do usu\u00e1rio: <\/strong>O design da escova de dentes el\u00e9trica para adultos \u00e9 muito moderno, e o carregamento por indu\u00e7\u00e3o, a troca de modo e outros designs podem efetivamente melhorar a experi\u00eancia do usu\u00e1rio.<\/p>\n\n\n\n<p>5. <strong>Adequado para pessoas com problemas bucais: <\/strong>Para pessoas com problemas bucais, como sensibilidade gengival e ortodontia, usar a escova de dentes el\u00e9trica para adultos pode proporcionar uma melhor experi\u00eancia de limpeza.<\/p>\n\n\n\n<h2 class=\"wp-block-heading\">Grupo-alvo de escovas de dentes el\u00e9tricas para adultos<\/h2>\n\n\n\n<p>Uma escova de dentes el\u00e9trica para adultos \u00e9 indicada principalmente para maiores de 18 anos, especialmente para aqueles com dentes sens\u00edveis e que usam aparelho. Tamb\u00e9m \u00e9 indicada para pessoas com problemas bucais como mau h\u00e1lito, manchas e placa bacteriana, pessoas que usam aparelho h\u00e1 muito tempo ou acabaram de concluir um tratamento ortod\u00f4ntico e pessoas que precisam de uma limpeza bucal eficiente.<\/p>\n\n\n\n<h2 class=\"wp-block-heading\">Processo de produ\u00e7\u00e3o de escovas de dentes el\u00e9tricas para adultos<\/h2>\n\n\n\n<p>Nossa escova de dentes el\u00e9trica para adultos \u00e9 fabricada principalmente por meio de v\u00e1rios processos, como moldagem por inje\u00e7\u00e3o, montagem de precis\u00e3o, veda\u00e7\u00e3o \u00e0 prova d&#039;\u00e1gua, etc. O corpo da escova de dentes \u00e9 feito por moldagem por inje\u00e7\u00e3o de alta precis\u00e3o de ABS ou pl\u00e1stico de grau aliment\u00edcio, enquanto as cerdas s\u00e3o fixadas por derretimento a quente ou processo de plantio de metal, e o revestimento externo \u00e9 selado e \u00e0 prova d&#039;\u00e1gua por soldagem ultrass\u00f4nica ou veda\u00e7\u00e3o espiral.<\/p>\n\n\n\n<p>Ap\u00f3s a conclus\u00e3o da fabrica\u00e7\u00e3o, realizaremos testes cont\u00ednuos de vibra\u00e7\u00e3o, testes de impermeabilidade, etc. em cada escova de dentes el\u00e9trica para garantir a durabilidade e a seguran\u00e7a do produto.<\/p>\n\n\n\n<h2 class=\"wp-block-heading\">Aplica\u00e7\u00f5es da escova de dentes el\u00e9trica para adultos<\/h2>\n\n\n\n<p>A escova de dentes el\u00e9trica para adultos \u00e9 pr\u00e1tica e bonita, al\u00e9m de ter uma ampla gama de cen\u00e1rios de aplica\u00e7\u00e3o.<\/p>\n\n\n\n<p>1. <strong>Cuidados bucais di\u00e1rios em casa: <\/strong>A escova de dentes el\u00e9trica para adultos pode substituir a escova de dentes manual como principal ferramenta de escova\u00e7\u00e3o para garantir a higiene bucal.<\/p>\n\n\n\n<p>2. <strong>Um item indispens\u00e1vel para viagens de neg\u00f3cios: <\/strong>A escova de dentes el\u00e9trica para adultos \u00e9 f\u00e1cil de transportar e tem excelente dura\u00e7\u00e3o de bateria, o que a torna adequada para viajantes e empres\u00e1rios em viagens de neg\u00f3cios.<\/p>\n\n\n\n<p>3. <strong>Atendimento ao paciente ortod\u00f4ntico: <\/strong>Nossa escova de dentes el\u00e9trica para adultos pode ajudar pacientes ortod\u00f4nticos a limpar os cantos mortos dos braquetes, prevenir o ac\u00famulo de placa bacteriana e manter a higiene e a sa\u00fade bucal.<\/p>\n\n\n\n<p>4. <strong>Presentes: <\/strong>A escova de dentes el\u00e9trica para adultos \u00e9 um bom produto para presente, adequada para presentes de feriados, personaliza\u00e7\u00e3o corporativa, presentes de bem-estar, etc.<\/p>\n\n\n\n<h2 class=\"wp-block-heading\">Como usar a escova de dentes el\u00e9trica para adultos<\/h2>\n\n\n\n<p>1. <strong>Instale a cabe\u00e7a da escova e aplique a pasta de dente:<\/strong> Insira a cabe\u00e7a da escova na interface do cabo para garantir uma conex\u00e3o firme. Em seguida, aplique uma quantidade adequada de pasta de dente nas cerdas.<\/p>\n\n\n\n<p>2. <strong>Inicie a troca:<\/strong> Selecione um modo de escova\u00e7\u00e3o adequado para voc\u00ea, como limpeza, sens\u00edvel, etc., e inicie a troca da escova de dentes.<\/p>\n\n\n\n<p>3. <strong>Escova\u00e7\u00e3o particionada: <\/strong>Limpe diferentes \u00e1reas dos dentes em sequ\u00eancia, cerca de 30 segundos para cada \u00e1rea, e escove os dentes por pelo menos 2 minutos no total.<\/p>\n\n\n\n<p>4. <strong>Limpe a escova de dentes ap\u00f3s a escova\u00e7\u00e3o: <\/strong>Ap\u00f3s escovar os dentes, enx\u00e1gue a cabe\u00e7a e o cabo da escova com \u00e1gua limpa e coloque-os em um local ventilado para secar.<\/p>\n\n\n\n<p>Recomenda-se a troca da cabe\u00e7a da escova a cada 3 meses para garantir a limpeza e a higiene. Mova suavemente a escova ao escovar os dentes e n\u00e3o pressione com for\u00e7a.<\/p>","protected":false},"excerpt":{"rendered":"Adult electric toothbrush features The adult electric toothbrush has many practical features such as high-frequency vibration, multiple cleaning modes, and a waterproof design. It improves the comfort of use while maintaining the cleaning power and meets the oral needs of various users. 1. High-frequency vibration: The adult electric toothbrush uses a vibration frequency of up [&hellip;]","protected":false},"featured_media":3331,"menu_order":0,"template":"","meta":[],"product-tag":[],"products":[167],"class_list":["post-3330","product","type-product","status-publish","has-post-thumbnail","hentry","products-toothbrush"],"acf":[],"_links":{"self":[{"href":"https:\/\/www.ruiqigo.com\/pt\/wp-json\/wp\/v2\/product\/3330","targetHints":{"allow":["GET"]}}],"collection":[{"href":"https:\/\/www.ruiqigo.com\/pt\/wp-json\/wp\/v2\/product"}],"about":[{"href":"https:\/\/www.ruiqigo.com\/pt\/wp-json\/wp\/v2\/types\/product"}],"version-history":[{"count":0,"href":"https:\/\/www.ruiqigo.com\/pt\/wp-json\/wp\/v2\/product\/3330\/revisions"}],"wp:featuredmedia":[{"embeddable":true,"href":"https:\/\/www.ruiqigo.com\/pt\/wp-json\/wp\/v2\/media\/3331"}],"wp:attachment":[{"href":"https:\/\/www.ruiqigo.com\/pt\/wp-json\/wp\/v2\/media?parent=3330"}],"wp:term":[{"taxonomy":"product-tag","embeddable":true,"href":"https:\/\/www.ruiqigo.com\/pt\/wp-json\/wp\/v2\/product-tag?post=3330"},{"taxonomy":"products","embeddable":true,"href":"https:\/\/www.ruiqigo.com\/pt\/wp-json\/wp\/v2\/products?post=3330"}],"curies":[{"name":"wp","href":"https:\/\/api.w.org\/{rel}","templated":true}]}}