{"id":336,"date":"2024-07-05T20:30:17","date_gmt":"2024-07-05T12:30:17","guid":{"rendered":"https:\/\/ruiqigo.com\/?post_type=product&#038;p=336"},"modified":"2024-09-26T17:43:34","modified_gmt":"2024-09-26T09:43:34","slug":"body-lotion-with-spf","status":"publish","type":"product","link":"https:\/\/www.ruiqigo.com\/pt\/product\/body-lotion-with-spf","title":{"rendered":"Lo\u00e7\u00e3o corporal com FPS"},"content":{"rendered":"<h3 class=\"wp-block-heading\">F\u00f3rmulas comuns de fabrica\u00e7\u00e3o de lo\u00e7\u00e3o corporal com FPS<\/h3>\n\n\n\n<p>Os principais ingredientes do protetor solar desta lo\u00e7\u00e3o corporal com FPS s\u00e3o \u00d3xido de Zinco e Di\u00f3xido de Tit\u00e2nio, reconhecidos como filtros solares f\u00edsicos altamente eficazes que proporcionam prote\u00e7\u00e3o de amplo espectro contra os raios UVA\/UVB, criando uma barreira confi\u00e1vel para a pele. Al\u00e9m disso, o produto cont\u00e9m Vitamina E, um poderoso antioxidante que neutraliza os radicais livres e protege a pele dos danos causados pela luz. A f\u00f3rmula tamb\u00e9m cont\u00e9m glicerina, \u00f3leos vegetais e outros ingredientes nutritivos que nutrem profundamente a pele, aliviam o ressecamento e mant\u00eam a pele hidratada e macia.<\/p>\n\n\n\n<h3 class=\"wp-block-heading\">Lo\u00e7\u00e3o corporal com FPS Cen\u00e1rios aplic\u00e1veis<\/h3>\n\n\n\n<p>Esta lo\u00e7\u00e3o corporal com FPS \u00e9 um produto de cuidado para todas as condi\u00e7\u00f5es clim\u00e1ticas, mas \u00e9 mais indicada para uso durante os meses quentes e ensolarados do ver\u00e3o, pois proporciona \u00e0 sua pele prote\u00e7\u00e3o solar eficaz, bloqueando os raios UVA\/UVB e prevenindo queimaduras solares e hiperpigmenta\u00e7\u00e3o. Ou temos mais <a href=\"https:\/\/www.ruiqigo.com\/pt\/products\/body-lotion\/\">lo\u00e7\u00e3o corporal<\/a> op\u00e7\u00f5es para voc\u00ea escolher.<\/p>\n\n\n\n<h3 class=\"wp-block-heading\">Para quem \u00e9 indicado o uso da lo\u00e7\u00e3o corporal com FPS?<\/h3>\n\n\n\n<p>Adequado para todos, este hidratante corporal com FPS oferece prote\u00e7\u00e3o eficaz para peles propensas ao bronzeamento e previne a hiperpigmenta\u00e7\u00e3o. Seus ingredientes ricos e nutritivos melhoram o ressecamento causado pela idade. Ideal para quem gosta de atividades ao ar livre, este hidratante corporal proporciona um cuidado p\u00f3s-sol completo para a pele em todos os momentos. Se voc\u00ea tiver outras necessidades, sinta-se \u00e0 vontade para saber mais sobre o 3TOP. <a href=\"https:\/\/www.ruiqigo.com\/pt\/products\/body-care\/\">cuidados com o corpo <\/a>produtos.<\/p>\n\n\n\n<h3 class=\"wp-block-heading\">Lo\u00e7\u00e3o corporal com FPS Processo de produ\u00e7\u00e3o<\/h3>\n\n\n\n<p>A lo\u00e7\u00e3o corporal com FPS \u00e9 fabricada com foco especial na combina\u00e7\u00e3o de agentes de prote\u00e7\u00e3o solar altamente eficazes com ingredientes hidratantes. A tecnologia de prote\u00e7\u00e3o solar de amplo espectro garante prote\u00e7\u00e3o completa contra raios UVA e UVB, enquanto ingredientes antioxidantes e hidratantes, como vitamina E e \u00f3leos vegetais naturais, s\u00e3o adicionados para fortalecer a barreira da pele. A estabilidade e a dispers\u00e3o dos protetores solares s\u00e3o rigorosamente controladas durante o processo de produ\u00e7\u00e3o, e testes de compatibilidade com a pele s\u00e3o aprovados para garantir que o produto seja seguro e n\u00e3o irritante. Al\u00e9m disso, a textura leve foi desenvolvida para proporcionar r\u00e1pida absor\u00e7\u00e3o e hidrata\u00e7\u00e3o duradoura, atendendo \u00e0s necessidades duplas de prote\u00e7\u00e3o solar di\u00e1ria e cuidados com a pele. Para saber mais, consulte os produtos relacionados. <a href=\"https:\/\/www.ruiqigo.com\/pt\/body-lotion-manufacturer-elevating-skincare-standards.html\/\">lo\u00e7\u00e3o corporal<\/a> informa\u00e7\u00f5es de fabrica\u00e7\u00e3o.<\/p>","protected":false},"excerpt":{"rendered":"Body lotion with spf manufacturing Common Formulas The core sunscreen ingredients in this spf body lotion are Zinc Oxide and Titanium Dioxide, which are recognized as highly effective physical sunscreens that provide broad-spectrum protection against UVA\/UVB rays, creating a reliable barrier for your skin. In addition, the product contains Vitamin E, a powerful antioxidant that [&hellip;]","protected":false},"featured_media":337,"menu_order":0,"template":"","meta":[],"product-tag":[],"products":[56],"class_list":["post-336","product","type-product","status-publish","has-post-thumbnail","hentry","products-body-lotion"],"acf":[],"_links":{"self":[{"href":"https:\/\/www.ruiqigo.com\/pt\/wp-json\/wp\/v2\/product\/336","targetHints":{"allow":["GET"]}}],"collection":[{"href":"https:\/\/www.ruiqigo.com\/pt\/wp-json\/wp\/v2\/product"}],"about":[{"href":"https:\/\/www.ruiqigo.com\/pt\/wp-json\/wp\/v2\/types\/product"}],"version-history":[{"count":0,"href":"https:\/\/www.ruiqigo.com\/pt\/wp-json\/wp\/v2\/product\/336\/revisions"}],"wp:featuredmedia":[{"embeddable":true,"href":"https:\/\/www.ruiqigo.com\/pt\/wp-json\/wp\/v2\/media\/337"}],"wp:attachment":[{"href":"https:\/\/www.ruiqigo.com\/pt\/wp-json\/wp\/v2\/media?parent=336"}],"wp:term":[{"taxonomy":"product-tag","embeddable":true,"href":"https:\/\/www.ruiqigo.com\/pt\/wp-json\/wp\/v2\/product-tag?post=336"},{"taxonomy":"products","embeddable":true,"href":"https:\/\/www.ruiqigo.com\/pt\/wp-json\/wp\/v2\/products?post=336"}],"curies":[{"name":"wp","href":"https:\/\/api.w.org\/{rel}","templated":true}]}}