{"id":3400,"date":"2025-05-15T14:19:58","date_gmt":"2025-05-15T06:19:58","guid":{"rendered":"https:\/\/www.ruiqigo.com\/?post_type=product&#038;p=3400"},"modified":"2025-05-15T14:19:58","modified_gmt":"2025-05-15T06:19:58","slug":"brightening-ampoule","status":"publish","type":"product","link":"https:\/\/www.ruiqigo.com\/pt\/product\/brightening-ampoule","title":{"rendered":"Ampola Iluminadora"},"content":{"rendered":"<h2 class=\"wp-block-heading\">F\u00f3rmulas comuns para fabrica\u00e7\u00e3o de ampolas clareadoras<\/h2>\n\n\n\n<p>A f\u00f3rmula da ampola clareadora utiliza m\u00faltiplos fatores clareadores da pele, como niacinamida de alta pureza, \u00e1cido tranex\u00e2mico, arbutina e hialuronato de s\u00f3dio. Por meio de tecnologia est\u00e1vel e processos maduros, ajuda a clarear a opacidade, clarear o tom da pele e proporcionar uma sensa\u00e7\u00e3o luminosa e transparente \u00e0 pele.<\/p>\n\n\n\n<p>1. <strong>Niacinamida:<\/strong> A niacinamida \u00e9 um ingrediente clareador de amplo espectro que possui excelentes fun\u00e7\u00f5es de inibi\u00e7\u00e3o do transporte de melanina e tamb\u00e9m pode fortalecer a barreira cut\u00e2nea. \u00c9 suave e n\u00e3o irritante, sendo um ingrediente eficaz para melhorar diversos problemas de opacidade da pele.<\/p>\n\n\n\n<p>2. <strong>\u00c1cido tranex\u00e2mico:<\/strong> O \u00e1cido tranex\u00e2mico pode inibir a pigmenta\u00e7\u00e3o causada pelos raios ultravioleta, clarear manchas e marcas de acne e possui efeitos anti-inflamat\u00f3rios. \u00c9 muito adequado para peles sens\u00edveis. Repara a pele, clareando o tom e prevenindo a pigmenta\u00e7\u00e3o.<\/p>\n\n\n\n<p>3. <strong>Arbutina: <\/strong>Arbutin \u00e9 um ingrediente clareador seguro e suave que pode reduzir eficazmente a produ\u00e7\u00e3o de melanina e prevenir o tom opaco da pele, inibindo a atividade da tirosinase. \u00c9 altamente est\u00e1vel e adequado para uso a longo prazo. Pode ajudar a uniformizar o tom da pele e aumentar a luminosidade.<\/p>\n\n\n\n<p>4. <strong>Hialuronato de s\u00f3dio: <\/strong>Como um ingrediente hidratante cl\u00e1ssico, o hialuronato de s\u00f3dio pode efetivamente reter a hidrata\u00e7\u00e3o, aumentar o teor de umidade da pele, melhorar a efici\u00eancia de penetra\u00e7\u00e3o dos ingredientes clareadores e o conforto da pele, al\u00e9m de manter a pele hidratada enquanto clareia.<\/p>\n\n\n\n<p>5. <strong>Glutationa: <\/strong>A glutationa \u00e9 um poderoso antioxidante frequentemente usado em cuidados com a pele para clarear a pele, reduzindo a forma\u00e7\u00e3o de melanina. Ela pode neutralizar os radicais livres, promover o metabolismo celular, ajudar a pele a irradiar luz de dentro para fora e retardar o envelhecimento cut\u00e2neo.<\/p>\n\n\n\n<h2 class=\"wp-block-heading\">As fun\u00e7\u00f5es da ampola iluminadora<\/h2>\n\n\n\n<p>1. <strong>Ess\u00eancia de alta concentra\u00e7\u00e3o: <\/strong>A ampola iluminadora utiliza uma textura de ess\u00eancia ativa de alta concentra\u00e7\u00e3o, com forte penetra\u00e7\u00e3o e r\u00e1pida penetra\u00e7\u00e3o na pele. Pode melhorar rapidamente o tom da pele opaca e cansada em pouco tempo, sendo adequada para despertar a pele ou para cuidados reparadores.<\/p>\n\n\n\n<p>2. <strong>Adequado para uma variedade de tipos de pele:<\/strong> A ampola iluminadora n\u00e3o cont\u00e9m ingredientes irritantes nem \u00e1lcool, tem textura refrescante e n\u00e3o pegajosa, alto poder hidratante e \u00e9 adequada para peles secas, oleosas e sens\u00edveis. Pode ser usada em qualquer esta\u00e7\u00e3o do ano.<\/p>\n\n\n\n<p>3. <strong>Textura pura e leve: <\/strong>A ampola iluminadora tem uma textura transparente e pura. N\u00e3o fica branca nem espessa ap\u00f3s o uso e n\u00e3o \u00e9 f\u00e1cil de remover a maquiagem, o que n\u00e3o afeta os cuidados com a pele ou a maquiagem subsequentes.<\/p>\n\n\n\n<p>4. <strong>Adequado para uso com uma variedade de produtos para cuidados com a pele: <\/strong>A ampola clareadora pode ser usada sozinha ou com equipamentos de beleza, como instrumentos de beleza e spray frio, para melhorar a efici\u00eancia de absor\u00e7\u00e3o. \u00c9 adequada n\u00e3o apenas para cuidados em casa, mas tamb\u00e9m para projetos de sal\u00e3o de beleza.<\/p>\n\n\n\n<h2 class=\"wp-block-heading\">Como usar a ampola iluminadora<\/h2>\n\n\n\n<p>A ampola iluminadora \u00e9 f\u00e1cil de usar e \u00e9 recomendada para ser usada depois do t\u00f4nico e antes do creme.<\/p>\n\n\n\n<p>1. Ap\u00f3s a limpeza, use um t\u00f4nico para condicionar a pele.<\/p>\n\n\n\n<p>2. Abra a ampola iluminadora e coloque a ess\u00eancia na palma da m\u00e3o ou aplique diretamente no rosto.<\/p>\n\n\n\n<p>3. Esfregue e d\u00ea leves batidinhas com a ponta dos dedos para ajudar a pele a absorver a ess\u00eancia.<\/p>\n\n\n\n<p>4. Ap\u00f3s a absor\u00e7\u00e3o, use lo\u00e7\u00e3o ou creme para hidratar e reter a umidade.<\/p>\n\n\n\n<p><strong>Recomenda\u00e7\u00e3o: <\/strong>Use uma vez pela manh\u00e3 e uma vez \u00e0 noite.<\/p>\n\n\n\n<h2 class=\"wp-block-heading\">Cuidado<\/h2>\n\n\n\n<p>1. <strong>Fa\u00e7a um teste cut\u00e2neo antes do primeiro uso:<\/strong> Como os ingredientes da ess\u00eancia concentrada s\u00e3o altamente ativos, \u00e9 recomend\u00e1vel que usu\u00e1rios iniciantes fa\u00e7am um teste cut\u00e2neo atr\u00e1s das orelhas ou ao longo da linha do maxilar para confirmar se n\u00e3o h\u00e1 desconforto antes de usar em todo o rosto.<\/p>\n\n\n\n<p>2. <strong>Evite usar com produtos \u00e1cidos fortes: <\/strong>A ampola clareadora cont\u00e9m ingredientes ativos clareadores. Evite us\u00e1-la com produtos com \u00e1cidos de frutas ou \u00e1cido A para n\u00e3o danificar a barreira cut\u00e2nea.<\/p>\n\n\n\n<p>3. <strong>Preste aten\u00e7\u00e3o \u00e0 prote\u00e7\u00e3o solar ap\u00f3s o uso: <\/strong>Produtos clareadores podem ajudar a melhorar a transpar\u00eancia da pele, mas tamb\u00e9m s\u00e3o mais suscet\u00edveis aos raios ultravioleta. Use protetor solar com alto fator de prote\u00e7\u00e3o ap\u00f3s usar este produto para evitar o escurecimento.<\/p>\n\n\n\n<p>4. <strong>N\u00e3o usar em \u00e1reas danificadas ou inflamadas:<\/strong> Se houver feridas ou inflama\u00e7\u00f5es \u00f3bvias no rosto, evite usar este produto para evitar desconforto ou afetar a recupera\u00e7\u00e3o.<\/p>\n\n\n\n<p>5. <strong>Armazene em local escuro: <\/strong>Para manter o melhor efeito de reparo, guarde este produto em local fresco e seco, longe da luz.<\/p>\n\n\n\n<h2 class=\"wp-block-heading\">Conclus\u00e3o<\/h2>\n\n\n\n<p>A ampola iluminadora se destaca entre muitos produtos para clarear a pele por sua f\u00f3rmula altamente ativa e clareamento de alta efici\u00eancia. O produto combina ingredientes cient\u00edficos e suaves para garantir o uso seguro e a efic\u00e1cia est\u00e1vel, al\u00e9m de melhorar a sensa\u00e7\u00e3o da pele. Seja para uso como um cuidado clareador no cuidado di\u00e1rio da pele ou como um projeto de clareamento da pele em sal\u00f5es de beleza, \u00e9 uma \u00f3tima escolha.<\/p>","protected":false},"excerpt":{"rendered":"Brightening Ampoule Manufacturing Common Formulas The brightening ampoule formula uses multiple skin-lightening factors such as high-purity niacinamide, tranexamic acid, arbutin and sodium hyaluronate. Through stable technology and mature processes, it helps to lighten dullness, brighten skin tone, and bring a bright and transparent feeling to the skin. 1. Niacinamide: Niacinamide is a broad-spectrum whitening ingredient [&hellip;]","protected":false},"featured_media":3401,"menu_order":0,"template":"","meta":[],"product-tag":[],"products":[171],"class_list":["post-3400","product","type-product","status-publish","has-post-thumbnail","hentry","products-ampoule"],"acf":[],"_links":{"self":[{"href":"https:\/\/www.ruiqigo.com\/pt\/wp-json\/wp\/v2\/product\/3400","targetHints":{"allow":["GET"]}}],"collection":[{"href":"https:\/\/www.ruiqigo.com\/pt\/wp-json\/wp\/v2\/product"}],"about":[{"href":"https:\/\/www.ruiqigo.com\/pt\/wp-json\/wp\/v2\/types\/product"}],"version-history":[{"count":0,"href":"https:\/\/www.ruiqigo.com\/pt\/wp-json\/wp\/v2\/product\/3400\/revisions"}],"wp:featuredmedia":[{"embeddable":true,"href":"https:\/\/www.ruiqigo.com\/pt\/wp-json\/wp\/v2\/media\/3401"}],"wp:attachment":[{"href":"https:\/\/www.ruiqigo.com\/pt\/wp-json\/wp\/v2\/media?parent=3400"}],"wp:term":[{"taxonomy":"product-tag","embeddable":true,"href":"https:\/\/www.ruiqigo.com\/pt\/wp-json\/wp\/v2\/product-tag?post=3400"},{"taxonomy":"products","embeddable":true,"href":"https:\/\/www.ruiqigo.com\/pt\/wp-json\/wp\/v2\/products?post=3400"}],"curies":[{"name":"wp","href":"https:\/\/api.w.org\/{rel}","templated":true}]}}