{"id":3453,"date":"2025-05-21T10:12:35","date_gmt":"2025-05-21T02:12:35","guid":{"rendered":"https:\/\/www.ruiqigo.com\/?post_type=product&#038;p=3453"},"modified":"2025-05-21T10:12:35","modified_gmt":"2025-05-21T02:12:35","slug":"oral-care-kit","status":"publish","type":"product","link":"https:\/\/www.ruiqigo.com\/pt\/product\/oral-care-kit","title":{"rendered":"Kit de Cuidados Bucais"},"content":{"rendered":"<h2 class=\"wp-block-heading\">Caracter\u00edsticas do kit de cuidados bucais<\/h2>\n\n\n\n<p>O kit de higiene bucal integra uma variedade de utens\u00edlios b\u00e1sicos de limpeza bucal, incluindo escovas de dentes, pasta de dente, fio dental, etc. A combina\u00e7\u00e3o \u00e9 pr\u00e1tica e atende \u00e0s necessidades di\u00e1rias de higiene bucal. Todos os componentes s\u00e3o revestidos com materiais de grau aliment\u00edcio ou de seguran\u00e7a m\u00e9dica, que s\u00e3o higi\u00eanicos, saud\u00e1veis e adequados para uso a longo prazo. A embalagem \u00e9 independente e pr\u00e1tica para armazenamento.<\/p>\n\n\n\n<p><strong>1. Uma combina\u00e7\u00e3o de v\u00e1rias ferramentas de cuidado bucal: <\/strong>Configura\u00e7\u00f5es comuns incluem escovas de dentes, pasta de dente, fio dental, enxaguante bucal, raspadores de l\u00edngua, etc. Alguns conjuntos tamb\u00e9m podem ser personalizados para adicionar acess\u00f3rios como adesivos dentais e gel de limpeza dental.<\/p>\n\n\n\n<p><strong>2. Embalagem port\u00e1til: <\/strong>Os kits de cuidados bucais geralmente usam bolsas port\u00e1teis, bolsas seladas ou embalagens independentes, o que \u00e9 conveniente para viagens, viagens de neg\u00f3cios ou hospitaliza\u00e7\u00e3o.<\/p>\n\n\n\n<p><strong>3. Adapte-se \u00e0s diversas necessidades de cuidados orais: <\/strong>Existem muitas ferramentas dispon\u00edveis. Seja para cuidados bucais simples ou limpeza bucal profunda, os kits de higiene bucal podem lhe proporcionar uma \u00f3tima experi\u00eancia.<\/p>\n\n\n\n<p><strong>4. Seguran\u00e7a e higiene:<\/strong> Todos os acess\u00f3rios de cuidados s\u00e3o descart\u00e1veis ou reutiliz\u00e1veis, mas s\u00e3o materiais f\u00e1ceis de limpar, seguros e higi\u00eanicos, e atendem aos padr\u00f5es e requisitos de cuidados m\u00e9dicos ou pessoais.<\/p>\n\n\n\n<h2 class=\"wp-block-heading\">Vantagens do Kit de Cuidado Bucal<\/h2>\n\n\n\n<p>O kit de higiene bucal proporciona uma limpeza meticulosa por meio de combina\u00e7\u00e3o profissional, cobrindo dentes, espa\u00e7os entre os dentes, saburra lingual e pontos cegos na boca. \u00c9 altamente port\u00e1til, pr\u00e1tico e higi\u00eanico, adequado para uso di\u00e1rio e para levar para qualquer lugar. O design geral leva em considera\u00e7\u00e3o tanto a funcionalidade quanto a experi\u00eancia, permitindo que os usu\u00e1rios obtenham cuidados bucais de alta qualidade com uma opera\u00e7\u00e3o simples.<\/p>\n\n\n\n<p><strong>1. Um conjunto para cuidados bucais: <\/strong>O kit de cuidados bucais fornece acess\u00f3rios b\u00e1sicos e completos para cuidados bucais, o que economiza tempo nas compras e \u00e9 muito eficiente.<\/p>\n\n\n\n<p><strong>2. F\u00e1cil de transportar:<\/strong> Ele pode ser facilmente transportado em viagens de neg\u00f3cios, viagens, hospitaliza\u00e7\u00e3o, atividades ao ar livre, etc., para manter sua higiene bucal o tempo todo e fornecer uma solu\u00e7\u00e3o completa de cuidado bucal.<\/p>\n\n\n\n<p><strong>3. Economia de custos: <\/strong>Comparado com a compra tradicional de v\u00e1rias ferramentas de cuidado individualmente, o pre\u00e7o do conjunto completo ser\u00e1 mais econ\u00f4mico, o custo ser\u00e1 menor e ser\u00e1 mais econ\u00f4mico.<\/p>\n\n\n\n<p><strong>4. Ajuda a desenvolver bons h\u00e1bitos orais:<\/strong> Por meio da combina\u00e7\u00e3o de ferramentas integradas de cuidados bucais, \u00e9 \u00fatil inspirar os usu\u00e1rios a estabelecer h\u00e1bitos di\u00e1rios de cuidados bucais e promover a higiene e a sa\u00fade bucal.<\/p>\n\n\n\n<h2 class=\"wp-block-heading\">Kit de cuidados bucais - p\u00fablico-alvo<\/h2>\n\n\n\n<p>O kit de higiene bucal \u00e9 configurado de forma diferente, de acordo com diferentes faixas et\u00e1rias e necessidades de cuidado. A vers\u00e3o infantil enfatiza a seguran\u00e7a e a suavidade, enquanto a vers\u00e3o adulta foca no poder de limpeza e no controle da respira\u00e7\u00e3o. Al\u00e9m disso, este produto tamb\u00e9m pode ser adaptado para usu\u00e1rios de aparelhos ortod\u00f4nticos, cuidadores p\u00f3s-operat\u00f3rios, etc., tornando-se uma escolha inteligente para todos os tipos de usu\u00e1rios.<\/p>\n\n\n\n<p><strong>1. Pessoas que precisam de cuidados bucais di\u00e1rios:<\/strong> Pessoas de qualquer idade que precisam de cuidados bucais di\u00e1rios e buscam sa\u00fade bucal.<\/p>\n\n\n\n<p><strong>2. Crian\u00e7as e adolescentes: <\/strong>Modelos projetados especificamente para as gengivas sens\u00edveis de crian\u00e7as e adolescentes para garantir a sa\u00fade bucal.<\/p>\n\n\n\n<p><strong>3. Ortodontistas: <\/strong>Equipado com escovas interdentais e fios dentais, adequado para pessoas que est\u00e3o passando por corre\u00e7\u00e3o oral e usam aparelho.<\/p>\n\n\n\n<p><strong>4. Pessoas que viajam a neg\u00f3cios: <\/strong>Voc\u00ea pode levar um kit port\u00e1til de cuidados bucais quando viajar a neg\u00f3cios.<\/p>\n\n\n\n<h2 class=\"wp-block-heading\">Aplica\u00e7\u00f5es do Kit de Cuidados Bucais<\/h2>\n\n\n\n<p>O kit de cuidados bucais \u00e9 adequado para v\u00e1rios cen\u00e1rios de vida e trabalho, como uso di\u00e1rio em casa, viagens de neg\u00f3cios, kits de cuidados m\u00e9dicos, etc.<\/p>\n\n\n\n<p><strong>1. Cuidados bucais domiciliares: <\/strong>Use-o todas as manh\u00e3s e noites para desenvolver bons h\u00e1bitos orais.<\/p>\n\n\n\n<p><strong>2. Itens essenciais para viagens e viagens de neg\u00f3cios: <\/strong>f\u00e1cil de transportar, essencial para viagens.<\/p>\n\n\n\n<p><strong>3. Kit de cuidados m\u00e9dicos: <\/strong>Pode auxiliar na limpeza da cavidade oral durante cuidados p\u00f3s-operat\u00f3rios ou hospitaliza\u00e7\u00e3o para prevenir infec\u00e7\u00f5es bacterianas.<\/p>\n\n\n\n<p><strong>4. Brindes empresariais:<\/strong> Frequentemente usado em atividades corporativas nos setores de sa\u00fade e medicina.<\/p>\n\n\n\n<p><strong>5. Configura\u00e7\u00e3o do kit de emerg\u00eancia: <\/strong>Garanta a higiene bucal b\u00e1sica durante resgates em desastres ou aventuras ao ar livre.<\/p>\n\n\n\n<h2 class=\"wp-block-heading\">Como usar o kit de cuidados bucais<\/h2>\n\n\n\n<p>O kit de higiene bucal \u00e9 muito f\u00e1cil e intuitivo de usar. Os usu\u00e1rios podem limpar o interior da boca em sequ\u00eancia, de acordo com o processo di\u00e1rio de higiene bucal, para completar o processo de cuidado completo.<\/p>\n\n\n\n<p><strong>1. Escove os dentes uma vez pela manh\u00e3 e uma vez \u00e0 noite: <\/strong>Pegue a escova de dentes e a pasta de dente, esprema uma quantidade de pasta de dente do tamanho de uma ervilha, escove os dentes em diferentes \u00e1reas por 2 a 3 minutos e enx\u00e1gue a boca ap\u00f3s a escova\u00e7\u00e3o.<\/p>\n\n\n\n<p><strong>2. Use fio dental ou bast\u00e3o de fio dental: <\/strong>Insira-o delicadamente nos espa\u00e7os entre os dentes e puxe-o lentamente para frente e para tr\u00e1s para remover a placa bacteriana.<\/p>\n\n\n\n<p><strong>3. Use escovas interdentais (se necess\u00e1rio): <\/strong>Insira-o nos espa\u00e7os entre os dentes para limpar res\u00edduos em espa\u00e7os maiores, o que \u00e9 adequado para pessoas com tratamento ortod\u00f4ntico ou aquelas com espa\u00e7os maiores entre os dentes.<\/p>\n\n\n\n<p><strong>4. Use um raspador de l\u00edngua para limpar a saburra lingual (se necess\u00e1rio): <\/strong>Raspe suavemente a sujeira na superf\u00edcie da l\u00edngua de dentro para fora para refrescar o h\u00e1lito.<\/p>\n\n\n\n<p><strong>5. Use enxaguante bucal: <\/strong>Despeje uma quantidade adequada de enxaguante bucal, gargareje por 30 segundos e cuspa, n\u00e3o \u00e9 necess\u00e1rio enxaguar com \u00e1gua.<\/p>\n\n\n\n<p><strong>Recomenda\u00e7\u00e3o: <\/strong>Substitua regularmente acess\u00f3rios descart\u00e1veis ou de f\u00e1cil consumo, como escovas de dentes e fio dental, no kit de cuidados bucais.<\/p>\n\n\n\n<h2 class=\"wp-block-heading\">Conclus\u00e3o<\/h2>\n\n\n\n<p>Com o ritmo de vida acelerado e a conscientiza\u00e7\u00e3o sobre sa\u00fade cada vez maior, os cuidados bucais deixaram de se limitar ao banheiro e se tornaram parte importante da vida di\u00e1ria. A aplicabilidade multissitua\u00e7\u00e3o do kit de cuidados bucais n\u00e3o s\u00f3 aumenta a frequ\u00eancia de uso de produtos de higiene bucal, como tamb\u00e9m proporciona aos usu\u00e1rios prote\u00e7\u00e3o para a higiene bucal em diferentes situa\u00e7\u00f5es. \u00c9 uma escolha ideal que leva em conta tanto a praticidade quanto a imagem.<\/p>","protected":false},"excerpt":{"rendered":"Oral Care Kit Features The oral care kit integrates a variety of basic oral cleaning tools, including toothbrushes, toothpaste, dental floss, etc. The combination is practical and can meet the daily comprehensive oral care needs. All components are supported by food-grade or medical safety materials, which are hygienic and healthy and suitable for long-term use. [&hellip;]","protected":false},"featured_media":3454,"menu_order":0,"template":"","meta":[],"product-tag":[],"products":[160],"class_list":["post-3453","product","type-product","status-publish","has-post-thumbnail","hentry","products-oral-care-kit"],"acf":[],"_links":{"self":[{"href":"https:\/\/www.ruiqigo.com\/pt\/wp-json\/wp\/v2\/product\/3453","targetHints":{"allow":["GET"]}}],"collection":[{"href":"https:\/\/www.ruiqigo.com\/pt\/wp-json\/wp\/v2\/product"}],"about":[{"href":"https:\/\/www.ruiqigo.com\/pt\/wp-json\/wp\/v2\/types\/product"}],"version-history":[{"count":0,"href":"https:\/\/www.ruiqigo.com\/pt\/wp-json\/wp\/v2\/product\/3453\/revisions"}],"wp:featuredmedia":[{"embeddable":true,"href":"https:\/\/www.ruiqigo.com\/pt\/wp-json\/wp\/v2\/media\/3454"}],"wp:attachment":[{"href":"https:\/\/www.ruiqigo.com\/pt\/wp-json\/wp\/v2\/media?parent=3453"}],"wp:term":[{"taxonomy":"product-tag","embeddable":true,"href":"https:\/\/www.ruiqigo.com\/pt\/wp-json\/wp\/v2\/product-tag?post=3453"},{"taxonomy":"products","embeddable":true,"href":"https:\/\/www.ruiqigo.com\/pt\/wp-json\/wp\/v2\/products?post=3453"}],"curies":[{"name":"wp","href":"https:\/\/api.w.org\/{rel}","templated":true}]}}