{"id":3468,"date":"2025-05-22T11:45:22","date_gmt":"2025-05-22T03:45:22","guid":{"rendered":"https:\/\/www.ruiqigo.com\/?post_type=product&#038;p=3468"},"modified":"2025-05-22T17:49:34","modified_gmt":"2025-05-22T09:49:34","slug":"lavender-laundry-detergent","status":"publish","type":"product","link":"https:\/\/www.ruiqigo.com\/pt\/product\/lavender-laundry-detergent","title":{"rendered":"Detergente para roupa de lavanda"},"content":{"rendered":"<h2 class=\"wp-block-heading\">F\u00f3rmulas comuns para fabrica\u00e7\u00e3o de detergentes para roupas de lavanda<\/h2>\n\n\n\n<p>Como fornecedores profissionais de detergentes para roupas, selecionamos surfactantes suaves e n\u00e3o irritantes, \u00f3leos essenciais naturais de plantas e aditivos multifuncionais para atingir os tr\u00eas principais efeitos: limpeza poderosa, prote\u00e7\u00e3o e amaciamento da cor e fragr\u00e2ncia duradoura, atendendo \u00e0s necessidades duplas dos usu\u00e1rios de poder de lavagem e prote\u00e7\u00e3o das roupas.<\/p>\n\n\n\n<p><strong>1. \u00d3leo essencial de lavanda: <\/strong>O \u00f3leo essencial de lavanda extra\u00eddo naturalmente possui propriedades arom\u00e1ticas que acalmam o corpo e a mente. Ap\u00f3s aderir \u00e0s fibras das roupas, ele pode proporcionar uma fragr\u00e2ncia natural duradoura, possui um certo efeito antibacteriano e melhora a limpeza e o conforto das roupas.<\/p>\n\n\n\n<p><strong>2. Complexo enzim\u00e1tico natural:<\/strong> Decomp\u00f5e manchas de prote\u00edna, amido e gordura por meio de enzimas biol\u00f3gicas. \u00c9 particularmente adequado para lidar com sujeiras comuns do dia a dia, como manchas de suor e de comida, e reduz o atrito repetido nos tecidos.<\/p>\n\n\n\n<p><strong>3. Cocamidopropil Beta\u00edna:<\/strong> Derivado do \u00f3leo de coco natural, \u00e9 um surfactante n\u00e3o i\u00f4nico suave que pode emulsionar eficazmente manchas de \u00f3leo e aumentar o poder de limpeza. Ao mesmo tempo, \u00e9 muito suave para a pele e os tecidos e n\u00e3o danifica as roupas.<\/p>\n\n\n\n<p><strong>4. Policarboxilato de s\u00f3dio: <\/strong>Este ingrediente pode amaciar a \u00e1gua e evitar a deposi\u00e7\u00e3o de \u00edons de c\u00e1lcio e magn\u00e9sio, evitar que as roupas fiquem duras, remover res\u00edduos de lavagem e ajudar a prolongar a vida \u00fatil das roupas.<\/p>\n\n\n\n<h2 class=\"wp-block-heading\">As fun\u00e7\u00f5es do detergente de lavanda para roupas<\/h2>\n\n\n\n<p>O detergente para roupas de lavanda tornou-se a primeira escolha de clientes em diversos setores devido \u00e0 sua excelente capacidade de limpeza, desempenho suave no cuidado com as roupas e fragr\u00e2ncia natural. Seja para a lavagem e cuidados di\u00e1rios da casa ou para a limpeza de roupas de cama em hot\u00e9is, este produto atende a diversas necessidades de lavagem de alto padr\u00e3o com suas vantagens como baixa forma\u00e7\u00e3o de espuma, f\u00e1cil enx\u00e1gue, seguran\u00e7a e prote\u00e7\u00e3o ambiental, e realiza o efeito tr\u00eas em um: limpeza, cuidado com as roupas e fragr\u00e2ncia.<\/p>\n\n\n\n<p><strong>1. Remo\u00e7\u00e3o eficiente de manchas: <\/strong>O detergente para roupas de lavanda usa poderosos fatores ativos de remo\u00e7\u00e3o de manchas, que podem penetrar profundamente na fibra para quebrar manchas dif\u00edceis, incluindo manchas de suor, manchas de \u00f3leo, etc. Ele tem excelente desempenho de limpeza e pode melhorar muito a efici\u00eancia da lavagem.<\/p>\n\n\n\n<p><strong>2. Pouca espuma e enx\u00e1gue f\u00e1cil:<\/strong> A f\u00f3rmula com baixo teor de espuma do detergente para roupas Lavender \u00e9 adequada para todos os tipos de m\u00e1quinas de lavar. Produz espuma moderada durante a lavagem, sem res\u00edduos e com enx\u00e1gue mais f\u00e1cil, o que economiza \u00e1gua e energia, al\u00e9m de melhorar a efici\u00eancia geral do uso.<\/p>\n\n\n\n<p><strong>3. Fragr\u00e2ncia natural:<\/strong> A fragr\u00e2ncia natural de lavanda \u00e9 fresca e suave, sem ser picante, e as roupas ficam com um aroma duradouro ap\u00f3s a lavagem. \u00c9 adequada para cuidados materno-infantis, lavagem de roupas e outros ambientes.<\/p>\n\n\n\n<p><strong>4. Ecol\u00f3gico e n\u00e3o irritante:<\/strong> O detergente para roupas de lavanda n\u00e3o cont\u00e9m ingredientes nocivos, como f\u00f3sforo e branqueadores fluorescentes, e atende aos padr\u00f5es de lavagem e cuidado ecologicamente corretos. Este produto foi testado para irrita\u00e7\u00e3o da pele, \u00e9 hipoalerg\u00eanico e suave, sendo adequado para pessoas com pele sens\u00edvel para limpar roupas.<\/p>\n\n\n\n<p><strong>5. Cuidados delicados com as roupas:<\/strong> Ingredientes amaciantes de tecidos s\u00e3o adicionados \u00e0 f\u00f3rmula, o que pode proteger as fibras das roupas enquanto limpa manchas, prolongar a vida \u00fatil das roupas e evitar desbotamento, deforma\u00e7\u00e3o e encolhimento.<\/p>\n\n\n\n<h2 class=\"wp-block-heading\">Como usar detergente de lavanda para roupas<\/h2>\n\n\n\n<p><strong>1. Lavagem \u00e0 m\u00e1quina: <\/strong>Adicione uma quantidade apropriada de sab\u00e3o em p\u00f3 de acordo com a capacidade da m\u00e1quina de lavar e o grau de sujeira das roupas, geralmente 30-50 ml\/vez, que pode ser despejada diretamente na caixa de sab\u00e3o em p\u00f3 ou misturada com \u00e1gua antes do uso.<\/p>\n\n\n\n<p><strong>2. Lavagem das m\u00e3os: <\/strong>Adicione 5-10 ml de detergente para roupas a 1 litro de \u00e1gua, dilua e misture bem, deixe as roupas de molho por 5 minutos, depois esfregue delicadamente e enx\u00e1gue bem com \u00e1gua limpa.<\/p>\n\n\n\n<p><strong>Recomenda\u00e7\u00e3o: <\/strong>Pode ser usado com amaciante para real\u00e7ar a maciez do tecido e a persist\u00eancia da fragr\u00e2ncia.<\/p>\n\n\n\n<h2 class=\"wp-block-heading\">Cuidado<\/h2>\n\n\n\n<p><strong>1. Evite misturar com outros detergentes: <\/strong>A mistura com outros produtos de limpeza com alto teor alcalino ou cloro pode afetar o efeito da lavagem ou causar rea\u00e7\u00f5es qu\u00edmicas desnecess\u00e1rias. Recomenda-se o uso deste produto sozinho.<\/p>\n\n\n\n<p><strong>2. N\u00e3o despeje diretamente sobre as roupas: <\/strong>Para evitar que o detergente concentrado deixe marcas na superf\u00edcie das roupas, dilua-o antes de usar ou distribua-o uniformemente na \u00e1gua antes de adicion\u00e1-lo \u00e0s roupas.<\/p>\n\n\n\n<p><strong>3. Evite luz solar direta: <\/strong>Feche bem o produto e guarde-o em local fresco e seco para evitar que os ingredientes se deteriorem ou que a fragr\u00e2ncia se volatilize.<\/p>\n\n\n\n<p><strong>4. Mantenha fora do alcance de crian\u00e7as:<\/strong> Para evitar que crian\u00e7as ingerem ou entrem em contato com os olhos acidentalmente, coloque-o fora do alcance delas e feche a tampa do frasco a tempo ap\u00f3s o uso.<\/p>\n\n\n\n<h2 class=\"wp-block-heading\">Conclus\u00e3o<\/h2>\n\n\n\n<p>O detergente para roupas de lavanda \u00e9 um detergente eficiente com poder de limpeza profunda e fragr\u00e2ncia natural, amplamente utilizado em roupas do dia a dia, roupas de cama de hot\u00e9is e outros usos. Com suas m\u00faltiplas vantagens, como prote\u00e7\u00e3o suave das roupas e limpeza eficiente, ele atende \u00e0s necessidades dos usu\u00e1rios por uma lavagem eficiente e segura, sendo a escolha ideal para quem busca qualidade e limpeza profunda.<\/p>","protected":false},"excerpt":{"rendered":"Lavender Laundry Detergent Manufacturing Common Formulas As a professional laundry detergent supplier, we select mild and non-irritating surfactants, natural plant essential oils and multifunctional additives to achieve the three major effects of powerful cleaning, color protection and softening, and long-lasting fragrance, meeting users&#8217; dual needs for washing power and clothing protection. 1. Lavender essential oil: [&hellip;]","protected":false},"featured_media":3469,"menu_order":0,"template":"","meta":[],"product-tag":[],"products":[180],"class_list":["post-3468","product","type-product","status-publish","has-post-thumbnail","hentry","products-laundry-detergent"],"acf":[],"_links":{"self":[{"href":"https:\/\/www.ruiqigo.com\/pt\/wp-json\/wp\/v2\/product\/3468","targetHints":{"allow":["GET"]}}],"collection":[{"href":"https:\/\/www.ruiqigo.com\/pt\/wp-json\/wp\/v2\/product"}],"about":[{"href":"https:\/\/www.ruiqigo.com\/pt\/wp-json\/wp\/v2\/types\/product"}],"version-history":[{"count":0,"href":"https:\/\/www.ruiqigo.com\/pt\/wp-json\/wp\/v2\/product\/3468\/revisions"}],"wp:featuredmedia":[{"embeddable":true,"href":"https:\/\/www.ruiqigo.com\/pt\/wp-json\/wp\/v2\/media\/3469"}],"wp:attachment":[{"href":"https:\/\/www.ruiqigo.com\/pt\/wp-json\/wp\/v2\/media?parent=3468"}],"wp:term":[{"taxonomy":"product-tag","embeddable":true,"href":"https:\/\/www.ruiqigo.com\/pt\/wp-json\/wp\/v2\/product-tag?post=3468"},{"taxonomy":"products","embeddable":true,"href":"https:\/\/www.ruiqigo.com\/pt\/wp-json\/wp\/v2\/products?post=3468"}],"curies":[{"name":"wp","href":"https:\/\/api.w.org\/{rel}","templated":true}]}}