{"id":3474,"date":"2025-05-22T16:50:37","date_gmt":"2025-05-22T08:50:37","guid":{"rendered":"https:\/\/www.ruiqigo.com\/?post_type=product&#038;p=3474"},"modified":"2025-05-22T16:50:38","modified_gmt":"2025-05-22T08:50:38","slug":"foam-hand-soap","status":"publish","type":"product","link":"https:\/\/www.ruiqigo.com\/pt\/product\/foam-hand-soap","title":{"rendered":"Sabonete de espuma para m\u00e3os"},"content":{"rendered":"<h2 class=\"wp-block-heading\">F\u00f3rmulas comuns para fabrica\u00e7\u00e3o de sabonete de espuma para as m\u00e3os<\/h2>\n\n\n\n<p>Nosso sabonete de espuma para m\u00e3os seleciona uma variedade de ingredientes naturais e ben\u00e9ficos para a pele, como cocamidopropil beta\u00edna, extratos naturais de plantas, glicerina, etc. Esses ingredientes podem hidratar eficazmente, amolecer as cut\u00edculas e evitar que as m\u00e3os sequem, ao mesmo tempo que limpam bact\u00e9rias e oleosidade na superf\u00edcie da pele.<\/p>\n\n\n\n<p><strong>1. Cocamidopropil Beta\u00edna: <\/strong>Este \u00e9 um limpador suave derivado do coco que produz espuma rica, alto poder de limpeza e baixa irrita\u00e7\u00e3o. Remove bact\u00e9rias das m\u00e3os com efic\u00e1cia sem danificar a pel\u00edcula protetora natural da pele. Crian\u00e7as e pessoas sens\u00edveis tamb\u00e9m podem toc\u00e1-lo.<\/p>\n\n\n\n<p><strong>2. Extrato de Aloe Vera:<\/strong> \u00c9 um ingrediente natural calmante e reparador que ajuda a aliviar pequenas irrita\u00e7\u00f5es causadas pela lavagem das m\u00e3os e \u00e9 ben\u00e9fico para usu\u00e1rios que lavam as m\u00e3os com frequ\u00eancia.<\/p>\n\n\n\n<p><strong>3. Glicerina:<\/strong> Como um ingrediente hidratante cl\u00e1ssico, a glicerina absorve a umidade do ar e forma uma pel\u00edcula protetora que evita a perda de umidade da pele. Portanto, ela pode hidratar a pele enquanto limpa as m\u00e3os, mantendo-a macia e sem repuxar.<\/p>\n\n\n\n<p><strong>4. \u00c1cido c\u00edtrico: <\/strong>Ele pode ajustar o valor do pH do sabonete de espuma para as m\u00e3os para torn\u00e1-lo pr\u00f3ximo ao equil\u00edbrio \u00e1cido-base da pele, ajudar a manter a barreira da pele e reduzir alergias ou problemas de pele seca.<\/p>\n\n\n\n<h2 class=\"wp-block-heading\">As fun\u00e7\u00f5es do sabonete de espuma para as m\u00e3os<\/h2>\n\n\n\n<p><strong>1. Forte poder de limpeza, mas baixa irrita\u00e7\u00e3o: <\/strong>A f\u00f3rmula do sabonete l\u00edquido em espuma combina surfactantes de origem vegetal e um sistema de regula\u00e7\u00e3o de \u00e1cido fraco, levando em considera\u00e7\u00e3o uma forte descontamina\u00e7\u00e3o e cuidados suaves com a pele, e o uso frequente n\u00e3o causa danos \u00e0 barreira da pele.<\/p>\n\n\n\n<p><strong>2. F\u00e1cil de enxaguar, sem res\u00edduos: <\/strong>A f\u00f3rmula \u00e9 leve e n\u00e3o oleosa, podendo ser lavada com \u00e1gua sem deixar res\u00edduos oleosos, o que proporciona uma boa experi\u00eancia ao usu\u00e1rio.<\/p>\n\n\n\n<p><strong>3. Espuma fina e rica: <\/strong>O sabonete l\u00edquido em espuma para as m\u00e3os adota uma f\u00f3rmula de forma\u00e7\u00e3o de espuma eficiente e um design preciso com bomba de espuma. Ele pode produzir espuma densa com uma leve press\u00e3o, removendo rapidamente a sujeira e limpando profundamente, melhorando a experi\u00eancia do usu\u00e1rio e a efici\u00eancia da limpeza.<\/p>\n\n\n\n<p><strong>4. Remove eficazmente bact\u00e9rias comuns: <\/strong>O sabonete de espuma para m\u00e3os adiciona uma variedade de ingredientes antibacterianos seguros, que podem reduzir o risco de fixa\u00e7\u00e3o de bact\u00e9rias e remover bact\u00e9rias comuns durante a limpeza de manchas nas m\u00e3os.<\/p>\n\n\n\n<p><strong>5. Cheiro fresco e natural: <\/strong>\u00d3leos essenciais naturais selecionados, como c\u00edtricos e lavanda, s\u00e3o usados para fragr\u00e2ncia, proporcionando uma experi\u00eancia confort\u00e1vel e agrad\u00e1vel \u00e0 pele, adequada para usu\u00e1rios sens\u00edveis a odores.<\/p>\n\n\n\n<h2 class=\"wp-block-heading\">Como usar sabonete de espuma para as m\u00e3os<\/h2>\n\n\n\n<p>Usar sabonete l\u00edquido em espuma \u00e9 muito simples e eficiente. Basta pressionar para produzir bolhas e concluir a limpeza facilmente. \u00c9 adequado para situa\u00e7\u00f5es de limpeza r\u00e1pida.<\/p>\n\n\n\n<p><strong>1. Molhe as m\u00e3os: <\/strong>Use \u00e1gua limpa para molhar rapidamente as palmas das m\u00e3os.<\/p>\n\n\n\n<p><strong>2. Pressione a cabe\u00e7a da bomba: <\/strong>Pressione o sabonete l\u00edquido de espuma 1 a 2 vezes para produzir bastante espuma na palma da sua m\u00e3o.<\/p>\n\n\n\n<p><strong>3. Esfregue bem: <\/strong>Esfregue as m\u00e3os por mais de 20 segundos para limpar a palma, o dorso da m\u00e3o e entre os dedos.<\/p>\n\n\n\n<p><strong>4. Enx\u00e1gue com \u00e1gua: <\/strong>Enx\u00e1gue bem a espuma com \u00e1gua limpa rapidamente.<\/p>\n\n\n\n<p><strong>5. Seque as m\u00e3os: <\/strong>Use uma toalha limpa ou papel-toalha para secar as m\u00e3os.<\/p>\n\n\n\n<h2 class=\"wp-block-heading\">Cuidado<\/h2>\n\n\n\n<p><strong>1. Adequado para cabe\u00e7a de bomba de espuma: <\/strong>Este produto \u00e9 um desinfetante de espuma para as m\u00e3os. Recomenda-se o uso de um frasco especial com bomba de espuma para evitar afetar a experi\u00eancia do usu\u00e1rio, pois a bomba comum n\u00e3o produz espuma.<\/p>\n\n\n\n<p><strong>2. Evite contato com os olhos:<\/strong> Em caso de contato acidental com os olhos, lave imediatamente com bastante \u00e1gua. Em caso de gravidade, procure atendimento m\u00e9dico imediatamente.<\/p>\n\n\n\n<p><strong>3. Evite luz solar direta: <\/strong>Guarde este produto em local fresco e seco, evitando a luz solar direta, para manter o desempenho da espuma e a atividade dos ingredientes.<\/p>\n\n\n\n<h2 class=\"wp-block-heading\">Conclus\u00e3o<\/h2>\n\n\n\n<p>O sabonete em espuma para as m\u00e3os \u00e9 um produto de limpeza que combina limpeza eficiente com cuidados suaves com a pele. Seja em casa ou em locais p\u00fablicos de alto fluxo, ele pode proporcionar uma excelente experi\u00eancia de limpeza e aumentar a satisfa\u00e7\u00e3o do usu\u00e1rio.<\/p>","protected":false},"excerpt":{"rendered":"Foam Hand Soap Manufacturing Common Formulas Our foam hand soap selects a variety of natural and skin-friendly ingredients, such as cocamidopropyl betaine, natural plant extracts, glycerin, etc. These ingredients can effectively moisturize, soften cuticles, and prevent hands from drying out while cleaning bacteria and oil on the skin surface. 1. Cocamidopropyl Betaine: This is a [&hellip;]","protected":false},"featured_media":3475,"menu_order":0,"template":"","meta":[],"product-tag":[],"products":[181],"class_list":["post-3474","product","type-product","status-publish","has-post-thumbnail","hentry","products-hand-soap"],"acf":[],"_links":{"self":[{"href":"https:\/\/www.ruiqigo.com\/pt\/wp-json\/wp\/v2\/product\/3474","targetHints":{"allow":["GET"]}}],"collection":[{"href":"https:\/\/www.ruiqigo.com\/pt\/wp-json\/wp\/v2\/product"}],"about":[{"href":"https:\/\/www.ruiqigo.com\/pt\/wp-json\/wp\/v2\/types\/product"}],"version-history":[{"count":0,"href":"https:\/\/www.ruiqigo.com\/pt\/wp-json\/wp\/v2\/product\/3474\/revisions"}],"wp:featuredmedia":[{"embeddable":true,"href":"https:\/\/www.ruiqigo.com\/pt\/wp-json\/wp\/v2\/media\/3475"}],"wp:attachment":[{"href":"https:\/\/www.ruiqigo.com\/pt\/wp-json\/wp\/v2\/media?parent=3474"}],"wp:term":[{"taxonomy":"product-tag","embeddable":true,"href":"https:\/\/www.ruiqigo.com\/pt\/wp-json\/wp\/v2\/product-tag?post=3474"},{"taxonomy":"products","embeddable":true,"href":"https:\/\/www.ruiqigo.com\/pt\/wp-json\/wp\/v2\/products?post=3474"}],"curies":[{"name":"wp","href":"https:\/\/api.w.org\/{rel}","templated":true}]}}