{"id":3479,"date":"2025-05-22T17:45:04","date_gmt":"2025-05-22T09:45:04","guid":{"rendered":"https:\/\/www.ruiqigo.com\/?post_type=product&#038;p=3479"},"modified":"2025-05-22T16:53:37","modified_gmt":"2025-05-22T08:53:37","slug":"spray-glass-cleaner","status":"publish","type":"product","link":"https:\/\/www.ruiqigo.com\/pt\/product\/spray-glass-cleaner","title":{"rendered":"Limpador de vidros em spray"},"content":{"rendered":"<h2 class=\"wp-block-heading\">F\u00f3rmulas comuns para fabrica\u00e7\u00e3o de limpadores de vidro em spray<\/h2>\n\n\n\n<p>O limpador de vidros em spray que fabricamos utiliza uma f\u00f3rmula ecol\u00f3gica que n\u00e3o cont\u00e9m am\u00f4nia, combinada com uma variedade de surfactantes, solventes naturais, etanol e aditivos vol\u00e1teis para aumentar sinergicamente o poder de limpeza e os efeitos de secagem r\u00e1pida. N\u00e3o corr\u00f3i o vidro ap\u00f3s o uso e n\u00e3o deixa res\u00edduos ap\u00f3s a limpeza, sendo adequado para uso em uma variedade de materiais de vidro e espelho.<\/p>\n\n\n\n<p><strong>1. Surfactante n\u00e3o i\u00f4nico: <\/strong>Este \u00e9 um ingrediente de limpeza suave e eficiente que pode envolver e decompor rapidamente manchas e gordura, ao mesmo tempo que reduz o ac\u00famulo de espuma durante o processo de limpeza, melhorando a efici\u00eancia da limpeza e \u00e9 adequado para limpeza r\u00e1pida de grandes \u00e1reas.<\/p>\n\n\n\n<p><strong>2. Solvente de citrato natural: <\/strong>Este \u00e9 um solvente seguro derivado de \u00f3leo vegetal natural. Ele pode decompor com efic\u00e1cia a pel\u00edcula de \u00f3leo e as incrusta\u00e7\u00f5es persistentes sem corroer a superf\u00edcie do vidro. \u00c9 um ingrediente ideal que leva em considera\u00e7\u00e3o tanto a prote\u00e7\u00e3o ambiental quanto o desempenho.<\/p>\n\n\n\n<p><strong>3. Etanol:<\/strong> O etanol tem a caracter\u00edstica de evapora\u00e7\u00e3o r\u00e1pida. Ap\u00f3s o uso, ajuda a secar a superf\u00edcie do vidro rapidamente, sem deixar marcas ou riscos. Ao mesmo tempo, por ter um leve efeito desinfetante, tamb\u00e9m garante a higiene da superf\u00edcie do vidro de forma eficaz.<\/p>\n\n\n\n<p><strong>4. \u00c1gua deionizada: <\/strong>Pode reduzir o conte\u00fado mineral na \u00e1gua, evitar manchas de \u00e1gua ap\u00f3s a limpeza e garantir que o vidro fique liso e transparente.<\/p>\n\n\n\n<h2 class=\"wp-block-heading\">As fun\u00e7\u00f5es do limpador de vidros em spray<\/h2>\n\n\n\n<p><strong>1. F\u00f3rmula ecol\u00f3gica sem am\u00f4nia:<\/strong> O limpador de vidros em spray n\u00e3o cont\u00e9m ingredientes irritantes como am\u00f4nia e alvejante, n\u00e3o tem odor pungente, \u00e9 amig\u00e1vel ao corpo humano e \u00e9 adequado para limpeza de ambientes internos fechados.<\/p>\n\n\n\n<p><strong>2. Dissolva rapidamente manchas e res\u00edduos de impress\u00f5es digitais: <\/strong>O limpador de vidros em spray \u00e9 especialmente formulado com surfactantes e solventes leves, que podem penetrar e decompor rapidamente manchas de \u00f3leo, manchas de fuma\u00e7a e impress\u00f5es digitais persistentes na superf\u00edcie do vidro, facilitando a limpeza e reduzindo o tempo de limpeza.<\/p>\n\n\n\n<p><strong>3. Secagem r\u00e1pida e baixo res\u00edduo:<\/strong> Adota f\u00f3rmula de etanol de secagem r\u00e1pida, que evapora em poucos segundos ap\u00f3s a pulveriza\u00e7\u00e3o. A superf\u00edcie n\u00e3o mancha com poeira ou arranh\u00f5es, sendo adequada para uso em vitrines e outros ambientes.<\/p>\n\n\n\n<p><strong>4. Forte poder de limpeza: <\/strong>A pulveriza\u00e7\u00e3o \u00e9 uniforme e a sujeira \u00e9 removida completamente. N\u00e3o h\u00e1 res\u00edduos na superf\u00edcie do vidro ap\u00f3s a limpeza, o que melhora significativamente a efici\u00eancia da limpeza e \u00e9 adequado para cen\u00e1rios de limpeza de alta frequ\u00eancia.<\/p>\n\n\n\n<p><strong>5. Adapta\u00e7\u00e3o multifuncional, econ\u00f4mica: <\/strong>O limpador de vidros em spray n\u00e3o \u00e9 adequado apenas para superf\u00edcies de vidro, mas tamb\u00e9m pode ser usado em espelhos, azulejos lisos, superf\u00edcies de a\u00e7o inoxid\u00e1vel, etc., com alto custo-benef\u00edcio.<\/p>\n\n\n\n<h2 class=\"wp-block-heading\">Como usar limpador de vidro em spray<\/h2>\n\n\n\n<p>1. Gire o bico para o modo \u201cspray\u201d e aponte para a superf\u00edcie do vidro ou espelho.<\/p>\n\n\n\n<p>2. Borrife uma quantidade apropriada de detergente uniformemente, com um espa\u00e7amento recomendado de 20-30 cm.<\/p>\n\n\n\n<p>3. Limpe com um pano limpo e sem fiapos ou papel-toalha at\u00e9 que a superf\u00edcie esteja limpa e fresca.<\/p>\n\n\n\n<p>4. Em caso de manchas persistentes, repita a opera\u00e7\u00e3o uma ou duas vezes at\u00e9 a limpeza estar completa.<\/p>\n\n\n\n<h2 class=\"wp-block-heading\">Cuidado<\/h2>\n\n\n\n<p><strong>1. N\u00e3o use em madeira n\u00e3o selada ou superf\u00edcies porosas: <\/strong>Este produto \u00e9 adequado para superf\u00edcies n\u00e3o absorventes e n\u00e3o \u00e9 adequado para pulveriza\u00e7\u00e3o em materiais absorventes, como m\u00f3veis de madeira ou pedra, para evitar descolora\u00e7\u00e3o ou deteriora\u00e7\u00e3o causada pela penetra\u00e7\u00e3o.<\/p>\n\n\n\n<p><strong>2. Vede o bico imediatamente ap\u00f3s o uso: <\/strong>Gire o bico para a posi\u00e7\u00e3o fechada ap\u00f3s o uso para evitar a perda de componentes vol\u00e1teis e garantir o efeito do pr\u00f3ximo uso.<\/p>\n\n\n\n<p><strong>3. N\u00e3o misture com produtos de limpeza \u00e1cidos ou alcalinos fortes: <\/strong>Evite misturar com outros produtos de limpeza \u00e1cidos ou alcalinos altamente corrosivos ou fortes para evitar rea\u00e7\u00f5es qu\u00edmicas ou danos \u00e0 superf\u00edcie do vidro.<\/p>\n\n\n\n<h2 class=\"wp-block-heading\">Conclus\u00e3o<\/h2>\n\n\n\n<p>O limpador de vidros em spray \u00e9 a sua escolha confi\u00e1vel para uma limpeza eficiente de superf\u00edcies de vidro. Com sua f\u00f3rmula de alta qualidade, alta efici\u00eancia, secagem r\u00e1pida, sem tra\u00e7os e ampla adaptabilidade a uma variedade de materiais de superf\u00edcie, \u00e9 amplamente utilizado em resid\u00eancias, hot\u00e9is, supermercados e outros setores, ajudando a melhorar a efici\u00eancia da limpeza de vidros e a criar um ambiente visualmente limpo e iluminado.<\/p>","protected":false},"excerpt":{"rendered":"Spray Glass Cleaner Manufacturing Common Formulas The spray glass cleaner we manufacture uses an environmentally friendly formula that does not contain ammonia, combined with a variety of surfactants, natural solvents, ethanol and volatile additives to synergistically enhance cleaning power and quick-drying effects. It will not corrode the glass after use, and there will be no [&hellip;]","protected":false},"featured_media":3481,"menu_order":0,"template":"","meta":[],"product-tag":[],"products":[182],"class_list":["post-3479","product","type-product","status-publish","has-post-thumbnail","hentry","products-glass-cleaner"],"acf":[],"_links":{"self":[{"href":"https:\/\/www.ruiqigo.com\/pt\/wp-json\/wp\/v2\/product\/3479","targetHints":{"allow":["GET"]}}],"collection":[{"href":"https:\/\/www.ruiqigo.com\/pt\/wp-json\/wp\/v2\/product"}],"about":[{"href":"https:\/\/www.ruiqigo.com\/pt\/wp-json\/wp\/v2\/types\/product"}],"version-history":[{"count":0,"href":"https:\/\/www.ruiqigo.com\/pt\/wp-json\/wp\/v2\/product\/3479\/revisions"}],"wp:featuredmedia":[{"embeddable":true,"href":"https:\/\/www.ruiqigo.com\/pt\/wp-json\/wp\/v2\/media\/3481"}],"wp:attachment":[{"href":"https:\/\/www.ruiqigo.com\/pt\/wp-json\/wp\/v2\/media?parent=3479"}],"wp:term":[{"taxonomy":"product-tag","embeddable":true,"href":"https:\/\/www.ruiqigo.com\/pt\/wp-json\/wp\/v2\/product-tag?post=3479"},{"taxonomy":"products","embeddable":true,"href":"https:\/\/www.ruiqigo.com\/pt\/wp-json\/wp\/v2\/products?post=3479"}],"curies":[{"name":"wp","href":"https:\/\/api.w.org\/{rel}","templated":true}]}}