{"id":3499,"date":"2025-05-30T15:45:20","date_gmt":"2025-05-30T07:45:20","guid":{"rendered":"https:\/\/www.ruiqigo.com\/?post_type=product&#038;p=3499"},"modified":"2025-05-30T15:45:21","modified_gmt":"2025-05-30T07:45:21","slug":"whitening-face-cream","status":"publish","type":"product","link":"https:\/\/www.ruiqigo.com\/pt\/product\/whitening-face-cream","title":{"rendered":"Creme Facial Clareador"},"content":{"rendered":"<h2 class=\"wp-block-heading\">F\u00f3rmulas comuns para fabrica\u00e7\u00e3o de cremes faciais clareadores<\/h2>\n\n\n\n<p>Como fabricantes profissionais de cremes faciais clareadores, selecionamos uma variedade de ingredientes ativos clareadores naturais, como niacinamida, arbutina, etc., que atuam sinergicamente. Esses ingredientes n\u00e3o s\u00f3 inibem a forma\u00e7\u00e3o de melanina, como tamb\u00e9m t\u00eam efeitos hidratantes e antioxidantes, permitindo que a pele mantenha o brilho e a elasticidade durante o clareamento.<\/p>\n\n\n\n<p><strong>1. Niacinamida:<\/strong> A niacinamida \u00e9 um ingrediente sol\u00favel em \u00e1gua que pode inibir eficazmente o transporte de melanina para as c\u00e9lulas epid\u00e9rmicas, prevenindo a forma\u00e7\u00e3o de manchas na fonte. Ao mesmo tempo, tamb\u00e9m pode melhorar a fun\u00e7\u00e3o de barreira da pele, melhorar a aspereza, poros dilatados e outros problemas, sendo muito adequada para cuidados di\u00e1rios de clareamento.<\/p>\n\n\n\n<p><strong>2. Arbutina: <\/strong>Arbutin \u00e9 um ingrediente clareador natural extra\u00eddo de plantas. \u00c9 suave e n\u00e3o irritante. Pode inibir eficazmente a atividade da tirosinase e reduzir a s\u00edntese de melanina. Comparado a outros ingredientes potentes, o arbutin \u00e9 mais adequado para uso a longo prazo e tem um efeito significativo no atenuamento de marcas de acne e manchas solares.<\/p>\n\n\n\n<p><strong>3. Extrato de alca\u00e7uz: <\/strong>O alca\u00e7uz \u00e9 rico em \u00e1cido glicirr\u00edzico, que possui importantes efeitos anti-inflamat\u00f3rios e clareadores. \u00c9 adequado para reparar peles sens\u00edveis. Ao mesmo tempo, inibe suavemente a produ\u00e7\u00e3o de melanina e proporciona um efeito clareador natural \u00e0 pele.<\/p>\n\n\n\n<p><strong>4. Derivados da vitamina C: <\/strong>Este ingrediente tem excelentes propriedades antioxidantes, pode neutralizar os radicais livres, promover a s\u00edntese de col\u00e1geno, ao mesmo tempo que clareia o tom da pele e melhora a luminosidade geral da pele.<\/p>\n\n\n\n<h2 class=\"wp-block-heading\">As fun\u00e7\u00f5es do creme facial clareador<\/h2>\n\n\n\n<p>Nosso creme facial clareador tem vantagens significativas em efic\u00e1cia, seguran\u00e7a e experi\u00eancia do usu\u00e1rio, atendendo \u00e0s necessidades duplas dos usu\u00e1rios de clareamento eficaz + cuidados suaves com a pele.<\/p>\n\n\n\n<p><strong>1. Efeito significativo, clareia manchas e ilumina: <\/strong>A f\u00f3rmula do creme facial clareador cont\u00e9m uma variedade de ingredientes ativos que trabalham sinergicamente para penetrar profundamente na pele e clarear manchas, opacidade e marcas de acne, tornando o tom da pele mais uniforme e transparente e melhorando a qualidade geral da pele.<\/p>\n\n\n\n<p><strong>2. V\u00e1rios ingredientes hidratantes: <\/strong>Adicionamos \u00e1cido hialur\u00f4nico, glicerina e outros ingredientes hidratantes altamente eficazes para nutrir profundamente a pele enquanto clareia, fortalece a barreira cut\u00e2nea e evita o envelhecimento da pele ou o tom irregular da pele devido ao ressecamento.<\/p>\n\n\n\n<p><strong>3. Suave e n\u00e3o irritante: <\/strong>A f\u00f3rmula deste produto n\u00e3o cont\u00e9m ingredientes irritantes, como \u00e1lcool, horm\u00f4nios e merc\u00fario. Foi testado em peles sens\u00edveis e \u00e9 altamente seguro, suave e n\u00e3o irritante. Pode ser usado com seguran\u00e7a em peles sens\u00edveis.<\/p>\n\n\n\n<p><strong>4. Textura leve e r\u00e1pida absor\u00e7\u00e3o: <\/strong>O creme facial clareador adota uma textura cremosa refrescante, que \u00e9 leve e n\u00e3o oleosa, f\u00e1cil de absorver, n\u00e3o obstrui os poros e \u00e9 muito adequado para uso em climas quentes.<\/p>\n\n\n\n<p><strong>5. Adequado para v\u00e1rios tipos de pele: <\/strong>Este produto \u00e9 adequado para v\u00e1rios tipos de pele, como oleosa, seca e sens\u00edvel, e pode atender \u00e0s necessidades de diferentes grupos de consumidores.<\/p>\n\n\n\n<h2 class=\"wp-block-heading\">Como usar creme facial clareador<\/h2>\n\n\n\n<p>Como parte importante da rotina di\u00e1ria de cuidados com a pele, recomenda-se o uso de cremes faciais clareadores ap\u00f3s a limpeza e os cuidados b\u00e1sicos para maximizar seus efeitos clareadores e hidratantes. Recomenda-se us\u00e1-lo uma vez ao dia, de manh\u00e3 e \u00e0 noite.<\/p>\n\n\n\n<p><strong>1. Limpeza:<\/strong> Use um limpador suave para limpar o rosto e remover poeira e oleosidade do rosto.<\/p>\n\n\n\n<p><strong>2. T\u00f4nico:<\/strong> Use t\u00f4nico para hidratar a pele.<\/p>\n\n\n\n<p><strong>3. Ess\u00eancia:<\/strong> Aplique ess\u00eancia clareadora para acelerar o efeito de clareamento de manchas e clareamento.<\/p>\n\n\n\n<p><strong>4. Creme facial clareador: <\/strong>Pegue uma quantidade adequada de creme facial clareador e aplique uniformemente no rosto, dando leves batidinhas at\u00e9 que seja absorvido.<\/p>\n\n\n\n<h2 class=\"wp-block-heading\">Cuidado<\/h2>\n\n\n\n<p><strong>1. Recomenda-se o teste cut\u00e2neo: <\/strong>Antes do primeiro uso, aplique uma pequena quantidade atr\u00e1s da orelha ou no pulso, observe por 24 horas e certifique-se de que n\u00e3o haja vermelhid\u00e3o, incha\u00e7o ou alergia antes de usar em todo o rosto.<\/p>\n\n\n\n<p><strong>2. Evite contato com os olhos: <\/strong>N\u00e3o \u00e9 recomendado aplicar o Creme Facial Clareador na pele ao redor dos olhos. Em caso de contato acidental com os olhos, enx\u00e1gue imediatamente com \u00e1gua limpa.<\/p>\n\n\n\n<p><strong>3. Evite usar produtos com ingredientes muito \u00e1cidos:<\/strong> Produtos que cont\u00eam \u00e1cido de frutas ou \u00e1cido salic\u00edlico podem entrar em conflito com os ingredientes do creme facial clareador. Recomenda-se us\u00e1-los em hor\u00e1rios diferentes para evitar irrita\u00e7\u00e3o ou danos \u00e0 barreira cut\u00e2nea.<\/p>\n\n\n\n<p><strong>4. Armazene em local fresco e seco:<\/strong> Evite a exposi\u00e7\u00e3o direta \u00e0 luz solar ou altas temperaturas ao armazenar este produto. O produto deve ser selado para garantir que a atividade dos ingredientes n\u00e3o seja destru\u00edda.<\/p>\n\n\n\n<h2 class=\"wp-block-heading\">Conclus\u00e3o<\/h2>\n\n\n\n<p>O Creme Facial Clareador \u00e9 um creme clareador e hidratante que utiliza uma variedade de ingredientes ativos, como niacinamida, extrato de alca\u00e7uz e derivados de vitamina C, para melhorar eficazmente o tom irregular da pele e reduzir manchas. O produto tem textura leve e \u00e9 adequado para todos os tipos de pele.<\/p>","protected":false},"excerpt":{"rendered":"Whitening Face Cream Manufacturing Common Formulas As a professional manufacturer of whitening face cream, we select a variety of natural whitening active ingredients, such as niacinamide, arbutin, etc., which work synergistically. These ingredients can not only inhibit the formation of melanin, but also have moisturizing and anti-oxidation effects, allowing the skin to maintain luster and [&hellip;]","protected":false},"featured_media":3500,"menu_order":0,"template":"","meta":[],"product-tag":[],"products":[161],"class_list":["post-3499","product","type-product","status-publish","has-post-thumbnail","hentry","products-face-cream"],"acf":[],"_links":{"self":[{"href":"https:\/\/www.ruiqigo.com\/pt\/wp-json\/wp\/v2\/product\/3499","targetHints":{"allow":["GET"]}}],"collection":[{"href":"https:\/\/www.ruiqigo.com\/pt\/wp-json\/wp\/v2\/product"}],"about":[{"href":"https:\/\/www.ruiqigo.com\/pt\/wp-json\/wp\/v2\/types\/product"}],"version-history":[{"count":0,"href":"https:\/\/www.ruiqigo.com\/pt\/wp-json\/wp\/v2\/product\/3499\/revisions"}],"wp:featuredmedia":[{"embeddable":true,"href":"https:\/\/www.ruiqigo.com\/pt\/wp-json\/wp\/v2\/media\/3500"}],"wp:attachment":[{"href":"https:\/\/www.ruiqigo.com\/pt\/wp-json\/wp\/v2\/media?parent=3499"}],"wp:term":[{"taxonomy":"product-tag","embeddable":true,"href":"https:\/\/www.ruiqigo.com\/pt\/wp-json\/wp\/v2\/product-tag?post=3499"},{"taxonomy":"products","embeddable":true,"href":"https:\/\/www.ruiqigo.com\/pt\/wp-json\/wp\/v2\/products?post=3499"}],"curies":[{"name":"wp","href":"https:\/\/api.w.org\/{rel}","templated":true}]}}