{"id":3504,"date":"2025-06-05T16:01:37","date_gmt":"2025-06-05T08:01:37","guid":{"rendered":"https:\/\/www.ruiqigo.com\/?post_type=product&#038;p=3504"},"modified":"2025-06-05T16:01:38","modified_gmt":"2025-06-05T08:01:38","slug":"hydrating-eye-cream","status":"publish","type":"product","link":"https:\/\/www.ruiqigo.com\/pt\/product\/hydrating-eye-cream","title":{"rendered":"Creme Hidratante para os Olhos"},"content":{"rendered":"<h2 class=\"wp-block-heading\">F\u00f3rmulas comuns de fabrica\u00e7\u00e3o de cremes hidratantes para os olhos<\/h2>\n\n\n\n<p>Nosso creme hidratante para os olhos usa uma variedade de ingredientes ativos altamente eficazes e suaves, como \u00e1cido hialur\u00f4nico, vitamina E, niacinamida, etc., combinados com tecnologia moderna de cuidados com a pele, para regular e reparar com precis\u00e3o problemas como olhos secos e incha\u00e7o.<\/p>\n\n\n\n<p><strong>1. \u00c1cido hialur\u00f4nico:<\/strong> O \u00e1cido hialur\u00f4nico de mol\u00e9cula pequena pode penetrar rapidamente na camada inferior do olho, hidratar profundamente e reter a umidade por um longo tempo, melhorando significativamente a secura e a firmeza ao redor dos olhos, criando um ambiente \u00famido duradouro ao redor dos olhos e prevenindo a forma\u00e7\u00e3o de linhas secas.<\/p>\n\n\n\n<p><strong>2. Vitamina E: <\/strong>A vitamina E \u00e9 um ingrediente com forte poder antioxidante. Ela pode neutralizar os radicais livres, reparar danos \u00e0 pele, reduzir linhas finas ao redor dos olhos e proteger a pele fr\u00e1gil dos olhos de est\u00edmulos externos.&nbsp;<\/p>\n\n\n\n<p><strong>3. Niacinamida:<\/strong> A niacinamida pode clarear o tom da pele, melhorar a pele opaca e a pigmenta\u00e7\u00e3o, deixar a pele ao redor dos olhos mais brilhante e com apar\u00eancia mais uniforme, melhorar a fun\u00e7\u00e3o de barreira da pele e reduzir a perda de umidade.&nbsp;<\/p>\n\n\n\n<p><strong>4. Ceramida: <\/strong>\u00c9 um componente importante da barreira cut\u00e2nea. Pode reparar eficazmente a barreira cut\u00e2nea danificada, aumentar a hidrata\u00e7\u00e3o e a defesa, sendo especialmente adequado para pele seca e sens\u00edvel dos olhos.&nbsp;<\/p>\n\n\n\n<p><strong>5. Glicerina: <\/strong>A glicerina \u00e9 um dos hidratantes cl\u00e1ssicos. Ela consegue atrair a umidade do ar e ret\u00ea-la, potencializando o efeito sin\u00e9rgico de outros ingredientes hidratantes e melhorando o efeito hidratante duradouro ap\u00f3s o uso.&nbsp;<\/p>\n\n\n\n<h2 class=\"wp-block-heading\">As fun\u00e7\u00f5es do creme hidratante para os olhos<\/h2>\n\n\n\n<p>As vantagens do creme hidratante para os olhos n\u00e3o se refletem apenas em seus excelentes ingredientes, mas tamb\u00e9m na excelente estabilidade da f\u00f3rmula e na sensa\u00e7\u00e3o confort\u00e1vel na pele. Gra\u00e7as \u00e0 sua tecnologia de absor\u00e7\u00e3o eficiente e textura suave, \u00e9 adequado para todos os tipos de pele e pode ser usado em combina\u00e7\u00e3o com uma variedade de programas de cuidados com a pele.&nbsp;<\/p>\n\n\n\n<p><strong>1. Textura leve e r\u00e1pida absor\u00e7\u00e3o:<\/strong> O Creme Hidratante para a \u00c1rea dos Olhos tem a textura de um creme, leve e delicado, de f\u00e1cil absor\u00e7\u00e3o e que n\u00e3o obstrui os poros. N\u00e3o deixa sensa\u00e7\u00e3o pegajosa ap\u00f3s o uso e \u00e9 adequado para todos os tipos de pele.&nbsp;<\/p>\n\n\n\n<p><strong>2. F\u00f3rmula suave e segura: <\/strong>Toda a f\u00f3rmula deste produto passou no teste de seguran\u00e7a para a pele e n\u00e3o cont\u00e9m ingredientes irritantes, como \u00e1lcool e fragr\u00e2ncias. Pessoas com pele sens\u00edvel e alergias de pele tamb\u00e9m podem us\u00e1-lo com confian\u00e7a.&nbsp;<\/p>\n\n\n\n<p><strong>3. Ingredientes sin\u00e9rgicos e efeitos eficientes: <\/strong>V\u00e1rios ingredientes ativos s\u00e3o combinados no creme hidratante para os olhos para se complementarem, aumentando em conjunto o poder hidratante e reparador e melhorando o efeito do produto.&nbsp;<\/p>\n\n\n\n<p><strong>4. Cuidados com a pele durante todo o dia: <\/strong>O creme hidratante para os olhos pode ser usado de manh\u00e3 e \u00e0 noite. Ele ilumina e hidrata durante o dia e repara e hidrata \u00e0 noite. Um \u00fanico creme tem m\u00faltiplas utilidades e pode aumentar efetivamente a fidelidade do cliente e a taxa de recompra.&nbsp;<\/p>\n\n\n\n<p><strong>5. Pode ser usado com outros produtos: <\/strong>O creme hidratante para os olhos n\u00e3o s\u00f3 pode ser usado com equipamentos de beleza, mas tamb\u00e9m com ess\u00eancia, creme e m\u00e1scara para os olhos para criar um sistema completo de cuidados com a pele e potencializar o efeito do cuidado com a pele dos olhos.<\/p>\n\n\n\n<h2 class=\"wp-block-heading\">Como usar creme hidratante para os olhos<\/h2>\n\n\n\n<p>Para obter o melhor efeito de cuidado com os olhos, recomendamos que os usu\u00e1rios usem um creme hidratante para os olhos todas as manh\u00e3s e noites. O uso regular e prolongado pode ajudar a melhorar significativamente o ressecamento, o incha\u00e7o e outros problemas da pele, al\u00e9m de manter a pele dos olhos hidratada e macia.<\/p>\n\n\n\n<p><strong>1. Limpe a pele ao redor dos olhos: <\/strong>Use um limpador suave para limpar completamente a pele ao redor dos olhos, removendo a oleosidade e evitando obstruir os poros durante procedimentos subsequentes de cuidados com a pele.&nbsp;<\/p>\n\n\n\n<p><strong>2. Use t\u00f4nico: <\/strong>Aplique o t\u00f4nico suavemente no rosto e na pele dos olhos para criar uma boa base para os cuidados posteriores com os olhos.&nbsp;<\/p>\n\n\n\n<p><strong>3. Pegue uma quantidade adequada de creme para os olhos: <\/strong>Use o dedo anelar para pegar uma quantidade de creme para os olhos do tamanho de um gr\u00e3o de arroz, aplique na pele ao redor dos olhos e massageie suavemente com a ponta dos dedos para ajudar na absor\u00e7\u00e3o, mas n\u00e3o puxe a pele excessivamente.&nbsp;<\/p>\n\n\n\n<p><strong>4. Use com outros produtos:<\/strong> Depois de usar o creme para os olhos, voc\u00ea pode continuar a usar outros produtos hidratantes, como creme facial, para um cuidado completo da pele e reten\u00e7\u00e3o de umidade.&nbsp;<\/p>\n\n\n\n<h2 class=\"wp-block-heading\">Cuidado<\/h2>\n\n\n\n<p><strong>1. Teste de sensibilidade: <\/strong>Antes de usar o creme hidratante para os olhos, n\u00e3o \u00e9 necess\u00e1rio realizar um teste de sensibilidade da pele, especialmente para quem usa pela primeira vez. \u00c9 necess\u00e1rio testar uma pequena quantidade atr\u00e1s da orelha ou no pulso para garantir que n\u00e3o haja desconforto antes de aplic\u00e1-lo na \u00e1rea dos olhos.&nbsp;<\/p>\n\n\n\n<p><strong>2. Evite contato com os olhos: <\/strong>Como este produto atua na pele ao redor dos olhos, tenha cuidado ao us\u00e1-lo e evite o contato com os globos oculares e a base dos c\u00edlios. Em caso de contato acidental com os olhos, lave-os imediatamente com \u00e1gua limpa para evitar irrita\u00e7\u00e3o ocular.&nbsp;<\/p>\n\n\n\n<p><strong>3. N\u00e3o abuse:<\/strong> A pele ao redor dos olhos \u00e9 fina e o uso excessivo pode facilmente causar lodo. Recomenda-se usar no m\u00e1ximo o tamanho de um gr\u00e3o de arroz por vez.<\/p>\n\n\n\n<p><strong>4. Mantenha em local fresco e seco: <\/strong>Evite luz solar direta e altas temperaturas para manter os ingredientes ativos.<\/p>\n\n\n\n<h2 class=\"wp-block-heading\">Conclus\u00e3o<\/h2>\n\n\n\n<p>O Creme Hidratante para os Olhos \u00e9 um creme hidratante eficaz para os olhos, desenvolvido para resolver problemas como olhos secos, incha\u00e7o e opacidade. Conquistou a prefer\u00eancia de um grande n\u00famero de consumidores com sua f\u00f3rmula segura e suave, efeito significativo no cuidado da pele dos olhos e uso confort\u00e1vel. O uso cont\u00ednuo deste produto pode melhorar eficazmente o ressecamento dos olhos.<\/p>","protected":false},"excerpt":{"rendered":"Hydrating Eye Cream Manufacturing Common Formulas Our hydrating eye cream uses a variety of highly effective and gentle active ingredients, such as hyaluronic acid, vitamin E, niacinamide, etc., combined with modern skin care technology, to accurately regulate and repair problems such as dry eyes and swelling. 1. Hyaluronic acid: Small molecule hyaluronic acid can quickly [&hellip;]","protected":false},"featured_media":3505,"menu_order":0,"template":"","meta":[],"product-tag":[],"products":[162],"class_list":["post-3504","product","type-product","status-publish","has-post-thumbnail","hentry","products-eye-cream"],"acf":[],"_links":{"self":[{"href":"https:\/\/www.ruiqigo.com\/pt\/wp-json\/wp\/v2\/product\/3504","targetHints":{"allow":["GET"]}}],"collection":[{"href":"https:\/\/www.ruiqigo.com\/pt\/wp-json\/wp\/v2\/product"}],"about":[{"href":"https:\/\/www.ruiqigo.com\/pt\/wp-json\/wp\/v2\/types\/product"}],"version-history":[{"count":0,"href":"https:\/\/www.ruiqigo.com\/pt\/wp-json\/wp\/v2\/product\/3504\/revisions"}],"wp:featuredmedia":[{"embeddable":true,"href":"https:\/\/www.ruiqigo.com\/pt\/wp-json\/wp\/v2\/media\/3505"}],"wp:attachment":[{"href":"https:\/\/www.ruiqigo.com\/pt\/wp-json\/wp\/v2\/media?parent=3504"}],"wp:term":[{"taxonomy":"product-tag","embeddable":true,"href":"https:\/\/www.ruiqigo.com\/pt\/wp-json\/wp\/v2\/product-tag?post=3504"},{"taxonomy":"products","embeddable":true,"href":"https:\/\/www.ruiqigo.com\/pt\/wp-json\/wp\/v2\/products?post=3504"}],"curies":[{"name":"wp","href":"https:\/\/api.w.org\/{rel}","templated":true}]}}