{"id":351,"date":"2024-07-08T10:26:59","date_gmt":"2024-07-08T02:26:59","guid":{"rendered":"https:\/\/ruiqigo.com\/?post_type=product&#038;p=351"},"modified":"2024-10-28T11:36:11","modified_gmt":"2024-10-28T03:36:11","slug":"antibacterial-body-wash","status":"publish","type":"product","link":"https:\/\/www.ruiqigo.com\/pt\/product\/antibacterial-body-wash","title":{"rendered":"Sabonete l\u00edquido antibacteriano"},"content":{"rendered":"<h3 class=\"wp-block-heading\">Sabonete l\u00edquido antibacteriano Common Formulas<\/h3>\n\n\n\n<p>Os principais ingredientes deste sabonete l\u00edquido antibacteriano s\u00e3o extrato de cal\u00eandula e extrato de Centella asi\u00e1tica. A cal\u00eandula \u00e9 rica em flavonoides, que possuem excelentes propriedades antibacterianas e podem inibir eficazmente o crescimento de bact\u00e9rias. A Centella asi\u00e1tica \u00e9 rica em polissacar\u00eddeos e amino\u00e1cidos que nutrem profundamente a pele e melhoram o ressecamento. Esses dois extratos naturais de plantas trabalham juntos para proporcionar um cuidado de limpeza completo para sua pele, mantendo-a sempre limpa e revigorada. Ao mesmo tempo, o produto \u00e9 formulado com ingredientes de limpeza suaves para limpar profundamente os poros e tornar sua experi\u00eancia de banho agrad\u00e1vel.<\/p>\n\n\n\n<h3 class=\"wp-block-heading\">Sabonete l\u00edquido antibacteriano para o corpo Cen\u00e1rios aplic\u00e1veis<\/h3>\n\n\n\n<p>Este sabonete l\u00edquido antibacteriano \u00e9 um gel de banho para todas as condi\u00e7\u00f5es clim\u00e1ticas, especialmente para situa\u00e7\u00f5es que exigem higiene antibacteriana. Nos meses quentes e \u00famidos do ver\u00e3o, inibe o crescimento bacteriano e proporciona um cuidado fresco e limpo para a pele; nos meses frios e secos do inverno, seus ricos ingredientes hidratantes nutrem a pele e aliviam o ressecamento causado pelo frio. Especialmente para os entusiastas do esporte, proporciona uma limpeza profunda e um cuidado antibacteriano para a pele ap\u00f3s os treinos, permitindo que voc\u00ea desfrute de frescor e conforto o tempo todo.<\/p>\n\n\n\n<h3 class=\"wp-block-heading\">Para quem \u00e9 indicado o conjunto de sabonete l\u00edquido antibacteriano<\/h3>\n\n\n\n<p>Este sabonete l\u00edquido antibacteriano foi desenvolvido para pessoas que precisam de cuidados especiais com a pele, especialmente aquelas com pele sens\u00edvel, propensa a eczema ou com necessidades especiais de limpeza. Sua f\u00f3rmula suave combate eficazmente as bact\u00e9rias enquanto nutre a pele, tornando-o adequado para uso di\u00e1rio por toda a fam\u00edlia para melhorar a higiene pessoal. Tamb\u00e9m \u00e9 adequado para quem gosta de se exercitar, proporcionando limpeza profunda e cuidado antibacteriano \u00e0 pele ap\u00f3s o treino.<\/p>\n\n\n\n<h3 class=\"wp-block-heading\">Processo de produ\u00e7\u00e3o de sabonete l\u00edquido antibacteriano<\/h3>\n\n\n\n<p>A produ\u00e7\u00e3o deste sabonete l\u00edquido antibacteriano utiliza um delicado processo de extra\u00e7\u00e3o para preservar os ingredientes ativos dos extratos de cal\u00eandula e Centella asi\u00e1tica. Todo o processo \u00e9 realizado em ambiente ass\u00e9ptico para garantir a pureza do produto. Ao mesmo tempo, o processamento em baixa temperatura \u00e9 utilizado para evitar a destrui\u00e7\u00e3o dos ingredientes ativos, garantindo o efeito antibacteriano e calmante altamente eficaz do sabonete l\u00edquido.<\/p>","protected":false},"excerpt":{"rendered":"Antibacterial body wash Common Formulas The core ingredients of this antibacterial body wash are calendula extract and Centella asiatica extract. Calendula is rich in flavonoids, which have excellent antibacterial properties and can effectively inhibit the growth of bacteria. Centella asiatica is rich in polysaccharides and amino acids that deeply nourish the skin and improve dryness. [&hellip;]","protected":false},"featured_media":352,"menu_order":0,"template":"","meta":[],"product-tag":[],"products":[57],"class_list":["post-351","product","type-product","status-publish","has-post-thumbnail","hentry","products-body-wash"],"acf":[],"_links":{"self":[{"href":"https:\/\/www.ruiqigo.com\/pt\/wp-json\/wp\/v2\/product\/351","targetHints":{"allow":["GET"]}}],"collection":[{"href":"https:\/\/www.ruiqigo.com\/pt\/wp-json\/wp\/v2\/product"}],"about":[{"href":"https:\/\/www.ruiqigo.com\/pt\/wp-json\/wp\/v2\/types\/product"}],"version-history":[{"count":0,"href":"https:\/\/www.ruiqigo.com\/pt\/wp-json\/wp\/v2\/product\/351\/revisions"}],"wp:featuredmedia":[{"embeddable":true,"href":"https:\/\/www.ruiqigo.com\/pt\/wp-json\/wp\/v2\/media\/352"}],"wp:attachment":[{"href":"https:\/\/www.ruiqigo.com\/pt\/wp-json\/wp\/v2\/media?parent=351"}],"wp:term":[{"taxonomy":"product-tag","embeddable":true,"href":"https:\/\/www.ruiqigo.com\/pt\/wp-json\/wp\/v2\/product-tag?post=351"},{"taxonomy":"products","embeddable":true,"href":"https:\/\/www.ruiqigo.com\/pt\/wp-json\/wp\/v2\/products?post=351"}],"curies":[{"name":"wp","href":"https:\/\/api.w.org\/{rel}","templated":true}]}}