{"id":3563,"date":"2025-06-06T16:25:54","date_gmt":"2025-06-06T08:25:54","guid":{"rendered":"https:\/\/www.ruiqigo.com\/?post_type=product&#038;p=3563"},"modified":"2025-06-09T09:21:28","modified_gmt":"2025-06-09T01:21:28","slug":"helichrysum-essential-oil","status":"publish","type":"product","link":"https:\/\/www.ruiqigo.com\/pt\/product\/helichrysum-essential-oil","title":{"rendered":"\u00d3leo Essencial de Helichrysum"},"content":{"rendered":"<h2 class=\"wp-block-heading\">F\u00f3rmulas comuns para fabrica\u00e7\u00e3o de \u00f3leo essencial de Helichrysum<\/h2>\n\n\n\n<p>Somos fabricantes profissionais de \u00f3leo essencial de helichrysum. Utilizamos flores de helichrysum de alta qualidade como mat\u00e9ria-prima e utilizamos destila\u00e7\u00e3o a vapor de baixa temperatura para maximizar a reten\u00e7\u00e3o de ingredientes ativos naturais, como a dicetona. Esses ingredientes ativos naturais promovem a circula\u00e7\u00e3o sangu\u00ednea no couro cabeludo e reparam os danos capilares.&nbsp;<\/p>\n\n\n\n<p><strong>1. Dicetona: <\/strong>Este \u00e9 um dos ingredientes \u00fanicos e essenciais do \u00f3leo essencial de helichrysum. Possui forte poder anti-inflamat\u00f3rio, pode promover eficazmente a cicatriza\u00e7\u00e3o de feridas, atenuar cicatrizes e marcas vermelhas, sendo amplamente utilizado em ess\u00eancias reparadoras e ess\u00eancias para o cuidado do couro cabeludo.&nbsp;<\/p>\n\n\n\n<p><strong>2. Geraniol: <\/strong>O geraniol tem um efeito emoliente natural que pode melhorar a maciez. Nos cuidados com os cabelos, ajuda a real\u00e7ar o brilho e a reduzir o frizz e as pontas duplas.&nbsp;<\/p>\n\n\n\n<p><strong>3. Acetato de bornila: <\/strong>Este \u00e9 um ingrediente importante do \u00f3leo essencial de helichrysum. Possui excelentes efeitos calmantes e anti-inflamat\u00f3rios, que podem reduzir a vermelhid\u00e3o e a sensibilidade da pele causadas por estresse ou fatores ambientais. Ao mesmo tempo, tamb\u00e9m pode acalmar o couro cabeludo e reduzir a coceira e a sensa\u00e7\u00e3o de repuxamento.&nbsp;&nbsp;<\/p>\n\n\n\n<p><strong>4. \u03b1-Pineno:<\/strong> Possui excelentes efeitos de limpeza e antibacterianos, pode purificar os poros e o ambiente do couro cabeludo, melhorar a secre\u00e7\u00e3o de \u00f3leo e problemas de caspa, al\u00e9m de acalmar a pele.&nbsp;<\/p>\n\n\n\n<p><strong>5. Linalol:<\/strong> Possui fun\u00e7\u00f5es de limpeza e antibacterianas. Pode regular a secre\u00e7\u00e3o de \u00f3leo da pele, purificar os poros, melhorar a foliculite causada pelo bloqueio da oleosidade e proporcionar um ambiente favor\u00e1vel \u00e0 sa\u00fade capilar.<\/p>\n\n\n\n<h2 class=\"wp-block-heading\">As fun\u00e7\u00f5es do \u00f3leo essencial de Helichrysum<\/h2>\n\n\n\n<p>O \u00f3leo essencial de Helichrysum \u00e9 um produto indispens\u00e1vel nos cuidados capilares de alta qualidade devido aos seus excelentes ingredientes ativos e sofisticado processo de extra\u00e7\u00e3o.<\/p>\n\n\n\n<p><strong>1. Natural, suave e n\u00e3o irritante:<\/strong> A f\u00f3rmula do \u00f3leo essencial de helichrysum \u00e9 natural e suave, n\u00e3o cont\u00e9m ingredientes irritantes e apresenta baix\u00edssimo risco de alergias. At\u00e9 mesmo beb\u00eas ou pessoas com pele sens\u00edvel podem us\u00e1-lo com seguran\u00e7a.&nbsp;<\/p>\n\n\n\n<p><strong>2. Ingredientes ativos de alta pureza: <\/strong>Extra\u00eddo por meio de tecnologia de destila\u00e7\u00e3o em baixa temperatura para maximizar a reten\u00e7\u00e3o dos ingredientes ativos na imortela, garantindo que cada lote de \u00f3leo essencial de imortela possa manter um desempenho eficiente e consistente.&nbsp;<\/p>\n\n\n\n<p><strong>3. Ecologicamente correto e sustent\u00e1vel:<\/strong> Os ingredientes s\u00e3o de origem pura e o plantio \u00e9 rastre\u00e1vel, o que est\u00e1 em linha com a tend\u00eancia de cuidados naturais com a pele e \u00e9 adequado para s\u00e9ries de cuidados capilares org\u00e2nicos e ecol\u00f3gicos de alta qualidade.&nbsp;<\/p>\n\n\n\n<p><strong>4. Cheiro suave: <\/strong>O \u00f3leo essencial de Helichrysum possui um aroma herbal quente e suave, n\u00e3o t\u00e3o intenso quanto o de lavanda ou eucalipto. Ele pode proporcionar relaxamento e bem-estar ao ser utilizado, al\u00e9m de aprimorar a experi\u00eancia geral do usu\u00e1rio.&nbsp;<\/p>\n\n\n\n<p><strong>5. Multiefeitos em um:<\/strong> O \u00f3leo essencial de Helichrysum n\u00e3o s\u00f3 melhora eficazmente o excesso de oleosidade e a inflama\u00e7\u00e3o do couro cabeludo, como tamb\u00e9m alivia a coceira e repara cabelos danificados. Possui m\u00faltiplos usos em um \u00fanico frasco e m\u00faltiplos efeitos em um s\u00f3.<\/p>\n\n\n\n<h2 class=\"wp-block-heading\">Como usar o \u00f3leo essencial de Helichrysum<\/h2>\n\n\n\n<p>Quando o \u00f3leo essencial de helichrysum \u00e9 usado sozinho, ele precisa ser dilu\u00eddo antes do uso. Quando adicionado \u00e0 f\u00f3rmula, ele precisa ser misturado ao produto na propor\u00e7\u00e3o certa para exercer plenamente seus efeitos calmantes e reparadores e potencializar a efic\u00e1cia geral do produto.<\/p>\n\n\n\n<p><strong>1. Cabelo limpo: <\/strong>Limpe o cabelo antes de usar para garantir a absor\u00e7\u00e3o durante os cuidados capilares subsequentes.<\/p>\n\n\n\n<p><strong>2. Dilua o \u00f3leo essencial de helichrysum: <\/strong>Misture \u00f3leo essencial e \u00f3leo base (como \u00f3leo de jojoba) em uma propor\u00e7\u00e3o de 1:5 ou mais.<\/p>\n\n\n\n<p><strong>3. Aplique e massageie suavemente: <\/strong>Ao usar o \u00f3leo essencial na pele, d\u00ea leves batidinhas para que seja absorvido. Ao aplic\u00e1-lo no couro cabeludo, pode-se massagear para promover a circula\u00e7\u00e3o.<\/p>\n\n\n\n<p><strong>4. Pode ser usado com outros produtos: <\/strong>Pode ser adicionado ao xampu, condicionador e outros produtos para cuidados com os cabelos para aumentar a efic\u00e1cia do produto.<\/p>\n\n\n\n<p><strong>Recomenda\u00e7\u00e3o: <\/strong>Use 2 a 3 vezes por semana e o efeito ser\u00e1 mais significativo se voc\u00ea persistir por muito tempo.<\/p>\n\n\n\n<h2 class=\"wp-block-heading\">Cuidado<\/h2>\n\n\n\n<p>O \u00f3leo essencial de Helichrysum \u00e9 uma ess\u00eancia vegetal altamente concentrada. Para garantir a melhor experi\u00eancia de uso e evitar rea\u00e7\u00f5es al\u00e9rgicas, \u00e9 preciso estar atento ao ambiente de uso e armazenamento.&nbsp;<\/p>\n\n\n\n<p><strong>1. Teste cut\u00e2neo:<\/strong> \u00c9 necess\u00e1rio um teste cut\u00e2neo antes do primeiro uso, especialmente para pessoas com alergias. Um pequeno teste deve ser feito atr\u00e1s da orelha ou na parte interna do pulso para confirmar se n\u00e3o h\u00e1 rea\u00e7\u00f5es adversas antes do uso formal.<\/p>\n\n\n\n<p><strong>2. Evite aplicar diretamente na pele sem dilui\u00e7\u00e3o: <\/strong>O \u00f3leo essencial de Helichrysum possui alta concentra\u00e7\u00e3o. Recomenda-se dilu\u00ed-lo antes do uso para evitar irrita\u00e7\u00e3o ou desconforto al\u00e9rgico na pele.&nbsp;<\/p>\n\n\n\n<p><strong>3. Evite que entre em contato com os olhos: <\/strong>Em caso de contato acidental com os olhos, enx\u00e1gue imediatamente com bastante \u00e1gua. N\u00e3o use diretamente em \u00e1reas sens\u00edveis, como a \u00e1rea dos olhos, boca e nariz.&nbsp;<\/p>\n\n\n\n<p><strong>4. Pessoas gr\u00e1vidas e lactantes devem usar com cautela: <\/strong>Embora este produto seja muito suave, \u00e9 recomendado que grupos especiais consultem profissionais antes do uso para garantir a seguran\u00e7a.&nbsp;<\/p>\n\n\n\n<p><strong>5. Mantenha longe de altas temperaturas e luz solar direta: <\/strong>Os \u00f3leos essenciais devem ser selados e armazenados em local fresco e longe da luz para n\u00e3o afetar a estabilidade dos ingredientes ativos.<\/p>\n\n\n\n<h2 class=\"wp-block-heading\">Conclus\u00e3o<\/h2>\n\n\n\n<p>O \u00f3leo essencial de Helichrysum se destaca em produtos de alta qualidade para cuidados capilares e aromaterapia por suas excelentes propriedades anti-inflamat\u00f3rias e reparadoras. Garantimos que cada lote de \u00f3leos essenciais contenha ingredientes ativos est\u00e1veis e puros, com base em uma rigorosa sele\u00e7\u00e3o de mat\u00e9rias-primas, tecnologia de extra\u00e7\u00e3o avan\u00e7ada e controle de qualidade de alto padr\u00e3o. Al\u00e9m de ser suave e adequado para todos os tipos de pele, ele tamb\u00e9m pode ser integrado a diferentes tipos de produtos para cuidados capilares, proporcionando m\u00faltiplos efeitos.<\/p>","protected":false},"excerpt":{"rendered":"Helichrysum Essential Oil Manufacturing Common Formulas We are a professional manufacturer of helichrysum essential oil. We insist on using high-quality helichrysum flowers as raw materials and use low-temperature steam distillation to maximize the retention of natural active ingredients such as diketone. These natural active ingredients can promote scalp circulation and repair hair damage.&nbsp; 1. Diketone: [&hellip;]","protected":false},"featured_media":3570,"menu_order":0,"template":"","meta":[],"product-tag":[],"products":[53],"class_list":["post-3563","product","type-product","status-publish","has-post-thumbnail","hentry","products-essential-oil"],"acf":[],"_links":{"self":[{"href":"https:\/\/www.ruiqigo.com\/pt\/wp-json\/wp\/v2\/product\/3563","targetHints":{"allow":["GET"]}}],"collection":[{"href":"https:\/\/www.ruiqigo.com\/pt\/wp-json\/wp\/v2\/product"}],"about":[{"href":"https:\/\/www.ruiqigo.com\/pt\/wp-json\/wp\/v2\/types\/product"}],"version-history":[{"count":0,"href":"https:\/\/www.ruiqigo.com\/pt\/wp-json\/wp\/v2\/product\/3563\/revisions"}],"wp:featuredmedia":[{"embeddable":true,"href":"https:\/\/www.ruiqigo.com\/pt\/wp-json\/wp\/v2\/media\/3570"}],"wp:attachment":[{"href":"https:\/\/www.ruiqigo.com\/pt\/wp-json\/wp\/v2\/media?parent=3563"}],"wp:term":[{"taxonomy":"product-tag","embeddable":true,"href":"https:\/\/www.ruiqigo.com\/pt\/wp-json\/wp\/v2\/product-tag?post=3563"},{"taxonomy":"products","embeddable":true,"href":"https:\/\/www.ruiqigo.com\/pt\/wp-json\/wp\/v2\/products?post=3563"}],"curies":[{"name":"wp","href":"https:\/\/api.w.org\/{rel}","templated":true}]}}