{"id":3598,"date":"2025-06-09T11:43:18","date_gmt":"2025-06-09T03:43:18","guid":{"rendered":"https:\/\/www.ruiqigo.com\/?post_type=product&#038;p=3598"},"modified":"2025-06-09T16:12:57","modified_gmt":"2025-06-09T08:12:57","slug":"copiba-essential-oil","status":"publish","type":"product","link":"https:\/\/www.ruiqigo.com\/pt\/product\/copiba-essential-oil","title":{"rendered":"\u00d3leo Essencial de Copiba"},"content":{"rendered":"<h2 class=\"wp-block-heading\">F\u00f3rmulas comuns de fabrica\u00e7\u00e3o de \u00f3leo essencial de copiba<\/h2>\n\n\n\n<p>Somos um fabricante profissional de \u00f3leo essencial de copiba. Utilizamos sempre resina de Copifera de alta qualidade como mat\u00e9ria-prima e adotamos o processo de destila\u00e7\u00e3o a vapor para preservar ao m\u00e1ximo os ingredientes ativos naturais, como o \u03b2-cariofileno. Esses ingredientes penetram nos fol\u00edculos do couro cabeludo e desempenham m\u00faltiplos pap\u00e9is ben\u00e9ficos na sa\u00fade capilar e do couro cabeludo.<\/p>\n\n\n\n<p><strong>1. \u03b2-cariofileno<\/strong>: \u00c9 um ingrediente-chave exclusivo do \u00f3leo essencial de copa\u00edba. Possui fortes propriedades anti-inflamat\u00f3rias e antibacterianas. Pode aliviar eficazmente a inflama\u00e7\u00e3o do couro cabeludo e reduzir a coceira e a vermelhid\u00e3o causadas por bact\u00e9rias e alergias. Ajuda a criar um ambiente saud\u00e1vel no couro cabeludo, fortalecer as ra\u00edzes capilares e reduzir a queda de cabelo.<\/p>\n\n\n\n<p><strong>2. \u00c1cido de copiba<\/strong>: Possui efeitos adstringentes naturais e de controle de oleosidade, pode diminuir os poros do couro cabeludo, regular a secre\u00e7\u00e3o excessiva de sebo, evitar couro cabeludo e cabelos oleosos, deixar o cabelo mais refrescante e macio e melhorar a maciez das escamas capilares.<\/p>\n\n\n\n<p><strong>3. Humuleno<\/strong>: \u00c9 o ingrediente-chave para o cuidado capilar no \u00f3leo essencial de b\u00e1lsamo cubano. Possui excelentes efeitos calmantes e reparadores, alivia o desconforto no couro cabeludo causado por permanentes e tinturas frequentes, ajuda a reparar as fibras capilares danificadas, aumenta a resist\u00eancia dos fios e reduz a quebra.<\/p>\n\n\n\n<p><strong>4. Pineno<\/strong>: Possui boas propriedades de limpeza e refresc\u00e2ncia, limpa profundamente os fol\u00edculos capilares, remove sujeira e res\u00edduos de produtos de modelagem e mant\u00e9m o couro cabeludo limpo. No cen\u00e1rio de aromaterapia para cuidados capilares, tamb\u00e9m pode acalmar o corpo e a mente, reduzir o estresse e, indiretamente, melhorar o ambiente de crescimento capilar afetado pelo estresse mental.<\/p>\n\n\n\n<h2 class=\"wp-block-heading\">As fun\u00e7\u00f5es do \u00f3leo essencial de copiba<\/h2>\n\n\n\n<p>O \u00f3leo essencial de copiba \u00e9 popular por suas diversas fun\u00e7\u00f5es e usos. \u00c9 conhecido por suas propriedades anti-inflamat\u00f3rias, antibacterianas e analg\u00e9sicas, o que o torna eficaz no cuidado do couro cabeludo.<\/p>\n\n\n\n<p><strong>1. Suave e agrad\u00e1vel \u00e0 pele<\/strong>: O \u00f3leo essencial de copiba tem uma f\u00f3rmula suave e raramente causa irrita\u00e7\u00e3o e rea\u00e7\u00f5es al\u00e9rgicas. \u00c9 adequado para diversos tipos de pele e couro cabeludo, podendo ser usado com seguran\u00e7a por pessoas com couro cabeludo sens\u00edvel.<\/p>\n\n\n\n<p><strong>2. Rico em ingredientes ativos<\/strong>: \u00c9 extra\u00eddo por meio de tecnologia avan\u00e7ada e ret\u00e9m altos n\u00edveis de subst\u00e2ncias ativas, como o \u03b2-cariofileno, garantindo um cuidado est\u00e1vel e eficaz para cabelos e couro cabeludo.<\/p>\n\n\n\n<p><strong>3. Fonte de mat\u00e9ria-prima sustent\u00e1vel<\/strong>:A resina da mat\u00e9ria-prima \u00e9 retirada da \u00e1rvore Copifera, e o processo de produ\u00e7\u00e3o est\u00e1 alinhado ao conceito de sustentabilidade ambiental e \u00e0 busca por cuidados capilares ecol\u00f3gicos de alta qualidade.<\/p>\n\n\n\n<p><strong>4. Aroma \u00fanico<\/strong>: O \u00f3leo essencial de copiba possui um aroma calmante e amadeirado que pode ser difundido para promover relaxamento e bem-estar. Quando usado no cuidado capilar, cria uma atmosfera agrad\u00e1vel e relaxante e aprimora a experi\u00eancia sensorial do usu\u00e1rio.<\/p>\n\n\n\n<p><strong>5. Cuidado capilar multiefeito<\/strong>: Regula a secre\u00e7\u00e3o de \u00f3leo do couro cabeludo, alivia a inflama\u00e7\u00e3o e a coceira, al\u00e9m de ajudar a fortalecer os cabelos, reduzir a quebra e melhorar a resist\u00eancia e o brilho geral dos fios. Um \u00fanico frasco pode proporcionar m\u00faltiplos efeitos de cuidado capilar.<\/p>\n\n\n\n<h2 class=\"wp-block-heading\">Como usar o \u00f3leo essencial de copiba<\/h2>\n\n\n\n<p>Copiba \u00e9 um \u00f3leo essencial altamente concentrado. Certifique-se de dilu\u00ed-lo com um \u00f3leo carreador. Aplic\u00e1-lo puro pode causar irrita\u00e7\u00e3o na pele. Quando usado com outros produtos, deve ser adicionado ao produto na mesma propor\u00e7\u00e3o para potencializar o efeito geral.<\/p>\n\n\n\n<p><strong>1. \u00d3leo de massagem no couro cabeludo<\/strong>: Misture 3-5 gotas de \u00f3leo essencial de copiba com 10 ml de \u00f3leo base (como \u00f3leo de coco) para ajudar a regular a oleosidade do couro cabeludo, aliviar a coceira e aumentar a vitalidade da raiz do cabelo.<\/p>\n\n\n\n<p><strong>2. Opera\u00e7\u00e3o de dilui\u00e7\u00e3o<\/strong>: Misture 1-2 gotas de \u00f3leo essencial de copiba com 5 ml de \u00e1gua purificada ou condicionador sem enx\u00e1gue para reduzir a eletricidade est\u00e1tica, deixar o cabelo mais macio e ter uma fragr\u00e2ncia leve e agrad\u00e1vel, adequado para uso di\u00e1rio.<\/p>\n\n\n\n<p><strong>3. Aplique e massageie suavemente<\/strong>: Quando usado no couro cabeludo, mergulhe o \u00f3leo essencial dilu\u00eddo com a ponta dos dedos e massageie em movimentos circulares por 2 a 3 minutos para promover a circula\u00e7\u00e3o sangu\u00ednea e a absor\u00e7\u00e3o. Quando usado na pele, d\u00ea leves batidinhas at\u00e9 a absor\u00e7\u00e3o.<\/p>\n\n\n\n<p><strong>4. Misture com produtos para o cabelo<\/strong>: Adicione uma gota de \u00f3leo essencial de copiba ao seu xampu, condicionador ou m\u00e1scara capilar di\u00e1ria, misture bem e use para aumentar a hidrata\u00e7\u00e3o, combater o frizz e acalmar o couro cabeludo.<br><strong>Recomenda\u00e7\u00e3o<\/strong>: Use 2 a 3 vezes por semana e a sa\u00fade do couro cabeludo, a qualidade do cabelo e o desconforto no couro cabeludo melhorar\u00e3o gradualmente.<\/p>\n\n\n\n<h2 class=\"wp-block-heading\">Cuidado<\/h2>\n\n\n\n<p>O \u00f3leo essencial de b\u00e1lsamo cubano \u00e9 um extrato vegetal concentrado. Para garantir o uso seguro e manter a efic\u00e1cia, os seguintes pontos devem ser observados durante o uso e o armazenamento.<\/p>\n\n\n\n<p><strong>1. Requisitos para testes cut\u00e2neos<\/strong>: Antes do primeiro uso, especialmente para pessoas com pele sens\u00edvel e alergias, \u00e9 necess\u00e1rio um teste em uma pequena \u00e1rea. Ap\u00f3s um per\u00edodo de observa\u00e7\u00e3o, se n\u00e3o houver vermelhid\u00e3o, coceira, ard\u00eancia, etc., aplique em uma \u00e1rea ampla.<\/p>\n\n\n\n<p><strong>2. O uso na pele requer dilui\u00e7\u00e3o<\/strong>: Devido \u00e0 alta concentra\u00e7\u00e3o, n\u00e3o aplique diretamente na pele. Certifique-se de dilu\u00ed-lo com \u00f3leo base em uma propor\u00e7\u00e3o segura para evitar irrita\u00e7\u00f5es.<\/p>\n\n\n\n<p><strong>3. Proteja-se bem<\/strong>: evite contato com mucosas como olhos, boca e nariz. Em caso de contato acidental, lave imediatamente com bastante \u00e1gua, n\u00e3o esfregue e procure atendimento m\u00e9dico imediatamente se o desconforto n\u00e3o diminuir.<\/p>\n\n\n\n<p><strong>4. Use com cautela em grupos especiais<\/strong>: Mulheres gr\u00e1vidas, lactantes, beb\u00eas e crian\u00e7as pequenas n\u00e3o devem us\u00e1-lo sozinhas, a menos que sejam orientadas por aromaterapeutas profissionais ou equipe m\u00e9dica.<\/p>\n\n\n\n<p><strong>5. Requisitos do ambiente de armazenamento<\/strong>: Mantenha em local fresco e escuro, fechando bem a tampa do frasco para evitar a oxida\u00e7\u00e3o e manter a estabilidade dos ingredientes ativos.<\/p>\n\n\n\n<h2 class=\"wp-block-heading\">Conclus\u00e3o<\/h2>\n\n\n\n<p>Com suas excelentes propriedades anti-inflamat\u00f3rias, calmantes e reparadoras, o \u00f3leo essencial de copa\u00edba se destaca no mercado de produtos de alta qualidade para cuidados com os cabelos e a pele. Por meio de rigorosos testes de mat\u00e9rias-primas, tecnologia avan\u00e7ada de extra\u00e7\u00e3o e controle de qualidade de alto padr\u00e3o, garantimos que cada lote de \u00f3leo essencial contenha ingredientes ativos est\u00e1veis e puros. Ele pode desempenhar m\u00faltiplas fun\u00e7\u00f5es, como regular a oleosidade do couro cabeludo, aliviar o desconforto da pele e aprimorar a experi\u00eancia da fragr\u00e2ncia, tornando-se um item valioso em produtos de cuidados pessoais com \u00f3leos essenciais.<\/p>\n\n\n\n<p><\/p>","protected":false},"excerpt":{"rendered":"Copiba Essential Oil Manufacturing Common Formulas We are a professional manufacturer of copiba essential oil. We always use high-quality Copifera tree resin as raw material and adopt steam distillation process to retain natural active ingredients such as \u03b2-caryophyllene to the greatest extent. These ingredients can penetrate into the scalp follicles and play multiple beneficial roles [&hellip;]","protected":false},"featured_media":3599,"menu_order":0,"template":"","meta":[],"product-tag":[],"products":[53],"class_list":["post-3598","product","type-product","status-publish","has-post-thumbnail","hentry","products-essential-oil"],"acf":[],"_links":{"self":[{"href":"https:\/\/www.ruiqigo.com\/pt\/wp-json\/wp\/v2\/product\/3598","targetHints":{"allow":["GET"]}}],"collection":[{"href":"https:\/\/www.ruiqigo.com\/pt\/wp-json\/wp\/v2\/product"}],"about":[{"href":"https:\/\/www.ruiqigo.com\/pt\/wp-json\/wp\/v2\/types\/product"}],"version-history":[{"count":0,"href":"https:\/\/www.ruiqigo.com\/pt\/wp-json\/wp\/v2\/product\/3598\/revisions"}],"wp:featuredmedia":[{"embeddable":true,"href":"https:\/\/www.ruiqigo.com\/pt\/wp-json\/wp\/v2\/media\/3599"}],"wp:attachment":[{"href":"https:\/\/www.ruiqigo.com\/pt\/wp-json\/wp\/v2\/media?parent=3598"}],"wp:term":[{"taxonomy":"product-tag","embeddable":true,"href":"https:\/\/www.ruiqigo.com\/pt\/wp-json\/wp\/v2\/product-tag?post=3598"},{"taxonomy":"products","embeddable":true,"href":"https:\/\/www.ruiqigo.com\/pt\/wp-json\/wp\/v2\/products?post=3598"}],"curies":[{"name":"wp","href":"https:\/\/api.w.org\/{rel}","templated":true}]}}