{"id":361,"date":"2024-07-08T10:02:18","date_gmt":"2024-07-08T02:02:18","guid":{"rendered":"https:\/\/ruiqigo.com\/?post_type=product&#038;p=361"},"modified":"2024-10-28T15:38:16","modified_gmt":"2024-10-28T07:38:16","slug":"salicylic-acid-body-wash","status":"publish","type":"product","link":"https:\/\/www.ruiqigo.com\/pt\/product\/salicylic-acid-body-wash","title":{"rendered":"Sabonete l\u00edquido corporal com \u00e1cido salic\u00edlico"},"content":{"rendered":"<h3 class=\"wp-block-heading\">F\u00f3rmulas comuns para fabrica\u00e7\u00e3o de sabonete l\u00edquido com \u00e1cido salic\u00edlico<\/h3>\n\n\n\n<p>O ingrediente principal deste Sabonete L\u00edquido Corporal com \u00c1cido Salic\u00edlico \u00e9 o \u00c1cido Salic\u00edlico. O \u00c1cido Salic\u00edlico \u00e9 um Beta-Hidroxi\u00e1cido natural com excelentes propriedades queratol\u00edticas e antibacterianas que limpa eficazmente a superf\u00edcie da pele, removendo a queratina envelhecida e diversas impurezas. A f\u00f3rmula tamb\u00e9m conta com aloe vera, ch\u00e1 verde e outros extratos naturais de plantas, que fornecem \u00e0 pele nutrientes ricos, como vitaminas, minerais, etc., para que ela fique sempre hidratada e macia. Al\u00e9m disso, todas as mat\u00e9rias-primas passaram por rigorosos testes e triagem para garantir a seguran\u00e7a e a efic\u00e1cia do produto.<\/p>\n\n\n\n<h3 class=\"wp-block-heading\">Sabonete l\u00edquido corporal com \u00e1cido salic\u00edlico Cen\u00e1rios aplic\u00e1veis<\/h3>\n\n\n\n<p>Este sabonete l\u00edquido com \u00e1cido salic\u00edlico \u00e9 adequado para todas as esta\u00e7\u00f5es e climas. No ver\u00e3o quente e \u00famido, ele limpa profundamente a sujeira acumulada e a queratina envelhecida, prevenindo o aparecimento de espinhas e acne; no inverno frio e seco, \u00e9 rico em ingredientes nutritivos para proporcionar um cuidado completo \u00e0 pele, aliviando o ressecamento e outros problemas.<\/p>\n\n\n\n<h3 class=\"wp-block-heading\">Para quem \u00e9 indicado o sabonete l\u00edquido corporal com \u00e1cido salic\u00edlico?<\/h3>\n\n\n\n<p>O Sabonete L\u00edquido Corporal com \u00c1cido Salic\u00edlico \u00e9 indicado para pessoas com acne, espinhas ou pele oleosa. Cont\u00e9m \u00e1cido salic\u00edlico para ajudar a remover c\u00e9lulas mortas, limpar profundamente os poros e reduzir o ac\u00famulo de oleosidade, tornando-o ideal para quem precisa melhorar a condi\u00e7\u00e3o da pele e prevenir erup\u00e7\u00f5es cut\u00e2neas. Tamb\u00e9m \u00e9 indicado para amantes da beleza que desejam trazer um charme de beleza fresco e radiante \u00e0 pele durante o banho di\u00e1rio.<\/p>\n\n\n\n<h3 class=\"wp-block-heading\">Processo de produ\u00e7\u00e3o de sabonete l\u00edquido com \u00e1cido salic\u00edlico<\/h3>\n\n\n\n<p>Este Sabonete L\u00edquido Corporal com \u00c1cido Salic\u00edlico \u00e9 fabricado com aten\u00e7\u00e3o especial ao controle da concentra\u00e7\u00e3o de \u00e1cido salic\u00edlico e ao equil\u00edbrio do pH para garantir que o produto seja eficaz e suave. O uso de tecnologia avan\u00e7ada de emulsifica\u00e7\u00e3o garante que os ingredientes sejam dispersos uniformemente e passem por testes de sensibilidade para garantir a seguran\u00e7a do produto e a efic\u00e1cia dos cuidados com a pele.<\/p>","protected":false},"excerpt":{"rendered":"Salicylic acid body wash manufacturing Common Formulas The core ingredient of this Salicylic Acid Body Wash is Salicylic Acid. Salicylic Acid is a naturally occurring Beta Hydroxy Acid with excellent keratolytic and antibacterial properties that effectively cleanses the skin&#8217;s surface of aged keratin and various impurities. In the formula, we also added aloe vera, green [&hellip;]","protected":false},"featured_media":362,"menu_order":0,"template":"","meta":[],"product-tag":[],"products":[57],"class_list":["post-361","product","type-product","status-publish","has-post-thumbnail","hentry","products-body-wash"],"acf":[],"_links":{"self":[{"href":"https:\/\/www.ruiqigo.com\/pt\/wp-json\/wp\/v2\/product\/361","targetHints":{"allow":["GET"]}}],"collection":[{"href":"https:\/\/www.ruiqigo.com\/pt\/wp-json\/wp\/v2\/product"}],"about":[{"href":"https:\/\/www.ruiqigo.com\/pt\/wp-json\/wp\/v2\/types\/product"}],"version-history":[{"count":0,"href":"https:\/\/www.ruiqigo.com\/pt\/wp-json\/wp\/v2\/product\/361\/revisions"}],"wp:featuredmedia":[{"embeddable":true,"href":"https:\/\/www.ruiqigo.com\/pt\/wp-json\/wp\/v2\/media\/362"}],"wp:attachment":[{"href":"https:\/\/www.ruiqigo.com\/pt\/wp-json\/wp\/v2\/media?parent=361"}],"wp:term":[{"taxonomy":"product-tag","embeddable":true,"href":"https:\/\/www.ruiqigo.com\/pt\/wp-json\/wp\/v2\/product-tag?post=361"},{"taxonomy":"products","embeddable":true,"href":"https:\/\/www.ruiqigo.com\/pt\/wp-json\/wp\/v2\/products?post=361"}],"curies":[{"name":"wp","href":"https:\/\/api.w.org\/{rel}","templated":true}]}}