{"id":3610,"date":"2025-06-11T10:19:53","date_gmt":"2025-06-11T02:19:53","guid":{"rendered":"https:\/\/www.ruiqigo.com\/?post_type=product&#038;p=3610"},"modified":"2025-06-11T10:19:53","modified_gmt":"2025-06-11T02:19:53","slug":"bergamot-essential-oil","status":"publish","type":"product","link":"https:\/\/www.ruiqigo.com\/pt\/product\/bergamot-essential-oil","title":{"rendered":"\u00d3leo Essencial de Bergamota"},"content":{"rendered":"<h2 class=\"wp-block-heading\">F\u00f3rmulas comuns para a fabrica\u00e7\u00e3o de \u00f3leos essenciais de bergamota<\/h2>\n\n\n\n<p>Como fabricante e fornecedor de longa data de \u00f3leo essencial de bergamota, selecionamos rigorosamente frutas de bergamota maduras e usamos tecnologia sofisticada para extrair e reter ingredientes naturais, como limoneno, linalol, acetato de linalol, etc., para fornecer suporte seguro, natural e duradouro para o cuidado do cabelo. <\/p>\n\n\n\n<p><strong>1. Limoneno:<\/strong> O limoneno \u00e9 uma subst\u00e2ncia natural que ocupa uma posi\u00e7\u00e3o dominante no \u00f3leo essencial de bergamota. Possui excelentes propriedades antioxidantes, de dissolu\u00e7\u00e3o de gordura e de limpeza, o que pode ajudar a decompor e remover o excesso de oleosidade e part\u00edculas de polui\u00e7\u00e3o do couro cabeludo, aliviar o problema de fol\u00edculos capilares bloqueados e deixar o couro cabeludo fresco e transparente. Al\u00e9m disso, sua fragr\u00e2ncia natural tamb\u00e9m pode ajudar a refrescar a mente.&nbsp;<\/p>\n\n\n\n<p><strong>2. Linalol:<\/strong> O linalol \u00e9 um ingrediente com efeitos antibacterianos e purificantes suaves que ajuda a inibir bact\u00e9rias nocivas na microecologia do couro cabeludo, prevenir caspa e odores causados pelo crescimento bacteriano e manter o cabelo limpo e higi\u00eanico.&nbsp;<\/p>\n\n\n\n<p><strong>3. Acetato de linalol: <\/strong>Este \u00e9 um ingrediente estrela com efeito calmante, relaxante e suavizante no couro cabeludo. Pode reduzir eficazmente a tens\u00e3o e a irrita\u00e7\u00e3o do couro cabeludo, aliviar coceira, formigamento e outros desconfortos causados por tens\u00e3o e est\u00edmulos ambientais, al\u00e9m de melhorar a experi\u00eancia do usu\u00e1rio.&nbsp;<\/p>\n\n\n\n<p><strong>4. Geraniol:<\/strong> O geraniol possui efeitos repelentes naturais de insetos e antibacterianos. \u00c9 adequado para fortalecer a barreira protetora do couro cabeludo e aliviar a coceira. Tamb\u00e9m pode promover a microcircula\u00e7\u00e3o do couro cabeludo, melhorar a efici\u00eancia do fornecimento de nutrientes e proporcionar aos fol\u00edculos capilares um ambiente de crescimento mais favor\u00e1vel.&nbsp;<\/p>\n\n\n\n<p><strong>5. \u03b1-Pineno:<\/strong> Este ingrediente tem efeitos anti-inflamat\u00f3rios e pode aliviar a inflama\u00e7\u00e3o ou vermelhid\u00e3o do couro cabeludo, al\u00e9m do incha\u00e7o. \u00c9 adequado para reparar danos ao couro cabeludo causados por permanentes, tinturas, exposi\u00e7\u00e3o prolongada ao sol, etc.<\/p>\n\n\n\n<h2 class=\"wp-block-heading\">As fun\u00e7\u00f5es do \u00f3leo essencial de bergamota<\/h2>\n\n\n\n<p><strong>1. Extra\u00e7\u00e3o natural:<\/strong> O \u00f3leo essencial de bergamota \u00e9 extra\u00eddo da bergamota por meio de uma tecnologia de extra\u00e7\u00e3o em baixa temperatura, que preserva ao m\u00e1ximo os ingredientes originais e as subst\u00e2ncias arom\u00e1ticas. N\u00e3o \u00e9 processado com solventes qu\u00edmicos, garantindo sua pureza e naturalidade.&nbsp;<\/p>\n\n\n\n<p><strong>2. Excelente fun\u00e7\u00e3o antibacteriana e de purifica\u00e7\u00e3o:<\/strong> Os ingredientes naturais do \u00f3leo essencial de bergamota t\u00eam efeitos anti-inflamat\u00f3rios e antibacterianos, que podem reduzir efetivamente os problemas causados pelo entupimento dos fol\u00edculos capilares por \u00f3leo, melhorar a caspa e a coceira no couro cabeludo e ajudar a manter o equil\u00edbrio ecol\u00f3gico do couro cabeludo.&nbsp;<\/p>\n\n\n\n<p><strong>3. Experi\u00eancia sensorial superior: <\/strong>A fragr\u00e2ncia frutada fresca tem um aroma suave e doce, que \u00e9 calmante e agrad\u00e1vel, e pode aumentar o prazer sensorial geral do usu\u00e1rio durante o cuidado com os cabelos.&nbsp;<\/p>\n\n\n\n<p><strong>4. Melhore o humor e alivie o estresse:<\/strong> Os ingredientes arom\u00e1ticos do \u00f3leo essencial de bergamota podem aliviar a depress\u00e3o e a tens\u00e3o nervosa. Para usu\u00e1rios que est\u00e3o sob press\u00e3o por muito tempo, pode proporcionar um relaxamento duplo, da pele ao c\u00e9rebro. Ao cuidar dos cabelos, tamb\u00e9m pode aliviar o estresse psicol\u00f3gico.<\/p>\n\n\n\n<h2 class=\"wp-block-heading\">Como usar o \u00f3leo essencial de bergamota<\/h2>\n\n\n\n<p>O \u00f3leo essencial de bergamota \u00e9 muito f\u00e1cil de usar. Pode ser adicionado diretamente a \u00f3leos base ou produtos para o cabelo, ou usado sozinho para massagem no couro cabeludo ou aromaterapia.&nbsp;<\/p>\n\n\n\n<p><strong>1. Dilui\u00e7\u00e3o e prepara\u00e7\u00e3o:<\/strong> Antes de usar, pegue 2 a 3 gotas de \u00f3leo essencial de bergamota, adicione 10 ml de \u00f3leo base, como \u00f3leo de jojoba ou \u00f3leo de am\u00eandoa doce, e misture bem.&nbsp;<\/p>\n\n\n\n<p><strong>2. Massageie o couro cabeludo:<\/strong> Aplique o \u00f3leo essencial dilu\u00eddo uniformemente no couro cabeludo e massageie suavemente com a ponta dos dedos por 5 a 10 minutos.<\/p>\n\n\n\n<p><strong>3. Penetra\u00e7\u00e3o e absor\u00e7\u00e3o: <\/strong>Aguarde de 15 a 20 minutos para que o \u00f3leo essencial seja totalmente absorvido e penetre no couro cabeludo para nutri-lo profundamente.<\/p>\n\n\n\n<p><strong>4. Lave com \u00e1gua limpa: <\/strong>Depois disso, use \u00e1gua morna e xampu suave para limpar bem e evitar res\u00edduos oleosos na cabe\u00e7a.<\/p>\n\n\n\n<p><strong>Recomenda\u00e7\u00e3o:<\/strong> Recomenda-se us\u00e1-lo regularmente, 1 a 2 vezes por semana, para um cuidado melhor e cont\u00ednuo.<\/p>\n\n\n\n<h2 class=\"wp-block-heading\">Cuidado<\/h2>\n\n\n\n<p><strong>1. Teste cut\u00e2neo:<\/strong> Se voc\u00ea estiver gr\u00e1vida ou tiver pele sens\u00edvel, recomendamos fazer um teste cut\u00e2neo atr\u00e1s da orelha antes de usar. Somente ap\u00f3s confirmar que n\u00e3o h\u00e1 irrita\u00e7\u00e3o, o produto poder\u00e1 ser usado oficialmente.<\/p>\n\n\n\n<p><strong>2. Diluir antes de usar:<\/strong> O \u00f3leo essencial original possui alta concentra\u00e7\u00e3o. O contato direto com a pele pode causar alergias ou irrita\u00e7\u00f5es. Portanto, deve ser dilu\u00eddo antes do tratamento capilar para evitar danos ao couro cabeludo.<\/p>\n\n\n\n<p><strong>3. Preste aten\u00e7\u00e3o para evitar a luz:<\/strong> O \u00f3leo essencial de bergamota cont\u00e9m ingredientes fotossens\u00edveis. Recomenda-se evitar o uso durante o dia ou imediatamente antes ou depois da exposi\u00e7\u00e3o ao sol, e evitar a luz por pelo menos 12 horas ap\u00f3s o uso.<\/p>\n\n\n\n<p><strong>4. Evite contato com os olhos ou feridas:<\/strong> Evite o contato dos \u00f3leos essenciais com os olhos ou com a pele lesionada. Em caso de contato acidental com os olhos, lave imediatamente com bastante \u00e1gua e procure atendimento m\u00e9dico imediatamente.<\/p>\n\n\n\n<h2 class=\"wp-block-heading\">Conclus\u00e3o<\/h2>\n\n\n\n<p>Como um \u00f3leo essencial de alta qualidade para o cuidado natural dos cabelos, o \u00f3leo essencial de bergamota ocupa uma posi\u00e7\u00e3o \u00fanica no cuidado capilar, com seu excelente efeito e fragr\u00e2ncia fresca e agrad\u00e1vel. Seus ricos ingredientes ativos naturais podem efetivamente melhorar o ambiente do couro cabeludo e aliviar o estresse. Pode ser misturado com uma variedade de \u00f3leos essenciais, com forte adaptabilidade e ampla aplica\u00e7\u00e3o.&nbsp;<\/p>\n\n\n\n<p>Seja usado para relaxamento capilar, do couro cabeludo ou para aromaterapia, o \u00f3leo essencial de bergamota \u00e9 uma escolha natural.<\/p>","protected":false},"excerpt":{"rendered":"Bergamot Essential Oil Manufacturing Common Formulas As the manufacturer and long-term supplier of bergamot essential oil, we strictly select ripe bergamot fruits and use sophisticated technology to extract and retain natural ingredients such as limonene, linalool, linalool acetate, etc., to provide safe, natural, and lasting support for hair care. 1. Limonene: Limonene is a natural [&hellip;]","protected":false},"featured_media":3611,"menu_order":0,"template":"","meta":[],"product-tag":[],"products":[53],"class_list":["post-3610","product","type-product","status-publish","has-post-thumbnail","hentry","products-essential-oil"],"acf":[],"_links":{"self":[{"href":"https:\/\/www.ruiqigo.com\/pt\/wp-json\/wp\/v2\/product\/3610","targetHints":{"allow":["GET"]}}],"collection":[{"href":"https:\/\/www.ruiqigo.com\/pt\/wp-json\/wp\/v2\/product"}],"about":[{"href":"https:\/\/www.ruiqigo.com\/pt\/wp-json\/wp\/v2\/types\/product"}],"version-history":[{"count":0,"href":"https:\/\/www.ruiqigo.com\/pt\/wp-json\/wp\/v2\/product\/3610\/revisions"}],"wp:featuredmedia":[{"embeddable":true,"href":"https:\/\/www.ruiqigo.com\/pt\/wp-json\/wp\/v2\/media\/3611"}],"wp:attachment":[{"href":"https:\/\/www.ruiqigo.com\/pt\/wp-json\/wp\/v2\/media?parent=3610"}],"wp:term":[{"taxonomy":"product-tag","embeddable":true,"href":"https:\/\/www.ruiqigo.com\/pt\/wp-json\/wp\/v2\/product-tag?post=3610"},{"taxonomy":"products","embeddable":true,"href":"https:\/\/www.ruiqigo.com\/pt\/wp-json\/wp\/v2\/products?post=3610"}],"curies":[{"name":"wp","href":"https:\/\/api.w.org\/{rel}","templated":true}]}}