{"id":3626,"date":"2025-06-12T14:04:02","date_gmt":"2025-06-12T06:04:02","guid":{"rendered":"https:\/\/www.ruiqigo.com\/?post_type=product&#038;p=3626"},"modified":"2025-06-19T09:23:36","modified_gmt":"2025-06-19T01:23:36","slug":"beard-conditioner","status":"publish","type":"product","link":"https:\/\/www.ruiqigo.com\/pt\/product\/beard-conditioner","title":{"rendered":"Condicionador de barba"},"content":{"rendered":"<h2 class=\"wp-block-heading\">F\u00f3rmulas comuns de fabrica\u00e7\u00e3o de condicionadores de barba<\/h2>\n\n\n\n<p>Somos desenvolvedores dedicados de f\u00f3rmulas para o cuidado da barba. Com foco nas necessidades \u00fanicas dos pelos faciais e da pele, selecionamos ingredientes com base em fun\u00e7\u00f5es hidratantes, suavizantes, calmantes e outras. Por meio de compostos cient\u00edficos, criamos condicionadores eficazes que melhoram a sa\u00fade e o conforto da barba.<\/p>\n\n\n\n<p><strong>1. \u00d3leo de jojoba:<\/strong> \u00c9 o principal emoliente dos condicionadores para barba e penetra na barba e na pele subjacente. Hidrata sem obstruir os poros, suaviza barbas \u00e1speras, ajuda a manter a barreira hidratante natural da pele, previne o ressecamento e a irrita\u00e7\u00e3o da barba e garante uma textura suave.<\/p>\n\n\n\n<p><strong>2. \u00d3leo de argan:<\/strong> Rico em \u00e1cidos graxos e vitamina E, \u00e9 um aditivo altamente nutritivo. Nos cuidados com a barba, nutre os fol\u00edculos capilares, fortalece os fios, reduz o frizz e adiciona um brilho saud\u00e1vel. Seus ingredientes antioxidantes tamb\u00e9m podem proteger a barba e a pele dos danos ambientais e retardar o envelhecimento precoce dos pelos faciais.<\/p>\n\n\n\n<p><strong>3. Manteiga de karit\u00e9:<\/strong> Como um lip\u00eddio natural, proporciona hidrata\u00e7\u00e3o intensa. Ret\u00e9m a umidade, suaviza barbas \u00e1speras e dif\u00edceis de pentear e acalma a pele irritada sob a barba, especialmente em barbas secas e \u00e1speras.<\/p>\n\n\n\n<p><strong>4.Glicerina:<\/strong> Um umectante comum em condicionadores, hidrata a barba e a pele, prevenindo o ressecamento e a fragilidade. Aumenta o teor geral de umidade da barba, tornando-a mais flex\u00edvel e menos propensa \u00e0 quebra, al\u00e9m de auxiliar na a\u00e7\u00e3o de outros ingredientes hidratantes.<\/p>\n\n\n\n<p><strong>5.Pantenol:<\/strong> Tamb\u00e9m conhecida como pr\u00f3-vitamina B5, possui excelentes propriedades reparadoras. Penetra na barba para aumentar sua elasticidade e for\u00e7a. Acalma a pele irritada sob a barba, promove a repara\u00e7\u00e3o da pele, reduz a vermelhid\u00e3o e repara barbas danificadas, proporcionando uma apar\u00eancia mais espessa e saud\u00e1vel.<\/p>\n\n\n\n<h2 class=\"wp-block-heading\">As fun\u00e7\u00f5es do condicionador de barba<\/h2>\n\n\n\n<p>O condicionador para barba \u00e9 um tratamento especializado que atende \u00e0s necessidades espec\u00edficas dos pelos faciais e da pele subjacente. Sua f\u00f3rmula personalizada oferece m\u00faltiplos benef\u00edcios para uma barba mais saud\u00e1vel e f\u00e1cil de cuidar.<\/p>\n\n\n\n<p><strong>1. Hidrata e suaviza profundamente:<\/strong> Os condicionadores usam emolientes como manteiga de jojoba e manteiga de karit\u00e9 para penetrar na haste capilar, repor a hidrata\u00e7\u00e3o e reduzir eficazmente a aspereza, deixando a barba mais macia e f\u00e1cil de pentear.<\/p>\n\n\n\n<p><strong>2. Acalma a pele e alivia a irrita\u00e7\u00e3o:<\/strong> Os condicionadores geralmente cont\u00eam ingredientes como aloe vera ou pantenol para aliviar a vermelhid\u00e3o, a coceira e a inflama\u00e7\u00e3o, al\u00e9m de equilibrar a produ\u00e7\u00e3o natural de \u00f3leo da pele para evitar o excesso de secre\u00e7\u00e3o de \u00f3leo ou ressecamento.<\/p>\n\n\n\n<p><strong>3. Fortalece e repara:<\/strong> As prote\u00ednas e vitaminas presentes nos condicionadores fortalecem a estrutura da sua barba, reduzem a quebra e as pontas duplas e ajudam a melhorar o ressecamento e a fragilidade.<\/p>\n\n\n\n<p><strong>4. Controla o frizz e melhora o brilho: <\/strong>Pol\u00edmeros sem silicone ou \u00f3leos naturais presentes no produto revestem as escamas capilares, alisando os fios rebeldes e dando a eles um brilho natural.<\/p>\n\n\n\n<p><strong>5. Suporte \u00e0 sa\u00fade da barba a longo prazo: <\/strong>O uso regular de condicionador para barba pode nutrir os fol\u00edculos capilares e promover um crescimento mais espesso e forte da barba ao longo do tempo. Para barbas com falhas ou de crescimento lento, o cuidado cont\u00ednuo pode melhorar sua espessura e volume.<\/p>\n\n\n\n<h2 class=\"wp-block-heading\">Como usar condicionador de barba<\/h2>\n\n\n\n<p>O condicionador de barba precisa ser usado corretamente para hidratar, amaciar e nutrir completamente sua barba. Siga estes passos para manter sua barba saud\u00e1vel e f\u00e1cil de cuidar.<\/p>\n\n\n\n<p><strong>1. Limpe sua barba primeiro:<\/strong> Lave a barba com um xampu suave para barba (xampu suave comum sem sulfatos serve) antes de usar para criar uma base limpa para o condicionador agir.<\/p>\n\n\n\n<p><strong>2. Dispense a quantidade correta:<\/strong> A quantidade depende do comprimento e da espessura da sua barba. Coloque o condicionador na palma da m\u00e3o.<\/p>\n\n\n\n<p><strong>3. Aplique uniformemente na barba: <\/strong>Aplique da raiz at\u00e9 as pontas da barba, certificando-se de cobrir toda a barba, e massageie na pele sob a barba.<\/p>\n\n\n\n<p><strong>4. Deixe agir para absor\u00e7\u00e3o ideal: <\/strong>Ap\u00f3s a aplica\u00e7\u00e3o, deixe o condicionador agir na barba por 2 a 5 minutos. Deixe o produto penetrar profundamente na haste capilar e agir na pele abaixo dela.<\/p>\n\n\n\n<p><strong>5. Enx\u00e1gue bem:<\/strong> Enx\u00e1gue a barba com \u00e1gua morna at\u00e9 remover todo o condicionador.<\/p>\n\n\n\n<p><strong>6. Seque e penteie como de costume: <\/strong>Seque a barba com uma toalha limpa. Depois, voc\u00ea pode usar uma escova ou pente para modelar.<\/p>\n\n\n\n<p><strong>Recomenda\u00e7\u00e3o:<\/strong>Geralmente, 2 a 3 vezes por semana s\u00e3o suficientes. Ajuste conforme a sua barba.<\/p>\n\n\n\n<h2 class=\"wp-block-heading\">Cuidado<\/h2>\n\n\n\n<p>O condicionador de barba \u00e9 desenvolvido para pelos faciais e a pele abaixo deles. Para garantir uma experi\u00eancia de uso segura e agrad\u00e1vel e evitar poss\u00edveis desconfortos ou problemas, preste aten\u00e7\u00e3o aos seguintes pontos.<\/p>\n\n\n\n<p><strong>1. Teste cut\u00e2neo: <\/strong>Antes do primeiro uso, \u00e9 necess\u00e1rio fazer um teste de pele. Aplique uma pequena quantidade de condicionador em uma pequena \u00e1rea, como atr\u00e1s da orelha e na parte interna do pulso. Ap\u00f3s confirmar que n\u00e3o h\u00e1 rea\u00e7\u00e3o adversa, aplique-o na barba e na pele em uma \u00e1rea maior.<\/p>\n\n\n\n<p><strong>2. Evite aplica\u00e7\u00e3o indevida: <\/strong>N\u00e3o aplique condicionador na pele lesionada sob a barba. Os ingredientes do produto podem irritar as \u00e1reas danificadas e aumentar o desconforto.<\/p>\n\n\n\n<p><strong>3. Evite contato com os olhos:<\/strong> Em caso de contato acidental com os olhos, lave imediatamente com bastante \u00e1gua. Se a irrita\u00e7\u00e3o persistir, procure atendimento m\u00e9dico imediatamente.<\/p>\n\n\n\n<p><strong>4. Armazenamento adequado:<\/strong> Guarde o condicionador de barba em local fresco e seco, evite luz solar direta e altas temperaturas para evitar deteriora\u00e7\u00e3o.<\/p>\n\n\n\n<h2 class=\"wp-block-heading\">Conclus\u00e3o<\/h2>\n\n\n\n<p>O Condicionador para Barba \u00e9 um ingrediente cuidadosamente selecionado e um produto cientificamente formulado que desempenha um papel essencial no cuidado da barba. Ele hidrata, amacia e protege eficazmente os pelos faciais e a pele subjacente. Com o uso cont\u00ednuo, ajuda os usu\u00e1rios a criar uma barba confort\u00e1vel e bem cuidada, real\u00e7ando o estilo pessoal e a confian\u00e7a.<\/p>\n\n\n\n<p><\/p>","protected":false},"excerpt":{"rendered":"Beard Conditioner Manufacturing Common Formulas We are dedicated beard care formula developers. Focusing on the unique needs of facial hair and the skin underneath, we select ingredients based on moisturizing, softening, soothing and other functions, and through scientific compounding, we create effective conditioners that improve the health and comfort of beards. 1. Jojoba oil: It [&hellip;]","protected":false},"featured_media":3629,"menu_order":0,"template":"","meta":[],"product-tag":[],"products":[52],"class_list":["post-3626","product","type-product","status-publish","has-post-thumbnail","hentry","products-conditioner"],"acf":[],"_links":{"self":[{"href":"https:\/\/www.ruiqigo.com\/pt\/wp-json\/wp\/v2\/product\/3626","targetHints":{"allow":["GET"]}}],"collection":[{"href":"https:\/\/www.ruiqigo.com\/pt\/wp-json\/wp\/v2\/product"}],"about":[{"href":"https:\/\/www.ruiqigo.com\/pt\/wp-json\/wp\/v2\/types\/product"}],"version-history":[{"count":0,"href":"https:\/\/www.ruiqigo.com\/pt\/wp-json\/wp\/v2\/product\/3626\/revisions"}],"wp:featuredmedia":[{"embeddable":true,"href":"https:\/\/www.ruiqigo.com\/pt\/wp-json\/wp\/v2\/media\/3629"}],"wp:attachment":[{"href":"https:\/\/www.ruiqigo.com\/pt\/wp-json\/wp\/v2\/media?parent=3626"}],"wp:term":[{"taxonomy":"product-tag","embeddable":true,"href":"https:\/\/www.ruiqigo.com\/pt\/wp-json\/wp\/v2\/product-tag?post=3626"},{"taxonomy":"products","embeddable":true,"href":"https:\/\/www.ruiqigo.com\/pt\/wp-json\/wp\/v2\/products?post=3626"}],"curies":[{"name":"wp","href":"https:\/\/api.w.org\/{rel}","templated":true}]}}