{"id":3632,"date":"2025-06-17T17:05:37","date_gmt":"2025-06-17T09:05:37","guid":{"rendered":"https:\/\/www.ruiqigo.com\/?post_type=product&#038;p=3632"},"modified":"2025-06-17T17:05:38","modified_gmt":"2025-06-17T09:05:38","slug":"benzoyl-peroxide-body-wash","status":"publish","type":"product","link":"https:\/\/www.ruiqigo.com\/pt\/product\/benzoyl-peroxide-body-wash","title":{"rendered":"Sabonete L\u00edquido Corporal com Per\u00f3xido de Benzo\u00edla"},"content":{"rendered":"<h2 class=\"wp-block-heading\">F\u00f3rmulas comuns para fabrica\u00e7\u00e3o de sabonete l\u00edquido corporal com per\u00f3xido de benzo\u00edla<\/h2>\n\n\n\n<p>Ao desenvolver o sabonete l\u00edquido corporal com per\u00f3xido de benzo\u00edla, utilizamos uma combina\u00e7\u00e3o de ingredientes ativos com m\u00faltiplos efeitos de cuidado, o que n\u00e3o s\u00f3 garante o poder de esteriliza\u00e7\u00e3o e limpeza, como tamb\u00e9m proporciona suavidade e hidrata\u00e7\u00e3o. Ingredientes essenciais, como per\u00f3xido de benzo\u00edla, niacinamida, glicerina, lauroil sarcosinato de s\u00f3dio, etc., purificam os poros, equilibram a oleosidade e reparam a barreira cut\u00e2nea em sinergia. Al\u00e9m disso, incorporamos extratos vegetais e um sistema de espuma suave para aprimorar ainda mais a experi\u00eancia geral do usu\u00e1rio.&nbsp;<\/p>\n\n\n\n<p><strong>1. Per\u00f3xido de benzo\u00edla:<\/strong> Este \u00e9 um ingrediente antibacteriano de amplo espectro que pode matar eficazmente a Propionibacterium, causadora da acne. Ele pode remover c\u00e9lulas mortas da pele e oleosidade, penetrar profundamente nos poros para desobstruir bloqueios e \u00e9 um ingrediente essencial para a remo\u00e7\u00e3o terap\u00eautica da acne.&nbsp;<\/p>\n\n\n\n<p><strong>2. Niacinamida:<\/strong> Pode ajudar a regular a secre\u00e7\u00e3o seb\u00e1cea, clarear o tom da pele e aliviar a inflama\u00e7\u00e3o causada pela acne. \u00c9 adequado para uso com per\u00f3xido de benzo\u00edla para reduzir a irrita\u00e7\u00e3o e aumentar a capacidade de repara\u00e7\u00e3o da barreira cut\u00e2nea.&nbsp;<\/p>\n\n\n\n<p><strong>3. Glicerina:<\/strong> A glicerina \u00e9 um hidratante natural que pode manter a umidade no estrato c\u00f3rneo enquanto limpa a pele, aliviar o ressecamento e o desconforto causados pela limpeza, aumentar a maciez e a elasticidade da pele e prevenir a rigidez da pele causada pela limpeza excessiva.&nbsp;<\/p>\n\n\n\n<p><strong>4. Lauroil sarcosinato de s\u00f3dio: <\/strong>Este \u00e9 um agente espumante suave que n\u00e3o cont\u00e9m sulfatos. Pode reduzir a irrita\u00e7\u00e3o da pele sens\u00edvel e manter a barreira natural da pele durante a limpeza. \u00c9 suave e n\u00e3o irritante.&nbsp;<\/p>\n\n\n\n<p><strong>5. \u00d3leo essencial de melaleuca:<\/strong> O \u00f3leo essencial de melaleuca \u00e9 um ingrediente antibacteriano natural com bom controle de oleosidade e efeitos anti-inflamat\u00f3rios. Pode potencializar o efeito de remo\u00e7\u00e3o da acne, proporcionando uma experi\u00eancia refrescante e agrad\u00e1vel.<\/p>\n\n\n\n<h2 class=\"wp-block-heading\">As fun\u00e7\u00f5es do sabonete l\u00edquido com per\u00f3xido de benzo\u00edla<\/h2>\n\n\n\n<p><strong>1. Refrescante e n\u00e3o oleoso:<\/strong> O sabonete l\u00edquido corporal com per\u00f3xido de benzo\u00edla tem textura leve e n\u00e3o deixa res\u00edduos ap\u00f3s o enx\u00e1gue. \u00c9 adequado para uso em esta\u00e7\u00f5es quentes ou ap\u00f3s exerc\u00edcios, deixando a pele com uma sensa\u00e7\u00e3o de frescor.&nbsp;<\/p>\n\n\n\n<p><strong>2. Forma\u00e7\u00e3o suave de espuma:<\/strong> Nossa f\u00f3rmula \u00e9 isenta de sab\u00e3o e utiliza surfactantes de amino\u00e1cidos. Produz espuma suave e r\u00e1pida, com espuma rica, mas \u00e9 f\u00e1cil de enxaguar, tornando-a adequada para cuidados di\u00e1rios frequentes.\u00a0<\/p>\n\n\n\n<p><strong>3. A\u00e7\u00e3o r\u00e1pida:<\/strong> Os ingredientes ativos na f\u00f3rmula do sabonete l\u00edquido corporal com per\u00f3xido de benzo\u00edla podem agir rapidamente na \u00e1rea da acne, encurtar o ciclo de inflama\u00e7\u00e3o e aliviar a vermelhid\u00e3o e o incha\u00e7o da pele.&nbsp;<\/p>\n\n\n\n<p><strong>4. Repara\u00e7\u00e3o:<\/strong> Este produto \u00e9 formulado com ingredientes hidratantes e calmantes, que podem reduzir a irrita\u00e7\u00e3o da pele enquanto limpam e mant\u00eam o equil\u00edbrio de \u00e1gua e \u00f3leo da pele.&nbsp;<\/p>\n\n\n\n<p><strong>5. N\u00e3o \u00e9 f\u00e1cil obstruir os poros:<\/strong> O sabonete l\u00edquido corporal com per\u00f3xido de benzo\u00edla n\u00e3o cont\u00e9m ingredientes causadores de acne e n\u00e3o obstrui os poros facilmente. \u00c9 adequado para uso prolongado por pessoas que sofrem repetidamente de comed\u00f5es fechados e acne.&nbsp;<\/p>\n\n\n\n<p><strong>6. Alta estabilidade do produto:<\/strong> O sabonete l\u00edquido corporal com per\u00f3xido de benzo\u00edla adota uma f\u00f3rmula de baixa irrita\u00e7\u00e3o e um processo est\u00e1vel, que pode controlar efetivamente a oxida\u00e7\u00e3o dos ingredientes ativos e melhorar a vida \u00fatil e a seguran\u00e7a.\u00a0<\/p>\n\n\n\n<h2 class=\"wp-block-heading\">Como usar sabonete l\u00edquido corporal com per\u00f3xido de benzo\u00edla<\/h2>\n\n\n\n<p>O sabonete l\u00edquido corporal com per\u00f3xido de benzo\u00edla \u00e9 f\u00e1cil de usar e adequado para a limpeza di\u00e1ria e cuidados com a pele propensa \u00e0 acne. Recomendamos o uso di\u00e1rio ou em dias alternados, com aten\u00e7\u00e3o ao controle do tempo e \u00e0 \u00e1rea de aplica\u00e7\u00e3o.&nbsp;<\/p>\n\n\n\n<p>1. Molhe a pele, pegue uma quantidade adequada de sabonete l\u00edquido e coloque na palma da m\u00e3o ou numa bola de banho e esfregue para criar espuma.<\/p>\n\n\n\n<p>2. Massageie suavemente a espuma nas costas, bra\u00e7os, coxas e outras \u00e1reas e deixe agir por 1 a 2 minutos para aumentar a efic\u00e1cia do produto.<\/p>\n\n\n\n<p>3. Enx\u00e1gue bem a espuma com \u00e1gua limpa para evitar res\u00edduos.<\/p>\n\n\n\n<p>4. Recomenda-se aplicar uma lo\u00e7\u00e3o corporal n\u00e3o irritante para hidrata\u00e7\u00e3o ap\u00f3s o uso.<\/p>\n\n\n\n<h2 class=\"wp-block-heading\">Cuidado<\/h2>\n\n\n\n<p><strong>1. O teste cut\u00e2neo \u00e9 necess\u00e1rio para o primeiro uso:<\/strong> Recomendamos come\u00e7ar com uma pequena \u00e1rea para garantir que n\u00e3o haja irrita\u00e7\u00e3o ou rea\u00e7\u00e3o al\u00e9rgica na pele antes de expandir o escopo de uso.&nbsp;<\/p>\n\n\n\n<p><strong>2. Evite contato com os olhos:<\/strong> Evite contato com os olhos durante o uso. Em caso de contato acidental com os olhos, enx\u00e1gue imediatamente com bastante \u00e1gua para evitar irrita\u00e7\u00e3o.\u00a0<\/p>\n\n\n\n<p><strong>3. N\u00e3o use com produtos esfoliantes fortes:<\/strong> Evite us\u00e1-lo no mesmo dia com produtos que contenham AHA\/BHA ou outros ingredientes irritantes para evitar desconfortos como vermelhid\u00e3o, incha\u00e7o e descama\u00e7\u00e3o.\u00a0<\/p>\n\n\n\n<p><strong>4. Preste aten\u00e7\u00e3o \u00e0 prote\u00e7\u00e3o solar ap\u00f3s o uso:<\/strong> Como este produto cont\u00e9m per\u00f3xido de benzo\u00edla, ele pode aumentar a sensibilidade da pele aos raios ultravioleta. Portanto, se usado durante o dia, use protetor solar corporal junto.&nbsp;<\/p>\n\n\n\n<h2 class=\"wp-block-heading\">Conclus\u00e3o<\/h2>\n\n\n\n<p>O sabonete l\u00edquido corporal com per\u00f3xido de benzo\u00edla \u00e9 um produto de banho funcional com excelente poder de limpeza e repara\u00e7\u00e3o. Utiliza ingredientes altamente eficazes, como per\u00f3xido de benzo\u00edla e niacinamida, que penetram profundamente nos poros e combatem as bact\u00e9rias da acne, sendo adequado para o cuidado da pele com tend\u00eancia a acne em diversas partes do corpo. Este produto foi desenvolvido para uso di\u00e1rio, com poder de limpeza, hidrata\u00e7\u00e3o e suavidade, sendo adequado para uso prolongado por pessoas com acne frequente ou com tend\u00eancia a recidivas. O uso adequado pode melhorar eficazmente a condi\u00e7\u00e3o da pele com tend\u00eancia a acne e restaurar a maciez e a textura saud\u00e1vel da pele.<\/p>","protected":false},"excerpt":{"rendered":"Benzoyl Peroxide Body Wash Manufacturing Common Formulas When developing benzoyl peroxide body wash, we used a combination of active ingredients with multiple care effects, which not only ensures sterilization and cleaning power, but also takes into account soothing and moisturizing. Core ingredients such as benzoyl peroxide, niacinamide, glycerin, sodium lauroyl sarcosinate, etc., can synergistically purify [&hellip;]","protected":false},"featured_media":3655,"menu_order":0,"template":"","meta":[],"product-tag":[],"products":[57],"class_list":["post-3632","product","type-product","status-publish","has-post-thumbnail","hentry","products-body-wash"],"acf":[],"_links":{"self":[{"href":"https:\/\/www.ruiqigo.com\/pt\/wp-json\/wp\/v2\/product\/3632","targetHints":{"allow":["GET"]}}],"collection":[{"href":"https:\/\/www.ruiqigo.com\/pt\/wp-json\/wp\/v2\/product"}],"about":[{"href":"https:\/\/www.ruiqigo.com\/pt\/wp-json\/wp\/v2\/types\/product"}],"version-history":[{"count":0,"href":"https:\/\/www.ruiqigo.com\/pt\/wp-json\/wp\/v2\/product\/3632\/revisions"}],"wp:featuredmedia":[{"embeddable":true,"href":"https:\/\/www.ruiqigo.com\/pt\/wp-json\/wp\/v2\/media\/3655"}],"wp:attachment":[{"href":"https:\/\/www.ruiqigo.com\/pt\/wp-json\/wp\/v2\/media?parent=3632"}],"wp:term":[{"taxonomy":"product-tag","embeddable":true,"href":"https:\/\/www.ruiqigo.com\/pt\/wp-json\/wp\/v2\/product-tag?post=3632"},{"taxonomy":"products","embeddable":true,"href":"https:\/\/www.ruiqigo.com\/pt\/wp-json\/wp\/v2\/products?post=3632"}],"curies":[{"name":"wp","href":"https:\/\/api.w.org\/{rel}","templated":true}]}}