{"id":3650,"date":"2025-06-16T16:18:09","date_gmt":"2025-06-16T08:18:09","guid":{"rendered":"https:\/\/www.ruiqigo.com\/?post_type=product&#038;p=3650"},"modified":"2025-06-19T09:17:47","modified_gmt":"2025-06-19T01:17:47","slug":"restorative-conditioner","status":"publish","type":"product","link":"https:\/\/www.ruiqigo.com\/pt\/product\/restorative-conditioner","title":{"rendered":"Condicionador Restaurador"},"content":{"rendered":"<h2 class=\"wp-block-heading\">F\u00f3rmulas comuns na fabrica\u00e7\u00e3o de condicionadores restauradores<\/h2>\n\n\n\n<p>O condicionador restaurador \u00e9 composto principalmente por amino\u00e1cidos, extratos de coco e jaca e sementes de chia. Os amino\u00e1cidos t\u00eam excelentes efeitos hidratantes e nutritivos, repondo profundamente os nutrientes para os cabelos e couro cabeludo; os extratos de coco e jaca s\u00e3o ricos em nutrientes naturais, repondo ainda mais a hidrata\u00e7\u00e3o e a nutri\u00e7\u00e3o, melhorando a maciez dos cabelos; as sementes de chia podem reparar a apar\u00eancia de danos existentes, al\u00e9m de resistir a danos futuros. Como fabricantes profissionais de condicionadores restauradores, temos o compromisso de suavizar o frizz para pessoas com cabelos danificados, penetrando e repondo a hidrata\u00e7\u00e3o profundamente, melhorando os cabelos opacos e proporcionando maciez e sa\u00fade de dentro para fora.<\/p>\n\n\n\n<h2 class=\"wp-block-heading\">Cen\u00e1rios aplic\u00e1veis ao condicionador restaurador<\/h2>\n\n\n\n<p>Condicionadores restauradores s\u00e3o essenciais em todos os cen\u00e1rios de cuidados capilares. Ap\u00f3s tratamentos qu\u00edmicos, como permanentes e tinturas, o cabelo fica quebradi\u00e7o e opaco. Este condicionador cont\u00e9m amino\u00e1cidos e extratos vegetais para reparar as cut\u00edculas danificadas e restaurar a maciez e o brilho dos fios. Para quem usa frequentemente ferramentas de modelagem t\u00e9rmica, a f\u00f3rmula com ingredientes restauradores, como sementes de chia, pode compensar os danos causados pelo calor e reduzir a quebra dos fios. Seja para salvar cabelos excessivamente processados, proteger os cabelos ap\u00f3s a modelagem t\u00e9rmica ou domar cabelos naturalmente crespos e secos, os condicionadores restauradores podem atender \u00e0s suas necessidades.<\/p>\n\n\n\n<h2 class=\"wp-block-heading\">Processo de produ\u00e7\u00e3o de condicionador restaurador<\/h2>\n\n\n\n<p>O condicionador restaurador segue um processo de produ\u00e7\u00e3o profissional. Mat\u00e9rias-primas como amino\u00e1cidos e extratos de coco e jaca s\u00e3o rigorosamente selecionadas para garantir qualidade e pureza. Durante a produ\u00e7\u00e3o, a temperatura e a press\u00e3o s\u00e3o rigorosamente controladas em processos como a emulsifica\u00e7\u00e3o para evitar a perda de ingredientes ativos. Por fim, s\u00e3o utilizados materiais de embalagem ecologicamente corretos e at\u00f3xicos. Este processo de produ\u00e7\u00e3o garante a qualidade e a efic\u00e1cia do condicionador restaurador e proporciona uma repara\u00e7\u00e3o capilar eficaz.<\/p>","protected":false},"excerpt":{"rendered":"Restorative conditioner manufacturing common formulas Restorative conditioner is mainly composed of amino acids, coconut and jackfruit plant extracts, and chia seeds. Amino acids have excellent moisturizing and nourishing effects, deeply replenishing nutrients for hair and scalp; coconut and jackfruit extracts are rich in natural nutrients, further replenishing moisture and nourishing, and improving hair softness; chia [&hellip;]","protected":false},"featured_media":3652,"menu_order":0,"template":"","meta":[],"product-tag":[],"products":[52],"class_list":["post-3650","product","type-product","status-publish","has-post-thumbnail","hentry","products-conditioner"],"acf":[],"_links":{"self":[{"href":"https:\/\/www.ruiqigo.com\/pt\/wp-json\/wp\/v2\/product\/3650","targetHints":{"allow":["GET"]}}],"collection":[{"href":"https:\/\/www.ruiqigo.com\/pt\/wp-json\/wp\/v2\/product"}],"about":[{"href":"https:\/\/www.ruiqigo.com\/pt\/wp-json\/wp\/v2\/types\/product"}],"version-history":[{"count":0,"href":"https:\/\/www.ruiqigo.com\/pt\/wp-json\/wp\/v2\/product\/3650\/revisions"}],"wp:featuredmedia":[{"embeddable":true,"href":"https:\/\/www.ruiqigo.com\/pt\/wp-json\/wp\/v2\/media\/3652"}],"wp:attachment":[{"href":"https:\/\/www.ruiqigo.com\/pt\/wp-json\/wp\/v2\/media?parent=3650"}],"wp:term":[{"taxonomy":"product-tag","embeddable":true,"href":"https:\/\/www.ruiqigo.com\/pt\/wp-json\/wp\/v2\/product-tag?post=3650"},{"taxonomy":"products","embeddable":true,"href":"https:\/\/www.ruiqigo.com\/pt\/wp-json\/wp\/v2\/products?post=3650"}],"curies":[{"name":"wp","href":"https:\/\/api.w.org\/{rel}","templated":true}]}}