{"id":3659,"date":"2025-06-17T11:21:26","date_gmt":"2025-06-17T03:21:26","guid":{"rendered":"https:\/\/www.ruiqigo.com\/?post_type=product&#038;p=3659"},"modified":"2025-06-19T09:15:23","modified_gmt":"2025-06-19T01:15:23","slug":"cleansing-conditioner","status":"publish","type":"product","link":"https:\/\/www.ruiqigo.com\/pt\/product\/cleansing-conditioner","title":{"rendered":"Condicionador de Limpeza"},"content":{"rendered":"<h2 class=\"wp-block-heading\">F\u00f3rmulas comuns de fabrica\u00e7\u00e3o de condicionadores de limpeza<\/h2>\n\n\n\n<p>O condicionador de limpeza \u00e9 cuidadosamente formulado com uma variedade de ingredientes naturais essenciais para proporcionar uma limpeza suave e um cuidado nutritivo. O \u00f3leo essencial de alecrim possui propriedades refrescantes, que n\u00e3o s\u00f3 combatem o ressecamento e a coceira do couro cabeludo, purificam-no, como tamb\u00e9m resolvem problemas de caspa e criam um ambiente mais saud\u00e1vel para o couro cabeludo; O \u00f3leo de argan \u00e9 rico em \u00e1cidos graxos e vitaminas, que penetram profundamente no cabelo para repor a hidrata\u00e7\u00e3o, suavizar o frizz, real\u00e7ar o brilho natural e tornar os cabelos macios e f\u00e1ceis de pentear; O \u00f3leo de jojoba tem composi\u00e7\u00e3o semelhante \u00e0 do sebo natural do couro cabeludo. \u00c9 um hidratante leve que condiciona sem sobrecarregar os cabelos, ajuda a reparar os cabelos danificados e a aumentar a elasticidade capilar. Esses ingredientes cuidadosamente selecionados trabalham juntos para criar um condicionador de limpeza que limpa, condiciona, repara e protege os cabelos de forma eficaz, deixando-os limpos, renovados e com um brilho natural.<\/p>\n\n\n\n<h2 class=\"wp-block-heading\">Cen\u00e1rios aplic\u00e1veis ao condicionador de limpeza<\/h2>\n\n\n\n<p>Condicionadores clareadores s\u00e3o perfeitos para qualquer rotina de cuidados capilares. Para uso di\u00e1rio, s\u00e3o perfeitos para quem deseja uma limpeza suave sem remover a oleosidade natural dos fios; para uso ap\u00f3s exerc\u00edcios, podem refrescar cabelos oleosos e suados, enquanto os nutrem; tamb\u00e9m s\u00e3o \u00f3timos para cabelos danificados ou tingidos, pois sua f\u00f3rmula suave protege os fios fr\u00e1geis. Seja para uma lavagem r\u00e1pida em casa, em qualquer lugar ou ap\u00f3s a exposi\u00e7\u00e3o aos elementos, os condicionadores clareadores proporcionam cabelos limpos, macios e f\u00e1ceis de pentear em qualquer situa\u00e7\u00e3o.<\/p>\n\n\n\n<h2 class=\"wp-block-heading\">Para quem o condicionador de limpeza \u00e9 indicado?<\/h2>\n\n\n\n<p>O Condicionador Clarifying \u00e9 adequado para todos. Para quem tem cabelos secos e danificados devido a colora\u00e7\u00f5es frequentes, modelagens com calor ou fatores ambientais, sua f\u00f3rmula hidratante e reparadora pode ajudar a restaurar a flexibilidade e a for\u00e7a; quem tem cabelos oleosos pode usar suas propriedades de limpeza suave, n\u00e3o irritantes e refrescantes para o couro cabeludo para melhorar a oleosidade; quem tem cabelos saud\u00e1veis tamb\u00e9m pode us\u00e1-lo para manter a hidrata\u00e7\u00e3o e a maleabilidade. Se voc\u00ea tem cabelos quebradi\u00e7os ap\u00f3s tratamentos qu\u00edmicos, cabelos oleosos que precisam de uma renova\u00e7\u00e3o suave ou simplesmente deseja mant\u00ea-los nas melhores condi\u00e7\u00f5es, o Condicionador Clarifying pode fornecer cuidados personalizados para deixar seus cabelos mais macios e vibrantes.<\/p>\n\n\n\n<h2 class=\"wp-block-heading\">Processo de produ\u00e7\u00e3o do condicionador de limpeza<\/h2>\n\n\n\n<p>A produ\u00e7\u00e3o de condicionadores de limpeza exige um processo rigoroso para garantir a qualidade. Ingredientes naturais como \u00f3leo de argan e \u00f3leo de jojoba s\u00e3o cuidadosamente selecionados para garantir sua pureza e efic\u00e1cia. Durante a fase de desenvolvimento da formula\u00e7\u00e3o, esses ingredientes s\u00e3o combinados com surfactantes e condicionadores suaves. Durante o processo de produ\u00e7\u00e3o, a temperatura e o tempo s\u00e3o rigorosamente controlados para otimizar a sinergia dos ingredientes e preservar a atividade dos ingredientes nutritivos. Por fim, materiais de embalagem ecol\u00f3gicos e at\u00f3xicos s\u00e3o utilizados para garantir a integridade do produto e a seguran\u00e7a do usu\u00e1rio. Cada etapa, da triagem de ingredientes \u00e0 embalagem, visa criar um condicionador de limpeza que possa limpar, nutrir e proteger os cabelos de forma eficaz, atendendo a altos padr\u00f5es de qualidade e sustentabilidade.<\/p>\n\n\n\n<p><\/p>","protected":false},"excerpt":{"rendered":"Cleansing conditioner manufacturing common formulas The cleansing conditioner is carefully formulated with a variety of key natural ingredients to achieve gentle cleansing and nourishing care. Rosemary essential oil has refreshing properties, which can not only fight dryness and itching of the scalp, purify the scalp, but also solve dandruff problems and create a healthier scalp [&hellip;]","protected":false},"featured_media":3660,"menu_order":0,"template":"","meta":[],"product-tag":[],"products":[52],"class_list":["post-3659","product","type-product","status-publish","has-post-thumbnail","hentry","products-conditioner"],"acf":[],"_links":{"self":[{"href":"https:\/\/www.ruiqigo.com\/pt\/wp-json\/wp\/v2\/product\/3659","targetHints":{"allow":["GET"]}}],"collection":[{"href":"https:\/\/www.ruiqigo.com\/pt\/wp-json\/wp\/v2\/product"}],"about":[{"href":"https:\/\/www.ruiqigo.com\/pt\/wp-json\/wp\/v2\/types\/product"}],"version-history":[{"count":0,"href":"https:\/\/www.ruiqigo.com\/pt\/wp-json\/wp\/v2\/product\/3659\/revisions"}],"wp:featuredmedia":[{"embeddable":true,"href":"https:\/\/www.ruiqigo.com\/pt\/wp-json\/wp\/v2\/media\/3660"}],"wp:attachment":[{"href":"https:\/\/www.ruiqigo.com\/pt\/wp-json\/wp\/v2\/media?parent=3659"}],"wp:term":[{"taxonomy":"product-tag","embeddable":true,"href":"https:\/\/www.ruiqigo.com\/pt\/wp-json\/wp\/v2\/product-tag?post=3659"},{"taxonomy":"products","embeddable":true,"href":"https:\/\/www.ruiqigo.com\/pt\/wp-json\/wp\/v2\/products?post=3659"}],"curies":[{"name":"wp","href":"https:\/\/api.w.org\/{rel}","templated":true}]}}