{"id":3665,"date":"2025-06-18T15:07:52","date_gmt":"2025-06-18T07:07:52","guid":{"rendered":"https:\/\/www.ruiqigo.com\/?post_type=product&#038;p=3665"},"modified":"2025-06-18T15:07:52","modified_gmt":"2025-06-18T07:07:52","slug":"body-wash-for-women","status":"publish","type":"product","link":"https:\/\/www.ruiqigo.com\/pt\/product\/body-wash-for-women","title":{"rendered":"Sabonete l\u00edquido para mulheres"},"content":{"rendered":"<h2 class=\"wp-block-heading\">Sabonete l\u00edquido para mulheres: f\u00f3rmulas comuns de fabrica\u00e7\u00e3o<\/h2>\n\n\n\n<p>Como fabricante profissional de sabonetes l\u00edquidos para mulheres, selecionamos ess\u00eancias naturais de plantas, ingredientes altamente hidratantes e profundamente nutritivos, e temos o compromisso de proporcionar uma limpeza suave e eficaz, al\u00e9m de uma hidrata\u00e7\u00e3o reparadora para mulheres. Esses ingredientes hidratam profundamente a pele, fortalecem sua barreira natural, ajudam a mant\u00ea-la hidratada, saud\u00e1vel e brilhante, e fazem de cada banho um momento de cuidado suave.\u00a0 <\/p>\n\n\n\n<p><strong>1. \u00d3leo de coco:<\/strong> Como um limpador natural, o \u00f3leo de coco remove suavemente a sujeira e a oleosidade, hidratando a pele. Sua rica composi\u00e7\u00e3o em \u00e1cidos graxos tamb\u00e9m ajuda a manter a barreira cut\u00e2nea, prevenindo a perda de hidrata\u00e7\u00e3o e mantendo a pele macia e el\u00e1stica ap\u00f3s a limpeza.&nbsp;<\/p>\n\n\n\n<p><strong>2. Glicerina: <\/strong>A glicerina \u00e9 uma mol\u00e9cula hidratante altamente eficaz que absorve a umidade do ar, proporcionando hidrata\u00e7\u00e3o duradoura \u00e0 pele, reduzindo eficazmente o ressecamento e a sensa\u00e7\u00e3o de repuxamento ap\u00f3s a lavagem e garantindo maciez e hidrata\u00e7\u00e3o. Suas propriedades suaves s\u00e3o particularmente adequadas para peles sens\u00edveis e ajudam a manter o conforto da pele.&nbsp;<\/p>\n\n\n\n<p><strong>3. Vitamina E: <\/strong>Este \u00e9 um poderoso ingrediente antioxidante que pode ajudar a pele a resistir aos danos dos radicais livres, proteg\u00ea-la de agressores ambientais e retardar o envelhecimento. Tamb\u00e9m possui certos efeitos reparadores e calmantes, tornando o banho o primeiro passo no cuidado antienvelhecimento.&nbsp;<\/p>\n\n\n\n<p><strong>4. Manteiga de karit\u00e9:<\/strong> A manteiga de karit\u00e9 \u00e9 um ingrediente profundamente hidratante, rico em \u00e1cidos graxos naturais e vitamina E. Ela pode formar uma pel\u00edcula protetora na superf\u00edcie da pele, prevenindo eficazmente o ressecamento e a aspereza, al\u00e9m de melhorar a maciez e a elasticidade da pele.&nbsp;<\/p>\n\n\n\n<p><strong>5. Ceramida:<\/strong> Este \u00e9 um componente lip\u00eddico natural e um componente importante da barreira cut\u00e2nea. Pode aumentar a prote\u00e7\u00e3o do estrato c\u00f3rneo, reduzir a perda de \u00e1gua e melhorar a resist\u00eancia da pele a est\u00edmulos externos. \u00c9 muito adequado para peles secas e sens\u00edveis.&nbsp;<\/p>\n\n\n\n<p><strong>6. Hialuronato de s\u00f3dio:<\/strong> O hialuronato de s\u00f3dio \u00e9 um poderoso ingrediente hidratante com excelente capacidade de reten\u00e7\u00e3o de \u00e1gua. Ele hidrata continuamente a pele ap\u00f3s o banho, proporcionando uma sensa\u00e7\u00e3o de hidrata\u00e7\u00e3o e radi\u00e2ncia. \u00c9 adequado para mulheres de todas as idades.&nbsp;<\/p>\n\n\n\n<h2 class=\"wp-block-heading\">As fun\u00e7\u00f5es do sabonete l\u00edquido para mulheres<\/h2>\n\n\n\n<p>Nosso sabonete l\u00edquido para mulheres tem uma f\u00f3rmula \u00fanica e excelente desempenho, combinando ingredientes naturais e tecnologia avan\u00e7ada para trazer m\u00faltiplos benef\u00edcios \u00e0 pele.&nbsp;<\/p>\n\n\n\n<p><strong>1. Limpeza suave:<\/strong> A f\u00f3rmula do sabonete l\u00edquido para mulheres utiliza surfactantes suaves, que limpam a pele com efic\u00e1cia sem danificar a barreira natural. \u00c9 especialmente indicado para peles sens\u00edveis, evitando irrita\u00e7\u00f5es e desconfortos.&nbsp;<\/p>\n\n\n\n<p><strong>2. Hidrata\u00e7\u00e3o profunda de longa dura\u00e7\u00e3o:<\/strong> O sabonete l\u00edquido para mulheres \u00e9 rico em uma variedade de ingredientes hidratantes, como glicerina, pantenol, etc., que hidratam profundamente a pele, ret\u00eam a umidade ap\u00f3s o banho, mant\u00eam a pele hidratada, macia e n\u00e3o seca, al\u00e9m de reduzir a sensa\u00e7\u00e3o de repuxamento.\u00a0<\/p>\n\n\n\n<p><strong>3. Fortalece a barreira da pele:<\/strong> Este produto \u00e9 formulado com ingredientes como ceramida e vitamina E, que podem efetivamente melhorar a capacidade de autorrepara\u00e7\u00e3o e resist\u00eancia da pele ap\u00f3s o banho, fortalecer a barreira cut\u00e2nea, aumentar a capacidade da pele de resistir a est\u00edmulos externos e manter a pele saud\u00e1vel.&nbsp;<\/p>\n\n\n\n<p><strong>4. Design adequado para peles sens\u00edveis:<\/strong> Nosso sabonete l\u00edquido para mulheres adota uma f\u00f3rmula sem sab\u00e3o, sem \u00e1lcool e de baixa irrita\u00e7\u00e3o, combinada com ingredientes calmantes, que n\u00e3o causam danos \u00e0 pele e s\u00e3o muito ben\u00e9ficos para peles sens\u00edveis.\u00a0<\/p>\n\n\n\n<p><strong>5. Fragr\u00e2ncia agrad\u00e1vel e duradoura:<\/strong> O sabonete l\u00edquido para mulheres usa fragr\u00e2ncia natural de plantas, a fragr\u00e2ncia \u00e9 natural e duradoura, o que pode efetivamente aumentar o prazer ao us\u00e1-lo.&nbsp;<\/p>\n\n\n\n<h2 class=\"wp-block-heading\">Como usar sabonete l\u00edquido para mulheres<\/h2>\n\n\n\n<p>Com apenas alguns passos simples, voc\u00ea pode desfrutar dos m\u00faltiplos efeitos de limpeza suave, hidrata\u00e7\u00e3o profunda e fragr\u00e2ncia duradoura. Recomenda-se us\u00e1-lo com uma bola de banho ou rede de espuma para aumentar o poder de limpeza.&nbsp;<\/p>\n\n\n\n<p>1. Molhe toda a pele, coloque uma quantidade adequada de sabonete l\u00edquido na palma da m\u00e3o ou na bola de banho e esfregue suavemente at\u00e9 formar uma espuma rica.<\/p>\n\n\n\n<p>2. Aplique uniformemente em todo o corpo e massageie suavemente a pele, prestando aten\u00e7\u00e3o especial \u00e0s \u00e1reas secas ou \u00e1speras.<\/p>\n\n\n\n<p>3. Enx\u00e1gue bem com \u00e1gua limpa para garantir que n\u00e3o haja res\u00edduos.<\/p>\n\n\n\n<p>4. Ap\u00f3s o banho, voc\u00ea pode us\u00e1-lo com lo\u00e7\u00e3o corporal ou \u00f3leo essencial para potencializar o efeito hidratante.<\/p>\n\n\n\n<h2 class=\"wp-block-heading\">Cuidado<\/h2>\n\n\n\n<p>Para garantir o uso seguro e eficaz do sabonete l\u00edquido para mulheres, siga estas dicas para obter a melhor experi\u00eancia de tratamento e evitar poss\u00edveis problemas.&nbsp;<\/p>\n\n\n\n<p><strong>1. Teste de alergia:<\/strong> Recomenda-se realizar um teste cut\u00e2neo local antes do primeiro uso para garantir que n\u00e3o haja rea\u00e7\u00e3o al\u00e9rgica antes de aplicar em uma \u00e1rea extensa. Se ocorrer rea\u00e7\u00e3o al\u00e9rgica ou desconforto, interrompa o uso imediatamente e consulte um m\u00e9dico.&nbsp;<\/p>\n\n\n\n<p><strong>2. Evite contato com os olhos:<\/strong> Evite o contato do sabonete l\u00edquido com os olhos durante o uso. Em caso de contato acidental com os olhos, enx\u00e1gue imediatamente com \u00e1gua limpa para evitar desconforto ou irrita\u00e7\u00e3o.&nbsp;<\/p>\n\n\n\n<p><strong>3. Precau\u00e7\u00f5es de armazenamento:<\/strong> Armazene em local fresco e seco, evitando a luz solar direta. Mantenha fora do alcance de crian\u00e7as para evitar ingest\u00e3o acidental.&nbsp;<\/p>\n\n\n\n<p><strong>4. Frequ\u00eancia de uso recomendada: <\/strong>Recomenda-se utiliz\u00e1-lo uma vez ao dia para evitar limpeza excessiva que pode causar danos \u00e0 barreira.&nbsp;<\/p>\n\n\n\n<h2 class=\"wp-block-heading\">Conclus\u00e3o<\/h2>\n\n\n\n<p>O Sabonete L\u00edquido Corporal Feminino \u00e9 um produto de cuidado corporal de alta qualidade, suave, purificante e profundamente nutritivo. Suas principais vantagens s\u00e3o uma f\u00f3rmula segura, uso confort\u00e1vel e excelente desempenho, atendendo \u00e0s m\u00faltiplas necessidades femininas de limpeza, hidrata\u00e7\u00e3o e prazer. O uso cont\u00ednuo pode melhorar eficazmente a aspereza e o ressecamento da pele, al\u00e9m de aumentar a sensa\u00e7\u00e3o e o brilho geral da pele.<\/p>","protected":false},"excerpt":{"rendered":"Body Wash For Women Manufacturing Common Formulas As a professional body wash for women manufacturer, we select natural plant essences, highly effective moisturizing and deeply nourishing ingredients, and are committed to providing gentle and effective cleansing and moisturizing repair for women. These ingredients deeply moisturize the skin, strengthen its natural barrier, help the skin stay [&hellip;]","protected":false},"featured_media":3666,"menu_order":0,"template":"","meta":[],"product-tag":[],"products":[57],"class_list":["post-3665","product","type-product","status-publish","has-post-thumbnail","hentry","products-body-wash"],"acf":[],"_links":{"self":[{"href":"https:\/\/www.ruiqigo.com\/pt\/wp-json\/wp\/v2\/product\/3665","targetHints":{"allow":["GET"]}}],"collection":[{"href":"https:\/\/www.ruiqigo.com\/pt\/wp-json\/wp\/v2\/product"}],"about":[{"href":"https:\/\/www.ruiqigo.com\/pt\/wp-json\/wp\/v2\/types\/product"}],"version-history":[{"count":0,"href":"https:\/\/www.ruiqigo.com\/pt\/wp-json\/wp\/v2\/product\/3665\/revisions"}],"wp:featuredmedia":[{"embeddable":true,"href":"https:\/\/www.ruiqigo.com\/pt\/wp-json\/wp\/v2\/media\/3666"}],"wp:attachment":[{"href":"https:\/\/www.ruiqigo.com\/pt\/wp-json\/wp\/v2\/media?parent=3665"}],"wp:term":[{"taxonomy":"product-tag","embeddable":true,"href":"https:\/\/www.ruiqigo.com\/pt\/wp-json\/wp\/v2\/product-tag?post=3665"},{"taxonomy":"products","embeddable":true,"href":"https:\/\/www.ruiqigo.com\/pt\/wp-json\/wp\/v2\/products?post=3665"}],"curies":[{"name":"wp","href":"https:\/\/api.w.org\/{rel}","templated":true}]}}