{"id":3750,"date":"2025-07-03T11:06:55","date_gmt":"2025-07-03T03:06:55","guid":{"rendered":"https:\/\/www.ruiqigo.com\/?post_type=product&#038;p=3750"},"modified":"2025-07-03T11:06:56","modified_gmt":"2025-07-03T03:06:56","slug":"hand-cream-for-man","status":"publish","type":"product","link":"https:\/\/www.ruiqigo.com\/pt\/product\/hand-cream-for-man","title":{"rendered":"Creme para as m\u00e3os para homem"},"content":{"rendered":"<h2 class=\"wp-block-heading\">Creme para as m\u00e3os para fabrica\u00e7\u00e3o masculina F\u00f3rmulas comuns<\/h2>\n\n\n\n<p>Um dos principais ingredientes da f\u00f3rmula do creme para as m\u00e3os masculino \u00e9 a manteiga de karit\u00e9, rica em \u00e1cidos graxos que forma uma pel\u00edcula que ret\u00e9m a umidade para combater o ressecamento causado por atividades frequentes com as m\u00e3os. A vitamina E \u00e9 adicionada, um poderoso antioxidante que neutraliza os radicais livres, reduz os danos ambientais e retarda o envelhecimento. Esses ingredientes atuam em conjunto para aliviar a aspereza causada pelo trabalho ou exerc\u00edcios, aumentar a elasticidade da pele, aliviar o ressecamento, melhorar a textura da pele, garantir r\u00e1pida absor\u00e7\u00e3o e n\u00e3o ser oleoso. \u00c9 adequado para o cuidado di\u00e1rio masculino, proporcionando m\u00e3os saud\u00e1veis e macias.<\/p>\n\n\n\n<h2 class=\"wp-block-heading\">Creme para m\u00e3os para homem Cen\u00e1rios aplic\u00e1veis<\/h2>\n\n\n\n<p>Este creme para as m\u00e3os masculino \u00e9 adequado para uma variedade de situa\u00e7\u00f5es do dia a dia. Ap\u00f3s esportes ao ar livre, como ciclismo e basquete, as m\u00e3os ficam secas e desidratadas. A aplica\u00e7\u00e3o deste creme pode repor a hidrata\u00e7\u00e3o rapidamente. Ao realizar trabalhos f\u00edsicos, sua f\u00f3rmula protetora pode ajudar as m\u00e3os a resistir ao atrito e evitar aspereza e rachaduras. Em um ambiente de escrit\u00f3rio seco, ou em condi\u00e7\u00f5es clim\u00e1ticas adversas, como vento frio e sol escaldante, ele pode reter a hidrata\u00e7\u00e3o e evitar rachaduras nas m\u00e3os. Desde que os homens tenham necessidades de cuidados com as m\u00e3os, este creme para as m\u00e3os pode nutri-las instantaneamente, mantendo-as confort\u00e1veis e totalmente protegidas o tempo todo.<\/p>\n\n\n\n<h2 class=\"wp-block-heading\">Para quem \u00e9 indicado o creme para as m\u00e3os masculino?<\/h2>\n\n\n\n<p>Este creme para as m\u00e3os masculino \u00e9 adequado para homens com diversas necessidades de cuidados com as m\u00e3os. \u00c9 especialmente indicado para quem lava as m\u00e3os com frequ\u00eancia no trabalho, fica exposto ao vento e ao sol por muito tempo ao ar livre ou tem m\u00e3os secas e \u00e1speras. Ele rep\u00f5e a hidrata\u00e7\u00e3o com efic\u00e1cia, alivia o desconforto e forma uma camada protetora. \u00c9 adequado para homens de todos os tipos de pele e ajuda a manter as m\u00e3os saud\u00e1veis e confort\u00e1veis.<\/p>\n\n\n\n<h2 class=\"wp-block-heading\">Creme para as m\u00e3os para homem Processo de produ\u00e7\u00e3o<\/h2>\n\n\n\n<p>O processo de produ\u00e7\u00e3o do creme para as m\u00e3os masculino concentra-se na efic\u00e1cia e na compatibilidade com a pele masculina. Ingredientes de alto desempenho, como manteiga de karit\u00e9 e vitamina E, s\u00e3o cuidadosamente selecionados e preservados por meio de extra\u00e7\u00e3o precisa. A propor\u00e7\u00e3o de hidratantes, emolientes e agentes protetores \u00e9 rigorosamente controlada para criar uma textura n\u00e3o pegajosa e de f\u00e1cil absor\u00e7\u00e3o, que atende \u00e0 prefer\u00eancia dos homens por um uso eficiente. N\u00e3o s\u00e3o adicionadas fragr\u00e2ncias ou pigmentos extras, o que pode reduzir a irrita\u00e7\u00e3o, mesmo que as m\u00e3os sejam frequentemente expostas a ambientes agressivos. Do processamento da mat\u00e9ria-prima \u00e0 emulsifica\u00e7\u00e3o e inspe\u00e7\u00e3o de qualidade, cada etapa \u00e9 focada na cria\u00e7\u00e3o de um creme para as m\u00e3os altamente nutritivo e duradouro para as m\u00e3os masculinas.<\/p>\n\n\n\n<p><\/p>","protected":false},"excerpt":{"rendered":"Hand cream for man manufacturing Common Formulas One of the key ingredients in the men&#8217;s hand cream formula is shea butter, which is rich in fatty acids and can form a moisture-locking film to combat dryness caused by frequent hand activities. Vitamin E is added, which is a powerful antioxidant that can neutralize free radicals, [&hellip;]","protected":false},"featured_media":3753,"menu_order":0,"template":"","meta":[],"product-tag":[],"products":[58],"class_list":["post-3750","product","type-product","status-publish","has-post-thumbnail","hentry","products-hand-cream"],"acf":[],"_links":{"self":[{"href":"https:\/\/www.ruiqigo.com\/pt\/wp-json\/wp\/v2\/product\/3750","targetHints":{"allow":["GET"]}}],"collection":[{"href":"https:\/\/www.ruiqigo.com\/pt\/wp-json\/wp\/v2\/product"}],"about":[{"href":"https:\/\/www.ruiqigo.com\/pt\/wp-json\/wp\/v2\/types\/product"}],"version-history":[{"count":0,"href":"https:\/\/www.ruiqigo.com\/pt\/wp-json\/wp\/v2\/product\/3750\/revisions"}],"wp:featuredmedia":[{"embeddable":true,"href":"https:\/\/www.ruiqigo.com\/pt\/wp-json\/wp\/v2\/media\/3753"}],"wp:attachment":[{"href":"https:\/\/www.ruiqigo.com\/pt\/wp-json\/wp\/v2\/media?parent=3750"}],"wp:term":[{"taxonomy":"product-tag","embeddable":true,"href":"https:\/\/www.ruiqigo.com\/pt\/wp-json\/wp\/v2\/product-tag?post=3750"},{"taxonomy":"products","embeddable":true,"href":"https:\/\/www.ruiqigo.com\/pt\/wp-json\/wp\/v2\/products?post=3750"}],"curies":[{"name":"wp","href":"https:\/\/api.w.org\/{rel}","templated":true}]}}