{"id":3804,"date":"2025-07-11T09:54:39","date_gmt":"2025-07-11T01:54:39","guid":{"rendered":"https:\/\/www.ruiqigo.com\/?post_type=product&#038;p=3804"},"modified":"2025-07-11T09:54:40","modified_gmt":"2025-07-11T01:54:40","slug":"oil-based-makeup-remover","status":"publish","type":"product","link":"https:\/\/www.ruiqigo.com\/pt\/product\/oil-based-makeup-remover","title":{"rendered":"Removedor de maquiagem \u00e0 base de \u00f3leo"},"content":{"rendered":"<h2 class=\"wp-block-heading\">F\u00f3rmulas comuns de fabrica\u00e7\u00e3o de removedores de maquiagem \u00e0 base de \u00f3leo<\/h2>\n\n\n\n<p>Este removedor de maquiagem \u00e0 base de \u00f3leo usa \u00f3leos suaves como base e adiciona ingredientes anti-inflamat\u00f3rios e retentores de umidade para garantir que a maquiagem seja completamente decomposta e derretida, ao mesmo tempo em que garante que a pele n\u00e3o fique desidratada ou esticada ap\u00f3s a remo\u00e7\u00e3o da maquiagem.&nbsp;<\/p>\n\n\n\n<p><strong>1. \u00d3leo de amendoim: <\/strong>\u00c9 um ingrediente com boas propriedades de cura de \u00f3leo que pode derreter rapidamente maquiagem e res\u00edduos entre impress\u00f5es digitais e remover efetivamente sombra de olhos, delineador \u00e0 prova d&#039;\u00e1gua, diversas maquiagens labiais, etc.\u00a0<\/p>\n\n\n\n<p><strong>2. \u00d3leo de semente de p\u00eara: <\/strong>O \u00f3leo de semente de pera cont\u00e9m uma variedade de \u00e1cidos graxos processados, que podem efetivamente quebrar a maquiagem pesada, ao mesmo tempo em que nutrem o equil\u00edbrio de gordura da superf\u00edcie da pele e reduzem os danos em cadeia causados pela remo\u00e7\u00e3o da maquiagem.\u00a0<\/p>\n\n\n\n<p><strong>3. Ess\u00eancia vegetal em forma de gota d&#039;\u00e1gua: <\/strong>A ess\u00eancia vegetal em forma de gota d&#039;\u00e1gua pode controlar eficazmente a oleosidade e inibir a inflama\u00e7\u00e3o, reduzir a chance de sensa\u00e7\u00e3o de calor e marcas vermelhas que podem ocorrer durante a remo\u00e7\u00e3o da maquiagem e adicionar prote\u00e7\u00e3o ao efeito de remo\u00e7\u00e3o da maquiagem.\u00a0<\/p>\n\n\n\n<p><strong>4. \u00d3leo de broto de hibisco: <\/strong>\u00c9 leve e possui boas propriedades de mapeamento. Ajuda outros \u00f3leos vegetais a atingirem camadas mais profundas e auxilia na dissolu\u00e7\u00e3o e reposi\u00e7\u00e3o da oleosidade, deixando a pele macia ap\u00f3s a remo\u00e7\u00e3o da maquiagem.\u00a0<\/p>\n\n\n\n<h2 class=\"wp-block-heading\">As fun\u00e7\u00f5es do removedor de maquiagem \u00e0 base de \u00f3leo<\/h2>\n\n\n\n<p><strong>1. Remo\u00e7\u00e3o r\u00e1pida de maquiagem: <\/strong>Nosso removedor de maquiagem \u00e0 base de \u00f3leo pode remover rapidamente a maquiagem dos olhos, l\u00e1bios e outras partes do rosto em uma \u00fanica etapa, sem necessidade de v\u00e1rias remo\u00e7\u00f5es.&nbsp;<\/p>\n\n\n\n<p><strong>2. Textura leve, f\u00e1cil de usar: <\/strong>O demaquilante \u00e0 base de \u00f3leo tem uma textura oleosa e leve, n\u00e3o \u00e9 espesso, a quantidade \u00e9 f\u00e1cil de controlar e \u00e9 muito pr\u00e1tico de remover.&nbsp;<\/p>\n\n\n\n<p><strong>3. A pele n\u00e3o fica esticada ap\u00f3s o uso: <\/strong>Ingredientes para cuidados com a pele oleosa, como \u00f3leo de hibisco, s\u00e3o adicionados \u00e0 f\u00f3rmula para nutrir a pele enquanto remove a maquiagem, reduzindo a sensa\u00e7\u00e3o de desidrata\u00e7\u00e3o e rigidez da pele ap\u00f3s a remo\u00e7\u00e3o.&nbsp;<\/p>\n\n\n\n<p><strong>4. Adequado para remo\u00e7\u00e3o de v\u00e1rios produtos de maquiagem: <\/strong>Seja batom, delineador ou sombra, tudo pode ser decomposto e removido de forma f\u00e1cil e eficaz.&nbsp;<\/p>\n\n\n\n<h2 class=\"wp-block-heading\">Como usar removedor de maquiagem \u00e0 base de \u00f3leo<\/h2>\n\n\n\n<p>O demaquilante \u00e0 base de \u00f3leo \u00e9 usado como o primeiro passo da remo\u00e7\u00e3o di\u00e1ria da maquiagem para remover completamente a maquiagem dos olhos, l\u00e1bios e rosto. \u00c9 melhor us\u00e1-lo com as m\u00e3os e o rosto secos, o que n\u00e3o s\u00f3 remove completamente a maquiagem, como tamb\u00e9m reduz os danos \u00e0 pele causados pela hidr\u00f3lise.&nbsp;&nbsp;<\/p>\n\n\n\n<p><strong>1. Aplique uma quantidade adequada de demaquilante nas m\u00e3os e no rosto secos:<\/strong> Coloque cerca de 2 a 3 borrifadas de demaquilante \u00e0 base de \u00f3leo na palma da m\u00e3o. N\u00e3o \u00e9 necess\u00e1rio adicionar \u00e1gua.&nbsp;<\/p>\n\n\n\n<p><strong>2. Massageie suavemente:<\/strong> Massageie suavemente o demaquilante em movimentos circulares no rosto, olhos e l\u00e1bios por 30 a 60 segundos at\u00e9 que a maquiagem esteja completamente dissolvida.&nbsp;<\/p>\n\n\n\n<p><strong>3. Adicione \u00e1gua para emulsionar: <\/strong>Mergulhe as m\u00e3os em uma quantidade adequada de \u00e1gua limpa e continue massageando a \u00e1rea da maquiagem para emulsionar o \u00f3leo e remover completamente os res\u00edduos de maquiagem e manchas de \u00f3leo.&nbsp;<\/p>\n\n\n\n<p><strong>4. Enx\u00e1gue com \u00e1gua limpa:<\/strong> Enx\u00e1gue bem o rosto com \u00e1gua limpa para garantir que n\u00e3o haja res\u00edduos e, em seguida, prossiga com as etapas de limpeza ou hidrata\u00e7\u00e3o de acordo com seu tipo de pele.&nbsp;<\/p>\n\n\n\n<h2 class=\"wp-block-heading\">Cuidado<\/h2>\n\n\n\n<p><strong>1. Evite o contato com a parte interna dos olhos: <\/strong>Feche os olhos durante o uso e n\u00e3o deixe o produto entrar em contato com os olhos. Em caso de contato acidental, enx\u00e1gue imediatamente com bastante \u00e1gua.&nbsp;<\/p>\n\n\n\n<p><strong>2. Use um produto de limpeza ap\u00f3s remover a maquiagem:<\/strong> Embora este produto possa remover maquiagem pesada, \u00e9 recomend\u00e1vel usar um produto de limpeza suave ap\u00f3s remover a maquiagem para limpar completamente os poros e equilibrar a condi\u00e7\u00e3o da pele.&nbsp;<\/p>\n\n\n\n<p><strong>3. A etapa de emulsifica\u00e7\u00e3o n\u00e3o pode ser omitida:<\/strong> A etapa de emulsifica\u00e7\u00e3o deve ser realizada durante o uso para garantir que a estrutura do \u00f3leo seja completamente decomposta e evitar que res\u00edduos obstruam os poros.&nbsp;<\/p>\n\n\n\n<p><strong>4. Preste aten\u00e7\u00e3o \u00e0 hidrata\u00e7\u00e3o e umecta\u00e7\u00e3o ap\u00f3s o uso: <\/strong>Ap\u00f3s remover a maquiagem, recomenda-se usar \u00e1gua hidratante, lo\u00e7\u00e3o ou creme hidratante para nutrir a pele a tempo.<\/p>\n\n\n\n<h2 class=\"wp-block-heading\">Conclus\u00e3o<\/h2>\n\n\n\n<p>O demaquilante \u00e0 base de \u00f3leo utiliza \u00f3leo vegetal natural como base, combinando excelente poder de remo\u00e7\u00e3o de maquiagem com cuidados suaves com a pele, proporcionando uma solu\u00e7\u00e3o de limpeza di\u00e1ria segura, eficiente e que n\u00e3o repuxa. Proporciona uma experi\u00eancia confort\u00e1vel de remo\u00e7\u00e3o de maquiagem, e uma variedade de extratos vegetais e fatores calmantes s\u00e3o adicionados \u00e0 f\u00f3rmula para proteger ainda mais a barreira da pele.<\/p>","protected":false},"excerpt":{"rendered":"Oil Based Makeup Remover Manufacturing Common Formulas This oil based makeup remover uses mild oils as its base and adds moisture-locking and anti-inflammatory ingredients to ensure that makeup is completely broken down and melted away, while also ensuring that the skin will not be dehydrated or tight after makeup removal.&nbsp; 1. Peanut oil: It is [&hellip;]","protected":false},"featured_media":3805,"menu_order":0,"template":"","meta":[],"product-tag":[],"products":[66],"class_list":["post-3804","product","type-product","status-publish","has-post-thumbnail","hentry","products-makeup-remover"],"acf":[],"_links":{"self":[{"href":"https:\/\/www.ruiqigo.com\/pt\/wp-json\/wp\/v2\/product\/3804","targetHints":{"allow":["GET"]}}],"collection":[{"href":"https:\/\/www.ruiqigo.com\/pt\/wp-json\/wp\/v2\/product"}],"about":[{"href":"https:\/\/www.ruiqigo.com\/pt\/wp-json\/wp\/v2\/types\/product"}],"version-history":[{"count":0,"href":"https:\/\/www.ruiqigo.com\/pt\/wp-json\/wp\/v2\/product\/3804\/revisions"}],"wp:featuredmedia":[{"embeddable":true,"href":"https:\/\/www.ruiqigo.com\/pt\/wp-json\/wp\/v2\/media\/3805"}],"wp:attachment":[{"href":"https:\/\/www.ruiqigo.com\/pt\/wp-json\/wp\/v2\/media?parent=3804"}],"wp:term":[{"taxonomy":"product-tag","embeddable":true,"href":"https:\/\/www.ruiqigo.com\/pt\/wp-json\/wp\/v2\/product-tag?post=3804"},{"taxonomy":"products","embeddable":true,"href":"https:\/\/www.ruiqigo.com\/pt\/wp-json\/wp\/v2\/products?post=3804"}],"curies":[{"name":"wp","href":"https:\/\/api.w.org\/{rel}","templated":true}]}}