{"id":3827,"date":"2025-07-17T17:42:18","date_gmt":"2025-07-17T09:42:18","guid":{"rendered":"https:\/\/www.ruiqigo.com\/?post_type=product&#038;p=3827"},"modified":"2025-07-17T17:42:19","modified_gmt":"2025-07-17T09:42:19","slug":"eye-makeup-remover","status":"publish","type":"product","link":"https:\/\/www.ruiqigo.com\/pt\/product\/eye-makeup-remover","title":{"rendered":"Removedor de maquiagem para os olhos"},"content":{"rendered":"<h2 class=\"wp-block-heading\">F\u00f3rmulas comuns para fabrica\u00e7\u00e3o de removedores de maquiagem para os olhos<\/h2>\n\n\n\n<p>Nossa f\u00f3rmula de removedor de maquiagem para os olhos seleciona cuidadosamente fatores de limpeza suaves e ingredientes de cuidado natural, como esqualano, glicerina, vitamina B5, etc., para garantir que o produto acalme e nutra a pele dos olhos, ao mesmo tempo que remove com efic\u00e1cia a maquiagem \u00e0 prova d&#039;\u00e1gua.&nbsp;<\/p>\n\n\n\n<p><strong>1. Esqualano:<\/strong> O esqualano \u00e9 um ingrediente nutritivo natural que pode ajudar a remover res\u00edduos de maquiagem enquanto mant\u00e9m a barreira de hidrata\u00e7\u00e3o ao redor dos olhos durante a remo\u00e7\u00e3o da maquiagem, prevenindo o ressecamento e linhas finas ao redor dos olhos.&nbsp;<\/p>\n\n\n\n<p><strong>2. Extrato de camomila: <\/strong>Tem um efeito calmante significativo e pode reduzir efetivamente a vermelhid\u00e3o, o incha\u00e7o, o ressecamento e a coceira causados pela irrita\u00e7\u00e3o da maquiagem, al\u00e9m de ajudar a aliviar a fadiga e o desconforto ocular.&nbsp;<\/p>\n\n\n\n<p><strong>3. Vitamina B5:<\/strong> Tamb\u00e9m conhecido como pantenol, ele tem propriedades reparadoras e anti-inflamat\u00f3rias, que podem melhorar a maciez da pele e a for\u00e7a da barreira cut\u00e2nea, tornando a pele ao redor dos olhos mais forte e est\u00e1vel.&nbsp;<\/p>\n\n\n\n<p><strong>4. Glicerina: <\/strong>A glicerina \u00e9 um ingrediente hidratante altamente eficaz que pode aumentar o teor de \u00e1gua da pele e fornecer a hidrata\u00e7\u00e3o necess\u00e1ria \u00e0 \u00e1rea dos olhos ap\u00f3s a remo\u00e7\u00e3o da maquiagem, evitando o repuxamento e a descama\u00e7\u00e3o.&nbsp;<\/p>\n\n\n\n<h2 class=\"wp-block-heading\">As fun\u00e7\u00f5es do removedor de maquiagem dos olhos<\/h2>\n\n\n\n<p><strong>1. Remo\u00e7\u00e3o r\u00e1pida de maquiagem sem res\u00edduos: <\/strong>O removedor de maquiagem para os olhos adota tecnologia de limpeza bif\u00e1sica, que pode dissolver facilmente delineador \u00e0 prova d&#039;\u00e1gua e de suor, r\u00edmel e outras maquiagens sem esfregar vigorosamente, tornando a remo\u00e7\u00e3o da maquiagem mais completa e suave.\u00a0<\/p>\n\n\n\n<p><strong>2. Textura suave:<\/strong> Nosso demaquilante para os olhos n\u00e3o cont\u00e9m \u00e1lcool, fragr\u00e2ncia ou \u00f3leo mineral. Possui textura suave e foi especialmente desenvolvido para a \u00e1rea sens\u00edvel dos olhos. N\u00e3o irrita as gl\u00e2ndulas lacrimais nem causa vis\u00e3o turva durante o uso, al\u00e9m de ser altamente seguro.\u00a0<\/p>\n\n\n\n<p><strong>3. Remo\u00e7\u00e3o e cuidados com a maquiagem:<\/strong> Este produto \u00e9 rico em ingredientes hidratantes e calmantes. Ele nutre a pele dos olhos, removendo maquiagem persistente e reduzindo o risco de linhas finas causadas por ressecamento e repuxamento.\u00a0<\/p>\n\n\n\n<p><strong>4. Agite bem e use, f\u00e1cil de operar: <\/strong>O frasco adota um design de camadas de \u00f3leo e \u00e1gua, ent\u00e3o voc\u00ea s\u00f3 precisa agitar bem e usar imediatamente, economizando tempo e esfor\u00e7o. \u00c9 adequado para uso frequente por maquiadores profissionais e usu\u00e1rios di\u00e1rios.&nbsp;<\/p>\n\n\n\n<h2 class=\"wp-block-heading\">Como usar removedor de maquiagem para os olhos<\/h2>\n\n\n\n<p>Recomenda-se usar um algod\u00e3o para limpar suavemente a maquiagem dos olhos sem puxar excessivamente, principalmente para quem usa delineador ou r\u00edmel \u00e0 prova d&#039;\u00e1gua.<\/p>\n\n\n\n<p>1. Agite suavemente o frasco para misturar a \u00e1gua e o \u00f3leo.<\/p>\n\n\n\n<p>2. Coloque o demaquilante para os olhos no algod\u00e3o e molhe bem.<\/p>\n\n\n\n<p>3. Depois de fechar os olhos, aplique suavemente o algod\u00e3o sobre eles e deixe agir por 5 a 10 segundos.<\/p>\n\n\n\n<p>4. Limpe suavemente a \u00e1rea da maquiagem ao longo da textura da pele dos olhos para remover a maquiagem.<\/p>\n\n\n\n<p>5. Por fim, enx\u00e1gue com \u00e1gua limpa e hidrate os olhos.<\/p>\n\n\n\n<h2 class=\"wp-block-heading\">Cuidado<\/h2>\n\n\n\n<p><strong>1. Agite bem antes de usar: <\/strong>Agite bem antes de usar para garantir que o \u00f3leo e a \u00e1gua estejam totalmente integrados, melhorando a efici\u00eancia da remo\u00e7\u00e3o da maquiagem.<\/p>\n\n\n\n<p><strong>2. Evite contato com os olhos: <\/strong>Tenha cuidado para n\u00e3o deixar cair o demaquilante diretamente nos olhos ao us\u00e1-lo. Em caso de contato acidental com os olhos, lave-os imediatamente com bastante \u00e1gua limpa. Se a situa\u00e7\u00e3o for grave, procure atendimento m\u00e9dico imediatamente.<\/p>\n\n\n\n<p><strong>3. N\u00e3o use for\u00e7a excessiva: <\/strong>A pele ao redor dos olhos \u00e9 relativamente delicada, portanto, n\u00e3o a limpe com for\u00e7a. Use algod\u00e3o macio para evitar atrito excessivo, que pode causar vermelhid\u00e3o e incha\u00e7o nos olhos.<\/p>\n\n\n\n<p><strong>4. Reparo ap\u00f3s a remo\u00e7\u00e3o: <\/strong>Ap\u00f3s remover a maquiagem, fa\u00e7a um bom trabalho de hidrata\u00e7\u00e3o e repara\u00e7\u00e3o subsequentes, reponha a ess\u00eancia ou o creme para os olhos a tempo para manter a pele hidratada e macia.&nbsp;<\/p>\n\n\n\n<h2 class=\"wp-block-heading\">Conclus\u00e3o<\/h2>\n\n\n\n<p>O demaquilante para os olhos combina remo\u00e7\u00e3o e repara\u00e7\u00e3o de maquiagem em um s\u00f3 produto, sendo adequado para diversas concentra\u00e7\u00f5es de maquiagem e diferentes cen\u00e1rios de uso. Com tecnologia cient\u00edfica de remo\u00e7\u00e3o de maquiagem e m\u00faltiplos ingredientes suaves, ele leva em considera\u00e7\u00e3o tanto o poder de remo\u00e7\u00e3o da maquiagem quanto a seguran\u00e7a para peles sens\u00edveis, proporcionando um equil\u00edbrio entre limpeza e cuidado para a pele ao redor dos olhos. Seja para maquiagem leve di\u00e1ria, maquiagem pesada para o palco ou maquiagem profissional, este produto pode completar a tarefa de remo\u00e7\u00e3o de maquiagem de forma eficiente e suave, sendo uma parte importante do cuidado com os olhos.<\/p>","protected":false},"excerpt":{"rendered":"Eye Makeup Remover Manufacturing Common Formulas Our eye makeup remover formula carefully selects gentle cleansing factors and natural care ingredients, such as squalane, glycerin, vitamin B5, etc., to ensure that the product soothes and nourishes the eye skin while effectively removing waterproof makeup.&nbsp; 1. Squalane: Squalane is a natural nourishing ingredient that can help relieve [&hellip;]","protected":false},"featured_media":3828,"menu_order":0,"template":"","meta":[],"product-tag":[],"products":[66],"class_list":["post-3827","product","type-product","status-publish","has-post-thumbnail","hentry","products-makeup-remover"],"acf":[],"_links":{"self":[{"href":"https:\/\/www.ruiqigo.com\/pt\/wp-json\/wp\/v2\/product\/3827","targetHints":{"allow":["GET"]}}],"collection":[{"href":"https:\/\/www.ruiqigo.com\/pt\/wp-json\/wp\/v2\/product"}],"about":[{"href":"https:\/\/www.ruiqigo.com\/pt\/wp-json\/wp\/v2\/types\/product"}],"version-history":[{"count":0,"href":"https:\/\/www.ruiqigo.com\/pt\/wp-json\/wp\/v2\/product\/3827\/revisions"}],"wp:featuredmedia":[{"embeddable":true,"href":"https:\/\/www.ruiqigo.com\/pt\/wp-json\/wp\/v2\/media\/3828"}],"wp:attachment":[{"href":"https:\/\/www.ruiqigo.com\/pt\/wp-json\/wp\/v2\/media?parent=3827"}],"wp:term":[{"taxonomy":"product-tag","embeddable":true,"href":"https:\/\/www.ruiqigo.com\/pt\/wp-json\/wp\/v2\/product-tag?post=3827"},{"taxonomy":"products","embeddable":true,"href":"https:\/\/www.ruiqigo.com\/pt\/wp-json\/wp\/v2\/products?post=3827"}],"curies":[{"name":"wp","href":"https:\/\/api.w.org\/{rel}","templated":true}]}}