{"id":3840,"date":"2025-07-18T16:41:32","date_gmt":"2025-07-18T08:41:32","guid":{"rendered":"https:\/\/www.ruiqigo.com\/?post_type=product&#038;p=3840"},"modified":"2025-07-18T16:41:33","modified_gmt":"2025-07-18T08:41:33","slug":"facial-moisturizer-mask","status":"publish","type":"product","link":"https:\/\/www.ruiqigo.com\/pt\/product\/facial-moisturizer-mask","title":{"rendered":"M\u00e1scara Hidratante Facial"},"content":{"rendered":"<h2 class=\"wp-block-heading\">F\u00f3rmulas comuns de fabrica\u00e7\u00e3o de m\u00e1scaras hidratantes faciais<\/h2>\n\n\n\n<p>A f\u00f3rmula da nossa m\u00e1scara hidratante facial cont\u00e9m ingredientes hidratantes e umectantes cl\u00e1ssicos selecionados, como \u00e1cido hialur\u00f4nico, ceramida, pantenol, etc., que hidratam profundamente a pele, fortalecem a barreira cut\u00e2nea, acalmam e estabilizam a pele. \u00c9 adequada para uma ampla gama de pessoas.&nbsp;<\/p>\n\n\n\n<p><strong>1. \u00c1cido hialur\u00f4nico: <\/strong>Este \u00e9 um ingrediente que absorve \u00e1gua eficientemente. Pode aumentar rapidamente o teor de \u00e1gua do estrato c\u00f3rneo da pele, nutrindo-a profundamente e deixando a pele do rosto vi\u00e7osa e hidratada.&nbsp;<\/p>\n\n\n\n<p><strong>2. Ceramida: <\/strong>Pode reparar a barreira danificada do estrato c\u00f3rneo, aumentar a resist\u00eancia da pele e prevenir eficazmente a perda de hidrata\u00e7\u00e3o. \u00c9 especialmente adequado para usu\u00e1rios com pele sens\u00edvel e barreira cut\u00e2nea danificada.\u00a0\u00a0<\/p>\n\n\n\n<p><strong>3. Pantenol: <\/strong>O pantenol pode aumentar a capacidade de autocura da pele, melhorar a pele seca e, ao mesmo tempo, aumentar sua capacidade de reter umidade, deixando a pele hidratada e brilhante de forma duradoura.&nbsp;<\/p>\n\n\n\n<p><strong>4. Extrato de aloe vera: <\/strong>Um ingrediente vegetal natural com excelentes efeitos calmantes e anti-inflamat\u00f3rios, ajuda a aliviar a vermelhid\u00e3o, o incha\u00e7o, o ressecamento, a coceira e outros desconfortos da pele, al\u00e9m de melhorar o conforto da pele.&nbsp;<\/p>\n\n\n\n<h2 class=\"wp-block-heading\">As fun\u00e7\u00f5es da m\u00e1scara hidratante facial<\/h2>\n\n\n\n<p><strong>1. Hidrata\u00e7\u00e3o r\u00e1pida: <\/strong>Usar uma m\u00e1scara hidratante facial pode proporcionar hidrata\u00e7\u00e3o r\u00e1pida em apenas 10 a 15 minutos, melhorando significativamente a pele seca.\u00a0<\/p>\n\n\n\n<p><strong>2. Suave e antial\u00e9rgico:<\/strong> A f\u00f3rmula deste produto \u00e9 muito suave e n\u00e3o cont\u00e9m \u00e1lcool, fragr\u00e2ncias alerg\u00eanicas ou outros ingredientes. Portanto, tamb\u00e9m \u00e9 muito adequado para a hidrata\u00e7\u00e3o di\u00e1ria e para a hidrata\u00e7\u00e3o de peles sens\u00edveis.&nbsp;<\/p>\n\n\n\n<p><strong>3. Melhore a capacidade da pele de reter umidade:<\/strong> Uma m\u00e1scara hidratante facial pode reparar a barreira da pele, reparar a camada protetora natural enquanto ret\u00e9m a umidade e ajudar a pele a manter um estado hidratado por mais tempo.\u00a0<\/p>\n\n\n\n<p><strong>4. Adequado para v\u00e1rios tipos de pele:<\/strong> Nossa m\u00e1scara hidratante facial tem uma f\u00f3rmula suave e efeito eficaz, adequada para usu\u00e1rios com todos os tipos de pele, incluindo seca e oleosa.&nbsp;<\/p>\n\n\n\n<h2 class=\"wp-block-heading\">Como usar m\u00e1scara hidratante facial<\/h2>\n\n\n\n<p>Recomenda-se usar a m\u00e1scara hidratante facial ap\u00f3s a limpeza da pele para maximizar a hidrata\u00e7\u00e3o e o efeito de reten\u00e7\u00e3o de umidade.<\/p>\n\n\n\n<p>1. Ap\u00f3s a limpeza, retire a m\u00e1scara hidratante facial e aplique-a no rosto.<\/p>\n\n\n\n<p>2. Aguarde de 10 a 15 minutos para que a pele absorva a umidade e a ess\u00eancia.<\/p>\n\n\n\n<p>3. Retire a m\u00e1scara do rosto e d\u00ea leves batidinhas para promover a absor\u00e7\u00e3o.<\/p>\n\n\n\n<p>4. Enx\u00e1gue com \u00e1gua limpa e continue o processo de cuidado com a pele para fortalecer o efeito de reten\u00e7\u00e3o de umidade.<\/p>\n\n\n\n<h2 class=\"wp-block-heading\">Cuidado<\/h2>\n\n\n\n<p><strong>1. Teste de sensibilidade:<\/strong> Se voc\u00ea estiver usando este produto pela primeira vez, \u00e9 recomend\u00e1vel realizar um teste de sensibilidade da pele atr\u00e1s da orelha ou no queixo primeiro e depois us\u00e1-lo completamente quando n\u00e3o houver desconforto.&nbsp;<\/p>\n\n\n\n<p><strong>2. N\u00e3o use em pele danificada:<\/strong> Quando a pele estiver danificada, vermelha, inchada ou al\u00e9rgica, n\u00e3o use a m\u00e1scara hidratante facial para evitar irrita\u00e7\u00e3o na pele.\u00a0<\/p>\n\n\n\n<p><strong>3. Conservar em local fresco e protegido da luz:<\/strong> Guarde este produto em local fresco e seco, longe de altas temperaturas e luz solar para garantir a atividade e o efeito do produto.\u00a0<\/p>\n\n\n\n<p><strong>4. O tempo de uso n\u00e3o deve ser muito longo: <\/strong>O tempo de uso recomendado \u00e9 baseado nas instru\u00e7\u00f5es do produto e n\u00e3o deve ser muito longo para evitar efeitos adversos.<\/p>\n\n\n\n<h2 class=\"wp-block-heading\">Conclus\u00e3o<\/h2>\n\n\n\n<p>A m\u00e1scara hidratante facial \u00e9 um produto altamente eficaz para o cuidado da pele, capaz de repor e reter a hidrata\u00e7\u00e3o rapidamente. Selecionamos cuidadosamente ingredientes hidratantes altamente eficazes para atender \u00e0s necessidades de hidrata\u00e7\u00e3o de todos os tipos de pele. Seja para cuidados di\u00e1rios ou para uma hidrata\u00e7\u00e3o de emerg\u00eancia para peles secas e sens\u00edveis, esta m\u00e1scara \u00e9 uma \u00f3tima escolha.<\/p>","protected":false},"excerpt":{"rendered":"Facial Moisturizer Mask Manufacturing Common Formulas Our facial moisturizer mask formula contains selected classic hydrating and moisturizing ingredients such as hyaluronic acid, ceramide, panthenol, etc., which can deeply hydrate the skin, strengthen the barrier, and soothe and stabilize the skin. It is suitable for a wide range of people.&nbsp; 1. Hyaluronic acid: This is an [&hellip;]","protected":false},"featured_media":3841,"menu_order":0,"template":"","meta":[],"product-tag":[],"products":[69],"class_list":["post-3840","product","type-product","status-publish","has-post-thumbnail","hentry","products-facial-mask"],"acf":[],"_links":{"self":[{"href":"https:\/\/www.ruiqigo.com\/pt\/wp-json\/wp\/v2\/product\/3840","targetHints":{"allow":["GET"]}}],"collection":[{"href":"https:\/\/www.ruiqigo.com\/pt\/wp-json\/wp\/v2\/product"}],"about":[{"href":"https:\/\/www.ruiqigo.com\/pt\/wp-json\/wp\/v2\/types\/product"}],"version-history":[{"count":0,"href":"https:\/\/www.ruiqigo.com\/pt\/wp-json\/wp\/v2\/product\/3840\/revisions"}],"wp:featuredmedia":[{"embeddable":true,"href":"https:\/\/www.ruiqigo.com\/pt\/wp-json\/wp\/v2\/media\/3841"}],"wp:attachment":[{"href":"https:\/\/www.ruiqigo.com\/pt\/wp-json\/wp\/v2\/media?parent=3840"}],"wp:term":[{"taxonomy":"product-tag","embeddable":true,"href":"https:\/\/www.ruiqigo.com\/pt\/wp-json\/wp\/v2\/product-tag?post=3840"},{"taxonomy":"products","embeddable":true,"href":"https:\/\/www.ruiqigo.com\/pt\/wp-json\/wp\/v2\/products?post=3840"}],"curies":[{"name":"wp","href":"https:\/\/api.w.org\/{rel}","templated":true}]}}