{"id":402,"date":"2024-07-08T10:46:59","date_gmt":"2024-07-08T02:46:59","guid":{"rendered":"https:\/\/ruiqigo.com\/?post_type=product&#038;p=402"},"modified":"2024-10-28T15:41:34","modified_gmt":"2024-10-28T07:41:34","slug":"tea-tree-body-wash","status":"publish","type":"product","link":"https:\/\/www.ruiqigo.com\/pt\/product\/tea-tree-body-wash","title":{"rendered":"Sabonete l\u00edquido de melaleuca"},"content":{"rendered":"<h3 class=\"wp-block-heading\">F\u00f3rmulas comuns para fabrica\u00e7\u00e3o de sabonete l\u00edquido \u00e0 base de melaleuca<\/h3>\n\n\n\n<p>O ingrediente principal deste Sabonete L\u00edquido Corporal de Melaleuca \u00e9 o \u00f3leo essencial natural de melaleuca. O \u00f3leo de melaleuca \u00e9 um ingrediente antibacteriano e anti-inflamat\u00f3rio natural que n\u00e3o s\u00f3 limpa a pele, como tamb\u00e9m repara a pele danificada e previne a ocorr\u00eancia de problemas de pele. Tamb\u00e9m adicionamos extratos vegetais, como o \u00f3leo da folha de Melaleuca alternifolia e o mentol, para potencializar ainda mais os efeitos de limpeza e suaviza\u00e7\u00e3o, proporcionando um cuidado mais completo \u00e0 pele. Todos os ingredientes s\u00e3o rigorosamente testados e selecionados para garantir a seguran\u00e7a e a efic\u00e1cia dos produtos, proporcionando a voc\u00ea uma experi\u00eancia de banho natural de alta qualidade.<\/p>\n\n\n\n<h3 class=\"wp-block-heading\">Sabonete l\u00edquido corporal de melaleuca Cen\u00e1rios aplic\u00e1veis<\/h3>\n\n\n\n<p>Este sabonete l\u00edquido de melaleuca \u00e9 perfeito para o ver\u00e3o quente e \u00famido. Sua fragr\u00e2ncia refrescante de melaleuca proporciona uma experi\u00eancia de banho refrescante e revigorante, ajudando voc\u00ea a se sentir instantaneamente revigorado no calor do ver\u00e3o. Ao mesmo tempo, seus ingredientes antibacterianos naturais s\u00e3o eficazes na preven\u00e7\u00e3o de problemas de pele causados pelo suor, para que voc\u00ea possa manter a pele sempre fresca e limpa no calor.<\/p>\n\n\n\n<h3 class=\"wp-block-heading\">Para quem \u00e9 indicado o sabonete l\u00edquido Tea Tree?<\/h3>\n\n\n\n<p>Este sabonete l\u00edquido \u00e0 base de melaleuca \u00e9 ideal para quem busca limpeza e higiene e se preocupa com a sa\u00fade da pele. Seus ingredientes antibacterianos naturais podem matar bact\u00e9rias nocivas com efic\u00e1cia, proporcionando uma limpeza mais segura e eficaz para a pele; ao mesmo tempo, seus ricos ingredientes nutritivos tamb\u00e9m podem proporcionar um cuidado completo para todos os tipos de pele, ajudando a aliviar o ressecamento, a sensibilidade e outros problemas. Al\u00e9m disso, sua fragr\u00e2ncia refrescante tamb\u00e9m proporciona um banho agrad\u00e1vel para quem gosta de uma experi\u00eancia refrescante.<\/p>\n\n\n\n<h3 class=\"wp-block-heading\">Processo de produ\u00e7\u00e3o de sabonete l\u00edquido de melaleuca<\/h3>\n\n\n\n<p>Na produ\u00e7\u00e3o do nosso sabonete l\u00edquido de melaleuca, utilizamos \u00f3leo de melaleuca puro e um processo de extra\u00e7\u00e3o suave para garantir a preserva\u00e7\u00e3o dos seus ingredientes ativos. Durante o processo de produ\u00e7\u00e3o, controlamos rigorosamente o pH e a concentra\u00e7\u00e3o de \u00f3leo de melaleuca em nossas formula\u00e7\u00f5es para obter o melhor efeito de cuidado com a pele e a melhor experi\u00eancia de uso. Al\u00e9m disso, focamos na prote\u00e7\u00e3o ambiental e na sustentabilidade para garantir que nossos produtos sejam ecologicamente corretos.<\/p>","protected":false},"excerpt":{"rendered":"Tea tree body wash manufacturing Common Formulas The main ingredient in this Tea Tree Body Wash is natural tea tree essential oil. Tea Tree oil is a natural anti-bacterial and anti-inflammatory ingredient that not only cleanses the skin, but also repairs damaged skin and prevents skin problems from occurring. We have also added plant extracts [&hellip;]","protected":false},"featured_media":406,"menu_order":0,"template":"","meta":[],"product-tag":[],"products":[57],"class_list":["post-402","product","type-product","status-publish","has-post-thumbnail","hentry","products-body-wash"],"acf":[],"_links":{"self":[{"href":"https:\/\/www.ruiqigo.com\/pt\/wp-json\/wp\/v2\/product\/402","targetHints":{"allow":["GET"]}}],"collection":[{"href":"https:\/\/www.ruiqigo.com\/pt\/wp-json\/wp\/v2\/product"}],"about":[{"href":"https:\/\/www.ruiqigo.com\/pt\/wp-json\/wp\/v2\/types\/product"}],"version-history":[{"count":0,"href":"https:\/\/www.ruiqigo.com\/pt\/wp-json\/wp\/v2\/product\/402\/revisions"}],"wp:featuredmedia":[{"embeddable":true,"href":"https:\/\/www.ruiqigo.com\/pt\/wp-json\/wp\/v2\/media\/406"}],"wp:attachment":[{"href":"https:\/\/www.ruiqigo.com\/pt\/wp-json\/wp\/v2\/media?parent=402"}],"wp:term":[{"taxonomy":"product-tag","embeddable":true,"href":"https:\/\/www.ruiqigo.com\/pt\/wp-json\/wp\/v2\/product-tag?post=402"},{"taxonomy":"products","embeddable":true,"href":"https:\/\/www.ruiqigo.com\/pt\/wp-json\/wp\/v2\/products?post=402"}],"curies":[{"name":"wp","href":"https:\/\/api.w.org\/{rel}","templated":true}]}}