{"id":425,"date":"2024-07-08T11:57:29","date_gmt":"2024-07-08T03:57:29","guid":{"rendered":"https:\/\/ruiqigo.com\/?post_type=product&#038;p=425"},"modified":"2024-11-06T15:07:05","modified_gmt":"2024-11-06T07:07:05","slug":"lavender-massage-oil","status":"publish","type":"product","link":"https:\/\/www.ruiqigo.com\/pt\/product\/lavender-massage-oil","title":{"rendered":"\u00d3leo de massagem de lavanda"},"content":{"rendered":"<h3 class=\"wp-block-heading\">F\u00f3rmulas comuns de fabrica\u00e7\u00e3o de \u00f3leo de massagem de lavanda<\/h3>\n\n\n\n<p>Os principais ingredientes deste \u00f3leo de massagem de lavanda s\u00e3o \u00f3leo essencial de lavanda puro e \u00f3leo de semente de girassol. O \u00f3leo essencial de lavanda \u00e9 rico em ingredientes bioativos e possui excelentes propriedades aromaterap\u00eauticas, ajudando a aliviar o estresse emocional e a melhorar o bem-estar mental. Como fabricantes confi\u00e1veis de \u00f3leo de massagem de lavanda, sabemos que o \u00f3leo de semente de girassol \u00e9 rico em vitaminas e \u00e1cido linoleico, que podem nutrir e reparar a pele com efic\u00e1cia, melhorando a condi\u00e7\u00e3o da pele seca e \u00e1spera. Esses ingredientes de alta qualidade n\u00e3o s\u00e3o apenas seguros e n\u00e3o irritantes, mas tamb\u00e9m proporcionam m\u00faltiplos efeitos relaxantes, calmantes e nutritivos, proporcionando um cuidado completo \u00e0 pele e \u00e0 mente.<\/p>\n\n\n\n<h3 class=\"wp-block-heading\">Cen\u00e1rios aplic\u00e1veis ao \u00f3leo de massagem de lavanda<\/h3>\n\n\n\n<p>Este \u00f3leo de massagem de lavanda \u00e9 perfeito para os dias quentes e suados de ver\u00e3o. Em climas quentes e \u00famidos, a pele fica propensa a ressecamento e aspereza, al\u00e9m de fadiga e ansiedade. Este \u00f3leo de massagem penetra rapidamente na pele sem deixar uma sensa\u00e7\u00e3o pegajosa, ao mesmo tempo que proporciona um aroma relaxante e nutritivo que manter\u00e1 voc\u00ea se sentindo fresco e confort\u00e1vel no calor. Al\u00e9m disso, protege a pele dos danos causados pelo sol, facilitando o desfrute de uma experi\u00eancia relaxante e agrad\u00e1vel em todos os ambientes.<\/p>\n\n\n\n<h3 class=\"wp-block-heading\">Para quem \u00e9 indicado o \u00f3leo de massagem de lavanda?<\/h3>\n\n\n\n<p>Este \u00f3leo de massagem de lavanda \u00e9 adequado para todos os tipos de pele. Para pessoas estressadas e irritadas, pode ajudar a aliviar a ansiedade, melhorar o estado mental e relaxar o corpo e a mente atrav\u00e9s da aromaterapia. Ao mesmo tempo, pode nutrir profundamente a pele, aliviar o ressecamento e a aspereza, restaurando a maciez e a suavidade da pele. Especialmente para aqueles que frequentemente se submetem a trabalhos de alta intensidade, este \u00f3leo de massagem pode ajudar a relaxar os m\u00fasculos, aliviar a fadiga e proporcionar um cuidado completo.<\/p>\n\n\n\n<h3 class=\"wp-block-heading\">Processo de produ\u00e7\u00e3o de \u00f3leo de massagem de lavanda<\/h3>\n\n\n\n<p>O processo especial de produ\u00e7\u00e3o do \u00d3leo de Massagem de Lavanda inclui a extra\u00e7\u00e3o do \u00f3leo essencial de flores de lavanda selecionadas por destila\u00e7\u00e3o a vapor, um processo que preserva o aroma natural e as propriedades curativas da lavanda. Posteriormente, os \u00f3leos essenciais s\u00e3o misturados em propor\u00e7\u00f5es precisas com \u00f3leos carreadores de alta qualidade, como \u00f3leo de am\u00eandoas doces ou \u00f3leo de semente de uva, para garantir que o \u00f3leo de massagem penetre e nutra. Como fabricante confi\u00e1vel de \u00f3leo de massagem de lavanda, todo o processo de produ\u00e7\u00e3o ocorre em um ambiente rigorosamente controlado, evitando luz e calor para manter a estabilidade e a pureza do \u00f3leo.<\/p>","protected":false},"excerpt":{"rendered":"Lavender massage oil manufacturing common formulas The main ingredients of this lavender massage oil are natural pure lavender essential oil and sunflower seed oil. Lavender essential oil is rich in bio-active ingredients and has excellent aromatherapeutic properties, helping to relieve emotional stress and enhance mental well-being. As a trustworthy Lavender massage oil manufacturer, we know [&hellip;]","protected":false},"featured_media":434,"menu_order":0,"template":"","meta":[],"product-tag":[],"products":[59],"class_list":["post-425","product","type-product","status-publish","has-post-thumbnail","hentry","products-massage-oil"],"acf":[],"_links":{"self":[{"href":"https:\/\/www.ruiqigo.com\/pt\/wp-json\/wp\/v2\/product\/425","targetHints":{"allow":["GET"]}}],"collection":[{"href":"https:\/\/www.ruiqigo.com\/pt\/wp-json\/wp\/v2\/product"}],"about":[{"href":"https:\/\/www.ruiqigo.com\/pt\/wp-json\/wp\/v2\/types\/product"}],"version-history":[{"count":0,"href":"https:\/\/www.ruiqigo.com\/pt\/wp-json\/wp\/v2\/product\/425\/revisions"}],"wp:featuredmedia":[{"embeddable":true,"href":"https:\/\/www.ruiqigo.com\/pt\/wp-json\/wp\/v2\/media\/434"}],"wp:attachment":[{"href":"https:\/\/www.ruiqigo.com\/pt\/wp-json\/wp\/v2\/media?parent=425"}],"wp:term":[{"taxonomy":"product-tag","embeddable":true,"href":"https:\/\/www.ruiqigo.com\/pt\/wp-json\/wp\/v2\/product-tag?post=425"},{"taxonomy":"products","embeddable":true,"href":"https:\/\/www.ruiqigo.com\/pt\/wp-json\/wp\/v2\/products?post=425"}],"curies":[{"name":"wp","href":"https:\/\/api.w.org\/{rel}","templated":true}]}}