{"id":463,"date":"2024-07-12T12:04:23","date_gmt":"2024-07-12T04:04:23","guid":{"rendered":"https:\/\/ruiqigo.com\/?post_type=product&#038;p=463"},"modified":"2024-11-06T13:42:51","modified_gmt":"2024-11-06T05:42:51","slug":"jelly-facial-mask","status":"publish","type":"product","link":"https:\/\/www.ruiqigo.com\/pt\/product\/jelly-facial-mask","title":{"rendered":"M\u00e1scara facial de gelatina"},"content":{"rendered":"<h2 class=\"wp-block-heading\">F\u00f3rmulas comuns para fabrica\u00e7\u00e3o de m\u00e1scaras faciais de gelatina<\/h2>\n\n\n\n<p>Carb\u00f4mero: Como espessante e estabilizador superior, o carb\u00f4mero desempenha um papel fundamental em nossa M\u00e1scara Facial de Gelatina, aumentando a ades\u00e3o da m\u00e1scara e garantindo a penetra\u00e7\u00e3o eficaz dos nutrientes. Al\u00e9m disso, a \u00c1gua de Hamam\u00e9lis da Am\u00e9rica do Norte \u00e9 conhecida por suas propriedades calmantes e adstringentes, ajudando a regular a oleosidade da pele, minimizar os poros dilatados e restaurar o frescor e a maciez da pele. Como fabricante confi\u00e1vel de m\u00e1scaras faciais de gelatina, sabemos que a \u00c1gua de Aloe Vera Cura\u00e7ao, rica em vitaminas e minerais, tem um excelente efeito hidratante e reparador, promovendo a regenera\u00e7\u00e3o celular da pele e melhorando a pele seca.<\/p>\n\n\n\n<h2 class=\"wp-block-heading\">Cen\u00e1rios aplic\u00e1veis \u00e0 m\u00e1scara facial de gelatina<\/h2>\n\n\n\n<p>Nossas M\u00e1scaras Faciais de Gelatina s\u00e3o adequadas para uma ampla gama de situa\u00e7\u00f5es de cuidados di\u00e1rios com a pele. Seja para uma rotina relaxante de cuidados com a pele \u00e0 noite em casa ou para uma r\u00e1pida hidrata\u00e7\u00e3o em qualquer lugar, esta m\u00e1scara \u00e9 perfeita. \u00c9 particularmente adequada para uso durante esta\u00e7\u00f5es secas, per\u00edodos prolongados em ambientes com ar-condicionado ou aquecidos, ou ap\u00f3s atividades ao ar livre, proporcionando hidrata\u00e7\u00e3o imediata e al\u00edvio calmante \u00e0 pele.<\/p>\n\n\n\n<h2 class=\"wp-block-heading\">Para quem \u00e9 indicada a m\u00e1scara facial Jelly?<\/h2>\n\n\n\n<p>Esta M\u00e1scara Facial de Gelatina \u00e9 adequada para todos os tipos de pele, especialmente peles secas, desidratadas, sens\u00edveis ou maduras. Oferece uma solu\u00e7\u00e3o r\u00e1pida e eficaz para o cuidado da pele de pessoas modernas, constantemente expostas \u00e0 polui\u00e7\u00e3o ambiental, aos danos causados pelos raios UV e ao estresse da vida. Al\u00e9m disso, tamb\u00e9m \u00e9 adequada para consumidores que buscam cuidados naturais com a pele e ingredientes bot\u00e2nicos.<\/p>\n\n\n\n<h2 class=\"wp-block-heading\">Processo de produ\u00e7\u00e3o de m\u00e1scara facial de gelatina<\/h2>\n\n\n\n<p>Para garantir a mais alta qualidade e efic\u00e1cia, uma s\u00e9rie de medidas rigorosas s\u00e3o tomadas durante o processo de fabrica\u00e7\u00e3o de nossas M\u00e1scaras Faciais de Gelatina. Primeiro, selecionamos cuidadosamente os melhores bot\u00e2nicos para garantir sua pureza e atividade. Em seguida, estes s\u00e3o cuidadosamente misturados com hidratantes macromoleculares para criar uma f\u00f3rmula sin\u00e9rgica que se complementa. Como fabricantes profissionais de m\u00e1scaras faciais de gelatina, a pr\u00f3xima etapa crucial da gelifica\u00e7\u00e3o exige que nossa equipe de profissionais controle com precis\u00e3o a quantidade de carb\u00f4mero adicionado para atingir a textura de gel refrescante desejada. Esse equil\u00edbrio cr\u00edtico n\u00e3o s\u00f3 aumenta a sensa\u00e7\u00e3o de resfriamento na aplica\u00e7\u00e3o, como tamb\u00e9m garante que a m\u00e1scara adira \u00e0 pele para m\u00e1xima efic\u00e1cia.<\/p>","protected":false},"excerpt":{"rendered":"Jelly facial mask manufacturing common formulas Carbomer As a superior thickener and stabilizer, carbomer plays a key role in our Jelly Facial Mask, enhancing the adhesion of the mask and ensuring effective penetration of nutrients. In addition, North American Witch Hazel Water is known for its soothing and astringent properties, helping to regulate skin&#8217;s oils, [&hellip;]","protected":false},"featured_media":464,"menu_order":0,"template":"","meta":[],"product-tag":[],"products":[69],"class_list":["post-463","product","type-product","status-publish","has-post-thumbnail","hentry","products-facial-mask"],"acf":[],"_links":{"self":[{"href":"https:\/\/www.ruiqigo.com\/pt\/wp-json\/wp\/v2\/product\/463","targetHints":{"allow":["GET"]}}],"collection":[{"href":"https:\/\/www.ruiqigo.com\/pt\/wp-json\/wp\/v2\/product"}],"about":[{"href":"https:\/\/www.ruiqigo.com\/pt\/wp-json\/wp\/v2\/types\/product"}],"version-history":[{"count":0,"href":"https:\/\/www.ruiqigo.com\/pt\/wp-json\/wp\/v2\/product\/463\/revisions"}],"wp:featuredmedia":[{"embeddable":true,"href":"https:\/\/www.ruiqigo.com\/pt\/wp-json\/wp\/v2\/media\/464"}],"wp:attachment":[{"href":"https:\/\/www.ruiqigo.com\/pt\/wp-json\/wp\/v2\/media?parent=463"}],"wp:term":[{"taxonomy":"product-tag","embeddable":true,"href":"https:\/\/www.ruiqigo.com\/pt\/wp-json\/wp\/v2\/product-tag?post=463"},{"taxonomy":"products","embeddable":true,"href":"https:\/\/www.ruiqigo.com\/pt\/wp-json\/wp\/v2\/products?post=463"}],"curies":[{"name":"wp","href":"https:\/\/api.w.org\/{rel}","templated":true}]}}