{"id":468,"date":"2024-07-12T15:30:38","date_gmt":"2024-07-12T07:30:38","guid":{"rendered":"https:\/\/ruiqigo.com\/?post_type=product&#038;p=468"},"modified":"2024-11-06T13:38:55","modified_gmt":"2024-11-06T05:38:55","slug":"bubble-facial-mask","status":"publish","type":"product","link":"https:\/\/www.ruiqigo.com\/pt\/product\/bubble-facial-mask","title":{"rendered":"M\u00e1scara facial de bolhas"},"content":{"rendered":"<h2 class=\"wp-block-heading\">F\u00f3rmulas comuns para fabrica\u00e7\u00e3o de m\u00e1scaras faciais de bolhas<\/h2>\n\n\n\n<p>Os ingredientes principais desta m\u00e1scara facial de bolhas incluem extrato de casca de salgueiro-branco, extrato de amaranto e beta-glucano de aveia. O extrato de casca de salgueiro-branco \u00e9 rico em \u00e1cido el\u00e1gico e outros ingredientes ativos importantes, que podem absorver eficazmente a sujeira dos poros e inibir o crescimento de bact\u00e9rias nocivas, proporcionando assim um efeito de limpeza profunda. O extrato de amaranto \u00e9 rico em vitamina C e amino\u00e1cidos, o que ajuda a aliviar a irrita\u00e7\u00e3o causada pela limpeza e mant\u00e9m a fun\u00e7\u00e3o de barreira da pele. Como fabricante l\u00edder de m\u00e1scaras faciais de bolhas, sabemos que o beta-glucano de aveia n\u00e3o s\u00f3 cria bolhas ricas e densas, como tamb\u00e9m absorve o excesso de oleosidade e esfolia suavemente as c\u00e9lulas mortas da pele, deixando-a fresca e radiante. Esses tr\u00eas ingredientes principais se complementam para proporcionar \u00e0 sua pele uma limpeza e repara\u00e7\u00e3o profundas e completas.<\/p>\n\n\n\n<h2 class=\"wp-block-heading\">Cen\u00e1rios aplic\u00e1veis \u00e0 m\u00e1scara facial de bolhas<\/h2>\n\n\n\n<p>A m\u00e1scara facial de bolhas \u00e9 ideal para peles da zona T propensas a cravos, acne e poros dilatados devido \u00e0 oleosidade prolongada ou \u00e0 falta de limpeza. Aplicada semanalmente, ela dissolve profundamente res\u00edduos antigos e poluentes nos poros, deixando a pele refrescada e revitalizada. Os ingredientes calmantes deste limpador tamb\u00e9m proporcionam al\u00edvio imediato ap\u00f3s a limpeza, tornando o processo agrad\u00e1vel.<\/p>\n\n\n\n<h2 class=\"wp-block-heading\">Para quem \u00e9 indicada a m\u00e1scara facial Bubble?<\/h2>\n\n\n\n<p>Esta m\u00e1scara facial de bolhas \u00e9 adequada para todos os tipos de pele, especialmente aquelas que necessitam de limpeza profunda, cuidado dos poros e clareamento da pele. Para peles oleosas e mistas, controla eficazmente a produ\u00e7\u00e3o de \u00f3leo e reduz a forma\u00e7\u00e3o de acne e cravos. Para peles secas e sens\u00edveis, sua f\u00f3rmula suave e ingredientes hidratantes acalmam a pele e reduzem a irrita\u00e7\u00e3o.<\/p>\n\n\n\n<h2 class=\"wp-block-heading\">Processo de produ\u00e7\u00e3o de m\u00e1scara facial de bolhas<\/h2>\n\n\n\n<p>Nossa equipe profissional trabalhou incansavelmente para criar uma m\u00e1scara facial de bolhas excepcional. Primeiramente, somos extremamente rigorosos na sele\u00e7\u00e3o de mat\u00e9rias-primas para garantir a pureza e a atividade de ingredientes essenciais, como o Extrato de Casca de Salgueiro-Branco e o Extrato de Amaranto. Em seguida, no processo de formula\u00e7\u00e3o, como fabricantes confi\u00e1veis de m\u00e1scaras faciais de bolhas, controlamos cuidadosamente a quantidade e a propor\u00e7\u00e3o de cada ingrediente para maximizar seus efeitos sin\u00e9rgicos. A etapa principal de forma\u00e7\u00e3o de espuma foi otimizada repetidamente para obter bolhas ricas e cremosas.<\/p>","protected":false},"excerpt":{"rendered":"Bubble facial mask manufacturing common formulas The core ingredients of this bubble facial mask include White Willow Bark Extract, Amaranth Extract and Oat Beta-Glucan. White Willow Bark Extract is rich in ellagic acid and other important active ingredients, which can effectively absorb dirt in the pores and inhibit the growth of harmful bacteria, thus achieving [&hellip;]","protected":false},"featured_media":469,"menu_order":0,"template":"","meta":[],"product-tag":[],"products":[69],"class_list":["post-468","product","type-product","status-publish","has-post-thumbnail","hentry","products-facial-mask"],"acf":[],"_links":{"self":[{"href":"https:\/\/www.ruiqigo.com\/pt\/wp-json\/wp\/v2\/product\/468","targetHints":{"allow":["GET"]}}],"collection":[{"href":"https:\/\/www.ruiqigo.com\/pt\/wp-json\/wp\/v2\/product"}],"about":[{"href":"https:\/\/www.ruiqigo.com\/pt\/wp-json\/wp\/v2\/types\/product"}],"version-history":[{"count":0,"href":"https:\/\/www.ruiqigo.com\/pt\/wp-json\/wp\/v2\/product\/468\/revisions"}],"wp:featuredmedia":[{"embeddable":true,"href":"https:\/\/www.ruiqigo.com\/pt\/wp-json\/wp\/v2\/media\/469"}],"wp:attachment":[{"href":"https:\/\/www.ruiqigo.com\/pt\/wp-json\/wp\/v2\/media?parent=468"}],"wp:term":[{"taxonomy":"product-tag","embeddable":true,"href":"https:\/\/www.ruiqigo.com\/pt\/wp-json\/wp\/v2\/product-tag?post=468"},{"taxonomy":"products","embeddable":true,"href":"https:\/\/www.ruiqigo.com\/pt\/wp-json\/wp\/v2\/products?post=468"}],"curies":[{"name":"wp","href":"https:\/\/api.w.org\/{rel}","templated":true}]}}