{"id":473,"date":"2024-07-12T15:39:04","date_gmt":"2024-07-12T07:39:04","guid":{"rendered":"https:\/\/ruiqigo.com\/?post_type=product&#038;p=473"},"modified":"2024-11-06T13:36:00","modified_gmt":"2024-11-06T05:36:00","slug":"honey-facial-mask","status":"publish","type":"product","link":"https:\/\/www.ruiqigo.com\/pt\/product\/honey-facial-mask","title":{"rendered":"M\u00e1scara facial de mel"},"content":{"rendered":"<h2 class=\"wp-block-heading\">F\u00f3rmulas comuns para fabrica\u00e7\u00e3o de m\u00e1scaras faciais de mel<\/h2>\n\n\n\n<p>Os principais ingredientes desta m\u00e1scara facial de mel incluem extrato de mel, extrato de geleia real e extrato de amaranto. O extrato de mel \u00e9 rico em a\u00e7\u00facares, amino\u00e1cidos e vitaminas, que n\u00e3o s\u00f3 rep\u00f5em a hidrata\u00e7\u00e3o da pele, como tamb\u00e9m promovem a s\u00edntese de col\u00e1geno, tornando-a mais macia e hidratada. O extrato de geleia real \u00e9 rico em uma variedade de vitaminas e minerais, podendo melhorar eficazmente a textura da pele, aumentando a capacidade antioxidante da pele, de modo a alcan\u00e7ar o efeito de uma pele branca e brilhante. O extrato de amaranto, rico em vitamina C, n\u00e3o s\u00f3 inibe a produ\u00e7\u00e3o de melanina e alivia a hiperpigmenta\u00e7\u00e3o, como tamb\u00e9m acalma a inflama\u00e7\u00e3o desencadeada pelo ressecamento, permitindo que a pele recupere seu estado saud\u00e1vel e natural.<\/p>\n\n\n\n<h2 class=\"wp-block-heading\">Cen\u00e1rios aplic\u00e1veis \u00e0 m\u00e1scara facial de mel<\/h2>\n\n\n\n<p>A m\u00e1scara facial de mel \u00e9 adequada para uma ampla gama de ocasi\u00f5es de cuidados com a pele, especialmente para hidrata\u00e7\u00e3o de emerg\u00eancia durante a esta\u00e7\u00e3o seca ou quando a pele est\u00e1 desidratada. Tamb\u00e9m \u00e9 adequada como rotina regular de cuidados com a pele para ajudar a manter o equil\u00edbrio h\u00eddrico e a sa\u00fade da pele. Al\u00e9m disso, para peles que ficaram em ambientes com ar condicionado por um longo per\u00edodo ou ap\u00f3s exposi\u00e7\u00e3o ao sol, esta m\u00e1scara proporciona um efeito calmante e restaurador.<\/p>\n\n\n\n<h2 class=\"wp-block-heading\">Para quem \u00e9 indicada a m\u00e1scara facial Honey?<\/h2>\n\n\n\n<p>Esta m\u00e1scara facial de mel \u00e9 adequada para todos os tipos de pele, especialmente as secas, desidratadas e maduras. \u00c9 a escolha ideal para quem busca melhorar o tom da pele, reduzir a inflama\u00e7\u00e3o e melhorar a elasticidade. Al\u00e9m disso, para peles sens\u00edveis, sua f\u00f3rmula suave reduz a irrita\u00e7\u00e3o e proporciona calma e prote\u00e7\u00e3o.<\/p>\n\n\n\n<h2 class=\"wp-block-heading\">Processo de produ\u00e7\u00e3o de m\u00e1scara facial de mel<\/h2>\n\n\n\n<p>Na produ\u00e7\u00e3o da nossa m\u00e1scara facial Honey, como um fabricante de renome, utilizamos t\u00e9cnicas avan\u00e7adas de extra\u00e7\u00e3o e mistura para garantir a pot\u00eancia e a atividade de todos os ingredientes. Atrav\u00e9s de um processo de extra\u00e7\u00e3o a baixa temperatura, retemos as enzimas e os nutrientes naturais encontrados no mel e na geleia real. Al\u00e9m disso, utilizamos tecnologia de envase ass\u00e9ptico para garantir a pureza e a estabilidade dos nossos produtos. Como fabricante profissional de m\u00e1scaras faciais Honey, o processo de produ\u00e7\u00e3o da m\u00e1scara tamb\u00e9m inclui um processo exclusivo de emulsifica\u00e7\u00e3o, que ajuda a criar uma textura sedosa, facilitando a aplica\u00e7\u00e3o e a absor\u00e7\u00e3o pela pele. Atrav\u00e9s destes processos especiais de produ\u00e7\u00e3o, garantimos a alta qualidade e os resultados superiores da nossa m\u00e1scara facial Honey.<\/p>","protected":false},"excerpt":{"rendered":"Honey facial mask manufacturing common formulas The core ingredients of this honey facial mask include honey extract, royal jelly extract and amaranth extract. Honey extract is rich in sugars, amino acids and vitamins, which not only replenishes skin moisture, but also promotes collagen synthesis, making skin more supple and moisturized. Royal jelly extract is rich [&hellip;]","protected":false},"featured_media":474,"menu_order":0,"template":"","meta":[],"product-tag":[],"products":[69],"class_list":["post-473","product","type-product","status-publish","has-post-thumbnail","hentry","products-facial-mask"],"acf":[],"_links":{"self":[{"href":"https:\/\/www.ruiqigo.com\/pt\/wp-json\/wp\/v2\/product\/473","targetHints":{"allow":["GET"]}}],"collection":[{"href":"https:\/\/www.ruiqigo.com\/pt\/wp-json\/wp\/v2\/product"}],"about":[{"href":"https:\/\/www.ruiqigo.com\/pt\/wp-json\/wp\/v2\/types\/product"}],"version-history":[{"count":0,"href":"https:\/\/www.ruiqigo.com\/pt\/wp-json\/wp\/v2\/product\/473\/revisions"}],"wp:featuredmedia":[{"embeddable":true,"href":"https:\/\/www.ruiqigo.com\/pt\/wp-json\/wp\/v2\/media\/474"}],"wp:attachment":[{"href":"https:\/\/www.ruiqigo.com\/pt\/wp-json\/wp\/v2\/media?parent=473"}],"wp:term":[{"taxonomy":"product-tag","embeddable":true,"href":"https:\/\/www.ruiqigo.com\/pt\/wp-json\/wp\/v2\/product-tag?post=473"},{"taxonomy":"products","embeddable":true,"href":"https:\/\/www.ruiqigo.com\/pt\/wp-json\/wp\/v2\/products?post=473"}],"curies":[{"name":"wp","href":"https:\/\/api.w.org\/{rel}","templated":true}]}}