{"id":479,"date":"2024-07-12T16:01:49","date_gmt":"2024-07-12T08:01:49","guid":{"rendered":"https:\/\/ruiqigo.com\/?post_type=product&#038;p=479"},"modified":"2024-11-05T23:15:26","modified_gmt":"2024-11-05T15:15:26","slug":"avocado-facial-mask","status":"publish","type":"product","link":"https:\/\/www.ruiqigo.com\/pt\/product\/avocado-facial-mask","title":{"rendered":"M\u00e1scara facial de abacate"},"content":{"rendered":"<h2 class=\"wp-block-heading\">F\u00f3rmulas comuns para fabrica\u00e7\u00e3o de m\u00e1scaras faciais de abacate<\/h2>\n\n\n\n<p>Os principais ingredientes desta m\u00e1scara facial de abacate s\u00e3o resina de abacate, extrato de Camellia sinensis e vitamina E. Entre eles, a resina de abacate \u00e9 rica em \u00f3leos e \u00e1cidos graxos, que nutrem profundamente a pele e aumentam sua elasticidade e maciez. Ao mesmo tempo, previne eficazmente a perda de \u00e1gua, deixando a pele hidratada e preenchida. O extrato de cam\u00e9lia \u00e9 rico em vitaminas antioxidantes, que reduzem eficazmente os danos causados pelos radicais livres na pele e aliviam o problema de opacidade e incha\u00e7o. Como fabricante de m\u00e1scaras faciais de abacate, a vitamina E, al\u00e9m de promover o metabolismo celular, aumenta a resist\u00eancia da pele e minimiza linhas finas, tornando-a mais macia e el\u00e1stica.<\/p>\n\n\n\n<h2 class=\"wp-block-heading\">Cen\u00e1rios aplic\u00e1veis \u00e0 m\u00e1scara facial de abacate<\/h2>\n\n\n\n<p>A m\u00e1scara facial de abacate \u00e9 adequada para uma variedade de ocasi\u00f5es, seja para cuidar da pele diariamente em casa ou para um tratamento profissional no sal\u00e3o, ela pode trazer melhorias significativas para a sua pele. \u00c9 especialmente indicada para uso durante a esta\u00e7\u00e3o seca, exposi\u00e7\u00e3o prolongada ao ar condicionado ou aquecimento, ou para reparar a pele ap\u00f3s exposi\u00e7\u00e3o solar.<\/p>\n\n\n\n<h2 class=\"wp-block-heading\">Para quem \u00e9 indicada a m\u00e1scara facial de abacate?<\/h2>\n\n\n\n<p>Esta m\u00e1scara \u00e9 adequada para todos os tipos de pele, especialmente as secas e desidratadas. Para quem busca nutri\u00e7\u00e3o e hidrata\u00e7\u00e3o profundas, a m\u00e1scara facial de abacate proporciona nutri\u00e7\u00e3o rica e efeito hidratante duradouro. Tamb\u00e9m \u00e9 ideal para quem busca uma pele saud\u00e1vel e naturalmente radiante.<\/p>\n\n\n\n<h2 class=\"wp-block-heading\">Processo de produ\u00e7\u00e3o de m\u00e1scara facial de abacate<\/h2>\n\n\n\n<p>Nossas m\u00e1scaras faciais de abacate s\u00e3o produzidas com um processo de produ\u00e7\u00e3o exclusivo para garantir a alta qualidade e efic\u00e1cia dos nossos produtos. No processo de produ\u00e7\u00e3o, em primeiro lugar, na sele\u00e7\u00e3o das mat\u00e9rias-primas, controlamos rigorosamente a qualidade dos ingredientes principais, como a resina de abacate e o extrato de cam\u00e9lia, para garantir a maximiza\u00e7\u00e3o do seu valor nutricional e dos seus princ\u00edpios ativos. No processo de formula\u00e7\u00e3o, tamb\u00e9m equilibramos cuidadosamente a propor\u00e7\u00e3o dos v\u00e1rios ingredientes para que possam exercer o melhor efeito sin\u00e9rgico na pele. Ao mesmo tempo, como fabricantes confi\u00e1veis de m\u00e1scaras faciais de abacate, tamb\u00e9m desenvolvemos um processo de extra\u00e7\u00e3o suave e suave para o abacate, um ingrediente natural, para garantir que seus nutrientes n\u00e3o sejam danificados e que o sabor original seja preservado ao m\u00e1ximo.<\/p>","protected":false},"excerpt":{"rendered":"Avocado facial mask manufacturing common formulas The core ingredients of this avocado facial mask are avocado tree resin, camellia sinensis extract and vitamin E. Among them, avocado tree resin is rich in oils and fatty acids, which can deeply nourish the underbelly of the skin and enhance the elasticity and suppleness of the skin. At [&hellip;]","protected":false},"featured_media":480,"menu_order":0,"template":"","meta":[],"product-tag":[],"products":[69],"class_list":["post-479","product","type-product","status-publish","has-post-thumbnail","hentry","products-facial-mask"],"acf":[],"_links":{"self":[{"href":"https:\/\/www.ruiqigo.com\/pt\/wp-json\/wp\/v2\/product\/479","targetHints":{"allow":["GET"]}}],"collection":[{"href":"https:\/\/www.ruiqigo.com\/pt\/wp-json\/wp\/v2\/product"}],"about":[{"href":"https:\/\/www.ruiqigo.com\/pt\/wp-json\/wp\/v2\/types\/product"}],"version-history":[{"count":0,"href":"https:\/\/www.ruiqigo.com\/pt\/wp-json\/wp\/v2\/product\/479\/revisions"}],"wp:featuredmedia":[{"embeddable":true,"href":"https:\/\/www.ruiqigo.com\/pt\/wp-json\/wp\/v2\/media\/480"}],"wp:attachment":[{"href":"https:\/\/www.ruiqigo.com\/pt\/wp-json\/wp\/v2\/media?parent=479"}],"wp:term":[{"taxonomy":"product-tag","embeddable":true,"href":"https:\/\/www.ruiqigo.com\/pt\/wp-json\/wp\/v2\/product-tag?post=479"},{"taxonomy":"products","embeddable":true,"href":"https:\/\/www.ruiqigo.com\/pt\/wp-json\/wp\/v2\/products?post=479"}],"curies":[{"name":"wp","href":"https:\/\/api.w.org\/{rel}","templated":true}]}}