{"id":507,"date":"2024-07-16T10:59:49","date_gmt":"2024-07-16T02:59:49","guid":{"rendered":"https:\/\/ruiqigo.com\/?post_type=product&#038;p=507"},"modified":"2024-11-05T23:02:10","modified_gmt":"2024-11-05T15:02:10","slug":"charcoal-cleanser","status":"publish","type":"product","link":"https:\/\/www.ruiqigo.com\/pt\/product\/charcoal-cleanser","title":{"rendered":"Limpador de carv\u00e3o"},"content":{"rendered":"<h2 class=\"wp-block-heading\">F\u00f3rmulas comuns de fabrica\u00e7\u00e3o de limpadores de carv\u00e3o<\/h2>\n\n\n\n<p>O carv\u00e3o vegetal possui poderosas propriedades de adsor\u00e7\u00e3o, penetrando profundamente nos poros e removendo com efic\u00e1cia oleosidade, poeira e diversas impurezas acumuladas. Ao mesmo tempo, como um fabricante respeit\u00e1vel de produtos de limpeza \u00e0 base de carv\u00e3o vegetal, acreditamos que o carv\u00e3o vegetal tamb\u00e9m possui uma excelente fun\u00e7\u00e3o bactericida e antibacteriana, podendo inibir o crescimento de bact\u00e9rias nocivas e prevenir a forma\u00e7\u00e3o de espinhas e acne.<\/p>\n\n\n\n<h2 class=\"wp-block-heading\">Cen\u00e1rios aplic\u00e1veis ao limpador de carv\u00e3o<\/h2>\n\n\n\n<p>O Charcoal Facial Cleanser \u00e9 adequado para uso em diversas situa\u00e7\u00f5es, incluindo limpeza facial di\u00e1ria, limpeza profunda ap\u00f3s a remo\u00e7\u00e3o da maquiagem, limpeza p\u00f3s-exerc\u00edcio e em ambientes com m\u00e1 qualidade do ar para ajudar a remover poluentes da pele.<\/p>\n\n\n\n<h2 class=\"wp-block-heading\">Para quem \u00e9 indicado o Charcoal Cleanser<\/h2>\n\n\n\n<p>Este limpador \u00e9 particularmente adequado para peles oleosas, mistas e com tend\u00eancia a acne. O Charcoal Facial Cleanser \u00e9 a escolha ideal para quem busca um efeito de limpeza profunda ou para quem precisa melhorar a apar\u00eancia de poros dilatados.<\/p>\n\n\n\n<h2 class=\"wp-block-heading\">Processo de produ\u00e7\u00e3o do limpador de carv\u00e3o<\/h2>\n\n\n\n<p>Durante a produ\u00e7\u00e3o do Limpador Facial com Carv\u00e3o Vegetal, utilizamos tecnologia avan\u00e7ada de moagem e mistura para garantir a finura e a distribui\u00e7\u00e3o uniforme do t\u00f4nico. Ao controlar com precis\u00e3o o tamanho das part\u00edculas do t\u00f4nico, melhoramos a capacidade de adsor\u00e7\u00e3o e o efeito de limpeza do produto. Como fabricante confi\u00e1vel de Limpador Facial com Carv\u00e3o Vegetal, utilizamos tecnologia de envase ass\u00e9ptico para garantir a pureza e a seguran\u00e7a dos nossos produtos.<\/p>","protected":false},"excerpt":{"rendered":"Charcoal Cleanser manufacturing common formulas Charcoal has powerful adsorption properties that can penetrate deep into the pores and effectively remove accumulated oil, dust and various impurities. At the same time, as a worthy Charcoal Cleanser manufacturer, we think charcoal also has a very good bactericidal and antibacterial function, can inhibit the growth of harmful bacteria, [&hellip;]","protected":false},"featured_media":521,"menu_order":0,"template":"","meta":[],"product-tag":[],"products":[65],"class_list":["post-507","product","type-product","status-publish","has-post-thumbnail","hentry","products-facial-cleanser"],"acf":[],"_links":{"self":[{"href":"https:\/\/www.ruiqigo.com\/pt\/wp-json\/wp\/v2\/product\/507","targetHints":{"allow":["GET"]}}],"collection":[{"href":"https:\/\/www.ruiqigo.com\/pt\/wp-json\/wp\/v2\/product"}],"about":[{"href":"https:\/\/www.ruiqigo.com\/pt\/wp-json\/wp\/v2\/types\/product"}],"version-history":[{"count":0,"href":"https:\/\/www.ruiqigo.com\/pt\/wp-json\/wp\/v2\/product\/507\/revisions"}],"wp:featuredmedia":[{"embeddable":true,"href":"https:\/\/www.ruiqigo.com\/pt\/wp-json\/wp\/v2\/media\/521"}],"wp:attachment":[{"href":"https:\/\/www.ruiqigo.com\/pt\/wp-json\/wp\/v2\/media?parent=507"}],"wp:term":[{"taxonomy":"product-tag","embeddable":true,"href":"https:\/\/www.ruiqigo.com\/pt\/wp-json\/wp\/v2\/product-tag?post=507"},{"taxonomy":"products","embeddable":true,"href":"https:\/\/www.ruiqigo.com\/pt\/wp-json\/wp\/v2\/products?post=507"}],"curies":[{"name":"wp","href":"https:\/\/api.w.org\/{rel}","templated":true}]}}