{"id":531,"date":"2024-07-18T11:33:12","date_gmt":"2024-07-18T03:33:12","guid":{"rendered":"https:\/\/ruiqigo.com\/?post_type=product&#038;p=531"},"modified":"2024-11-15T17:05:08","modified_gmt":"2024-11-15T09:05:08","slug":"rose-water-facial-toner","status":"publish","type":"product","link":"https:\/\/www.ruiqigo.com\/pt\/product\/rose-water-facial-toner","title":{"rendered":"T\u00f4nico facial de \u00e1gua de rosas"},"content":{"rendered":"<h2 class=\"wp-block-heading\">F\u00f3rmulas comuns de fabrica\u00e7\u00e3o de t\u00f4nico facial de \u00e1gua de rosas<\/h2>\n\n\n\n<p>O t\u00f4nico facial com \u00e1gua de rosas cont\u00e9m o ingrediente Alginato, que, com seu excelente poder hidratante, ajuda a reter a umidade e proteger a pele do ressecamento. O Pantenol, ou Vitamina B5, promove a repara\u00e7\u00e3o profunda da pele e fortalece a fun\u00e7\u00e3o de barreira da pele. Como fabricante l\u00edder de t\u00f4nicos faciais com \u00e1gua de rosas, a Turk Rose Flower Water, enriquecida com \u00f3leo essencial de rosas e uma variedade de fitonutrientes, possui m\u00faltiplos efeitos calmantes, iluminadores e antioxidantes.<\/p>\n\n\n\n<h2 class=\"wp-block-heading\">Cen\u00e1rios aplic\u00e1veis ao t\u00f4nico facial de \u00e1gua de rosas<\/h2>\n\n\n\n<p>Este t\u00f4nico de \u00e1gua de rosas \u00e9 adequado para uma ampla gama de situa\u00e7\u00f5es de cuidados di\u00e1rios com a pele. Seja para acordar a pele pela manh\u00e3 ou para limp\u00e1-la ap\u00f3s remover a maquiagem \u00e0 noite, este t\u00f4nico hidrata e revitaliza rapidamente a pele. Tamb\u00e9m \u00e9 adequado para peles que passam muito tempo no computador ou em ambientes com ar condicionado, ajudando a proteg\u00ea-la dos efeitos adversos do ambiente externo.<\/p>\n\n\n\n<h2 class=\"wp-block-heading\">Para quem \u00e9 indicado o t\u00f4nico facial de \u00e1gua de rosas?<\/h2>\n\n\n\n<p>O t\u00f4nico facial com \u00e1gua de rosas \u00e9 adequado para todos os tipos de pele, especialmente para peles secas, desidratadas, sens\u00edveis ou maduras. Este t\u00f4nico \u00e9 ideal para consumidores que buscam ingredientes naturais e resultados suaves no cuidado da pele, com seus ingredientes naturais e poder hidratante eficiente.<\/p>\n\n\n\n<h2 class=\"wp-block-heading\">Processo de produ\u00e7\u00e3o do t\u00f4nico facial de \u00e1gua de rosas<\/h2>\n\n\n\n<p>Utilizamos um processo exclusivo de extra\u00e7\u00e3o a frio para extrair extratos naturais de plantas a baixas temperaturas, preservando a integridade e a atividade dos ingredientes e garantindo que vitaminas, polissacar\u00eddeos e outros nutrientes estejam presentes intactos no produto para maximizar sua efic\u00e1cia. Ao mesmo tempo, como fabricante l\u00edder de t\u00f4nicos faciais \u00e0 base de \u00e1gua de rosas, tamb\u00e9m introduzimos a tecnologia de n\u00e9voa micro-cloud, que atomiza o t\u00f4nico em microgotas finas e uniformes, que s\u00e3o suavemente pulverizadas na pele, sem a necessidade de limpeza, e podem ser rapidamente absorvidas, proporcionando uma sensa\u00e7\u00e3o de frescor e conforto.<\/p>","protected":false},"excerpt":{"rendered":"Rose water facial toner manufacturing common formulas Rose water facial toner contains the ingredient Alginate, which with its excellent moisturizing ability, helps to lock in moisture and protect the skin from dry conditions. Panthenol, or Vitamin B5, promotes deep skin repair and strengthens the skin&#8217;s barrier function. As a leading Rose water facial toner manufacturer, [&hellip;]","protected":false},"featured_media":534,"menu_order":0,"template":"","meta":[],"product-tag":[],"products":[67],"class_list":["post-531","product","type-product","status-publish","has-post-thumbnail","hentry","products-facial-toner"],"acf":[],"_links":{"self":[{"href":"https:\/\/www.ruiqigo.com\/pt\/wp-json\/wp\/v2\/product\/531","targetHints":{"allow":["GET"]}}],"collection":[{"href":"https:\/\/www.ruiqigo.com\/pt\/wp-json\/wp\/v2\/product"}],"about":[{"href":"https:\/\/www.ruiqigo.com\/pt\/wp-json\/wp\/v2\/types\/product"}],"version-history":[{"count":0,"href":"https:\/\/www.ruiqigo.com\/pt\/wp-json\/wp\/v2\/product\/531\/revisions"}],"wp:featuredmedia":[{"embeddable":true,"href":"https:\/\/www.ruiqigo.com\/pt\/wp-json\/wp\/v2\/media\/534"}],"wp:attachment":[{"href":"https:\/\/www.ruiqigo.com\/pt\/wp-json\/wp\/v2\/media?parent=531"}],"wp:term":[{"taxonomy":"product-tag","embeddable":true,"href":"https:\/\/www.ruiqigo.com\/pt\/wp-json\/wp\/v2\/product-tag?post=531"},{"taxonomy":"products","embeddable":true,"href":"https:\/\/www.ruiqigo.com\/pt\/wp-json\/wp\/v2\/products?post=531"}],"curies":[{"name":"wp","href":"https:\/\/api.w.org\/{rel}","templated":true}]}}