{"id":532,"date":"2024-07-18T11:39:16","date_gmt":"2024-07-18T03:39:16","guid":{"rendered":"https:\/\/ruiqigo.com\/?post_type=product&#038;p=532"},"modified":"2024-11-15T17:03:09","modified_gmt":"2024-11-15T09:03:09","slug":"green-tea-facial-toner","status":"publish","type":"product","link":"https:\/\/www.ruiqigo.com\/pt\/product\/green-tea-facial-toner","title":{"rendered":"T\u00f4nico facial de ch\u00e1 verde"},"content":{"rendered":"<h2 class=\"wp-block-heading\">F\u00f3rmulas comuns de fabrica\u00e7\u00e3o de t\u00f4nico facial de ch\u00e1 verde<\/h2>\n\n\n\n<p>A alginose \u00e9 um a\u00e7\u00facar natural conhecido por sua excelente capacidade hidratante, ajudando a reter a umidade e a melhorar a maciez e a elasticidade da pele. Como fabricante profissional de t\u00f4nicos faciais de ch\u00e1 verde, o extrato de ch\u00e1 \u00e9 rico em polifen\u00f3is presentes no ch\u00e1 verde, especialmente catequinas, que possuem poderosas propriedades antioxidantes e combatem eficazmente as agress\u00f5es ambientais externas \u00e0 pele, ajudando a equilibrar a secre\u00e7\u00e3o de \u00f3leo da pele.<\/p>\n\n\n\n<h2 class=\"wp-block-heading\">Cen\u00e1rios aplic\u00e1veis ao t\u00f4nico facial de ch\u00e1 verde<\/h2>\n\n\n\n<p>O T\u00f4nico Facial de Ch\u00e1 Verde \u00e9 adequado para todos os aspectos do cuidado di\u00e1rio da pele. Use-o pela manh\u00e3, ap\u00f3s a limpeza, para despertar e energizar a pele, e \u00e0 noite, para ajudar a restaurar o equil\u00edbrio ap\u00f3s uma limpeza profunda. Tamb\u00e9m \u00e9 adequado para uso ap\u00f3s exposi\u00e7\u00e3o prolongada a telas eletr\u00f4nicas ou atividades ao ar livre, para ajudar a proteger a pele das agress\u00f5es ambientais e restaurar o frescor.<\/p>\n\n\n\n<h2 class=\"wp-block-heading\">Para quem \u00e9 indicado o t\u00f4nico facial de ch\u00e1 verde?<\/h2>\n\n\n\n<p>Este t\u00f4nico \u00e9 adequado para todos os tipos de pele, especialmente oleosas e mistas, bem como para consumidores que buscam cuidados naturais com a pele e prote\u00e7\u00e3o antioxidante. Para quem deseja melhorar o tom da pele e minimizar os sinais de fadiga, o T\u00f4nico Facial de Ch\u00e1 Verde oferece a op\u00e7\u00e3o ideal para o cuidado da pele com seus ingredientes suaves, por\u00e9m eficazes.<\/p>\n\n\n\n<h2 class=\"wp-block-heading\">Processo de produ\u00e7\u00e3o do t\u00f4nico facial de ch\u00e1 verde<\/h2>\n\n\n\n<p>Utilizamos um processo exclusivo de infus\u00e3o em baixa temperatura para extrair os ingredientes ativos das folhas de ch\u00e1 verde, garantindo o sabor original dos ingredientes. Ao mesmo tempo, utilizamos a tecnologia de micronebuliza\u00e7\u00e3o para criar got\u00edculas de \u00e1gua finas e uniformes, proporcionando r\u00e1pida absor\u00e7\u00e3o dos nutrientes pela pele. Como fabricantes profissionais de t\u00f4nicos faciais de ch\u00e1 verde, controlamos rigorosamente a qualidade de todos os pontos-chave em todos os aspectos da produ\u00e7\u00e3o para garantir a estabilidade e a confiabilidade do produto.<\/p>","protected":false},"excerpt":{"rendered":"Green tea facial toner manufacturing common formulas Alginose is a natural sugar known for its excellent moisturizing ability, helping to lock in moisture and enhance the skin&#8217;s softness and elasticity. As a professional Green tea facial toner manufacturer, tea extract is rich in polyphenols found in green tea, especially catechins, which have powerful antioxidant properties [&hellip;]","protected":false},"featured_media":538,"menu_order":0,"template":"","meta":[],"product-tag":[],"products":[67],"class_list":["post-532","product","type-product","status-publish","has-post-thumbnail","hentry","products-facial-toner"],"acf":[],"_links":{"self":[{"href":"https:\/\/www.ruiqigo.com\/pt\/wp-json\/wp\/v2\/product\/532","targetHints":{"allow":["GET"]}}],"collection":[{"href":"https:\/\/www.ruiqigo.com\/pt\/wp-json\/wp\/v2\/product"}],"about":[{"href":"https:\/\/www.ruiqigo.com\/pt\/wp-json\/wp\/v2\/types\/product"}],"version-history":[{"count":0,"href":"https:\/\/www.ruiqigo.com\/pt\/wp-json\/wp\/v2\/product\/532\/revisions"}],"wp:featuredmedia":[{"embeddable":true,"href":"https:\/\/www.ruiqigo.com\/pt\/wp-json\/wp\/v2\/media\/538"}],"wp:attachment":[{"href":"https:\/\/www.ruiqigo.com\/pt\/wp-json\/wp\/v2\/media?parent=532"}],"wp:term":[{"taxonomy":"product-tag","embeddable":true,"href":"https:\/\/www.ruiqigo.com\/pt\/wp-json\/wp\/v2\/product-tag?post=532"},{"taxonomy":"products","embeddable":true,"href":"https:\/\/www.ruiqigo.com\/pt\/wp-json\/wp\/v2\/products?post=532"}],"curies":[{"name":"wp","href":"https:\/\/api.w.org\/{rel}","templated":true}]}}