{"id":546,"date":"2024-07-18T12:00:46","date_gmt":"2024-07-18T04:00:46","guid":{"rendered":"https:\/\/ruiqigo.com\/?post_type=product&#038;p=546"},"modified":"2024-11-15T17:01:26","modified_gmt":"2024-11-15T09:01:26","slug":"oil-free-makeup-remover","status":"publish","type":"product","link":"https:\/\/www.ruiqigo.com\/pt\/product\/oil-free-makeup-remover","title":{"rendered":"Removedor de maquiagem sem \u00f3leo"},"content":{"rendered":"<h2 class=\"wp-block-heading\">F\u00f3rmulas comuns para fabrica\u00e7\u00e3o de removedores de maquiagem sem \u00f3leo<\/h2>\n\n\n\n<p>Os principais ingredientes deste produto incluem Poroxam 184 e extrato de Camellia sinensis. O Peloxam 184 \u00e9 um surfactante n\u00e3o i\u00f4nico com excelente capacidade de limpeza e solubiliza\u00e7\u00e3o, capaz de dissolver eficazmente todos os tipos de cosm\u00e9ticos. Como fabricante confi\u00e1vel de demaquilantes oil-free, o extrato de cam\u00e9lia, por outro lado, \u00e9 rico em antioxidantes e nutrientes que nutrem a pele e aliviam o ressecamento e a sensa\u00e7\u00e3o de repuxamento causados pelo processo de remo\u00e7\u00e3o da maquiagem.<\/p>\n\n\n\n<h2 class=\"wp-block-heading\">Cen\u00e1rios aplic\u00e1veis ao removedor de maquiagem sem \u00f3leo<\/h2>\n\n\n\n<p>Este demaquilante sem \u00f3leo pode ser usado em diversas situa\u00e7\u00f5es. Seja para remover a maquiagem do dia a dia, limpar profundamente as impurezas acumuladas ap\u00f3s uma boa noite de sono ou remover o protetor solar da pele ap\u00f3s um dia ativo ao ar livre, ele \u00e9 excelente na remo\u00e7\u00e3o da maquiagem. Tamb\u00e9m \u00e9 adequado para pessoas com necessidades especiais de pele, como pele sens\u00edvel, pele seca, etc., e proporciona um cuidado suave para a pele.<\/p>\n\n\n\n<h2 class=\"wp-block-heading\">Para quem \u00e9 indicado o demaquilante sem \u00f3leo?<\/h2>\n\n\n\n<p>Este produto \u00e9 voltado para mulheres urbanas de colarinho branco que buscam uma pele saud\u00e1vel. Tanto trabalhadoras de escrit\u00f3rio quanto estudantes podem optar por us\u00e1-lo de acordo com suas pr\u00f3prias condi\u00e7\u00f5es de pele. Para peles oleosas e mistas, ele pode limpar os poros e controlar a oleosidade com efic\u00e1cia; para peles secas ou sens\u00edveis, tamb\u00e9m pode fornecer nutri\u00e7\u00e3o suave para manter a barreira cut\u00e2nea.<\/p>\n\n\n\n<h2 class=\"wp-block-heading\">Processo de produ\u00e7\u00e3o de removedor de maquiagem sem \u00f3leo<\/h2>\n\n\n\n<p>Nossa avan\u00e7ada tecnologia micelar utiliza as propriedades exclusivas dos surfactantes para emulsionar completamente as fases aquosa e oleosa, formando min\u00fasculas part\u00edculas micelares durante o processo de fabrica\u00e7\u00e3o. Essa tecnologia n\u00e3o s\u00f3 reduz significativamente o consumo de \u00e1gua e energia, como tamb\u00e9m resulta em um produto fresco e macio, sem agredir a pele. Como fabricante confi\u00e1vel de demaquilantes oil free, tamb\u00e9m selecionamos o EDTA diss\u00f3dico biodegrad\u00e1vel como agente complexante, substituindo os ingredientes de dif\u00edcil decomposi\u00e7\u00e3o dos demaquilantes tradicionais, minimizando o impacto no meio ambiente.<\/p>","protected":false},"excerpt":{"rendered":"Oil free makeup remover manufacturing common formulas The core ingredients of this product include Poroxam 184 and Camellia sinensis extract. Peloxam 184 is a non-ionic surfactant with excellent cleansing and solubilizing ability, which can effectively dissolve all kinds of cosmetics. As a reliable Oil free makeup remover manufacturer, camellia Extract, on the other hand, is [&hellip;]","protected":false},"featured_media":547,"menu_order":0,"template":"","meta":[],"product-tag":[],"products":[66],"class_list":["post-546","product","type-product","status-publish","has-post-thumbnail","hentry","products-makeup-remover"],"acf":[],"_links":{"self":[{"href":"https:\/\/www.ruiqigo.com\/pt\/wp-json\/wp\/v2\/product\/546","targetHints":{"allow":["GET"]}}],"collection":[{"href":"https:\/\/www.ruiqigo.com\/pt\/wp-json\/wp\/v2\/product"}],"about":[{"href":"https:\/\/www.ruiqigo.com\/pt\/wp-json\/wp\/v2\/types\/product"}],"version-history":[{"count":0,"href":"https:\/\/www.ruiqigo.com\/pt\/wp-json\/wp\/v2\/product\/546\/revisions"}],"wp:featuredmedia":[{"embeddable":true,"href":"https:\/\/www.ruiqigo.com\/pt\/wp-json\/wp\/v2\/media\/547"}],"wp:attachment":[{"href":"https:\/\/www.ruiqigo.com\/pt\/wp-json\/wp\/v2\/media?parent=546"}],"wp:term":[{"taxonomy":"product-tag","embeddable":true,"href":"https:\/\/www.ruiqigo.com\/pt\/wp-json\/wp\/v2\/product-tag?post=546"},{"taxonomy":"products","embeddable":true,"href":"https:\/\/www.ruiqigo.com\/pt\/wp-json\/wp\/v2\/products?post=546"}],"curies":[{"name":"wp","href":"https:\/\/api.w.org\/{rel}","templated":true}]}}