{"id":556,"date":"2024-07-18T14:56:34","date_gmt":"2024-07-18T06:56:34","guid":{"rendered":"https:\/\/ruiqigo.com\/?post_type=product&#038;p=556"},"modified":"2024-11-06T14:39:21","modified_gmt":"2024-11-06T06:39:21","slug":"moisturizing-body-lotion","status":"publish","type":"product","link":"https:\/\/www.ruiqigo.com\/pt\/product\/moisturizing-body-lotion","title":{"rendered":"Lo\u00e7\u00e3o corporal hidratante"},"content":{"rendered":"<h3 class=\"wp-block-heading\">F\u00f3rmulas comuns para fabrica\u00e7\u00e3o de lo\u00e7\u00f5es hidratantes corporais<\/h3>\n\n\n\n<p>O alginato possui uma estrutura molecular \u00fanica que adsorve e ret\u00e9m a umidade na pele, proporcionando uma hidrata\u00e7\u00e3o potente. Tamb\u00e9m fortalece a fun\u00e7\u00e3o de barreira da pele e melhora sua resist\u00eancia a adversidades. Como antioxidante natural, o tocoferol pode neutralizar os radicais livres, reparar danos \u00e0 pele e melhorar sua textura. Como fabricante l\u00edder de lo\u00e7\u00f5es hidratantes corporais, sabemos que ele tamb\u00e9m possui excelentes propriedades hidratantes e suavizantes, deixando a pele mais nutrida e macia. A etilhexilglicerina, um derivado especial da glicerina com excelente penetra\u00e7\u00e3o hidratante, penetra profundamente no estrato c\u00f3rneo para repor a umidade, aumentar o teor de \u00e1gua da pele e melhorar o estado seco e \u00e1spero da pele.<\/p>\n\n\n\n<h3 class=\"wp-block-heading\">Lo\u00e7\u00e3o corporal hidratante Cen\u00e1rios aplic\u00e1veis<\/h3>\n\n\n\n<p>Esta lo\u00e7\u00e3o corporal hidratante \u00e9 adequada para todos os tipos de pele, especialmente para peles secas e desidratadas. Seja para cuidados di\u00e1rios ou cuidados especiais durante mudan\u00e7as clim\u00e1ticas, ela pode repor eficazmente a umidade e os nutrientes necess\u00e1rios para mant\u00ea-la hidratada e macia.<\/p>\n\n\n\n<h3 class=\"wp-block-heading\">Para quem \u00e9 indicado o uso da lo\u00e7\u00e3o hidratante corporal<\/h3>\n\n\n\n<p>Esta lo\u00e7\u00e3o corporal \u00e9 adequada para todos os tipos de pele, especialmente as secas, desidratadas ou maduras. \u00c9 ideal para consumidores que buscam ingredientes naturais e alto poder hidratante. Pessoas com pele sens\u00edvel tamb\u00e9m podem se beneficiar, pois sua f\u00f3rmula suave reduz a irrita\u00e7\u00e3o da pele.<\/p>\n\n\n\n<h3 class=\"wp-block-heading\">Processo de produ\u00e7\u00e3o de lo\u00e7\u00e3o corporal hidratante<\/h3>\n\n\n\n<p>Como fabricante confi\u00e1vel de lo\u00e7\u00f5es hidratantes corporais, o produto adota um processo de extra\u00e7\u00e3o molecular microcristalina de baixa temperatura, que preserva com efic\u00e1cia a efic\u00e1cia original dos ingredientes ativos naturais. Ao mesmo tempo, tamb\u00e9m utiliza a tecnologia patenteada de incorpora\u00e7\u00e3o molecular, para que os ingredientes hidratantes sejam absorvidos e penetrados com mais facilidade, maximizando os efeitos nutritivos e reparadores. Todo o processo de produ\u00e7\u00e3o \u00e9 isento de aditivos qu\u00edmicos, garantindo que o produto seja sustent\u00e1vel e seguro.<\/p>\n\n\n\n<p><\/p>","protected":false},"excerpt":{"rendered":"Moisturizing body lotion manufacturing Common Formulas Alginate has a unique molecular structure that adsorbs and locks moisture into the skin, providing powerful moisturization. It also strengthens the skin&#8217;s barrier function and improves the skin&#8217;s resistance to adversity. As a natural antioxidant, tocopherol can neutralize free radicals, repair skin damage and improve skin texture. As a [&hellip;]","protected":false},"featured_media":557,"menu_order":0,"template":"","meta":[],"product-tag":[],"products":[70],"class_list":["post-556","product","type-product","status-publish","has-post-thumbnail","hentry","products-moisturizing-lotion"],"acf":[],"_links":{"self":[{"href":"https:\/\/www.ruiqigo.com\/pt\/wp-json\/wp\/v2\/product\/556","targetHints":{"allow":["GET"]}}],"collection":[{"href":"https:\/\/www.ruiqigo.com\/pt\/wp-json\/wp\/v2\/product"}],"about":[{"href":"https:\/\/www.ruiqigo.com\/pt\/wp-json\/wp\/v2\/types\/product"}],"version-history":[{"count":0,"href":"https:\/\/www.ruiqigo.com\/pt\/wp-json\/wp\/v2\/product\/556\/revisions"}],"wp:featuredmedia":[{"embeddable":true,"href":"https:\/\/www.ruiqigo.com\/pt\/wp-json\/wp\/v2\/media\/557"}],"wp:attachment":[{"href":"https:\/\/www.ruiqigo.com\/pt\/wp-json\/wp\/v2\/media?parent=556"}],"wp:term":[{"taxonomy":"product-tag","embeddable":true,"href":"https:\/\/www.ruiqigo.com\/pt\/wp-json\/wp\/v2\/product-tag?post=556"},{"taxonomy":"products","embeddable":true,"href":"https:\/\/www.ruiqigo.com\/pt\/wp-json\/wp\/v2\/products?post=556"}],"curies":[{"name":"wp","href":"https:\/\/api.w.org\/{rel}","templated":true}]}}