{"id":561,"date":"2024-07-18T15:02:16","date_gmt":"2024-07-18T07:02:16","guid":{"rendered":"https:\/\/ruiqigo.com\/?post_type=product&#038;p=561"},"modified":"2024-11-06T14:35:11","modified_gmt":"2024-11-06T06:35:11","slug":"moisturizing-facial-lotion","status":"publish","type":"product","link":"https:\/\/www.ruiqigo.com\/pt\/product\/moisturizing-facial-lotion","title":{"rendered":"Lo\u00e7\u00e3o facial hidratante"},"content":{"rendered":"<h3 class=\"wp-block-heading\">F\u00f3rmulas comuns para fabrica\u00e7\u00e3o de lo\u00e7\u00f5es faciais hidratantes<\/h3>\n\n\n\n<p>Etilhexilglicerina: um hidratante suave que fortalece a barreira natural da pele e reduz a perda de hidrata\u00e7\u00e3o. Extrato da Folha de Centella Asi\u00e1tica: conhecido por suas poderosas propriedades restauradoras e calmantes, ajuda a minimizar a vermelhid\u00e3o e a irrita\u00e7\u00e3o. Como fabricante confi\u00e1vel de lo\u00e7\u00f5es faciais hidratantes, sabemos que a \u00c1gua de Hamam\u00e9lis da Am\u00e9rica do Norte: cont\u00e9m bot\u00e2nicos naturais que ajudam a regular a oleosidade da pele e a fechar os poros, mantendo-a fresca. Extrato da Flor de Camellia Sinensis: rico em antioxidantes, ajuda a proteger a pele dos agressores ambientais, proporcionando nutri\u00e7\u00e3o e hidrata\u00e7\u00e3o.<\/p>\n\n\n\n<h3 class=\"wp-block-heading\">Lo\u00e7\u00e3o Facial Hidratante Cen\u00e1rios Aplic\u00e1veis<\/h3>\n\n\n\n<p>A Lo\u00e7\u00e3o Facial Hidratante \u00e9 adequada para diversas etapas da sua rotina de cuidados com a pele. Seja pela manh\u00e3, ap\u00f3s a limpeza, ou \u00e0 noite, ap\u00f3s a remo\u00e7\u00e3o da maquiagem, ela proporciona hidrata\u00e7\u00e3o duradoura \u00e0 pele. Tamb\u00e9m \u00e9 adequada para uso durante esta\u00e7\u00f5es secas ou longos per\u00edodos em ambientes com ar condicionado, ajudando a proteger a pele dos efeitos adversos do ambiente externo.<\/p>\n\n\n\n<h3 class=\"wp-block-heading\">Para quem \u00e9 indicada a lo\u00e7\u00e3o facial hidratante<\/h3>\n\n\n\n<p>Esta lo\u00e7\u00e3o \u00e9 adequada para todos os tipos de pele, especialmente as secas, desidratadas ou sens\u00edveis. \u00c9 ideal para consumidores que buscam cuidados naturais com a pele e efeitos hidratantes eficientes. J\u00e1 para peles que precisam de mais suavidade e repara\u00e7\u00e3o, o Extrato da Folha de Centella Asi\u00e1tica e o Extrato da Flor de Camellia Sinensis proporcionam cuidado adicional.<\/p>\n\n\n\n<h3 class=\"wp-block-heading\">Processo de produ\u00e7\u00e3o de lo\u00e7\u00e3o facial hidratante<\/h3>\n\n\n\n<p>Durante a produ\u00e7\u00e3o da nossa Lo\u00e7\u00e3o Facial Hidratante, utilizamos tecnologia avan\u00e7ada de emulsifica\u00e7\u00e3o para garantir a estabilidade e a suavidade da lo\u00e7\u00e3o para a pele. Como um fabricante respeit\u00e1vel de lo\u00e7\u00f5es faciais hidratantes, controlamos com precis\u00e3o as propor\u00e7\u00f5es dos ingredientes e as condi\u00e7\u00f5es de produ\u00e7\u00e3o, otimizando a textura e o efeito hidratante da emuls\u00e3o. Al\u00e9m disso, utilizamos tecnologia de envase ass\u00e9ptico para garantir a pureza e a seguran\u00e7a dos nossos produtos.<\/p>","protected":false},"excerpt":{"rendered":"Moisturizing Facial lotion manufacturing Common Formulas Ethylhexylglycerin: a gentle moisturizer that strengthens the skin&#8217;s natural barrier and reduces moisture loss. Centella Asiatica Leaf Extract: Known for its powerful restorative and soothing properties, it helps minimize redness and irritation. As a reliable Moisturizing Facial lotion manufacturer, we know that North American Witch Hazel Water: Contains natural [&hellip;]","protected":false},"featured_media":562,"menu_order":0,"template":"","meta":[],"product-tag":[],"products":[70],"class_list":["post-561","product","type-product","status-publish","has-post-thumbnail","hentry","products-moisturizing-lotion"],"acf":[],"_links":{"self":[{"href":"https:\/\/www.ruiqigo.com\/pt\/wp-json\/wp\/v2\/product\/561","targetHints":{"allow":["GET"]}}],"collection":[{"href":"https:\/\/www.ruiqigo.com\/pt\/wp-json\/wp\/v2\/product"}],"about":[{"href":"https:\/\/www.ruiqigo.com\/pt\/wp-json\/wp\/v2\/types\/product"}],"version-history":[{"count":0,"href":"https:\/\/www.ruiqigo.com\/pt\/wp-json\/wp\/v2\/product\/561\/revisions"}],"wp:featuredmedia":[{"embeddable":true,"href":"https:\/\/www.ruiqigo.com\/pt\/wp-json\/wp\/v2\/media\/562"}],"wp:attachment":[{"href":"https:\/\/www.ruiqigo.com\/pt\/wp-json\/wp\/v2\/media?parent=561"}],"wp:term":[{"taxonomy":"product-tag","embeddable":true,"href":"https:\/\/www.ruiqigo.com\/pt\/wp-json\/wp\/v2\/product-tag?post=561"},{"taxonomy":"products","embeddable":true,"href":"https:\/\/www.ruiqigo.com\/pt\/wp-json\/wp\/v2\/products?post=561"}],"curies":[{"name":"wp","href":"https:\/\/api.w.org\/{rel}","templated":true}]}}