{"id":571,"date":"2024-07-18T15:56:32","date_gmt":"2024-07-18T07:56:32","guid":{"rendered":"https:\/\/ruiqigo.com\/?post_type=product&#038;p=571"},"modified":"2024-11-15T17:00:29","modified_gmt":"2024-11-15T09:00:29","slug":"marula-facial-oil","status":"publish","type":"product","link":"https:\/\/www.ruiqigo.com\/pt\/product\/marula-facial-oil","title":{"rendered":"\u00d3leo facial de marula"},"content":{"rendered":"<h2 class=\"wp-block-heading\">F\u00f3rmulas comuns de fabrica\u00e7\u00e3o de \u00f3leo facial de Marula<\/h2>\n\n\n\n<p>O \u00d3leo de Semente de Noz-moscada da Burr&#039;s \u00e9 rico em antioxidantes e \u00e1cidos graxos essenciais. Este \u00f3leo nutre profundamente a pele e melhora sua elasticidade e capacidade de hidrata\u00e7\u00e3o. \u00d3leo de Semente de Jojoba: Um excelente hidratante, o \u00d3leo de Semente de Jojoba penetra rapidamente na pele, reduzindo o ressecamento e a aspereza, enquanto regula o equil\u00edbrio da oleosidade da pele. Como fabricante l\u00edder de \u00f3leo facial de Marula, sabemos que o \u00c9ster de Entaeritritol atua como um emulsificante suave para ajudar a reter a umidade e fortalecer a fun\u00e7\u00e3o de barreira da pele.<\/p>\n\n\n\n<h2 class=\"wp-block-heading\">Cen\u00e1rios aplic\u00e1veis ao \u00f3leo facial de Marula<\/h2>\n\n\n\n<p>O \u00d3leo Facial de Marula \u00e9 adequado para diversos aspectos da sua rotina de cuidados com a pele. Seja pela manh\u00e3, ap\u00f3s a limpeza, ou \u00e0 noite, ap\u00f3s remover a maquiagem, ele proporciona hidrata\u00e7\u00e3o duradoura \u00e0 pele. Tamb\u00e9m \u00e9 adequado para uso durante esta\u00e7\u00f5es secas ou longos per\u00edodos em ambientes com ar condicionado, ajudando a proteger a pele dos efeitos adversos do ambiente externo.<\/p>\n\n\n\n<h2 class=\"wp-block-heading\">Para quem \u00e9 indicado o \u00f3leo facial Marula?<\/h2>\n\n\n\n<p>Este \u00f3leo facial \u00e9 adequado para todos os tipos de pele, especialmente as secas, desidratadas ou sens\u00edveis. O \u00d3leo Facial de Marula \u00e9 ideal para consumidores que buscam ingredientes naturais e efeitos hidratantes eficientes. \u00c9 especialmente indicado para quem precisa melhorar a pele seca, \u00e1spera ou madura.<\/p>\n\n\n\n<h2 class=\"wp-block-heading\">Processo de produ\u00e7\u00e3o do \u00f3leo facial de Marula<\/h2>\n\n\n\n<p>Na produ\u00e7\u00e3o do \u00d3leo Facial de Marula, utilizamos tecnologia avan\u00e7ada de prensagem a frio para extrair o \u00d3leo de Semente de Noz-moscada e o \u00d3leo de Semente de Jojoba, preservando seus nutrientes naturais. Ao controlar com precis\u00e3o o processo de emulsifica\u00e7\u00e3o e as condi\u00e7\u00f5es de produ\u00e7\u00e3o, garantimos que os \u00f3leos faciais sejam est\u00e1veis e suaves para a pele. Al\u00e9m disso, utilizamos tecnologia de envase ass\u00e9ptico para garantir a pureza e a seguran\u00e7a dos nossos produtos. Como fabricantes profissionais de \u00f3leo facial de Marula, todo o processo de produ\u00e7\u00e3o segue rigorosos padr\u00f5es de controle de qualidade para garantir que cada frasco de \u00f3leo facial proporcione hidrata\u00e7\u00e3o eficaz e cuidado suave.<\/p>","protected":false},"excerpt":{"rendered":"Marula facial oil manufacturing common formulas Burr&#8217;s Hard Walnut Seed Oil is rich in antioxidants and essential fatty acids, this oil deeply nourishes the skin and improves its elasticity and moisturizing ability. Jojoba Seed Oil: An excellent moisturizer, Jojoba Seed Oil quickly penetrates the skin to reduce dryness and roughness while regulating the skin&#8217;s oil [&hellip;]","protected":false},"featured_media":572,"menu_order":0,"template":"","meta":[],"product-tag":[],"products":[62],"class_list":["post-571","product","type-product","status-publish","has-post-thumbnail","hentry","products-facial-oil"],"acf":[],"_links":{"self":[{"href":"https:\/\/www.ruiqigo.com\/pt\/wp-json\/wp\/v2\/product\/571","targetHints":{"allow":["GET"]}}],"collection":[{"href":"https:\/\/www.ruiqigo.com\/pt\/wp-json\/wp\/v2\/product"}],"about":[{"href":"https:\/\/www.ruiqigo.com\/pt\/wp-json\/wp\/v2\/types\/product"}],"version-history":[{"count":0,"href":"https:\/\/www.ruiqigo.com\/pt\/wp-json\/wp\/v2\/product\/571\/revisions"}],"wp:featuredmedia":[{"embeddable":true,"href":"https:\/\/www.ruiqigo.com\/pt\/wp-json\/wp\/v2\/media\/572"}],"wp:attachment":[{"href":"https:\/\/www.ruiqigo.com\/pt\/wp-json\/wp\/v2\/media?parent=571"}],"wp:term":[{"taxonomy":"product-tag","embeddable":true,"href":"https:\/\/www.ruiqigo.com\/pt\/wp-json\/wp\/v2\/product-tag?post=571"},{"taxonomy":"products","embeddable":true,"href":"https:\/\/www.ruiqigo.com\/pt\/wp-json\/wp\/v2\/products?post=571"}],"curies":[{"name":"wp","href":"https:\/\/api.w.org\/{rel}","templated":true}]}}