{"id":576,"date":"2024-07-18T16:27:29","date_gmt":"2024-07-18T08:27:29","guid":{"rendered":"https:\/\/ruiqigo.com\/?post_type=product&#038;p=576"},"modified":"2024-11-15T16:59:41","modified_gmt":"2024-11-15T08:59:41","slug":"coconut-facial-oil","status":"publish","type":"product","link":"https:\/\/www.ruiqigo.com\/pt\/product\/coconut-facial-oil","title":{"rendered":"\u00d3leo facial de coco"},"content":{"rendered":"<h2 class=\"wp-block-heading\">F\u00f3rmulas comuns de fabrica\u00e7\u00e3o de \u00f3leo facial de coco<\/h2>\n\n\n\n<p>O \u00f3leo de coco, derivado do fruto tropical do coco, \u00e9 rico em uma variedade de vitaminas e minerais, possui um bom efeito hidratante e restaurador, nutrindo profundamente a pele e fortalecendo a barreira cut\u00e2nea. O \u00f3leo de semente de jojoba, extra\u00eddo da planta, possui estrutura molecular semelhante \u00e0 do sebo humano, sendo facilmente absorvido pela pele, regulando eficazmente o equil\u00edbrio h\u00eddrico e oleoso da pele, aliviando o ressecamento e a aspereza. Como fabricante l\u00edder de \u00f3leo facial de coco, o tetr\u00e2mero de pentaeritritol, um \u00f3leo natural de alta qualidade, possui boas propriedades hidratantes, retendo a umidade da pele e prevenindo a perda de \u00e1gua.<\/p>\n\n\n\n<h2 class=\"wp-block-heading\">Cen\u00e1rios aplic\u00e1veis ao \u00f3leo facial de coco<\/h2>\n\n\n\n<p>O \u00d3leo Facial de Coco \u00e9 adequado para uma variedade de situa\u00e7\u00f5es, como cuidados di\u00e1rios com a pele e cuidados especiais. Aplique o \u00d3leo Facial de Coco pela manh\u00e3, ao acordar, para energizar a pele e come\u00e7ar o dia; use-o \u00e0 noite, antes de dormir, para ajudar a pele a reparar as c\u00e9lulas danificadas e aumentar sua capacidade de autocura. Al\u00e9m disso, durante a esta\u00e7\u00e3o seca e fria, o \u00d3leo Facial de Coco fornece nutri\u00e7\u00e3o extra \u00e0 pele, prevenindo o ressecamento e as rachaduras.<\/p>\n\n\n\n<h2 class=\"wp-block-heading\">Para quem \u00e9 indicado o \u00f3leo facial de coco?<\/h2>\n\n\n\n<p>O \u00d3leo Facial de Coco \u00e9 adequado para todos os tipos de pele, especialmente as secas, desidratadas e sens\u00edveis. \u00c9 uma escolha ideal para quem busca cuidados naturais com a pele. \u00c9 seguro para uso por gestantes, lactantes e crian\u00e7as.<\/p>\n\n\n\n<h2 class=\"wp-block-heading\">Processo de produ\u00e7\u00e3o de \u00f3leo facial de coco<\/h2>\n\n\n\n<p>Para garantir a qualidade do \u00d3leo Facial de Coco, utilizamos um processo exclusivo de prensagem a frio que maximiza a reten\u00e7\u00e3o dos ingredientes ativos do \u00f3leo de coco, \u00f3leo de semente de jojoba e tetra-pentaeritritol. Durante o processo de produ\u00e7\u00e3o, seguimos rigorosamente os padr\u00f5es de opera\u00e7\u00e3o ass\u00e9ptica e n\u00e3o poluente para garantir a seguran\u00e7a e a efic\u00e1cia dos nossos produtos. Al\u00e9m disso, como fabricantes profissionais de \u00f3leo facial de coco, utilizamos tecnologia avan\u00e7ada de destila\u00e7\u00e3o molecular para remover impurezas, tornando o produto mais puro e de f\u00e1cil absor\u00e7\u00e3o pela pele. Atrav\u00e9s de uma s\u00e9rie de processos de produ\u00e7\u00e3o delicados, trazemos a voc\u00ea este \u00f3leo facial de coco natural, suave e eficaz.<\/p>","protected":false},"excerpt":{"rendered":"Coconut facial oil manufacturing common formulas Coconut oil, derived from the tropical coconut fruit, is rich in a variety of vitamins and minerals, has a good moisturizing and restorative effect, can deeply nourish the skin, enhance the skin barrier function. Jojoba seed oil, extracted from the jojoba plant, its molecular structure is similar to human [&hellip;]","protected":false},"featured_media":577,"menu_order":0,"template":"","meta":[],"product-tag":[],"products":[62],"class_list":["post-576","product","type-product","status-publish","has-post-thumbnail","hentry","products-facial-oil"],"acf":[],"_links":{"self":[{"href":"https:\/\/www.ruiqigo.com\/pt\/wp-json\/wp\/v2\/product\/576","targetHints":{"allow":["GET"]}}],"collection":[{"href":"https:\/\/www.ruiqigo.com\/pt\/wp-json\/wp\/v2\/product"}],"about":[{"href":"https:\/\/www.ruiqigo.com\/pt\/wp-json\/wp\/v2\/types\/product"}],"version-history":[{"count":0,"href":"https:\/\/www.ruiqigo.com\/pt\/wp-json\/wp\/v2\/product\/576\/revisions"}],"wp:featuredmedia":[{"embeddable":true,"href":"https:\/\/www.ruiqigo.com\/pt\/wp-json\/wp\/v2\/media\/577"}],"wp:attachment":[{"href":"https:\/\/www.ruiqigo.com\/pt\/wp-json\/wp\/v2\/media?parent=576"}],"wp:term":[{"taxonomy":"product-tag","embeddable":true,"href":"https:\/\/www.ruiqigo.com\/pt\/wp-json\/wp\/v2\/product-tag?post=576"},{"taxonomy":"products","embeddable":true,"href":"https:\/\/www.ruiqigo.com\/pt\/wp-json\/wp\/v2\/products?post=576"}],"curies":[{"name":"wp","href":"https:\/\/api.w.org\/{rel}","templated":true}]}}