{"id":582,"date":"2024-07-19T09:46:05","date_gmt":"2024-07-19T01:46:05","guid":{"rendered":"https:\/\/ruiqigo.com\/?post_type=product&#038;p=582"},"modified":"2024-11-15T16:58:31","modified_gmt":"2024-11-15T08:58:31","slug":"squalane-facial-oil","status":"publish","type":"product","link":"https:\/\/www.ruiqigo.com\/pt\/product\/squalane-facial-oil","title":{"rendered":"\u00d3leo facial de esqualano"},"content":{"rendered":"<h2 class=\"wp-block-heading\">F\u00f3rmulas comuns de fabrica\u00e7\u00e3o de \u00f3leo facial de esqualano<\/h2>\n\n\n\n<p>O esqualano, um ingrediente natural extra\u00eddo do f\u00edgado de tubar\u00f5es de \u00e1guas profundas, possui uma estrutura molecular semelhante \u00e0 do sebo humano, sendo rapidamente absorvido pela pele, formando uma pel\u00edcula protetora que ret\u00e9m eficazmente a umidade e previne a perda de \u00e1gua, ao mesmo tempo que repara as barreiras cut\u00e2neas danificadas e aumenta a capacidade de autoprote\u00e7\u00e3o da pele. Como fabricante l\u00edder de \u00f3leo facial com esqualano, sabemos que o \u00d3leo de Semente de Jojoba, um \u00f3leo vegetal natural derivado da planta de jojoba, \u00e9 rico em vitaminas e minerais, que podem nutrir profundamente a pele, manter o equil\u00edbrio h\u00eddrico e oleoso da pele e reduzir o ressecamento e as linhas finas.<\/p>\n\n\n\n<h2 class=\"wp-block-heading\">Cen\u00e1rios de aplica\u00e7\u00e3o do \u00f3leo facial de esqualano<\/h2>\n\n\n\n<p>O \u00d3leo Facial de Esqualano \u00e9 adequado para uma ampla gama de cen\u00e1rios de cuidados com a pele, tanto para manuten\u00e7\u00e3o di\u00e1ria quanto para tratamentos especiais. Nas esta\u00e7\u00f5es secas do outono e inverno, o \u00d3leo Facial de Esqualano pode fornecer nutri\u00e7\u00e3o extra \u00e0 pele para prevenir o ressecamento e a descama\u00e7\u00e3o; nos meses quentes e \u00famidos do ver\u00e3o, pode ajudar a reter a umidade da pele e mant\u00ea-la fresca. Al\u00e9m disso, tamb\u00e9m \u00e9 um \u00f3leo primer ideal antes da aplica\u00e7\u00e3o da maquiagem, para um visual mais natural e atraente.<\/p>\n\n\n\n<h2 class=\"wp-block-heading\">Para quem \u00e9 indicado o \u00f3leo facial de esqualano?<\/h2>\n\n\n\n<p>O \u00d3leo Facial de Esqualano \u00e9 adequado para todos os tipos de pele, especialmente para peles secas, sens\u00edveis e maduras. Para pessoas que usam computadores com frequ\u00eancia, vivem uma vida estressante e t\u00eam problemas de pele, o \u00d3leo Facial de Esqualano pode fornecer nutri\u00e7\u00e3o e repara\u00e7\u00e3o profundas para ajudar a melhorar as condi\u00e7\u00f5es da pele e restaurar a sa\u00fade da pele.<\/p>\n\n\n\n<h2 class=\"wp-block-heading\">Processo de produ\u00e7\u00e3o de \u00f3leo facial de esqualano<\/h2>\n\n\n\n<p>Para garantir a qualidade do \u00d3leo Facial de Esqualano, adotamos tecnologia de extra\u00e7\u00e3o avan\u00e7ada e um processo de produ\u00e7\u00e3o exclusivo. Primeiramente, extra\u00edmos o esqualano por meio de tecnologia de destila\u00e7\u00e3o molecular para garantir sua pureza e atividade; em segundo lugar, misturamos o esqualano e o \u00f3leo de semente de jojoba em baixa temperatura para evitar que as altas temperaturas destruam os ingredientes ativos; em terceiro lugar, como fabricante l\u00edder de \u00f3leo facial de esqualano, seguimos padr\u00f5es de produ\u00e7\u00e3o ass\u00e9pticos para garantir a seguran\u00e7a do produto sem contamina\u00e7\u00e3o; e, por fim, utilizamos um processo de filtragem fina para remover impurezas, tornando o produto mais delicado e de f\u00e1cil absor\u00e7\u00e3o pela pele.<\/p>","protected":false},"excerpt":{"rendered":"Squalane facial oil manufacturing common formulas Squalane, a natural ingredient extracted from the liver of deep-sea sharks, has a molecular structure similar to that of human sebum, which is quickly absorbed by the skin to form a protective film that effectively locks in moisture and prevents water loss, while repairing damaged skin barriers and enhancing [&hellip;]","protected":false},"featured_media":587,"menu_order":0,"template":"","meta":[],"product-tag":[],"products":[62],"class_list":["post-582","product","type-product","status-publish","has-post-thumbnail","hentry","products-facial-oil"],"acf":[],"_links":{"self":[{"href":"https:\/\/www.ruiqigo.com\/pt\/wp-json\/wp\/v2\/product\/582","targetHints":{"allow":["GET"]}}],"collection":[{"href":"https:\/\/www.ruiqigo.com\/pt\/wp-json\/wp\/v2\/product"}],"about":[{"href":"https:\/\/www.ruiqigo.com\/pt\/wp-json\/wp\/v2\/types\/product"}],"version-history":[{"count":0,"href":"https:\/\/www.ruiqigo.com\/pt\/wp-json\/wp\/v2\/product\/582\/revisions"}],"wp:featuredmedia":[{"embeddable":true,"href":"https:\/\/www.ruiqigo.com\/pt\/wp-json\/wp\/v2\/media\/587"}],"wp:attachment":[{"href":"https:\/\/www.ruiqigo.com\/pt\/wp-json\/wp\/v2\/media?parent=582"}],"wp:term":[{"taxonomy":"product-tag","embeddable":true,"href":"https:\/\/www.ruiqigo.com\/pt\/wp-json\/wp\/v2\/product-tag?post=582"},{"taxonomy":"products","embeddable":true,"href":"https:\/\/www.ruiqigo.com\/pt\/wp-json\/wp\/v2\/products?post=582"}],"curies":[{"name":"wp","href":"https:\/\/api.w.org\/{rel}","templated":true}]}}