{"id":591,"date":"2024-07-23T17:48:12","date_gmt":"2024-07-23T09:48:12","guid":{"rendered":"https:\/\/ruiqigo.com\/?post_type=product&#038;p=591"},"modified":"2024-10-31T17:03:51","modified_gmt":"2024-10-31T09:03:51","slug":"hydroxyapatite-toothpaste","status":"publish","type":"product","link":"https:\/\/www.ruiqigo.com\/pt\/product\/hydroxyapatite-toothpaste","title":{"rendered":"Pasta de dente de hidroxiapatita"},"content":{"rendered":"<h2 class=\"wp-block-heading\">F\u00f3rmulas comuns para fabrica\u00e7\u00e3o de pasta de dente de hidroxiapatita<\/h2>\n\n\n\n<p><strong>Hidroxiapatita<\/strong>, o ingrediente principal do creme dental com hidroxiapatita, \u00e9 um mineral biologicamente ativo que pode efetivamente aumentar a dureza do esmalte dent\u00e1rio e melhorar a resist\u00eancia dos dentes \u00e0 corros\u00e3o \u00e1cida e alcalina. Como fabricante l\u00edder de creme dental com hidroxiapatita, entendemos a import\u00e2ncia deste ingrediente na promo\u00e7\u00e3o da sa\u00fade bucal. A hidroxiapatita n\u00e3o apenas fortalece o esmalte, mas tamb\u00e9m apresenta excelentes propriedades de adsor\u00e7\u00e3o, permitindo que penetre profundamente nos sulcos dos dentes para remover a placa bacteriana e prevenir doen\u00e7as periodontais.<\/p>\n\n\n\n<p>Quando combinada com s\u00edlica hidratada, a hidroxiapatita forma uma espuma delicada que limpa suavemente os dentes, cuidando tanto dos dentes quanto dos tecidos moles sens\u00edveis da cavidade oral. Nossas formula\u00e7\u00f5es garantem efic\u00e1cia ideal, utilizando hidroxiapatita de alta qualidade, o que faz com que nossos produtos se destaquem no mercado.<\/p>\n\n\n\n<p>Como fabricantes confi\u00e1veis de cremes dentais com hidroxiapatita, estamos comprometidos em desenvolver f\u00f3rmulas inovadoras e eficazes que promovam a sa\u00fade e a higiene bucal. Seja para uso di\u00e1rio ou para tratar problemas dent\u00e1rios espec\u00edficos, nossos cremes dentais com hidroxiapatita oferecem propriedades excepcionais de limpeza e prote\u00e7\u00e3o.<\/p>\n\n\n\n<p><\/p>\n\n\n\n<h2 class=\"wp-block-heading\">Cen\u00e1rios aplic\u00e1veis \u00e0 pasta de dentes de hidroxiapatita<\/h2>\n\n\n\n<p>O creme dental com hidroxiapatita \u00e9 adequado para o cuidado bucal di\u00e1rio, pode prevenir eficazmente o desgaste dos dentes, sangramento nas gengivas, periodontite e outros problemas bucais. <\/p>\n\n\n\n<p>Voc\u00ea pode usar este produto para limpeza bucal ap\u00f3s acordar, ap\u00f3s as refei\u00e7\u00f5es e antes de dormir. <\/p>\n\n\n\n<p>Ao mesmo tempo, o produto adota sabor natural de plantas, adequado para escrit\u00f3rio, escola, fam\u00edlia e outros ambientes, para que voc\u00ea possa manter o h\u00e1lito fresco e um sorriso confiante a qualquer hora e em qualquer lugar.<\/p>\n\n\n\n<p><\/p>\n\n\n\n<h2 class=\"wp-block-heading\">Para quem \u00e9 indicado o creme dental com hidroxiapatita?<\/h2>\n\n\n\n<p>O creme dental com hidroxiapatita \u00e9 adequado para pessoas de todas as idades, especialmente as seguintes categorias de pessoas: <\/p>\n\n\n\n<p>1. pessoas que sofrem de problemas bucais, como sensibilidade dent\u00e1ria, sangramento nas gengivas, mau h\u00e1lito, etc.; <\/p>\n\n\n\n<p>2. fumantes, amantes de caf\u00e9, a necessidade de cuidar melhor dos dentes da multid\u00e3o; <\/p>\n\n\n\n<p>3. crian\u00e7as e adolescentes, a preven\u00e7\u00e3o da c\u00e1rie dent\u00e1ria, e desde a inf\u00e2ncia formar bons h\u00e1bitos orais; <\/p>\n\n\n\n<p>4. Pessoas que amam a beleza da busca pela sa\u00fade, h\u00e1lito fresco, mostram um sorriso confiante.<\/p>\n\n\n\n<p><\/p>\n\n\n\n<h2 class=\"wp-block-heading\">Processo de produ\u00e7\u00e3o de pasta de dente de hidroxiapatita<\/h2>\n\n\n\n<p>Para garantir a qualidade do creme dental de hidroxiapatita, adotamos o seguinte processo especial de produ\u00e7\u00e3o: <\/p>\n\n\n\n<p>1. triagem rigorosa de mat\u00e9rias-primas para garantir alta pureza e atividade da hidroxiapatita; <\/p>\n\n\n\n<p>2. dosagem precisa, para que os ingredientes ativos desempenhem plenamente suas fun\u00e7\u00f5es; <\/p>\n\n\n\n<p>3. mistura de alta velocidade, para que a hidroxiapatita e a s\u00edlica hidratada sejam totalmente fundidas para melhorar o efeito de limpeza; <\/p>\n\n\n\n<p>4. envase ass\u00e9ptico, para garantir que o produto seja seguro e higi\u00eanico; <\/p>\n\n\n\n<p>Todo o processo de controle de qualidade garante que cada pasta de dente atenda ao padr\u00e3o nacional.<\/p>","protected":false},"excerpt":{"rendered":"Hydroxyapatite Toothpaste Manufacturing Common Formulas Hydroxyapatite, the core ingredient of Hydroxyapatite Toothpaste, is a biologically active mineral that can effectively enhance the hardness of tooth enamel and improve the resistance of teeth to acid and alkali corrosion. As a leading Hydroxyapatite Toothpaste manufacturer, we understand the significance of this ingredient in promoting oral health. Hydroxyapatite [&hellip;]","protected":false},"featured_media":596,"menu_order":0,"template":"","meta":[],"product-tag":[],"products":[71],"class_list":["post-591","product","type-product","status-publish","has-post-thumbnail","hentry","products-toothpaste"],"acf":[],"_links":{"self":[{"href":"https:\/\/www.ruiqigo.com\/pt\/wp-json\/wp\/v2\/product\/591","targetHints":{"allow":["GET"]}}],"collection":[{"href":"https:\/\/www.ruiqigo.com\/pt\/wp-json\/wp\/v2\/product"}],"about":[{"href":"https:\/\/www.ruiqigo.com\/pt\/wp-json\/wp\/v2\/types\/product"}],"version-history":[{"count":0,"href":"https:\/\/www.ruiqigo.com\/pt\/wp-json\/wp\/v2\/product\/591\/revisions"}],"wp:featuredmedia":[{"embeddable":true,"href":"https:\/\/www.ruiqigo.com\/pt\/wp-json\/wp\/v2\/media\/596"}],"wp:attachment":[{"href":"https:\/\/www.ruiqigo.com\/pt\/wp-json\/wp\/v2\/media?parent=591"}],"wp:term":[{"taxonomy":"product-tag","embeddable":true,"href":"https:\/\/www.ruiqigo.com\/pt\/wp-json\/wp\/v2\/product-tag?post=591"},{"taxonomy":"products","embeddable":true,"href":"https:\/\/www.ruiqigo.com\/pt\/wp-json\/wp\/v2\/products?post=591"}],"curies":[{"name":"wp","href":"https:\/\/api.w.org\/{rel}","templated":true}]}}