{"id":593,"date":"2024-07-25T20:39:10","date_gmt":"2024-07-25T12:39:10","guid":{"rendered":"https:\/\/ruiqigo.com\/?post_type=product&#038;p=593"},"modified":"2024-11-01T14:19:50","modified_gmt":"2024-11-01T06:19:50","slug":"peppermint-breath-spray","status":"publish","type":"product","link":"https:\/\/www.ruiqigo.com\/pt\/product\/peppermint-breath-spray","title":{"rendered":"Spray de h\u00e1lito de hortel\u00e3-pimenta"},"content":{"rendered":"<h2 class=\"wp-block-heading\">F\u00f3rmulas comuns de fabrica\u00e7\u00e3o de spray de h\u00e1lito de hortel\u00e3-pimenta<\/h2>\n\n\n\n<p>Os principais ingredientes do Spray para H\u00e1lito de Hortel\u00e3-Pimenta, \u00d3leo de R\u00edcino Hidrogenado PEG-40 e \u00d3leo de Hortel\u00e3-Pimenta, possuem um aroma \u00fanico e refrescante. Esses ingredientes podem inibir eficazmente o crescimento de bact\u00e9rias na boca e prevenir doen\u00e7as bucais. O \u00d3leo de R\u00edcino Hidrogenado PEG-40 tem um efeito lubrificante suave, que pode ajudar a reduzir os res\u00edduos de alimentos na boca, e o \u00d3leo de Hortel\u00e3-Pimenta tem um forte efeito antibacteriano, que ajuda a melhorar o ambiente bucal.<\/p>\n\n\n\n<h2 class=\"wp-block-heading\">Cen\u00e1rios aplic\u00e1veis ao spray de h\u00e1lito de hortel\u00e3-pimenta<\/h2>\n\n\n\n<p>O spray de h\u00e1lito de hortel\u00e3-pimenta \u00e9 adequado para uma variedade de cen\u00e1rios, especialmente para as seguintes ocasi\u00f5es: <\/p>\n\n\n\n<p>1. use ap\u00f3s as refei\u00e7\u00f5es, limpe eficazmente os restos de comida e mantenha o h\u00e1lito fresco; <\/p>\n\n\n\n<p>2. depois de ficar acordado a noite toda, fumando, para reduzir o odor da boca, para cuidar da sa\u00fade dos dentes; <\/p>\n\n\n\n<p>3. ocasi\u00f5es especiais, como casamentos, entrevistas, etc., para manter o h\u00e1lito fresco; <\/p>\n\n\n\n<p>4. ap\u00f3s o tratamento de doen\u00e7as bucais, para auxiliar na limpeza da cavidade oral.<\/p>\n\n\n\n<h2 class=\"wp-block-heading\">Para quem \u00e9 indicado o spray de h\u00e1lito de hortel\u00e3-pimenta?<\/h2>\n\n\n\n<p>O spray para h\u00e1lito de hortel\u00e3-pimenta \u00e9 adequado para uma ampla variedade de pessoas, sendo especialmente recomendado para os seguintes consumidores: <\/p>\n\n\n\n<p>1. pessoas que se incomodam com o odor bucal, como fumantes, pessoas que costumam ficar acordadas at\u00e9 tarde da noite; <\/p>\n\n\n\n<p>2. pessoas que t\u00eam dentes sens\u00edveis e precisam de uma limpeza suave; <\/p>\n\n\n\n<p>3. pacientes diab\u00e9ticos que apresentam alto risco de doen\u00e7a periodontal e precisam de aten\u00e7\u00e3o especial aos cuidados bucais; <\/p>\n\n\n\n<p>4. Consumidores que gostam de experimentar novos produtos de higiene bucal podem aproveitar os benef\u00edcios do Spray de Hortel\u00e3-Pimenta para o H\u00e1lito. O Spray de Hortel\u00e3-Pimenta para o H\u00e1lito traz sa\u00fade bucal.<\/p>\n\n\n\n<h2 class=\"wp-block-heading\">Processo de produ\u00e7\u00e3o de spray de h\u00e1lito de hortel\u00e3-pimenta<\/h2>\n\n\n\n<p>Como fabricantes profissionais de spray de h\u00e1lito de hortel\u00e3-pimenta, adotamos o seguinte processo especial de produ\u00e7\u00e3o: <\/p>\n\n\n\n<p>1. Examine rigorosamente as mat\u00e9rias-primas do \u00f3leo de r\u00edcino hidrogenado PEG-40 e do \u00f3leo de hortel\u00e3-pimenta para garantir sua pureza e qualidade; <\/p>\n\n\n\n<p>2. Controlar com precis\u00e3o a quantidade de mat\u00e9rias-primas adicionadas para garantir que o produto seja seguro e eficaz; <\/p>\n\n\n\n<p>3. Adote a tecnologia de mistura de baixa temperatura para liberar totalmente a atividade das mat\u00e9rias-primas; <\/p>\n\n\n\n<p>4. Envase ass\u00e9ptico para garantir que o produto seja seguro e higi\u00eanico; <\/p>\n\n\n\n<p>5. Controle de qualidade total para garantir que cada frasco de spray de h\u00e1lito de hortel\u00e3-pimenta atenda aos padr\u00f5es nacionais. <\/p>\n\n\n\n<p>Por meio do processo acima, como um dos principais fabricantes de spray de h\u00e1lito de hortel\u00e3-pimenta, oferecemos a voc\u00ea um produto de cuidado bucal confi\u00e1vel e de alta qualidade.<\/p>\n\n\n\n<p><\/p>","protected":false},"excerpt":{"rendered":"Peppermint breath spray manufacturing common formulas Peppermint Breath Spray&#8217;s core ingredients, PEG-40 Hydrogenated Castor Oil and Peppermint Oil, have a unique and refreshing aroma. These ingredients can effectively inhibit the growth of bacteria in the mouth and prevent oral diseases. PEG-40 Hydrogenated Castor Oil has a mild lubricating effect, which can help to reduce food [&hellip;]","protected":false},"featured_media":709,"menu_order":0,"template":"","meta":[],"product-tag":[],"products":[73],"class_list":["post-593","product","type-product","status-publish","has-post-thumbnail","hentry","products-breath-spray"],"acf":[],"_links":{"self":[{"href":"https:\/\/www.ruiqigo.com\/pt\/wp-json\/wp\/v2\/product\/593","targetHints":{"allow":["GET"]}}],"collection":[{"href":"https:\/\/www.ruiqigo.com\/pt\/wp-json\/wp\/v2\/product"}],"about":[{"href":"https:\/\/www.ruiqigo.com\/pt\/wp-json\/wp\/v2\/types\/product"}],"version-history":[{"count":0,"href":"https:\/\/www.ruiqigo.com\/pt\/wp-json\/wp\/v2\/product\/593\/revisions"}],"wp:featuredmedia":[{"embeddable":true,"href":"https:\/\/www.ruiqigo.com\/pt\/wp-json\/wp\/v2\/media\/709"}],"wp:attachment":[{"href":"https:\/\/www.ruiqigo.com\/pt\/wp-json\/wp\/v2\/media?parent=593"}],"wp:term":[{"taxonomy":"product-tag","embeddable":true,"href":"https:\/\/www.ruiqigo.com\/pt\/wp-json\/wp\/v2\/product-tag?post=593"},{"taxonomy":"products","embeddable":true,"href":"https:\/\/www.ruiqigo.com\/pt\/wp-json\/wp\/v2\/products?post=593"}],"curies":[{"name":"wp","href":"https:\/\/api.w.org\/{rel}","templated":true}]}}